{"id":5214,"date":"2024-01-15T11:12:38","date_gmt":"2024-01-15T11:12:38","guid":{"rendered":"https:\/\/www.altair-srl.com\/?post_type=product&#038;p=5214"},"modified":"2024-01-15T11:16:43","modified_gmt":"2024-01-15T11:16:43","slug":"tipo-v-tub-cartuchos-de-saco-plissado","status":"publish","type":"product","link":"https:\/\/www.altair-srl.com\/pt-pt\/prodotto\/tipo-v-tub-cartuchos-de-saco-plissado\/","title":{"rendered":"Tipo V-TUB &#8211; Cartuchos de saco plissado"},"content":{"rendered":"<p><strong>Pleated Bag<\/strong>: Os elementos filtrantes da S\u00e9rie <strong>Pleated Bag<\/strong> Altair constituem uma alternativa eficiente aos filtros de saco convencionais.<\/p>\n<p>Uma vasta gama de produtos est\u00e1 dispon\u00edvel para substituir os filtros de mangas convencionais por elementos do tipo Pleated Bag.<\/p>\n<p>Com uma gama de mais de 30 tipos de meios filtrantes de alta qualidade, a Altair Industrial Filters fornece solu\u00e7\u00f5es de elementos Pleated Bag para a filtragem do ar em v\u00e1rias ind\u00fastrias e para diferentes tipos de poeiras, incluindo poeiras abrasivas, t\u00f3xicas e explosivas.<\/p>\n<p>A Altair \u00e9 especializada na filtragem de poeiras e fumos de cimento, metal, alum\u00ednio, alimentos, madeira, produtos qu\u00edmicos, revestimento em p\u00f3, corte a plasma-laser, jato de areia, fios, soldadura e fundi\u00e7\u00e3o.<\/p>\n<p>Oferecemos solu\u00e7\u00f5es personalizadas de elementos filtrantes, cartuchos de filtro exclusivamente concebidos para todo o mundo OEM.<\/p>\n","protected":false},"excerpt":{"rendered":"<p><strong>Tipo V-TUB<\/strong><\/p>\n","protected":false},"featured_media":3361,"template":"","meta":[],"product_brand":[],"product_cat":[114],"product_tag":[],"class_list":{"0":"post-5214","1":"product","2":"type-product","3":"status-publish","4":"has-post-thumbnail","6":"product_cat-cartuchos-e-paineis","8":"first","9":"instock","10":"shipping-taxable","11":"product-type-simple"},"yoast_head":"<!-- This site is optimized with the Yoast SEO plugin v27.4 - https:\/\/yoast.com\/product\/yoast-seo-wordpress\/ -->\n<title>Tipo V-TUB - Cartuchos de saco plissado | Altair S.r.l.<\/title>\n<meta name=\"robots\" content=\"index, follow, max-snippet:-1, max-image-preview:large, max-video-preview:-1\" \/>\n<link rel=\"canonical\" href=\"https:\/\/www.altair-srl.com\/pt-pt\/prodotto\/tipo-v-tub-cartuchos-de-saco-plissado\/\" \/>\n<meta property=\"og:locale\" content=\"pt_PT\" \/>\n<meta property=\"og:type\" content=\"article\" \/>\n<meta property=\"og:title\" content=\"Tipo V-TUB - Cartuchos de saco plissado | Altair S.r.l.\" \/>\n<meta property=\"og:description\" content=\"Tipo V-TUB\" \/>\n<meta property=\"og:url\" content=\"https:\/\/www.altair-srl.com\/pt-pt\/prodotto\/tipo-v-tub-cartuchos-de-saco-plissado\/\" \/>\n<meta property=\"og:site_name\" content=\"Altair S.r.l.\" \/>\n<meta property=\"article:modified_time\" content=\"2024-01-15T11:16:43+00:00\" \/>\n<meta property=\"og:image\" content=\"https:\/\/www.altair-srl.com\/wp-content\/uploads\/2022\/12\/AMP9133.jpg\" \/>\n\t<meta property=\"og:image:width\" content=\"1280\" \/>\n\t<meta property=\"og:image:height\" content=\"1920\" \/>\n\t<meta property=\"og:image:type\" content=\"image\/jpeg\" \/>\n<meta name=\"twitter:card\" content=\"summary_large_image\" \/>\n<meta name=\"twitter:label1\" content=\"Tempo estimado de leitura\" \/>\n\t<meta name=\"twitter:data1\" content=\"1 minuto\" \/>\n<script type=\"application\/ld+json\" class=\"yoast-schema-graph\">{\"@context\":\"https:\\\/\\\/schema.org\",\"@graph\":[{\"@type\":\"WebPage\",\"@id\":\"https:\\\/\\\/www.altair-srl.com\\\/pt-pt\\\/prodotto\\\/tipo-v-tub-cartuchos-de-saco-plissado\\\/\",\"url\":\"https:\\\/\\\/www.altair-srl.com\\\/pt-pt\\\/prodotto\\\/tipo-v-tub-cartuchos-de-saco-plissado\\\/\",\"name\":\"Tipo V-TUB - Cartuchos de saco plissado | Altair S.r.l.\",\"isPartOf\":{\"@id\":\"https:\\\/\\\/www.altair-srl.com\\\/pt-pt\\\/#website\"},\"primaryImageOfPage\":{\"@id\":\"https:\\\/\\\/www.altair-srl.com\\\/pt-pt\\\/prodotto\\\/tipo-v-tub-cartuchos-de-saco-plissado\\\/#primaryimage\"},\"image\":{\"@id\":\"https:\\\/\\\/www.altair-srl.com\\\/pt-pt\\\/prodotto\\\/tipo-v-tub-cartuchos-de-saco-plissado\\\/#primaryimage\"},\"thumbnailUrl\":\"https:\\\/\\\/www.altair-srl.com\\\/wp-content\\\/uploads\\\/2022\\\/12\\\/AMP9133.jpg\",\"datePublished\":\"2024-01-15T11:12:38+00:00\",\"dateModified\":\"2024-01-15T11:16:43+00:00\",\"breadcrumb\":{\"@id\":\"https:\\\/\\\/www.altair-srl.com\\\/pt-pt\\\/prodotto\\\/tipo-v-tub-cartuchos-de-saco-plissado\\\/#breadcrumb\"},\"inLanguage\":\"pt-PT\",\"potentialAction\":[{\"@type\":\"ReadAction\",\"target\":[\"https:\\\/\\\/www.altair-srl.com\\\/pt-pt\\\/prodotto\\\/tipo-v-tub-cartuchos-de-saco-plissado\\\/\"]}]},{\"@type\":\"ImageObject\",\"inLanguage\":\"pt-PT\",\"@id\":\"https:\\\/\\\/www.altair-srl.com\\\/pt-pt\\\/prodotto\\\/tipo-v-tub-cartuchos-de-saco-plissado\\\/#primaryimage\",\"url\":\"https:\\\/\\\/www.altair-srl.com\\\/wp-content\\\/uploads\\\/2022\\\/12\\\/AMP9133.jpg\",\"contentUrl\":\"https:\\\/\\\/www.altair-srl.com\\\/wp-content\\\/uploads\\\/2022\\\/12\\\/AMP9133.jpg\",\"width\":1280,\"height\":1920},{\"@type\":\"BreadcrumbList\",\"@id\":\"https:\\\/\\\/www.altair-srl.com\\\/pt-pt\\\/prodotto\\\/tipo-v-tub-cartuchos-de-saco-plissado\\\/#breadcrumb\",\"itemListElement\":[{\"@type\":\"ListItem\",\"position\":1,\"name\":\"Home\",\"item\":\"https:\\\/\\\/www.altair-srl.com\\\/pt-pt\\\/\"},{\"@type\":\"ListItem\",\"position\":2,\"name\":\"Shop\",\"item\":\"https:\\\/\\\/www.altair-srl.com\\\/negozio\\\/\"},{\"@type\":\"ListItem\",\"position\":3,\"name\":\"Tipo V-TUB &#8211; Cartuchos de saco plissado\"}]},{\"@type\":\"WebSite\",\"@id\":\"https:\\\/\\\/www.altair-srl.com\\\/pt-pt\\\/#website\",\"url\":\"https:\\\/\\\/www.altair-srl.com\\\/pt-pt\\\/\",\"name\":\"Altair S.r.l.\",\"description\":\"Produzione sistemi di filtrazione e depurazione dell\u2019aria\",\"publisher\":{\"@id\":\"https:\\\/\\\/www.altair-srl.com\\\/pt-pt\\\/#organization\"},\"potentialAction\":[{\"@type\":\"SearchAction\",\"target\":{\"@type\":\"EntryPoint\",\"urlTemplate\":\"https:\\\/\\\/www.altair-srl.com\\\/pt-pt\\\/?s={search_term_string}\"},\"query-input\":{\"@type\":\"PropertyValueSpecification\",\"valueRequired\":true,\"valueName\":\"search_term_string\"}}],\"inLanguage\":\"pt-PT\"},{\"@type\":\"Organization\",\"@id\":\"https:\\\/\\\/www.altair-srl.com\\\/pt-pt\\\/#organization\",\"name\":\"Altair S.r.l.\",\"url\":\"https:\\\/\\\/www.altair-srl.com\\\/pt-pt\\\/\",\"logo\":{\"@type\":\"ImageObject\",\"inLanguage\":\"pt-PT\",\"@id\":\"https:\\\/\\\/www.altair-srl.com\\\/pt-pt\\\/#\\\/schema\\\/logo\\\/image\\\/\",\"url\":\"https:\\\/\\\/www.altair-srl.com\\\/wp-content\\\/uploads\\\/2022\\\/06\\\/logo.png\",\"contentUrl\":\"https:\\\/\\\/www.altair-srl.com\\\/wp-content\\\/uploads\\\/2022\\\/06\\\/logo.png\",\"width\":400,\"height\":184,\"caption\":\"Altair S.r.l.\"},\"image\":{\"@id\":\"https:\\\/\\\/www.altair-srl.com\\\/pt-pt\\\/#\\\/schema\\\/logo\\\/image\\\/\"}}]}<\/script>\n<!-- \/ Yoast SEO plugin. -->","yoast_head_json":{"title":"Tipo V-TUB - Cartuchos de saco plissado | Altair S.r.l.","robots":{"index":"index","follow":"follow","max-snippet":"max-snippet:-1","max-image-preview":"max-image-preview:large","max-video-preview":"max-video-preview:-1"},"canonical":"https:\/\/www.altair-srl.com\/pt-pt\/prodotto\/tipo-v-tub-cartuchos-de-saco-plissado\/","og_locale":"pt_PT","og_type":"article","og_title":"Tipo V-TUB - Cartuchos de saco plissado | Altair S.r.l.","og_description":"Tipo V-TUB","og_url":"https:\/\/www.altair-srl.com\/pt-pt\/prodotto\/tipo-v-tub-cartuchos-de-saco-plissado\/","og_site_name":"Altair S.r.l.","article_modified_time":"2024-01-15T11:16:43+00:00","og_image":[{"width":1280,"height":1920,"url":"https:\/\/www.altair-srl.com\/wp-content\/uploads\/2022\/12\/AMP9133.jpg","type":"image\/jpeg"}],"twitter_card":"summary_large_image","twitter_misc":{"Tempo estimado de leitura":"1 minuto"},"schema":{"@context":"https:\/\/schema.org","@graph":[{"@type":"WebPage","@id":"https:\/\/www.altair-srl.com\/pt-pt\/prodotto\/tipo-v-tub-cartuchos-de-saco-plissado\/","url":"https:\/\/www.altair-srl.com\/pt-pt\/prodotto\/tipo-v-tub-cartuchos-de-saco-plissado\/","name":"Tipo V-TUB - Cartuchos de saco plissado | Altair S.r.l.","isPartOf":{"@id":"https:\/\/www.altair-srl.com\/pt-pt\/#website"},"primaryImageOfPage":{"@id":"https:\/\/www.altair-srl.com\/pt-pt\/prodotto\/tipo-v-tub-cartuchos-de-saco-plissado\/#primaryimage"},"image":{"@id":"https:\/\/www.altair-srl.com\/pt-pt\/prodotto\/tipo-v-tub-cartuchos-de-saco-plissado\/#primaryimage"},"thumbnailUrl":"https:\/\/www.altair-srl.com\/wp-content\/uploads\/2022\/12\/AMP9133.jpg","datePublished":"2024-01-15T11:12:38+00:00","dateModified":"2024-01-15T11:16:43+00:00","breadcrumb":{"@id":"https:\/\/www.altair-srl.com\/pt-pt\/prodotto\/tipo-v-tub-cartuchos-de-saco-plissado\/#breadcrumb"},"inLanguage":"pt-PT","potentialAction":[{"@type":"ReadAction","target":["https:\/\/www.altair-srl.com\/pt-pt\/prodotto\/tipo-v-tub-cartuchos-de-saco-plissado\/"]}]},{"@type":"ImageObject","inLanguage":"pt-PT","@id":"https:\/\/www.altair-srl.com\/pt-pt\/prodotto\/tipo-v-tub-cartuchos-de-saco-plissado\/#primaryimage","url":"https:\/\/www.altair-srl.com\/wp-content\/uploads\/2022\/12\/AMP9133.jpg","contentUrl":"https:\/\/www.altair-srl.com\/wp-content\/uploads\/2022\/12\/AMP9133.jpg","width":1280,"height":1920},{"@type":"BreadcrumbList","@id":"https:\/\/www.altair-srl.com\/pt-pt\/prodotto\/tipo-v-tub-cartuchos-de-saco-plissado\/#breadcrumb","itemListElement":[{"@type":"ListItem","position":1,"name":"Home","item":"https:\/\/www.altair-srl.com\/pt-pt\/"},{"@type":"ListItem","position":2,"name":"Shop","item":"https:\/\/www.altair-srl.com\/negozio\/"},{"@type":"ListItem","position":3,"name":"Tipo V-TUB &#8211; Cartuchos de saco plissado"}]},{"@type":"WebSite","@id":"https:\/\/www.altair-srl.com\/pt-pt\/#website","url":"https:\/\/www.altair-srl.com\/pt-pt\/","name":"Altair S.r.l.","description":"Produzione sistemi di filtrazione e depurazione dell\u2019aria","publisher":{"@id":"https:\/\/www.altair-srl.com\/pt-pt\/#organization"},"potentialAction":[{"@type":"SearchAction","target":{"@type":"EntryPoint","urlTemplate":"https:\/\/www.altair-srl.com\/pt-pt\/?s={search_term_string}"},"query-input":{"@type":"PropertyValueSpecification","valueRequired":true,"valueName":"search_term_string"}}],"inLanguage":"pt-PT"},{"@type":"Organization","@id":"https:\/\/www.altair-srl.com\/pt-pt\/#organization","name":"Altair S.r.l.","url":"https:\/\/www.altair-srl.com\/pt-pt\/","logo":{"@type":"ImageObject","inLanguage":"pt-PT","@id":"https:\/\/www.altair-srl.com\/pt-pt\/#\/schema\/logo\/image\/","url":"https:\/\/www.altair-srl.com\/wp-content\/uploads\/2022\/06\/logo.png","contentUrl":"https:\/\/www.altair-srl.com\/wp-content\/uploads\/2022\/06\/logo.png","width":400,"height":184,"caption":"Altair S.r.l."},"image":{"@id":"https:\/\/www.altair-srl.com\/pt-pt\/#\/schema\/logo\/image\/"}}]}},"_links":{"self":[{"href":"https:\/\/www.altair-srl.com\/pt-pt\/wp-json\/wp\/v2\/product\/5214","targetHints":{"allow":["GET"]}}],"collection":[{"href":"https:\/\/www.altair-srl.com\/pt-pt\/wp-json\/wp\/v2\/product"}],"about":[{"href":"https:\/\/www.altair-srl.com\/pt-pt\/wp-json\/wp\/v2\/types\/product"}],"wp:featuredmedia":[{"embeddable":true,"href":"https:\/\/www.altair-srl.com\/pt-pt\/wp-json\/wp\/v2\/media\/3361"}],"wp:attachment":[{"href":"https:\/\/www.altair-srl.com\/pt-pt\/wp-json\/wp\/v2\/media?parent=5214"}],"wp:term":[{"taxonomy":"product_brand","embeddable":true,"href":"https:\/\/www.altair-srl.com\/pt-pt\/wp-json\/wp\/v2\/product_brand?post=5214"},{"taxonomy":"product_cat","embeddable":true,"href":"https:\/\/www.altair-srl.com\/pt-pt\/wp-json\/wp\/v2\/product_cat?post=5214"},{"taxonomy":"product_tag","embeddable":true,"href":"https:\/\/www.altair-srl.com\/pt-pt\/wp-json\/wp\/v2\/product_tag?post=5214"}],"curies":[{"name":"wp","href":"https:\/\/api.w.org\/{rel}","templated":true}]}}