{"id":4466,"date":"2023-02-01T09:56:36","date_gmt":"2023-02-01T09:56:36","guid":{"rendered":"https:\/\/www.altair-srl.com\/prodotto\/manga-aberta-com-anel-de-metal-costurado-dentro-da-aba-de-um-lado-fechado-com-as-costas-do-outro\/"},"modified":"2023-11-27T10:59:33","modified_gmt":"2023-11-27T10:59:33","slug":"manga-de-anel-metalico-tipo-m","status":"publish","type":"product","link":"https:\/\/www.altair-srl.com\/pt-pt\/prodotto\/manga-de-anel-metalico-tipo-m\/","title":{"rendered":"Manga de anel met\u00e1lico &#8211; Tipo M"},"content":{"rendered":"<p>As mangas s\u00e3o geralmente elementos tubulares que s\u00e3o usados na filtragem de poeira em diferentes ind\u00fastrias. Eles s\u00e3o caracterizados por forte resist\u00eancia, longa vida \u00fatil e grande capacidade de filtra\u00e7\u00e3o de poeira fina e grossa. F\u00e1cil de usar e instalar. Eles podem ter diferentes di\u00e2metros, comprimentos e tipos de fixa\u00e7\u00e3o<\/p>\n","protected":false},"excerpt":{"rendered":"<p><strong>FIXA\u00c7\u00c3O TIPO M<\/strong><\/p>\n","protected":false},"featured_media":3473,"template":"","meta":[],"product_brand":[],"product_cat":[115],"product_tag":[],"class_list":{"0":"post-4466","1":"product","2":"type-product","3":"status-publish","4":"has-post-thumbnail","6":"product_cat-mangas-e-bolsos","8":"first","9":"instock","10":"shipping-taxable","11":"product-type-simple"},"yoast_head":"<!-- This site is optimized with the Yoast SEO plugin v27.0 - https:\/\/yoast.com\/product\/yoast-seo-wordpress\/ -->\n<title>Manga de anel met\u00e1lico - Tipo M | Altair S.r.l.<\/title>\n<meta name=\"robots\" content=\"index, follow, max-snippet:-1, max-image-preview:large, max-video-preview:-1\" \/>\n<link rel=\"canonical\" href=\"https:\/\/www.altair-srl.com\/pt-pt\/prodotto\/manga-de-anel-metalico-tipo-m\/\" \/>\n<meta property=\"og:locale\" content=\"pt_PT\" \/>\n<meta property=\"og:type\" content=\"article\" \/>\n<meta property=\"og:title\" content=\"Manga de anel met\u00e1lico - Tipo M | Altair S.r.l.\" \/>\n<meta property=\"og:description\" content=\"FIXA\u00c7\u00c3O TIPO M\" \/>\n<meta property=\"og:url\" content=\"https:\/\/www.altair-srl.com\/pt-pt\/prodotto\/manga-de-anel-metalico-tipo-m\/\" \/>\n<meta property=\"og:site_name\" content=\"Altair S.r.l.\" \/>\n<meta property=\"article:modified_time\" content=\"2023-11-27T10:59:33+00:00\" \/>\n<meta property=\"og:image\" content=\"https:\/\/www.altair-srl.com\/wp-content\/uploads\/2023\/02\/Tipo-M.jpg\" \/>\n\t<meta property=\"og:image:width\" content=\"1280\" \/>\n\t<meta property=\"og:image:height\" content=\"1920\" \/>\n\t<meta property=\"og:image:type\" content=\"image\/jpeg\" \/>\n<meta name=\"twitter:card\" content=\"summary_large_image\" \/>\n<script type=\"application\/ld+json\" class=\"yoast-schema-graph\">{\"@context\":\"https:\/\/schema.org\",\"@graph\":[{\"@type\":\"WebPage\",\"@id\":\"https:\/\/www.altair-srl.com\/pt-pt\/prodotto\/manga-de-anel-metalico-tipo-m\/\",\"url\":\"https:\/\/www.altair-srl.com\/pt-pt\/prodotto\/manga-de-anel-metalico-tipo-m\/\",\"name\":\"Manga de anel met\u00e1lico - Tipo M | Altair S.r.l.\",\"isPartOf\":{\"@id\":\"https:\/\/www.altair-srl.com\/pt-pt\/#website\"},\"primaryImageOfPage\":{\"@id\":\"https:\/\/www.altair-srl.com\/pt-pt\/prodotto\/manga-de-anel-metalico-tipo-m\/#primaryimage\"},\"image\":{\"@id\":\"https:\/\/www.altair-srl.com\/pt-pt\/prodotto\/manga-de-anel-metalico-tipo-m\/#primaryimage\"},\"thumbnailUrl\":\"https:\/\/www.altair-srl.com\/wp-content\/uploads\/2023\/02\/Tipo-M.jpg\",\"datePublished\":\"2023-02-01T09:56:36+00:00\",\"dateModified\":\"2023-11-27T10:59:33+00:00\",\"breadcrumb\":{\"@id\":\"https:\/\/www.altair-srl.com\/pt-pt\/prodotto\/manga-de-anel-metalico-tipo-m\/#breadcrumb\"},\"inLanguage\":\"pt-PT\",\"potentialAction\":[{\"@type\":\"ReadAction\",\"target\":[\"https:\/\/www.altair-srl.com\/pt-pt\/prodotto\/manga-de-anel-metalico-tipo-m\/\"]}]},{\"@type\":\"ImageObject\",\"inLanguage\":\"pt-PT\",\"@id\":\"https:\/\/www.altair-srl.com\/pt-pt\/prodotto\/manga-de-anel-metalico-tipo-m\/#primaryimage\",\"url\":\"https:\/\/www.altair-srl.com\/wp-content\/uploads\/2023\/02\/Tipo-M.jpg\",\"contentUrl\":\"https:\/\/www.altair-srl.com\/wp-content\/uploads\/2023\/02\/Tipo-M.jpg\",\"width\":1280,\"height\":1920},{\"@type\":\"BreadcrumbList\",\"@id\":\"https:\/\/www.altair-srl.com\/pt-pt\/prodotto\/manga-de-anel-metalico-tipo-m\/#breadcrumb\",\"itemListElement\":[{\"@type\":\"ListItem\",\"position\":1,\"name\":\"Home\",\"item\":\"https:\/\/www.altair-srl.com\/pt-pt\/\"},{\"@type\":\"ListItem\",\"position\":2,\"name\":\"Shop\",\"item\":\"https:\/\/www.altair-srl.com\/negozio\/\"},{\"@type\":\"ListItem\",\"position\":3,\"name\":\"Manga de anel met\u00e1lico &#8211; Tipo M\"}]},{\"@type\":\"WebSite\",\"@id\":\"https:\/\/www.altair-srl.com\/pt-pt\/#website\",\"url\":\"https:\/\/www.altair-srl.com\/pt-pt\/\",\"name\":\"Altair S.r.l.\",\"description\":\"Produzione sistemi di filtrazione e depurazione dell\u2019aria\",\"publisher\":{\"@id\":\"https:\/\/www.altair-srl.com\/pt-pt\/#organization\"},\"potentialAction\":[{\"@type\":\"SearchAction\",\"target\":{\"@type\":\"EntryPoint\",\"urlTemplate\":\"https:\/\/www.altair-srl.com\/pt-pt\/?s={search_term_string}\"},\"query-input\":{\"@type\":\"PropertyValueSpecification\",\"valueRequired\":true,\"valueName\":\"search_term_string\"}}],\"inLanguage\":\"pt-PT\"},{\"@type\":\"Organization\",\"@id\":\"https:\/\/www.altair-srl.com\/pt-pt\/#organization\",\"name\":\"Altair S.r.l.\",\"url\":\"https:\/\/www.altair-srl.com\/pt-pt\/\",\"logo\":{\"@type\":\"ImageObject\",\"inLanguage\":\"pt-PT\",\"@id\":\"https:\/\/www.altair-srl.com\/pt-pt\/#\/schema\/logo\/image\/\",\"url\":\"https:\/\/www.altair-srl.com\/wp-content\/uploads\/2022\/06\/logo.png\",\"contentUrl\":\"https:\/\/www.altair-srl.com\/wp-content\/uploads\/2022\/06\/logo.png\",\"width\":400,\"height\":184,\"caption\":\"Altair S.r.l.\"},\"image\":{\"@id\":\"https:\/\/www.altair-srl.com\/pt-pt\/#\/schema\/logo\/image\/\"}}]}<\/script>\n<!-- \/ Yoast SEO plugin. -->","yoast_head_json":{"title":"Manga de anel met\u00e1lico - Tipo M | Altair S.r.l.","robots":{"index":"index","follow":"follow","max-snippet":"max-snippet:-1","max-image-preview":"max-image-preview:large","max-video-preview":"max-video-preview:-1"},"canonical":"https:\/\/www.altair-srl.com\/pt-pt\/prodotto\/manga-de-anel-metalico-tipo-m\/","og_locale":"pt_PT","og_type":"article","og_title":"Manga de anel met\u00e1lico - Tipo M | Altair S.r.l.","og_description":"FIXA\u00c7\u00c3O TIPO M","og_url":"https:\/\/www.altair-srl.com\/pt-pt\/prodotto\/manga-de-anel-metalico-tipo-m\/","og_site_name":"Altair S.r.l.","article_modified_time":"2023-11-27T10:59:33+00:00","og_image":[{"width":1280,"height":1920,"url":"https:\/\/www.altair-srl.com\/wp-content\/uploads\/2023\/02\/Tipo-M.jpg","type":"image\/jpeg"}],"twitter_card":"summary_large_image","schema":{"@context":"https:\/\/schema.org","@graph":[{"@type":"WebPage","@id":"https:\/\/www.altair-srl.com\/pt-pt\/prodotto\/manga-de-anel-metalico-tipo-m\/","url":"https:\/\/www.altair-srl.com\/pt-pt\/prodotto\/manga-de-anel-metalico-tipo-m\/","name":"Manga de anel met\u00e1lico - Tipo M | Altair S.r.l.","isPartOf":{"@id":"https:\/\/www.altair-srl.com\/pt-pt\/#website"},"primaryImageOfPage":{"@id":"https:\/\/www.altair-srl.com\/pt-pt\/prodotto\/manga-de-anel-metalico-tipo-m\/#primaryimage"},"image":{"@id":"https:\/\/www.altair-srl.com\/pt-pt\/prodotto\/manga-de-anel-metalico-tipo-m\/#primaryimage"},"thumbnailUrl":"https:\/\/www.altair-srl.com\/wp-content\/uploads\/2023\/02\/Tipo-M.jpg","datePublished":"2023-02-01T09:56:36+00:00","dateModified":"2023-11-27T10:59:33+00:00","breadcrumb":{"@id":"https:\/\/www.altair-srl.com\/pt-pt\/prodotto\/manga-de-anel-metalico-tipo-m\/#breadcrumb"},"inLanguage":"pt-PT","potentialAction":[{"@type":"ReadAction","target":["https:\/\/www.altair-srl.com\/pt-pt\/prodotto\/manga-de-anel-metalico-tipo-m\/"]}]},{"@type":"ImageObject","inLanguage":"pt-PT","@id":"https:\/\/www.altair-srl.com\/pt-pt\/prodotto\/manga-de-anel-metalico-tipo-m\/#primaryimage","url":"https:\/\/www.altair-srl.com\/wp-content\/uploads\/2023\/02\/Tipo-M.jpg","contentUrl":"https:\/\/www.altair-srl.com\/wp-content\/uploads\/2023\/02\/Tipo-M.jpg","width":1280,"height":1920},{"@type":"BreadcrumbList","@id":"https:\/\/www.altair-srl.com\/pt-pt\/prodotto\/manga-de-anel-metalico-tipo-m\/#breadcrumb","itemListElement":[{"@type":"ListItem","position":1,"name":"Home","item":"https:\/\/www.altair-srl.com\/pt-pt\/"},{"@type":"ListItem","position":2,"name":"Shop","item":"https:\/\/www.altair-srl.com\/negozio\/"},{"@type":"ListItem","position":3,"name":"Manga de anel met\u00e1lico &#8211; Tipo M"}]},{"@type":"WebSite","@id":"https:\/\/www.altair-srl.com\/pt-pt\/#website","url":"https:\/\/www.altair-srl.com\/pt-pt\/","name":"Altair S.r.l.","description":"Produzione sistemi di filtrazione e depurazione dell\u2019aria","publisher":{"@id":"https:\/\/www.altair-srl.com\/pt-pt\/#organization"},"potentialAction":[{"@type":"SearchAction","target":{"@type":"EntryPoint","urlTemplate":"https:\/\/www.altair-srl.com\/pt-pt\/?s={search_term_string}"},"query-input":{"@type":"PropertyValueSpecification","valueRequired":true,"valueName":"search_term_string"}}],"inLanguage":"pt-PT"},{"@type":"Organization","@id":"https:\/\/www.altair-srl.com\/pt-pt\/#organization","name":"Altair S.r.l.","url":"https:\/\/www.altair-srl.com\/pt-pt\/","logo":{"@type":"ImageObject","inLanguage":"pt-PT","@id":"https:\/\/www.altair-srl.com\/pt-pt\/#\/schema\/logo\/image\/","url":"https:\/\/www.altair-srl.com\/wp-content\/uploads\/2022\/06\/logo.png","contentUrl":"https:\/\/www.altair-srl.com\/wp-content\/uploads\/2022\/06\/logo.png","width":400,"height":184,"caption":"Altair S.r.l."},"image":{"@id":"https:\/\/www.altair-srl.com\/pt-pt\/#\/schema\/logo\/image\/"}}]}},"_links":{"self":[{"href":"https:\/\/www.altair-srl.com\/pt-pt\/wp-json\/wp\/v2\/product\/4466","targetHints":{"allow":["GET"]}}],"collection":[{"href":"https:\/\/www.altair-srl.com\/pt-pt\/wp-json\/wp\/v2\/product"}],"about":[{"href":"https:\/\/www.altair-srl.com\/pt-pt\/wp-json\/wp\/v2\/types\/product"}],"wp:featuredmedia":[{"embeddable":true,"href":"https:\/\/www.altair-srl.com\/pt-pt\/wp-json\/wp\/v2\/media\/3473"}],"wp:attachment":[{"href":"https:\/\/www.altair-srl.com\/pt-pt\/wp-json\/wp\/v2\/media?parent=4466"}],"wp:term":[{"taxonomy":"product_brand","embeddable":true,"href":"https:\/\/www.altair-srl.com\/pt-pt\/wp-json\/wp\/v2\/product_brand?post=4466"},{"taxonomy":"product_cat","embeddable":true,"href":"https:\/\/www.altair-srl.com\/pt-pt\/wp-json\/wp\/v2\/product_cat?post=4466"},{"taxonomy":"product_tag","embeddable":true,"href":"https:\/\/www.altair-srl.com\/pt-pt\/wp-json\/wp\/v2\/product_tag?post=4466"}],"curies":[{"name":"wp","href":"https:\/\/api.w.org\/{rel}","templated":true}]}}