{"id":4454,"date":"2023-01-12T16:44:14","date_gmt":"2023-01-12T16:44:14","guid":{"rendered":"https:\/\/www.altair-srl.com\/prodotto\/cartucho-cilindrico-roscado\/"},"modified":"2024-01-15T09:40:17","modified_gmt":"2024-01-15T09:40:17","slug":"cartucho-cilindrico-com-rosca","status":"publish","type":"product","link":"https:\/\/www.altair-srl.com\/pt-pt\/prodotto\/cartucho-cilindrico-com-rosca\/","title":{"rendered":"Tipo FIL &#8211; Cartucho cil\u00edndrico roscado"},"content":{"rendered":"<p>Os cartuchos de filtro s\u00e3o a solu\u00e7\u00e3o ideal para a filtra\u00e7\u00e3o de p\u00f3s secos em plantas de redu\u00e7\u00e3o de poeira. Lav\u00e1veis e reutiliz\u00e1veis na maioria das aplica\u00e7\u00f5es, os cartuchos de filtro t\u00eam uma superf\u00edcie de filtragem mais ampla do que os filtros de mangas tradicionais e remo\u00e7\u00e3o mais eficiente de part\u00edculas com quedas de press\u00e3o m\u00ednimas; s\u00e3o f\u00e1ceis de instalar e substituir e exigir, para limpeza, um baixo consumo de ar comprimido. Os meios filtrantes utilizados para a produ\u00e7\u00e3o de cartuchos de filtro s\u00e3o principalmente tecido n\u00e3o tecido de poli\u00e9ster, antiest\u00e1tico aluminizado de poli\u00e9ster, repelente de hidro-\u00f3leo de poli\u00e9ster, teflon de poli\u00e9ster, polipropileno e celulose.<\/p>\n","protected":false},"excerpt":{"rendered":"<p><strong>FIXA\u00c7\u00c3O TIPO FIL60 &#8211; FIL72 &#8211; FIL100<\/strong><\/p>\n","protected":false},"featured_media":2925,"template":"","meta":[],"product_brand":[],"product_cat":[114],"product_tag":[],"class_list":{"0":"post-4454","1":"product","2":"type-product","3":"status-publish","4":"has-post-thumbnail","6":"product_cat-cartuchos-e-paineis","8":"first","9":"instock","10":"shipping-taxable","11":"product-type-simple"},"yoast_head":"<!-- This site is optimized with the Yoast SEO plugin v27.0 - https:\/\/yoast.com\/product\/yoast-seo-wordpress\/ -->\n<title>Tipo FIL - Cartucho cil\u00edndrico roscado | Altair S.r.l.<\/title>\n<meta name=\"robots\" content=\"index, follow, max-snippet:-1, max-image-preview:large, max-video-preview:-1\" \/>\n<link rel=\"canonical\" href=\"https:\/\/www.altair-srl.com\/pt-pt\/prodotto\/cartucho-cilindrico-com-rosca\/\" \/>\n<meta property=\"og:locale\" content=\"pt_PT\" \/>\n<meta property=\"og:type\" content=\"article\" \/>\n<meta property=\"og:title\" content=\"Tipo FIL - Cartucho cil\u00edndrico roscado | Altair S.r.l.\" \/>\n<meta property=\"og:description\" content=\"FIXA\u00c7\u00c3O TIPO FIL60 - FIL72 - FIL100\" \/>\n<meta property=\"og:url\" content=\"https:\/\/www.altair-srl.com\/pt-pt\/prodotto\/cartucho-cilindrico-com-rosca\/\" \/>\n<meta property=\"og:site_name\" content=\"Altair S.r.l.\" \/>\n<meta property=\"article:modified_time\" content=\"2024-01-15T09:40:17+00:00\" \/>\n<meta property=\"og:image\" content=\"https:\/\/www.altair-srl.com\/wp-content\/uploads\/2023\/01\/AMP8984.jpg\" \/>\n\t<meta property=\"og:image:width\" content=\"1280\" \/>\n\t<meta property=\"og:image:height\" content=\"1920\" \/>\n\t<meta property=\"og:image:type\" content=\"image\/jpeg\" \/>\n<meta name=\"twitter:card\" content=\"summary_large_image\" \/>\n<meta name=\"twitter:label1\" content=\"Tempo estimado de leitura\" \/>\n\t<meta name=\"twitter:data1\" content=\"1 minuto\" \/>\n<script type=\"application\/ld+json\" class=\"yoast-schema-graph\">{\"@context\":\"https:\/\/schema.org\",\"@graph\":[{\"@type\":\"WebPage\",\"@id\":\"https:\/\/www.altair-srl.com\/pt-pt\/prodotto\/cartucho-cilindrico-com-rosca\/\",\"url\":\"https:\/\/www.altair-srl.com\/pt-pt\/prodotto\/cartucho-cilindrico-com-rosca\/\",\"name\":\"Tipo FIL - Cartucho cil\u00edndrico roscado | Altair S.r.l.\",\"isPartOf\":{\"@id\":\"https:\/\/www.altair-srl.com\/pt-pt\/#website\"},\"primaryImageOfPage\":{\"@id\":\"https:\/\/www.altair-srl.com\/pt-pt\/prodotto\/cartucho-cilindrico-com-rosca\/#primaryimage\"},\"image\":{\"@id\":\"https:\/\/www.altair-srl.com\/pt-pt\/prodotto\/cartucho-cilindrico-com-rosca\/#primaryimage\"},\"thumbnailUrl\":\"https:\/\/www.altair-srl.com\/wp-content\/uploads\/2023\/01\/AMP8984.jpg\",\"datePublished\":\"2023-01-12T16:44:14+00:00\",\"dateModified\":\"2024-01-15T09:40:17+00:00\",\"breadcrumb\":{\"@id\":\"https:\/\/www.altair-srl.com\/pt-pt\/prodotto\/cartucho-cilindrico-com-rosca\/#breadcrumb\"},\"inLanguage\":\"pt-PT\",\"potentialAction\":[{\"@type\":\"ReadAction\",\"target\":[\"https:\/\/www.altair-srl.com\/pt-pt\/prodotto\/cartucho-cilindrico-com-rosca\/\"]}]},{\"@type\":\"ImageObject\",\"inLanguage\":\"pt-PT\",\"@id\":\"https:\/\/www.altair-srl.com\/pt-pt\/prodotto\/cartucho-cilindrico-com-rosca\/#primaryimage\",\"url\":\"https:\/\/www.altair-srl.com\/wp-content\/uploads\/2023\/01\/AMP8984.jpg\",\"contentUrl\":\"https:\/\/www.altair-srl.com\/wp-content\/uploads\/2023\/01\/AMP8984.jpg\",\"width\":1280,\"height\":1920},{\"@type\":\"BreadcrumbList\",\"@id\":\"https:\/\/www.altair-srl.com\/pt-pt\/prodotto\/cartucho-cilindrico-com-rosca\/#breadcrumb\",\"itemListElement\":[{\"@type\":\"ListItem\",\"position\":1,\"name\":\"Home\",\"item\":\"https:\/\/www.altair-srl.com\/pt-pt\/\"},{\"@type\":\"ListItem\",\"position\":2,\"name\":\"Shop\",\"item\":\"https:\/\/www.altair-srl.com\/negozio\/\"},{\"@type\":\"ListItem\",\"position\":3,\"name\":\"Tipo FIL &#8211; Cartucho cil\u00edndrico roscado\"}]},{\"@type\":\"WebSite\",\"@id\":\"https:\/\/www.altair-srl.com\/pt-pt\/#website\",\"url\":\"https:\/\/www.altair-srl.com\/pt-pt\/\",\"name\":\"Altair S.r.l.\",\"description\":\"Produzione sistemi di filtrazione e depurazione dell\u2019aria\",\"publisher\":{\"@id\":\"https:\/\/www.altair-srl.com\/pt-pt\/#organization\"},\"potentialAction\":[{\"@type\":\"SearchAction\",\"target\":{\"@type\":\"EntryPoint\",\"urlTemplate\":\"https:\/\/www.altair-srl.com\/pt-pt\/?s={search_term_string}\"},\"query-input\":{\"@type\":\"PropertyValueSpecification\",\"valueRequired\":true,\"valueName\":\"search_term_string\"}}],\"inLanguage\":\"pt-PT\"},{\"@type\":\"Organization\",\"@id\":\"https:\/\/www.altair-srl.com\/pt-pt\/#organization\",\"name\":\"Altair S.r.l.\",\"url\":\"https:\/\/www.altair-srl.com\/pt-pt\/\",\"logo\":{\"@type\":\"ImageObject\",\"inLanguage\":\"pt-PT\",\"@id\":\"https:\/\/www.altair-srl.com\/pt-pt\/#\/schema\/logo\/image\/\",\"url\":\"https:\/\/www.altair-srl.com\/wp-content\/uploads\/2022\/06\/logo.png\",\"contentUrl\":\"https:\/\/www.altair-srl.com\/wp-content\/uploads\/2022\/06\/logo.png\",\"width\":400,\"height\":184,\"caption\":\"Altair S.r.l.\"},\"image\":{\"@id\":\"https:\/\/www.altair-srl.com\/pt-pt\/#\/schema\/logo\/image\/\"}}]}<\/script>\n<!-- \/ Yoast SEO plugin. -->","yoast_head_json":{"title":"Tipo FIL - Cartucho cil\u00edndrico roscado | Altair S.r.l.","robots":{"index":"index","follow":"follow","max-snippet":"max-snippet:-1","max-image-preview":"max-image-preview:large","max-video-preview":"max-video-preview:-1"},"canonical":"https:\/\/www.altair-srl.com\/pt-pt\/prodotto\/cartucho-cilindrico-com-rosca\/","og_locale":"pt_PT","og_type":"article","og_title":"Tipo FIL - Cartucho cil\u00edndrico roscado | Altair S.r.l.","og_description":"FIXA\u00c7\u00c3O TIPO FIL60 - FIL72 - FIL100","og_url":"https:\/\/www.altair-srl.com\/pt-pt\/prodotto\/cartucho-cilindrico-com-rosca\/","og_site_name":"Altair S.r.l.","article_modified_time":"2024-01-15T09:40:17+00:00","og_image":[{"width":1280,"height":1920,"url":"https:\/\/www.altair-srl.com\/wp-content\/uploads\/2023\/01\/AMP8984.jpg","type":"image\/jpeg"}],"twitter_card":"summary_large_image","twitter_misc":{"Tempo estimado de leitura":"1 minuto"},"schema":{"@context":"https:\/\/schema.org","@graph":[{"@type":"WebPage","@id":"https:\/\/www.altair-srl.com\/pt-pt\/prodotto\/cartucho-cilindrico-com-rosca\/","url":"https:\/\/www.altair-srl.com\/pt-pt\/prodotto\/cartucho-cilindrico-com-rosca\/","name":"Tipo FIL - Cartucho cil\u00edndrico roscado | Altair S.r.l.","isPartOf":{"@id":"https:\/\/www.altair-srl.com\/pt-pt\/#website"},"primaryImageOfPage":{"@id":"https:\/\/www.altair-srl.com\/pt-pt\/prodotto\/cartucho-cilindrico-com-rosca\/#primaryimage"},"image":{"@id":"https:\/\/www.altair-srl.com\/pt-pt\/prodotto\/cartucho-cilindrico-com-rosca\/#primaryimage"},"thumbnailUrl":"https:\/\/www.altair-srl.com\/wp-content\/uploads\/2023\/01\/AMP8984.jpg","datePublished":"2023-01-12T16:44:14+00:00","dateModified":"2024-01-15T09:40:17+00:00","breadcrumb":{"@id":"https:\/\/www.altair-srl.com\/pt-pt\/prodotto\/cartucho-cilindrico-com-rosca\/#breadcrumb"},"inLanguage":"pt-PT","potentialAction":[{"@type":"ReadAction","target":["https:\/\/www.altair-srl.com\/pt-pt\/prodotto\/cartucho-cilindrico-com-rosca\/"]}]},{"@type":"ImageObject","inLanguage":"pt-PT","@id":"https:\/\/www.altair-srl.com\/pt-pt\/prodotto\/cartucho-cilindrico-com-rosca\/#primaryimage","url":"https:\/\/www.altair-srl.com\/wp-content\/uploads\/2023\/01\/AMP8984.jpg","contentUrl":"https:\/\/www.altair-srl.com\/wp-content\/uploads\/2023\/01\/AMP8984.jpg","width":1280,"height":1920},{"@type":"BreadcrumbList","@id":"https:\/\/www.altair-srl.com\/pt-pt\/prodotto\/cartucho-cilindrico-com-rosca\/#breadcrumb","itemListElement":[{"@type":"ListItem","position":1,"name":"Home","item":"https:\/\/www.altair-srl.com\/pt-pt\/"},{"@type":"ListItem","position":2,"name":"Shop","item":"https:\/\/www.altair-srl.com\/negozio\/"},{"@type":"ListItem","position":3,"name":"Tipo FIL &#8211; Cartucho cil\u00edndrico roscado"}]},{"@type":"WebSite","@id":"https:\/\/www.altair-srl.com\/pt-pt\/#website","url":"https:\/\/www.altair-srl.com\/pt-pt\/","name":"Altair S.r.l.","description":"Produzione sistemi di filtrazione e depurazione dell\u2019aria","publisher":{"@id":"https:\/\/www.altair-srl.com\/pt-pt\/#organization"},"potentialAction":[{"@type":"SearchAction","target":{"@type":"EntryPoint","urlTemplate":"https:\/\/www.altair-srl.com\/pt-pt\/?s={search_term_string}"},"query-input":{"@type":"PropertyValueSpecification","valueRequired":true,"valueName":"search_term_string"}}],"inLanguage":"pt-PT"},{"@type":"Organization","@id":"https:\/\/www.altair-srl.com\/pt-pt\/#organization","name":"Altair S.r.l.","url":"https:\/\/www.altair-srl.com\/pt-pt\/","logo":{"@type":"ImageObject","inLanguage":"pt-PT","@id":"https:\/\/www.altair-srl.com\/pt-pt\/#\/schema\/logo\/image\/","url":"https:\/\/www.altair-srl.com\/wp-content\/uploads\/2022\/06\/logo.png","contentUrl":"https:\/\/www.altair-srl.com\/wp-content\/uploads\/2022\/06\/logo.png","width":400,"height":184,"caption":"Altair S.r.l."},"image":{"@id":"https:\/\/www.altair-srl.com\/pt-pt\/#\/schema\/logo\/image\/"}}]}},"_links":{"self":[{"href":"https:\/\/www.altair-srl.com\/pt-pt\/wp-json\/wp\/v2\/product\/4454","targetHints":{"allow":["GET"]}}],"collection":[{"href":"https:\/\/www.altair-srl.com\/pt-pt\/wp-json\/wp\/v2\/product"}],"about":[{"href":"https:\/\/www.altair-srl.com\/pt-pt\/wp-json\/wp\/v2\/types\/product"}],"wp:featuredmedia":[{"embeddable":true,"href":"https:\/\/www.altair-srl.com\/pt-pt\/wp-json\/wp\/v2\/media\/2925"}],"wp:attachment":[{"href":"https:\/\/www.altair-srl.com\/pt-pt\/wp-json\/wp\/v2\/media?parent=4454"}],"wp:term":[{"taxonomy":"product_brand","embeddable":true,"href":"https:\/\/www.altair-srl.com\/pt-pt\/wp-json\/wp\/v2\/product_brand?post=4454"},{"taxonomy":"product_cat","embeddable":true,"href":"https:\/\/www.altair-srl.com\/pt-pt\/wp-json\/wp\/v2\/product_cat?post=4454"},{"taxonomy":"product_tag","embeddable":true,"href":"https:\/\/www.altair-srl.com\/pt-pt\/wp-json\/wp\/v2\/product_tag?post=4454"}],"curies":[{"name":"wp","href":"https:\/\/api.w.org\/{rel}","templated":true}]}}