{"id":4445,"date":"2023-01-13T14:28:41","date_gmt":"2023-01-13T14:28:41","guid":{"rendered":"https:\/\/www.altair-srl.com\/prodotto\/cartuchos-de-comida\/"},"modified":"2023-12-05T11:06:52","modified_gmt":"2023-12-05T11:06:52","slug":"cartucce-ad-uso-alimentare","status":"publish","type":"product","link":"https:\/\/www.altair-srl.com\/pt-pt\/prodotto\/cartucce-ad-uso-alimentare\/","title":{"rendered":"Alimenta\u00e7\u00e3o"},"content":{"rendered":"<p>Os elementos filtrantes Altair Food Series s\u00e3o especialmente concebidos para utiliza\u00e7\u00e3o na produ\u00e7\u00e3o e processamento de produtos alimentares, ou seja, onde s\u00e3o necess\u00e1rios os mais elevados n\u00edveis de limpeza.<\/p>\n<p>Na ind\u00fastria alimentar, \u00e9 necess\u00e1rio garantir que nenhuma subst\u00e2ncia externa contamine os produtos destinados ao consumo. Para garantir este grau de pureza, os elementos filtrantes Altair s\u00e3o certificados de acordo com os regulamentos actuais:<\/p>\n<ul>\n<li>REG (CE) 1935\/2004<\/li>\n<li>REG (CE) 2023\/2006<\/li>\n<li>REG (UE) 10\/2011<\/li>\n<li>FDA 21 CFR Estados Unidos<\/li>\n<\/ul>\n<p>Os setores industriais mais utilizados s\u00e3o: moagem, mistura, enchimento, embalagem, transporte pneum\u00e1tico e filtra\u00e7\u00e3o de mat\u00e9rias-primas como trigo, farinha, caf\u00e9, a\u00e7\u00facar.<\/p>\n","protected":false},"excerpt":{"rendered":"<p>Os elementos filtrantes Altair Food Series s\u00e3o especialmente concebidos para utiliza\u00e7\u00e3o na produ\u00e7\u00e3o e processamento de produtos alimentares, ou seja, onde s\u00e3o necess\u00e1rios os mais elevados n\u00edveis de limpeza. Na&#8230;<\/p>\n","protected":false},"featured_media":3365,"template":"","meta":[],"product_brand":[],"product_cat":[114],"product_tag":[],"class_list":{"0":"post-4445","1":"product","2":"type-product","3":"status-publish","4":"has-post-thumbnail","6":"product_cat-cartuchos-e-paineis","8":"first","9":"instock","10":"shipping-taxable","11":"product-type-simple"},"yoast_head":"<!-- This site is optimized with the Yoast SEO plugin v27.4 - https:\/\/yoast.com\/product\/yoast-seo-wordpress\/ -->\n<title>Alimenta\u00e7\u00e3o | Altair S.r.l.<\/title>\n<meta name=\"robots\" content=\"index, follow, max-snippet:-1, max-image-preview:large, max-video-preview:-1\" \/>\n<link rel=\"canonical\" href=\"https:\/\/www.altair-srl.com\/pt-pt\/prodotto\/cartucce-ad-uso-alimentare\/\" \/>\n<meta property=\"og:locale\" content=\"pt_PT\" \/>\n<meta property=\"og:type\" content=\"article\" \/>\n<meta property=\"og:title\" content=\"Alimenta\u00e7\u00e3o | Altair S.r.l.\" \/>\n<meta property=\"og:description\" content=\"Os elementos filtrantes Altair Food Series s\u00e3o especialmente concebidos para utiliza\u00e7\u00e3o na produ\u00e7\u00e3o e processamento de produtos alimentares, ou seja, onde s\u00e3o necess\u00e1rios os mais elevados n\u00edveis de limpeza. Na...\" \/>\n<meta property=\"og:url\" content=\"https:\/\/www.altair-srl.com\/pt-pt\/prodotto\/cartucce-ad-uso-alimentare\/\" \/>\n<meta property=\"og:site_name\" content=\"Altair S.r.l.\" \/>\n<meta property=\"article:modified_time\" content=\"2023-12-05T11:06:52+00:00\" \/>\n<meta property=\"og:image\" content=\"https:\/\/www.altair-srl.com\/wp-content\/uploads\/2023\/01\/AMP9029.jpg\" \/>\n\t<meta property=\"og:image:width\" content=\"1280\" \/>\n\t<meta property=\"og:image:height\" content=\"1920\" \/>\n\t<meta property=\"og:image:type\" content=\"image\/jpeg\" \/>\n<meta name=\"twitter:card\" content=\"summary_large_image\" \/>\n<meta name=\"twitter:label1\" content=\"Tempo estimado de leitura\" \/>\n\t<meta name=\"twitter:data1\" content=\"1 minuto\" \/>\n<script type=\"application\/ld+json\" class=\"yoast-schema-graph\">{\"@context\":\"https:\\\/\\\/schema.org\",\"@graph\":[{\"@type\":\"WebPage\",\"@id\":\"https:\\\/\\\/www.altair-srl.com\\\/pt-pt\\\/prodotto\\\/cartucce-ad-uso-alimentare\\\/\",\"url\":\"https:\\\/\\\/www.altair-srl.com\\\/pt-pt\\\/prodotto\\\/cartucce-ad-uso-alimentare\\\/\",\"name\":\"Alimenta\u00e7\u00e3o | Altair S.r.l.\",\"isPartOf\":{\"@id\":\"https:\\\/\\\/www.altair-srl.com\\\/pt-pt\\\/#website\"},\"primaryImageOfPage\":{\"@id\":\"https:\\\/\\\/www.altair-srl.com\\\/pt-pt\\\/prodotto\\\/cartucce-ad-uso-alimentare\\\/#primaryimage\"},\"image\":{\"@id\":\"https:\\\/\\\/www.altair-srl.com\\\/pt-pt\\\/prodotto\\\/cartucce-ad-uso-alimentare\\\/#primaryimage\"},\"thumbnailUrl\":\"https:\\\/\\\/www.altair-srl.com\\\/wp-content\\\/uploads\\\/2023\\\/01\\\/AMP9029.jpg\",\"datePublished\":\"2023-01-13T14:28:41+00:00\",\"dateModified\":\"2023-12-05T11:06:52+00:00\",\"breadcrumb\":{\"@id\":\"https:\\\/\\\/www.altair-srl.com\\\/pt-pt\\\/prodotto\\\/cartucce-ad-uso-alimentare\\\/#breadcrumb\"},\"inLanguage\":\"pt-PT\",\"potentialAction\":[{\"@type\":\"ReadAction\",\"target\":[\"https:\\\/\\\/www.altair-srl.com\\\/pt-pt\\\/prodotto\\\/cartucce-ad-uso-alimentare\\\/\"]}]},{\"@type\":\"ImageObject\",\"inLanguage\":\"pt-PT\",\"@id\":\"https:\\\/\\\/www.altair-srl.com\\\/pt-pt\\\/prodotto\\\/cartucce-ad-uso-alimentare\\\/#primaryimage\",\"url\":\"https:\\\/\\\/www.altair-srl.com\\\/wp-content\\\/uploads\\\/2023\\\/01\\\/AMP9029.jpg\",\"contentUrl\":\"https:\\\/\\\/www.altair-srl.com\\\/wp-content\\\/uploads\\\/2023\\\/01\\\/AMP9029.jpg\",\"width\":1280,\"height\":1920},{\"@type\":\"BreadcrumbList\",\"@id\":\"https:\\\/\\\/www.altair-srl.com\\\/pt-pt\\\/prodotto\\\/cartucce-ad-uso-alimentare\\\/#breadcrumb\",\"itemListElement\":[{\"@type\":\"ListItem\",\"position\":1,\"name\":\"Home\",\"item\":\"https:\\\/\\\/www.altair-srl.com\\\/pt-pt\\\/\"},{\"@type\":\"ListItem\",\"position\":2,\"name\":\"Shop\",\"item\":\"https:\\\/\\\/www.altair-srl.com\\\/negozio\\\/\"},{\"@type\":\"ListItem\",\"position\":3,\"name\":\"Alimenta\u00e7\u00e3o\"}]},{\"@type\":\"WebSite\",\"@id\":\"https:\\\/\\\/www.altair-srl.com\\\/pt-pt\\\/#website\",\"url\":\"https:\\\/\\\/www.altair-srl.com\\\/pt-pt\\\/\",\"name\":\"Altair S.r.l.\",\"description\":\"Produzione sistemi di filtrazione e depurazione dell\u2019aria\",\"publisher\":{\"@id\":\"https:\\\/\\\/www.altair-srl.com\\\/pt-pt\\\/#organization\"},\"potentialAction\":[{\"@type\":\"SearchAction\",\"target\":{\"@type\":\"EntryPoint\",\"urlTemplate\":\"https:\\\/\\\/www.altair-srl.com\\\/pt-pt\\\/?s={search_term_string}\"},\"query-input\":{\"@type\":\"PropertyValueSpecification\",\"valueRequired\":true,\"valueName\":\"search_term_string\"}}],\"inLanguage\":\"pt-PT\"},{\"@type\":\"Organization\",\"@id\":\"https:\\\/\\\/www.altair-srl.com\\\/pt-pt\\\/#organization\",\"name\":\"Altair S.r.l.\",\"url\":\"https:\\\/\\\/www.altair-srl.com\\\/pt-pt\\\/\",\"logo\":{\"@type\":\"ImageObject\",\"inLanguage\":\"pt-PT\",\"@id\":\"https:\\\/\\\/www.altair-srl.com\\\/pt-pt\\\/#\\\/schema\\\/logo\\\/image\\\/\",\"url\":\"https:\\\/\\\/www.altair-srl.com\\\/wp-content\\\/uploads\\\/2022\\\/06\\\/logo.png\",\"contentUrl\":\"https:\\\/\\\/www.altair-srl.com\\\/wp-content\\\/uploads\\\/2022\\\/06\\\/logo.png\",\"width\":400,\"height\":184,\"caption\":\"Altair S.r.l.\"},\"image\":{\"@id\":\"https:\\\/\\\/www.altair-srl.com\\\/pt-pt\\\/#\\\/schema\\\/logo\\\/image\\\/\"}}]}<\/script>\n<!-- \/ Yoast SEO plugin. -->","yoast_head_json":{"title":"Alimenta\u00e7\u00e3o | Altair S.r.l.","robots":{"index":"index","follow":"follow","max-snippet":"max-snippet:-1","max-image-preview":"max-image-preview:large","max-video-preview":"max-video-preview:-1"},"canonical":"https:\/\/www.altair-srl.com\/pt-pt\/prodotto\/cartucce-ad-uso-alimentare\/","og_locale":"pt_PT","og_type":"article","og_title":"Alimenta\u00e7\u00e3o | Altair S.r.l.","og_description":"Os elementos filtrantes Altair Food Series s\u00e3o especialmente concebidos para utiliza\u00e7\u00e3o na produ\u00e7\u00e3o e processamento de produtos alimentares, ou seja, onde s\u00e3o necess\u00e1rios os mais elevados n\u00edveis de limpeza. Na...","og_url":"https:\/\/www.altair-srl.com\/pt-pt\/prodotto\/cartucce-ad-uso-alimentare\/","og_site_name":"Altair S.r.l.","article_modified_time":"2023-12-05T11:06:52+00:00","og_image":[{"width":1280,"height":1920,"url":"https:\/\/www.altair-srl.com\/wp-content\/uploads\/2023\/01\/AMP9029.jpg","type":"image\/jpeg"}],"twitter_card":"summary_large_image","twitter_misc":{"Tempo estimado de leitura":"1 minuto"},"schema":{"@context":"https:\/\/schema.org","@graph":[{"@type":"WebPage","@id":"https:\/\/www.altair-srl.com\/pt-pt\/prodotto\/cartucce-ad-uso-alimentare\/","url":"https:\/\/www.altair-srl.com\/pt-pt\/prodotto\/cartucce-ad-uso-alimentare\/","name":"Alimenta\u00e7\u00e3o | Altair S.r.l.","isPartOf":{"@id":"https:\/\/www.altair-srl.com\/pt-pt\/#website"},"primaryImageOfPage":{"@id":"https:\/\/www.altair-srl.com\/pt-pt\/prodotto\/cartucce-ad-uso-alimentare\/#primaryimage"},"image":{"@id":"https:\/\/www.altair-srl.com\/pt-pt\/prodotto\/cartucce-ad-uso-alimentare\/#primaryimage"},"thumbnailUrl":"https:\/\/www.altair-srl.com\/wp-content\/uploads\/2023\/01\/AMP9029.jpg","datePublished":"2023-01-13T14:28:41+00:00","dateModified":"2023-12-05T11:06:52+00:00","breadcrumb":{"@id":"https:\/\/www.altair-srl.com\/pt-pt\/prodotto\/cartucce-ad-uso-alimentare\/#breadcrumb"},"inLanguage":"pt-PT","potentialAction":[{"@type":"ReadAction","target":["https:\/\/www.altair-srl.com\/pt-pt\/prodotto\/cartucce-ad-uso-alimentare\/"]}]},{"@type":"ImageObject","inLanguage":"pt-PT","@id":"https:\/\/www.altair-srl.com\/pt-pt\/prodotto\/cartucce-ad-uso-alimentare\/#primaryimage","url":"https:\/\/www.altair-srl.com\/wp-content\/uploads\/2023\/01\/AMP9029.jpg","contentUrl":"https:\/\/www.altair-srl.com\/wp-content\/uploads\/2023\/01\/AMP9029.jpg","width":1280,"height":1920},{"@type":"BreadcrumbList","@id":"https:\/\/www.altair-srl.com\/pt-pt\/prodotto\/cartucce-ad-uso-alimentare\/#breadcrumb","itemListElement":[{"@type":"ListItem","position":1,"name":"Home","item":"https:\/\/www.altair-srl.com\/pt-pt\/"},{"@type":"ListItem","position":2,"name":"Shop","item":"https:\/\/www.altair-srl.com\/negozio\/"},{"@type":"ListItem","position":3,"name":"Alimenta\u00e7\u00e3o"}]},{"@type":"WebSite","@id":"https:\/\/www.altair-srl.com\/pt-pt\/#website","url":"https:\/\/www.altair-srl.com\/pt-pt\/","name":"Altair S.r.l.","description":"Produzione sistemi di filtrazione e depurazione dell\u2019aria","publisher":{"@id":"https:\/\/www.altair-srl.com\/pt-pt\/#organization"},"potentialAction":[{"@type":"SearchAction","target":{"@type":"EntryPoint","urlTemplate":"https:\/\/www.altair-srl.com\/pt-pt\/?s={search_term_string}"},"query-input":{"@type":"PropertyValueSpecification","valueRequired":true,"valueName":"search_term_string"}}],"inLanguage":"pt-PT"},{"@type":"Organization","@id":"https:\/\/www.altair-srl.com\/pt-pt\/#organization","name":"Altair S.r.l.","url":"https:\/\/www.altair-srl.com\/pt-pt\/","logo":{"@type":"ImageObject","inLanguage":"pt-PT","@id":"https:\/\/www.altair-srl.com\/pt-pt\/#\/schema\/logo\/image\/","url":"https:\/\/www.altair-srl.com\/wp-content\/uploads\/2022\/06\/logo.png","contentUrl":"https:\/\/www.altair-srl.com\/wp-content\/uploads\/2022\/06\/logo.png","width":400,"height":184,"caption":"Altair S.r.l."},"image":{"@id":"https:\/\/www.altair-srl.com\/pt-pt\/#\/schema\/logo\/image\/"}}]}},"_links":{"self":[{"href":"https:\/\/www.altair-srl.com\/pt-pt\/wp-json\/wp\/v2\/product\/4445","targetHints":{"allow":["GET"]}}],"collection":[{"href":"https:\/\/www.altair-srl.com\/pt-pt\/wp-json\/wp\/v2\/product"}],"about":[{"href":"https:\/\/www.altair-srl.com\/pt-pt\/wp-json\/wp\/v2\/types\/product"}],"wp:featuredmedia":[{"embeddable":true,"href":"https:\/\/www.altair-srl.com\/pt-pt\/wp-json\/wp\/v2\/media\/3365"}],"wp:attachment":[{"href":"https:\/\/www.altair-srl.com\/pt-pt\/wp-json\/wp\/v2\/media?parent=4445"}],"wp:term":[{"taxonomy":"product_brand","embeddable":true,"href":"https:\/\/www.altair-srl.com\/pt-pt\/wp-json\/wp\/v2\/product_brand?post=4445"},{"taxonomy":"product_cat","embeddable":true,"href":"https:\/\/www.altair-srl.com\/pt-pt\/wp-json\/wp\/v2\/product_cat?post=4445"},{"taxonomy":"product_tag","embeddable":true,"href":"https:\/\/www.altair-srl.com\/pt-pt\/wp-json\/wp\/v2\/product_tag?post=4445"}],"curies":[{"name":"wp","href":"https:\/\/api.w.org\/{rel}","templated":true}]}}