{"id":5011,"date":"2023-11-27T09:02:18","date_gmt":"2023-11-27T09:02:18","guid":{"rendered":"https:\/\/www.altair-srl.com\/servicos\/pecas-sobressalentes-equivalentes-altair\/"},"modified":"2024-12-10T14:14:44","modified_gmt":"2024-12-10T14:14:44","slug":"pecas-sobressalentes-equivalentes-altair","status":"publish","type":"page","link":"https:\/\/www.altair-srl.com\/pt-pt\/servicos\/pecas-sobressalentes-equivalentes-altair\/","title":{"rendered":"Pe\u00e7as sobressalentes equivalentes Altair"},"content":{"rendered":"[vc_row type=&#8221;in_container&#8221; full_screen_row_position=&#8221;middle&#8221; column_margin=&#8221;100px&#8221; equal_height=&#8221;yes&#8221; content_placement=&#8221;top&#8221; column_direction=&#8221;default&#8221; column_direction_tablet=&#8221;default&#8221; column_direction_phone=&#8221;default&#8221; scene_position=&#8221;center&#8221; bottom_padding=&#8221;5%&#8221; text_color=&#8221;dark&#8221; text_align=&#8221;left&#8221; row_border_radius=&#8221;none&#8221; row_border_radius_applies=&#8221;bg&#8221; overflow=&#8221;visible&#8221; class=&#8221;svgs-colored-left right&#8221; advanced_gradient_angle=&#8221;0&#8243; overlay_strength=&#8221;0.3&#8243; gradient_direction=&#8221;left_to_right&#8221; shape_divider_color=&#8221;#f2f2f2&#8243; shape_divider_position=&#8221;bottom&#8221; shape_divider_height=&#8221;10%&#8221; bg_image_animation=&#8221;none&#8221; gradient_type=&#8221;default&#8221; shape_type=&#8221;straight_section&#8221;][vc_column column_padding=&#8221;no-extra-padding&#8221; column_padding_tablet=&#8221;inherit&#8221; column_padding_phone=&#8221;inherit&#8221; column_padding_position=&#8221;all&#8221; column_element_direction_desktop=&#8221;default&#8221; column_element_spacing=&#8221;default&#8221; desktop_text_alignment=&#8221;default&#8221; tablet_text_alignment=&#8221;default&#8221; phone_text_alignment=&#8221;default&#8221; background_color_opacity=&#8221;1&#8243; background_hover_color_opacity=&#8221;1&#8243; column_backdrop_filter=&#8221;none&#8221; column_shadow=&#8221;none&#8221; column_border_radius=&#8221;none&#8221; column_link_target=&#8221;_self&#8221; column_position=&#8221;default&#8221; gradient_direction=&#8221;left_to_right&#8221; overlay_strength=&#8221;0.3&#8243; width=&#8221;2\/3&#8243; tablet_width_inherit=&#8221;default&#8221; animation_type=&#8221;default&#8221; bg_image_animation=&#8221;none&#8221; border_type=&#8221;simple&#8221; column_border_width=&#8221;none&#8221; column_border_style=&#8221;solid&#8221;][vc_custom_heading text=&#8221;Pe\u00e7as sobressalentes equivalentes Altair&#8221; font_container=&#8221;tag:h2|text_align:left|color:%23d90012&#8243; use_theme_fonts=&#8221;yes&#8221;][divider line_type=&#8221;Small Line&#8221; line_alignment=&#8221;default&#8221; line_thickness=&#8221;10&#8243; divider_color=&#8221;accent-color&#8221; custom_line_width=&#8221;60&#8243;][vc_column_text css=&#8221;.vc_custom_1701075649363{margin-top: 30px !important;margin-bottom: 50px !important;}&#8221;]Podemos identificar qualquer tipo de filtro pelo seu c\u00f3digo ou marca original e fornecer-lhe o equivalente atualmente dispon\u00edvel na nossa gama, bem como o desenho t\u00e9cnico em formato PDF.[\/vc_column_text][\/vc_column][vc_column column_padding=&#8221;no-extra-padding&#8221; column_padding_tablet=&#8221;inherit&#8221; column_padding_phone=&#8221;inherit&#8221; column_padding_position=&#8221;all&#8221; column_element_direction_desktop=&#8221;default&#8221; column_element_spacing=&#8221;default&#8221; desktop_text_alignment=&#8221;default&#8221; tablet_text_alignment=&#8221;default&#8221; phone_text_alignment=&#8221;default&#8221; background_color_opacity=&#8221;1&#8243; background_hover_color_opacity=&#8221;1&#8243; column_backdrop_filter=&#8221;none&#8221; column_shadow=&#8221;none&#8221; column_border_radius=&#8221;none&#8221; column_link_target=&#8221;_self&#8221; column_position=&#8221;default&#8221; gradient_direction=&#8221;left_to_right&#8221; overlay_strength=&#8221;0.3&#8243; width=&#8221;1\/3&#8243; tablet_width_inherit=&#8221;default&#8221; animation_type=&#8221;default&#8221; bg_image_animation=&#8221;none&#8221; border_type=&#8221;simple&#8221; column_border_width=&#8221;none&#8221; column_border_style=&#8221;solid&#8221;][\/vc_column][\/vc_row][vc_row type=&#8221;in_container&#8221; full_screen_row_position=&#8221;middle&#8221; column_margin=&#8221;default&#8221; column_direction=&#8221;default&#8221; column_direction_tablet=&#8221;default&#8221; column_direction_phone=&#8221;default&#8221; scene_position=&#8221;center&#8221; text_color=&#8221;dark&#8221; text_align=&#8221;left&#8221; row_border_radius=&#8221;none&#8221; row_border_radius_applies=&#8221;bg&#8221; overflow=&#8221;visible&#8221; overlay_strength=&#8221;0.3&#8243; gradient_direction=&#8221;left_to_right&#8221; shape_divider_position=&#8221;bottom&#8221; bg_image_animation=&#8221;none&#8221;][vc_column column_padding=&#8221;no-extra-padding&#8221; column_padding_tablet=&#8221;inherit&#8221; column_padding_phone=&#8221;inherit&#8221; column_padding_position=&#8221;all&#8221; column_element_direction_desktop=&#8221;default&#8221; column_element_spacing=&#8221;default&#8221; desktop_text_alignment=&#8221;default&#8221; tablet_text_alignment=&#8221;default&#8221; phone_text_alignment=&#8221;default&#8221; background_color_opacity=&#8221;1&#8243; background_hover_color_opacity=&#8221;1&#8243; column_backdrop_filter=&#8221;none&#8221; column_shadow=&#8221;none&#8221; column_border_radius=&#8221;none&#8221; column_link_target=&#8221;_self&#8221; column_position=&#8221;default&#8221; gradient_direction=&#8221;left_to_right&#8221; overlay_strength=&#8221;0.3&#8243; width=&#8221;1\/1&#8243; tablet_width_inherit=&#8221;default&#8221; animation_type=&#8221;default&#8221; bg_image_animation=&#8221;none&#8221; border_type=&#8221;simple&#8221; column_border_width=&#8221;none&#8221; column_border_style=&#8221;solid&#8221;][nectar_global_section id=&#8221;550&#8243;][\/vc_column][\/vc_row]\n","protected":false},"excerpt":{"rendered":"<p>[vc_row type=&#8221;in_container&#8221; full_screen_row_position=&#8221;middle&#8221; column_margin=&#8221;100px&#8221; equal_height=&#8221;yes&#8221; content_placement=&#8221;top&#8221; column_direction=&#8221;default&#8221; column_direction_tablet=&#8221;default&#8221; column_direction_phone=&#8221;default&#8221; scene_position=&#8221;center&#8221; bottom_padding=&#8221;5%&#8221; text_color=&#8221;dark&#8221; text_align=&#8221;left&#8221; row_border_radius=&#8221;none&#8221; row_border_radius_applies=&#8221;bg&#8221; overflow=&#8221;visible&#8221; class=&#8221;svgs-colored-left right&#8221; advanced_gradient_angle=&#8221;0&#8243; overlay_strength=&#8221;0.3&#8243; gradient_direction=&#8221;left_to_right&#8221; shape_divider_color=&#8221;#f2f2f2&#8243; shape_divider_position=&#8221;bottom&#8221; shape_divider_height=&#8221;10%&#8221; bg_image_animation=&#8221;none&#8221; gradient_type=&#8221;default&#8221; shape_type=&#8221;straight_section&#8221;][vc_column column_padding=&#8221;no-extra-padding&#8221; column_padding_tablet=&#8221;inherit&#8221; column_padding_phone=&#8221;inherit&#8221;&#8230;<\/p>\n","protected":false},"author":1,"featured_media":0,"parent":4418,"menu_order":0,"comment_status":"closed","ping_status":"closed","template":"","meta":{"footnotes":""},"class_list":["post-5011","page","type-page","status-publish"],"yoast_head":"<!-- This site is optimized with the Yoast SEO plugin v27.0 - https:\/\/yoast.com\/product\/yoast-seo-wordpress\/ -->\n<title>Pe\u00e7as sobressalentes equivalentes Altair | Altair S.r.l.<\/title>\n<meta name=\"description\" content=\"Podemos identificar qualquer tipo de filtro pelo seu c\u00f3digo ou marca original e fornecer-lhe o equivalente atualmente dispon\u00edvel na nossa gama.\" \/>\n<meta name=\"robots\" content=\"index, follow, max-snippet:-1, max-image-preview:large, max-video-preview:-1\" \/>\n<link rel=\"canonical\" href=\"https:\/\/www.altair-srl.com\/pt-pt\/servicos\/pecas-sobressalentes-equivalentes-altair\/\" \/>\n<meta property=\"og:locale\" content=\"pt_PT\" \/>\n<meta property=\"og:type\" content=\"article\" \/>\n<meta property=\"og:title\" content=\"Pe\u00e7as sobressalentes equivalentes Altair | Altair S.r.l.\" \/>\n<meta property=\"og:description\" content=\"Podemos identificar qualquer tipo de filtro pelo seu c\u00f3digo ou marca original e fornecer-lhe o equivalente atualmente dispon\u00edvel na nossa gama.\" \/>\n<meta property=\"og:url\" content=\"https:\/\/www.altair-srl.com\/pt-pt\/servicos\/pecas-sobressalentes-equivalentes-altair\/\" \/>\n<meta property=\"og:site_name\" content=\"Altair S.r.l.\" \/>\n<meta property=\"article:modified_time\" content=\"2024-12-10T14:14:44+00:00\" \/>\n<meta property=\"og:image\" content=\"https:\/\/www.altair-srl.com\/wp-content\/uploads\/2024\/04\/5_altair_nuovasede-scaled.jpg\" \/>\n\t<meta property=\"og:image:width\" content=\"2560\" \/>\n\t<meta property=\"og:image:height\" content=\"1700\" \/>\n\t<meta property=\"og:image:type\" content=\"image\/jpeg\" \/>\n<meta name=\"twitter:card\" content=\"summary_large_image\" \/>\n<meta name=\"twitter:label1\" content=\"Tempo estimado de leitura\" \/>\n\t<meta name=\"twitter:data1\" content=\"1 minuto\" \/>\n<script type=\"application\/ld+json\" class=\"yoast-schema-graph\">{\"@context\":\"https:\/\/schema.org\",\"@graph\":[{\"@type\":\"WebPage\",\"@id\":\"https:\/\/www.altair-srl.com\/pt-pt\/servicos\/pecas-sobressalentes-equivalentes-altair\/\",\"url\":\"https:\/\/www.altair-srl.com\/pt-pt\/servicos\/pecas-sobressalentes-equivalentes-altair\/\",\"name\":\"Pe\u00e7as sobressalentes equivalentes Altair | Altair S.r.l.\",\"isPartOf\":{\"@id\":\"https:\/\/www.altair-srl.com\/pt-pt\/#website\"},\"datePublished\":\"2023-11-27T09:02:18+00:00\",\"dateModified\":\"2024-12-10T14:14:44+00:00\",\"description\":\"Podemos identificar qualquer tipo de filtro pelo seu c\u00f3digo ou marca original e fornecer-lhe o equivalente atualmente dispon\u00edvel na nossa gama.\",\"breadcrumb\":{\"@id\":\"https:\/\/www.altair-srl.com\/pt-pt\/servicos\/pecas-sobressalentes-equivalentes-altair\/#breadcrumb\"},\"inLanguage\":\"pt-PT\",\"potentialAction\":[{\"@type\":\"ReadAction\",\"target\":[\"https:\/\/www.altair-srl.com\/pt-pt\/servicos\/pecas-sobressalentes-equivalentes-altair\/\"]}]},{\"@type\":\"BreadcrumbList\",\"@id\":\"https:\/\/www.altair-srl.com\/pt-pt\/servicos\/pecas-sobressalentes-equivalentes-altair\/#breadcrumb\",\"itemListElement\":[{\"@type\":\"ListItem\",\"position\":1,\"name\":\"Home\",\"item\":\"https:\/\/www.altair-srl.com\/pt-pt\/\"},{\"@type\":\"ListItem\",\"position\":2,\"name\":\"Servi\u00e7os\",\"item\":\"https:\/\/www.altair-srl.com\/pt-pt\/servicos\/\"},{\"@type\":\"ListItem\",\"position\":3,\"name\":\"Pe\u00e7as sobressalentes equivalentes Altair\"}]},{\"@type\":\"WebSite\",\"@id\":\"https:\/\/www.altair-srl.com\/pt-pt\/#website\",\"url\":\"https:\/\/www.altair-srl.com\/pt-pt\/\",\"name\":\"Altair S.r.l.\",\"description\":\"Produzione sistemi di filtrazione e depurazione dell\u2019aria\",\"publisher\":{\"@id\":\"https:\/\/www.altair-srl.com\/pt-pt\/#organization\"},\"potentialAction\":[{\"@type\":\"SearchAction\",\"target\":{\"@type\":\"EntryPoint\",\"urlTemplate\":\"https:\/\/www.altair-srl.com\/pt-pt\/?s={search_term_string}\"},\"query-input\":{\"@type\":\"PropertyValueSpecification\",\"valueRequired\":true,\"valueName\":\"search_term_string\"}}],\"inLanguage\":\"pt-PT\"},{\"@type\":\"Organization\",\"@id\":\"https:\/\/www.altair-srl.com\/pt-pt\/#organization\",\"name\":\"Altair S.r.l.\",\"url\":\"https:\/\/www.altair-srl.com\/pt-pt\/\",\"logo\":{\"@type\":\"ImageObject\",\"inLanguage\":\"pt-PT\",\"@id\":\"https:\/\/www.altair-srl.com\/pt-pt\/#\/schema\/logo\/image\/\",\"url\":\"https:\/\/www.altair-srl.com\/wp-content\/uploads\/2022\/06\/logo.png\",\"contentUrl\":\"https:\/\/www.altair-srl.com\/wp-content\/uploads\/2022\/06\/logo.png\",\"width\":400,\"height\":184,\"caption\":\"Altair S.r.l.\"},\"image\":{\"@id\":\"https:\/\/www.altair-srl.com\/pt-pt\/#\/schema\/logo\/image\/\"}}]}<\/script>\n<!-- \/ Yoast SEO plugin. -->","yoast_head_json":{"title":"Pe\u00e7as sobressalentes equivalentes Altair | Altair S.r.l.","description":"Podemos identificar qualquer tipo de filtro pelo seu c\u00f3digo ou marca original e fornecer-lhe o equivalente atualmente dispon\u00edvel na nossa gama.","robots":{"index":"index","follow":"follow","max-snippet":"max-snippet:-1","max-image-preview":"max-image-preview:large","max-video-preview":"max-video-preview:-1"},"canonical":"https:\/\/www.altair-srl.com\/pt-pt\/servicos\/pecas-sobressalentes-equivalentes-altair\/","og_locale":"pt_PT","og_type":"article","og_title":"Pe\u00e7as sobressalentes equivalentes Altair | Altair S.r.l.","og_description":"Podemos identificar qualquer tipo de filtro pelo seu c\u00f3digo ou marca original e fornecer-lhe o equivalente atualmente dispon\u00edvel na nossa gama.","og_url":"https:\/\/www.altair-srl.com\/pt-pt\/servicos\/pecas-sobressalentes-equivalentes-altair\/","og_site_name":"Altair S.r.l.","article_modified_time":"2024-12-10T14:14:44+00:00","og_image":[{"width":2560,"height":1700,"url":"https:\/\/www.altair-srl.com\/wp-content\/uploads\/2024\/04\/5_altair_nuovasede-scaled.jpg","type":"image\/jpeg"}],"twitter_card":"summary_large_image","twitter_misc":{"Tempo estimado de leitura":"1 minuto"},"schema":{"@context":"https:\/\/schema.org","@graph":[{"@type":"WebPage","@id":"https:\/\/www.altair-srl.com\/pt-pt\/servicos\/pecas-sobressalentes-equivalentes-altair\/","url":"https:\/\/www.altair-srl.com\/pt-pt\/servicos\/pecas-sobressalentes-equivalentes-altair\/","name":"Pe\u00e7as sobressalentes equivalentes Altair | Altair S.r.l.","isPartOf":{"@id":"https:\/\/www.altair-srl.com\/pt-pt\/#website"},"datePublished":"2023-11-27T09:02:18+00:00","dateModified":"2024-12-10T14:14:44+00:00","description":"Podemos identificar qualquer tipo de filtro pelo seu c\u00f3digo ou marca original e fornecer-lhe o equivalente atualmente dispon\u00edvel na nossa gama.","breadcrumb":{"@id":"https:\/\/www.altair-srl.com\/pt-pt\/servicos\/pecas-sobressalentes-equivalentes-altair\/#breadcrumb"},"inLanguage":"pt-PT","potentialAction":[{"@type":"ReadAction","target":["https:\/\/www.altair-srl.com\/pt-pt\/servicos\/pecas-sobressalentes-equivalentes-altair\/"]}]},{"@type":"BreadcrumbList","@id":"https:\/\/www.altair-srl.com\/pt-pt\/servicos\/pecas-sobressalentes-equivalentes-altair\/#breadcrumb","itemListElement":[{"@type":"ListItem","position":1,"name":"Home","item":"https:\/\/www.altair-srl.com\/pt-pt\/"},{"@type":"ListItem","position":2,"name":"Servi\u00e7os","item":"https:\/\/www.altair-srl.com\/pt-pt\/servicos\/"},{"@type":"ListItem","position":3,"name":"Pe\u00e7as sobressalentes equivalentes Altair"}]},{"@type":"WebSite","@id":"https:\/\/www.altair-srl.com\/pt-pt\/#website","url":"https:\/\/www.altair-srl.com\/pt-pt\/","name":"Altair S.r.l.","description":"Produzione sistemi di filtrazione e depurazione dell\u2019aria","publisher":{"@id":"https:\/\/www.altair-srl.com\/pt-pt\/#organization"},"potentialAction":[{"@type":"SearchAction","target":{"@type":"EntryPoint","urlTemplate":"https:\/\/www.altair-srl.com\/pt-pt\/?s={search_term_string}"},"query-input":{"@type":"PropertyValueSpecification","valueRequired":true,"valueName":"search_term_string"}}],"inLanguage":"pt-PT"},{"@type":"Organization","@id":"https:\/\/www.altair-srl.com\/pt-pt\/#organization","name":"Altair S.r.l.","url":"https:\/\/www.altair-srl.com\/pt-pt\/","logo":{"@type":"ImageObject","inLanguage":"pt-PT","@id":"https:\/\/www.altair-srl.com\/pt-pt\/#\/schema\/logo\/image\/","url":"https:\/\/www.altair-srl.com\/wp-content\/uploads\/2022\/06\/logo.png","contentUrl":"https:\/\/www.altair-srl.com\/wp-content\/uploads\/2022\/06\/logo.png","width":400,"height":184,"caption":"Altair S.r.l."},"image":{"@id":"https:\/\/www.altair-srl.com\/pt-pt\/#\/schema\/logo\/image\/"}}]}},"_links":{"self":[{"href":"https:\/\/www.altair-srl.com\/pt-pt\/wp-json\/wp\/v2\/pages\/5011","targetHints":{"allow":["GET"]}}],"collection":[{"href":"https:\/\/www.altair-srl.com\/pt-pt\/wp-json\/wp\/v2\/pages"}],"about":[{"href":"https:\/\/www.altair-srl.com\/pt-pt\/wp-json\/wp\/v2\/types\/page"}],"author":[{"embeddable":true,"href":"https:\/\/www.altair-srl.com\/pt-pt\/wp-json\/wp\/v2\/users\/1"}],"replies":[{"embeddable":true,"href":"https:\/\/www.altair-srl.com\/pt-pt\/wp-json\/wp\/v2\/comments?post=5011"}],"version-history":[{"count":1,"href":"https:\/\/www.altair-srl.com\/pt-pt\/wp-json\/wp\/v2\/pages\/5011\/revisions"}],"predecessor-version":[{"id":6931,"href":"https:\/\/www.altair-srl.com\/pt-pt\/wp-json\/wp\/v2\/pages\/5011\/revisions\/6931"}],"up":[{"embeddable":true,"href":"https:\/\/www.altair-srl.com\/pt-pt\/wp-json\/wp\/v2\/pages\/4418"}],"wp:attachment":[{"href":"https:\/\/www.altair-srl.com\/pt-pt\/wp-json\/wp\/v2\/media?parent=5011"}],"curies":[{"name":"wp","href":"https:\/\/api.w.org\/{rel}","templated":true}]}}