{"id":5211,"date":"2024-01-15T11:12:38","date_gmt":"2024-01-15T11:12:38","guid":{"rendered":"https:\/\/www.altair-srl.com\/?post_type=product&#038;p=5211"},"modified":"2024-01-15T11:16:06","modified_gmt":"2024-01-15T11:16:06","slug":"type-v-tub-cartouches-a-sacs-plisses","status":"publish","type":"product","link":"https:\/\/www.altair-srl.com\/fr\/prodotto\/type-v-tub-cartouches-a-sacs-plisses\/","title":{"rendered":"Type V-TUB &#8211; Cartouches \u00e0 sacs pliss\u00e9s"},"content":{"rendered":"<p><strong>Pleated Bag<\/strong> : les \u00e9l\u00e9ments filtrants de la s\u00e9rie des <strong>Pleated Bag<\/strong> d&rsquo;Altair constituent une alternative efficace aux filtres \u00e0 poches conventionnels.<\/p>\n<p>Une large gamme de produits est disponible pour remplacer les sacs conventionnels par des \u00e9l\u00e9ments de type sac pliss\u00e9.<\/p>\n<p>Avec une gamme de plus de 30 types de m\u00e9dias filtrants de haute qualit\u00e9, Altair Industrial Filters fournit des solutions d&rsquo;\u00e9l\u00e9ments de sacs pliss\u00e9s pour la filtration de l&rsquo;air dans diverses industries et pour diff\u00e9rents types de poussi\u00e8res, y compris les poussi\u00e8res abrasives, toxiques et explosives.<\/p>\n<p>Altair est sp\u00e9cialis\u00e9 dans la filtration des poussi\u00e8res et des fum\u00e9es provenant du ciment, du m\u00e9tal, de l&rsquo;aluminium, de l&rsquo;alimentation, du bois, des produits chimiques, du rev\u00eatement par poudre, de la d\u00e9coupe plasma-laser, du sablage, du fil, du soudage et du moulage.<\/p>\n<p>Nous proposons des solutions d&rsquo;\u00e9l\u00e9ments filtrants sur mesure, des cartouches filtrantes exclusivement con\u00e7ues pour l&rsquo;ensemble du monde OEM.<\/p>\n","protected":false},"excerpt":{"rendered":"<p><strong>Type V-TUB<\/strong><\/p>\n","protected":false},"featured_media":3359,"template":"","meta":[],"product_brand":[],"product_cat":[81],"product_tag":[],"class_list":{"0":"post-5211","1":"product","2":"type-product","3":"status-publish","4":"has-post-thumbnail","6":"product_cat-cartouches-et-panneaux","8":"first","9":"instock","10":"shipping-taxable","11":"product-type-simple"},"yoast_head":"<!-- This site is optimized with the Yoast SEO plugin v27.4 - https:\/\/yoast.com\/product\/yoast-seo-wordpress\/ -->\n<title>Type V-TUB - Cartouches \u00e0 sacs pliss\u00e9s | Altair S.r.l.<\/title>\n<meta name=\"robots\" content=\"index, follow, max-snippet:-1, max-image-preview:large, max-video-preview:-1\" \/>\n<link rel=\"canonical\" href=\"https:\/\/www.altair-srl.com\/fr\/prodotto\/type-v-tub-cartouches-a-sacs-plisses\/\" \/>\n<meta property=\"og:locale\" content=\"fr_FR\" \/>\n<meta property=\"og:type\" content=\"article\" \/>\n<meta property=\"og:title\" content=\"Type V-TUB - Cartouches \u00e0 sacs pliss\u00e9s | Altair S.r.l.\" \/>\n<meta property=\"og:description\" content=\"Type V-TUB\" \/>\n<meta property=\"og:url\" content=\"https:\/\/www.altair-srl.com\/fr\/prodotto\/type-v-tub-cartouches-a-sacs-plisses\/\" \/>\n<meta property=\"og:site_name\" content=\"Altair S.r.l.\" \/>\n<meta property=\"article:modified_time\" content=\"2024-01-15T11:16:06+00:00\" \/>\n<meta property=\"og:image\" content=\"https:\/\/www.altair-srl.com\/wp-content\/uploads\/2022\/12\/AMP9133.jpg\" \/>\n\t<meta property=\"og:image:width\" content=\"1280\" \/>\n\t<meta property=\"og:image:height\" content=\"1920\" \/>\n\t<meta property=\"og:image:type\" content=\"image\/jpeg\" \/>\n<meta name=\"twitter:card\" content=\"summary_large_image\" \/>\n<meta name=\"twitter:label1\" content=\"Dur\u00e9e de lecture estim\u00e9e\" \/>\n\t<meta name=\"twitter:data1\" content=\"1 minute\" \/>\n<script type=\"application\/ld+json\" class=\"yoast-schema-graph\">{\"@context\":\"https:\\\/\\\/schema.org\",\"@graph\":[{\"@type\":\"WebPage\",\"@id\":\"https:\\\/\\\/www.altair-srl.com\\\/fr\\\/prodotto\\\/type-v-tub-cartouches-a-sacs-plisses\\\/\",\"url\":\"https:\\\/\\\/www.altair-srl.com\\\/fr\\\/prodotto\\\/type-v-tub-cartouches-a-sacs-plisses\\\/\",\"name\":\"Type V-TUB - Cartouches \u00e0 sacs pliss\u00e9s | Altair S.r.l.\",\"isPartOf\":{\"@id\":\"https:\\\/\\\/www.altair-srl.com\\\/fr\\\/#website\"},\"primaryImageOfPage\":{\"@id\":\"https:\\\/\\\/www.altair-srl.com\\\/fr\\\/prodotto\\\/type-v-tub-cartouches-a-sacs-plisses\\\/#primaryimage\"},\"image\":{\"@id\":\"https:\\\/\\\/www.altair-srl.com\\\/fr\\\/prodotto\\\/type-v-tub-cartouches-a-sacs-plisses\\\/#primaryimage\"},\"thumbnailUrl\":\"https:\\\/\\\/www.altair-srl.com\\\/wp-content\\\/uploads\\\/2022\\\/12\\\/AMP9133.jpg\",\"datePublished\":\"2024-01-15T11:12:38+00:00\",\"dateModified\":\"2024-01-15T11:16:06+00:00\",\"breadcrumb\":{\"@id\":\"https:\\\/\\\/www.altair-srl.com\\\/fr\\\/prodotto\\\/type-v-tub-cartouches-a-sacs-plisses\\\/#breadcrumb\"},\"inLanguage\":\"fr-FR\",\"potentialAction\":[{\"@type\":\"ReadAction\",\"target\":[\"https:\\\/\\\/www.altair-srl.com\\\/fr\\\/prodotto\\\/type-v-tub-cartouches-a-sacs-plisses\\\/\"]}]},{\"@type\":\"ImageObject\",\"inLanguage\":\"fr-FR\",\"@id\":\"https:\\\/\\\/www.altair-srl.com\\\/fr\\\/prodotto\\\/type-v-tub-cartouches-a-sacs-plisses\\\/#primaryimage\",\"url\":\"https:\\\/\\\/www.altair-srl.com\\\/wp-content\\\/uploads\\\/2022\\\/12\\\/AMP9133.jpg\",\"contentUrl\":\"https:\\\/\\\/www.altair-srl.com\\\/wp-content\\\/uploads\\\/2022\\\/12\\\/AMP9133.jpg\",\"width\":1280,\"height\":1920},{\"@type\":\"BreadcrumbList\",\"@id\":\"https:\\\/\\\/www.altair-srl.com\\\/fr\\\/prodotto\\\/type-v-tub-cartouches-a-sacs-plisses\\\/#breadcrumb\",\"itemListElement\":[{\"@type\":\"ListItem\",\"position\":1,\"name\":\"Home\",\"item\":\"https:\\\/\\\/www.altair-srl.com\\\/fr\\\/\"},{\"@type\":\"ListItem\",\"position\":2,\"name\":\"Shop\",\"item\":\"https:\\\/\\\/www.altair-srl.com\\\/negozio\\\/\"},{\"@type\":\"ListItem\",\"position\":3,\"name\":\"Type V-TUB &#8211; Cartouches \u00e0 sacs pliss\u00e9s\"}]},{\"@type\":\"WebSite\",\"@id\":\"https:\\\/\\\/www.altair-srl.com\\\/fr\\\/#website\",\"url\":\"https:\\\/\\\/www.altair-srl.com\\\/fr\\\/\",\"name\":\"Altair S.r.l.\",\"description\":\"Produzione sistemi di filtrazione e depurazione dell\u2019aria\",\"publisher\":{\"@id\":\"https:\\\/\\\/www.altair-srl.com\\\/fr\\\/#organization\"},\"potentialAction\":[{\"@type\":\"SearchAction\",\"target\":{\"@type\":\"EntryPoint\",\"urlTemplate\":\"https:\\\/\\\/www.altair-srl.com\\\/fr\\\/?s={search_term_string}\"},\"query-input\":{\"@type\":\"PropertyValueSpecification\",\"valueRequired\":true,\"valueName\":\"search_term_string\"}}],\"inLanguage\":\"fr-FR\"},{\"@type\":\"Organization\",\"@id\":\"https:\\\/\\\/www.altair-srl.com\\\/fr\\\/#organization\",\"name\":\"Altair S.r.l.\",\"url\":\"https:\\\/\\\/www.altair-srl.com\\\/fr\\\/\",\"logo\":{\"@type\":\"ImageObject\",\"inLanguage\":\"fr-FR\",\"@id\":\"https:\\\/\\\/www.altair-srl.com\\\/fr\\\/#\\\/schema\\\/logo\\\/image\\\/\",\"url\":\"https:\\\/\\\/www.altair-srl.com\\\/wp-content\\\/uploads\\\/2022\\\/06\\\/logo.png\",\"contentUrl\":\"https:\\\/\\\/www.altair-srl.com\\\/wp-content\\\/uploads\\\/2022\\\/06\\\/logo.png\",\"width\":400,\"height\":184,\"caption\":\"Altair S.r.l.\"},\"image\":{\"@id\":\"https:\\\/\\\/www.altair-srl.com\\\/fr\\\/#\\\/schema\\\/logo\\\/image\\\/\"}}]}<\/script>\n<!-- \/ Yoast SEO plugin. -->","yoast_head_json":{"title":"Type V-TUB - Cartouches \u00e0 sacs pliss\u00e9s | Altair S.r.l.","robots":{"index":"index","follow":"follow","max-snippet":"max-snippet:-1","max-image-preview":"max-image-preview:large","max-video-preview":"max-video-preview:-1"},"canonical":"https:\/\/www.altair-srl.com\/fr\/prodotto\/type-v-tub-cartouches-a-sacs-plisses\/","og_locale":"fr_FR","og_type":"article","og_title":"Type V-TUB - Cartouches \u00e0 sacs pliss\u00e9s | Altair S.r.l.","og_description":"Type V-TUB","og_url":"https:\/\/www.altair-srl.com\/fr\/prodotto\/type-v-tub-cartouches-a-sacs-plisses\/","og_site_name":"Altair S.r.l.","article_modified_time":"2024-01-15T11:16:06+00:00","og_image":[{"width":1280,"height":1920,"url":"https:\/\/www.altair-srl.com\/wp-content\/uploads\/2022\/12\/AMP9133.jpg","type":"image\/jpeg"}],"twitter_card":"summary_large_image","twitter_misc":{"Dur\u00e9e de lecture estim\u00e9e":"1 minute"},"schema":{"@context":"https:\/\/schema.org","@graph":[{"@type":"WebPage","@id":"https:\/\/www.altair-srl.com\/fr\/prodotto\/type-v-tub-cartouches-a-sacs-plisses\/","url":"https:\/\/www.altair-srl.com\/fr\/prodotto\/type-v-tub-cartouches-a-sacs-plisses\/","name":"Type V-TUB - Cartouches \u00e0 sacs pliss\u00e9s | Altair S.r.l.","isPartOf":{"@id":"https:\/\/www.altair-srl.com\/fr\/#website"},"primaryImageOfPage":{"@id":"https:\/\/www.altair-srl.com\/fr\/prodotto\/type-v-tub-cartouches-a-sacs-plisses\/#primaryimage"},"image":{"@id":"https:\/\/www.altair-srl.com\/fr\/prodotto\/type-v-tub-cartouches-a-sacs-plisses\/#primaryimage"},"thumbnailUrl":"https:\/\/www.altair-srl.com\/wp-content\/uploads\/2022\/12\/AMP9133.jpg","datePublished":"2024-01-15T11:12:38+00:00","dateModified":"2024-01-15T11:16:06+00:00","breadcrumb":{"@id":"https:\/\/www.altair-srl.com\/fr\/prodotto\/type-v-tub-cartouches-a-sacs-plisses\/#breadcrumb"},"inLanguage":"fr-FR","potentialAction":[{"@type":"ReadAction","target":["https:\/\/www.altair-srl.com\/fr\/prodotto\/type-v-tub-cartouches-a-sacs-plisses\/"]}]},{"@type":"ImageObject","inLanguage":"fr-FR","@id":"https:\/\/www.altair-srl.com\/fr\/prodotto\/type-v-tub-cartouches-a-sacs-plisses\/#primaryimage","url":"https:\/\/www.altair-srl.com\/wp-content\/uploads\/2022\/12\/AMP9133.jpg","contentUrl":"https:\/\/www.altair-srl.com\/wp-content\/uploads\/2022\/12\/AMP9133.jpg","width":1280,"height":1920},{"@type":"BreadcrumbList","@id":"https:\/\/www.altair-srl.com\/fr\/prodotto\/type-v-tub-cartouches-a-sacs-plisses\/#breadcrumb","itemListElement":[{"@type":"ListItem","position":1,"name":"Home","item":"https:\/\/www.altair-srl.com\/fr\/"},{"@type":"ListItem","position":2,"name":"Shop","item":"https:\/\/www.altair-srl.com\/negozio\/"},{"@type":"ListItem","position":3,"name":"Type V-TUB &#8211; Cartouches \u00e0 sacs pliss\u00e9s"}]},{"@type":"WebSite","@id":"https:\/\/www.altair-srl.com\/fr\/#website","url":"https:\/\/www.altair-srl.com\/fr\/","name":"Altair S.r.l.","description":"Produzione sistemi di filtrazione e depurazione dell\u2019aria","publisher":{"@id":"https:\/\/www.altair-srl.com\/fr\/#organization"},"potentialAction":[{"@type":"SearchAction","target":{"@type":"EntryPoint","urlTemplate":"https:\/\/www.altair-srl.com\/fr\/?s={search_term_string}"},"query-input":{"@type":"PropertyValueSpecification","valueRequired":true,"valueName":"search_term_string"}}],"inLanguage":"fr-FR"},{"@type":"Organization","@id":"https:\/\/www.altair-srl.com\/fr\/#organization","name":"Altair S.r.l.","url":"https:\/\/www.altair-srl.com\/fr\/","logo":{"@type":"ImageObject","inLanguage":"fr-FR","@id":"https:\/\/www.altair-srl.com\/fr\/#\/schema\/logo\/image\/","url":"https:\/\/www.altair-srl.com\/wp-content\/uploads\/2022\/06\/logo.png","contentUrl":"https:\/\/www.altair-srl.com\/wp-content\/uploads\/2022\/06\/logo.png","width":400,"height":184,"caption":"Altair S.r.l."},"image":{"@id":"https:\/\/www.altair-srl.com\/fr\/#\/schema\/logo\/image\/"}}]}},"_links":{"self":[{"href":"https:\/\/www.altair-srl.com\/fr\/wp-json\/wp\/v2\/product\/5211","targetHints":{"allow":["GET"]}}],"collection":[{"href":"https:\/\/www.altair-srl.com\/fr\/wp-json\/wp\/v2\/product"}],"about":[{"href":"https:\/\/www.altair-srl.com\/fr\/wp-json\/wp\/v2\/types\/product"}],"wp:featuredmedia":[{"embeddable":true,"href":"https:\/\/www.altair-srl.com\/fr\/wp-json\/wp\/v2\/media\/3359"}],"wp:attachment":[{"href":"https:\/\/www.altair-srl.com\/fr\/wp-json\/wp\/v2\/media?parent=5211"}],"wp:term":[{"taxonomy":"product_brand","embeddable":true,"href":"https:\/\/www.altair-srl.com\/fr\/wp-json\/wp\/v2\/product_brand?post=5211"},{"taxonomy":"product_cat","embeddable":true,"href":"https:\/\/www.altair-srl.com\/fr\/wp-json\/wp\/v2\/product_cat?post=5211"},{"taxonomy":"product_tag","embeddable":true,"href":"https:\/\/www.altair-srl.com\/fr\/wp-json\/wp\/v2\/product_tag?post=5211"}],"curies":[{"name":"wp","href":"https:\/\/api.w.org\/{rel}","templated":true}]}}