{"id":3862,"date":"2023-02-01T09:58:59","date_gmt":"2023-02-01T09:58:59","guid":{"rendered":"https:\/\/www.altair-srl.com\/prodotto\/manchons-versions-speciales-sur-demande\/"},"modified":"2023-11-27T13:04:25","modified_gmt":"2023-11-27T13:04:25","slug":"variante-de-manchon-avec-fond-renforce-type-x","status":"publish","type":"product","link":"https:\/\/www.altair-srl.com\/fr\/prodotto\/variante-de-manchon-avec-fond-renforce-type-x\/","title":{"rendered":"Variante de manchon avec fond renforc\u00e9 &#8211; Type X"},"content":{"rendered":"<p>Les manchons sont des \u00e9l\u00e9ments, g\u00e9n\u00e9ralement tubulaires, qui servent \u00e0 la filtration des poussi\u00e8res dans diverses industries. Ils se caract\u00e9risent par leur grande r\u00e9sistance, leur longue dur\u00e9e de vie et leur capacit\u00e9 de filtration \u00e9lev\u00e9e pour les poussi\u00e8res fines et grossi\u00e8res. Elles sont faciles \u00e0 utiliser et \u00e0 assembler. Ils peuvent avoir diff\u00e9rents diam\u00e8tres, longueurs et types de fixation.<\/p>\n","protected":false},"excerpt":{"rendered":"<p><strong>TYPE DE FIXATION TH<\/strong><\/p>\n","protected":false},"featured_media":3639,"template":"","meta":[],"product_brand":[],"product_cat":[82],"product_tag":[],"class_list":{"0":"post-3862","1":"product","2":"type-product","3":"status-publish","4":"has-post-thumbnail","6":"product_cat-manches-et-poches","8":"first","9":"instock","10":"shipping-taxable","11":"product-type-simple"},"yoast_head":"<!-- This site is optimized with the Yoast SEO plugin v27.0 - https:\/\/yoast.com\/product\/yoast-seo-wordpress\/ -->\n<title>Variante de manchon avec fond renforc\u00e9 - Type X | Altair S.r.l.<\/title>\n<meta name=\"robots\" content=\"index, follow, max-snippet:-1, max-image-preview:large, max-video-preview:-1\" \/>\n<link rel=\"canonical\" href=\"https:\/\/www.altair-srl.com\/fr\/prodotto\/variante-de-manchon-avec-fond-renforce-type-x\/\" \/>\n<meta property=\"og:locale\" content=\"fr_FR\" \/>\n<meta property=\"og:type\" content=\"article\" \/>\n<meta property=\"og:title\" content=\"Variante de manchon avec fond renforc\u00e9 - Type X | Altair S.r.l.\" \/>\n<meta property=\"og:description\" content=\"TYPE DE FIXATION TH\" \/>\n<meta property=\"og:url\" content=\"https:\/\/www.altair-srl.com\/fr\/prodotto\/variante-de-manchon-avec-fond-renforce-type-x\/\" \/>\n<meta property=\"og:site_name\" content=\"Altair S.r.l.\" \/>\n<meta property=\"article:modified_time\" content=\"2023-11-27T13:04:25+00:00\" \/>\n<meta property=\"og:image\" content=\"https:\/\/www.altair-srl.com\/wp-content\/uploads\/2023\/02\/AX-rinforzo-1.jpg\" \/>\n\t<meta property=\"og:image:width\" content=\"1280\" \/>\n\t<meta property=\"og:image:height\" content=\"1920\" \/>\n\t<meta property=\"og:image:type\" content=\"image\/jpeg\" \/>\n<meta name=\"twitter:card\" content=\"summary_large_image\" \/>\n<script type=\"application\/ld+json\" class=\"yoast-schema-graph\">{\"@context\":\"https:\/\/schema.org\",\"@graph\":[{\"@type\":\"WebPage\",\"@id\":\"https:\/\/www.altair-srl.com\/fr\/prodotto\/variante-de-manchon-avec-fond-renforce-type-x\/\",\"url\":\"https:\/\/www.altair-srl.com\/fr\/prodotto\/variante-de-manchon-avec-fond-renforce-type-x\/\",\"name\":\"Variante de manchon avec fond renforc\u00e9 - Type X | Altair S.r.l.\",\"isPartOf\":{\"@id\":\"https:\/\/www.altair-srl.com\/fr\/#website\"},\"primaryImageOfPage\":{\"@id\":\"https:\/\/www.altair-srl.com\/fr\/prodotto\/variante-de-manchon-avec-fond-renforce-type-x\/#primaryimage\"},\"image\":{\"@id\":\"https:\/\/www.altair-srl.com\/fr\/prodotto\/variante-de-manchon-avec-fond-renforce-type-x\/#primaryimage\"},\"thumbnailUrl\":\"https:\/\/www.altair-srl.com\/wp-content\/uploads\/2023\/02\/AX-rinforzo-1.jpg\",\"datePublished\":\"2023-02-01T09:58:59+00:00\",\"dateModified\":\"2023-11-27T13:04:25+00:00\",\"breadcrumb\":{\"@id\":\"https:\/\/www.altair-srl.com\/fr\/prodotto\/variante-de-manchon-avec-fond-renforce-type-x\/#breadcrumb\"},\"inLanguage\":\"fr-FR\",\"potentialAction\":[{\"@type\":\"ReadAction\",\"target\":[\"https:\/\/www.altair-srl.com\/fr\/prodotto\/variante-de-manchon-avec-fond-renforce-type-x\/\"]}]},{\"@type\":\"ImageObject\",\"inLanguage\":\"fr-FR\",\"@id\":\"https:\/\/www.altair-srl.com\/fr\/prodotto\/variante-de-manchon-avec-fond-renforce-type-x\/#primaryimage\",\"url\":\"https:\/\/www.altair-srl.com\/wp-content\/uploads\/2023\/02\/AX-rinforzo-1.jpg\",\"contentUrl\":\"https:\/\/www.altair-srl.com\/wp-content\/uploads\/2023\/02\/AX-rinforzo-1.jpg\",\"width\":1280,\"height\":1920},{\"@type\":\"BreadcrumbList\",\"@id\":\"https:\/\/www.altair-srl.com\/fr\/prodotto\/variante-de-manchon-avec-fond-renforce-type-x\/#breadcrumb\",\"itemListElement\":[{\"@type\":\"ListItem\",\"position\":1,\"name\":\"Home\",\"item\":\"https:\/\/www.altair-srl.com\/fr\/\"},{\"@type\":\"ListItem\",\"position\":2,\"name\":\"Shop\",\"item\":\"https:\/\/www.altair-srl.com\/negozio\/\"},{\"@type\":\"ListItem\",\"position\":3,\"name\":\"Variante de manchon avec fond renforc\u00e9 &#8211; Type X\"}]},{\"@type\":\"WebSite\",\"@id\":\"https:\/\/www.altair-srl.com\/fr\/#website\",\"url\":\"https:\/\/www.altair-srl.com\/fr\/\",\"name\":\"Altair S.r.l.\",\"description\":\"Produzione sistemi di filtrazione e depurazione dell\u2019aria\",\"publisher\":{\"@id\":\"https:\/\/www.altair-srl.com\/fr\/#organization\"},\"potentialAction\":[{\"@type\":\"SearchAction\",\"target\":{\"@type\":\"EntryPoint\",\"urlTemplate\":\"https:\/\/www.altair-srl.com\/fr\/?s={search_term_string}\"},\"query-input\":{\"@type\":\"PropertyValueSpecification\",\"valueRequired\":true,\"valueName\":\"search_term_string\"}}],\"inLanguage\":\"fr-FR\"},{\"@type\":\"Organization\",\"@id\":\"https:\/\/www.altair-srl.com\/fr\/#organization\",\"name\":\"Altair S.r.l.\",\"url\":\"https:\/\/www.altair-srl.com\/fr\/\",\"logo\":{\"@type\":\"ImageObject\",\"inLanguage\":\"fr-FR\",\"@id\":\"https:\/\/www.altair-srl.com\/fr\/#\/schema\/logo\/image\/\",\"url\":\"https:\/\/www.altair-srl.com\/wp-content\/uploads\/2022\/06\/logo.png\",\"contentUrl\":\"https:\/\/www.altair-srl.com\/wp-content\/uploads\/2022\/06\/logo.png\",\"width\":400,\"height\":184,\"caption\":\"Altair S.r.l.\"},\"image\":{\"@id\":\"https:\/\/www.altair-srl.com\/fr\/#\/schema\/logo\/image\/\"}}]}<\/script>\n<!-- \/ Yoast SEO plugin. -->","yoast_head_json":{"title":"Variante de manchon avec fond renforc\u00e9 - Type X | Altair S.r.l.","robots":{"index":"index","follow":"follow","max-snippet":"max-snippet:-1","max-image-preview":"max-image-preview:large","max-video-preview":"max-video-preview:-1"},"canonical":"https:\/\/www.altair-srl.com\/fr\/prodotto\/variante-de-manchon-avec-fond-renforce-type-x\/","og_locale":"fr_FR","og_type":"article","og_title":"Variante de manchon avec fond renforc\u00e9 - Type X | Altair S.r.l.","og_description":"TYPE DE FIXATION TH","og_url":"https:\/\/www.altair-srl.com\/fr\/prodotto\/variante-de-manchon-avec-fond-renforce-type-x\/","og_site_name":"Altair S.r.l.","article_modified_time":"2023-11-27T13:04:25+00:00","og_image":[{"width":1280,"height":1920,"url":"https:\/\/www.altair-srl.com\/wp-content\/uploads\/2023\/02\/AX-rinforzo-1.jpg","type":"image\/jpeg"}],"twitter_card":"summary_large_image","schema":{"@context":"https:\/\/schema.org","@graph":[{"@type":"WebPage","@id":"https:\/\/www.altair-srl.com\/fr\/prodotto\/variante-de-manchon-avec-fond-renforce-type-x\/","url":"https:\/\/www.altair-srl.com\/fr\/prodotto\/variante-de-manchon-avec-fond-renforce-type-x\/","name":"Variante de manchon avec fond renforc\u00e9 - Type X | Altair S.r.l.","isPartOf":{"@id":"https:\/\/www.altair-srl.com\/fr\/#website"},"primaryImageOfPage":{"@id":"https:\/\/www.altair-srl.com\/fr\/prodotto\/variante-de-manchon-avec-fond-renforce-type-x\/#primaryimage"},"image":{"@id":"https:\/\/www.altair-srl.com\/fr\/prodotto\/variante-de-manchon-avec-fond-renforce-type-x\/#primaryimage"},"thumbnailUrl":"https:\/\/www.altair-srl.com\/wp-content\/uploads\/2023\/02\/AX-rinforzo-1.jpg","datePublished":"2023-02-01T09:58:59+00:00","dateModified":"2023-11-27T13:04:25+00:00","breadcrumb":{"@id":"https:\/\/www.altair-srl.com\/fr\/prodotto\/variante-de-manchon-avec-fond-renforce-type-x\/#breadcrumb"},"inLanguage":"fr-FR","potentialAction":[{"@type":"ReadAction","target":["https:\/\/www.altair-srl.com\/fr\/prodotto\/variante-de-manchon-avec-fond-renforce-type-x\/"]}]},{"@type":"ImageObject","inLanguage":"fr-FR","@id":"https:\/\/www.altair-srl.com\/fr\/prodotto\/variante-de-manchon-avec-fond-renforce-type-x\/#primaryimage","url":"https:\/\/www.altair-srl.com\/wp-content\/uploads\/2023\/02\/AX-rinforzo-1.jpg","contentUrl":"https:\/\/www.altair-srl.com\/wp-content\/uploads\/2023\/02\/AX-rinforzo-1.jpg","width":1280,"height":1920},{"@type":"BreadcrumbList","@id":"https:\/\/www.altair-srl.com\/fr\/prodotto\/variante-de-manchon-avec-fond-renforce-type-x\/#breadcrumb","itemListElement":[{"@type":"ListItem","position":1,"name":"Home","item":"https:\/\/www.altair-srl.com\/fr\/"},{"@type":"ListItem","position":2,"name":"Shop","item":"https:\/\/www.altair-srl.com\/negozio\/"},{"@type":"ListItem","position":3,"name":"Variante de manchon avec fond renforc\u00e9 &#8211; Type X"}]},{"@type":"WebSite","@id":"https:\/\/www.altair-srl.com\/fr\/#website","url":"https:\/\/www.altair-srl.com\/fr\/","name":"Altair S.r.l.","description":"Produzione sistemi di filtrazione e depurazione dell\u2019aria","publisher":{"@id":"https:\/\/www.altair-srl.com\/fr\/#organization"},"potentialAction":[{"@type":"SearchAction","target":{"@type":"EntryPoint","urlTemplate":"https:\/\/www.altair-srl.com\/fr\/?s={search_term_string}"},"query-input":{"@type":"PropertyValueSpecification","valueRequired":true,"valueName":"search_term_string"}}],"inLanguage":"fr-FR"},{"@type":"Organization","@id":"https:\/\/www.altair-srl.com\/fr\/#organization","name":"Altair S.r.l.","url":"https:\/\/www.altair-srl.com\/fr\/","logo":{"@type":"ImageObject","inLanguage":"fr-FR","@id":"https:\/\/www.altair-srl.com\/fr\/#\/schema\/logo\/image\/","url":"https:\/\/www.altair-srl.com\/wp-content\/uploads\/2022\/06\/logo.png","contentUrl":"https:\/\/www.altair-srl.com\/wp-content\/uploads\/2022\/06\/logo.png","width":400,"height":184,"caption":"Altair S.r.l."},"image":{"@id":"https:\/\/www.altair-srl.com\/fr\/#\/schema\/logo\/image\/"}}]}},"_links":{"self":[{"href":"https:\/\/www.altair-srl.com\/fr\/wp-json\/wp\/v2\/product\/3862","targetHints":{"allow":["GET"]}}],"collection":[{"href":"https:\/\/www.altair-srl.com\/fr\/wp-json\/wp\/v2\/product"}],"about":[{"href":"https:\/\/www.altair-srl.com\/fr\/wp-json\/wp\/v2\/types\/product"}],"wp:featuredmedia":[{"embeddable":true,"href":"https:\/\/www.altair-srl.com\/fr\/wp-json\/wp\/v2\/media\/3639"}],"wp:attachment":[{"href":"https:\/\/www.altair-srl.com\/fr\/wp-json\/wp\/v2\/media?parent=3862"}],"wp:term":[{"taxonomy":"product_brand","embeddable":true,"href":"https:\/\/www.altair-srl.com\/fr\/wp-json\/wp\/v2\/product_brand?post=3862"},{"taxonomy":"product_cat","embeddable":true,"href":"https:\/\/www.altair-srl.com\/fr\/wp-json\/wp\/v2\/product_cat?post=3862"},{"taxonomy":"product_tag","embeddable":true,"href":"https:\/\/www.altair-srl.com\/fr\/wp-json\/wp\/v2\/product_tag?post=3862"}],"curies":[{"name":"wp","href":"https:\/\/api.w.org\/{rel}","templated":true}]}}