{"id":3860,"date":"2023-02-09T16:43:52","date_gmt":"2023-02-09T16:43:52","guid":{"rendered":"https:\/\/www.altair-srl.com\/prodotto\/sequenceurs-sans-controle-de-sequence-%ce%b4p-serie-pn-2-12-serie-gf-4-32\/"},"modified":"2024-04-05T07:56:06","modified_gmt":"2024-04-05T07:56:06","slug":"%e2%88%86p-metres-bmq-6-12-sf-4-16-sf-16-90","status":"publish","type":"product","link":"https:\/\/www.altair-srl.com\/fr\/prodotto\/%e2%88%86p-metres-bmq-6-12-sf-4-16-sf-16-90\/","title":{"rendered":"\u00c9conomiseurs \u2206p : BMQ 6-12, SF 4-16, SF 16-90"},"content":{"rendered":"<p>Les appareils de la s\u00e9rie EC sont des manom\u00e8tres num\u00e9riques adapt\u00e9s \u00e0 la mesure de la pression diff\u00e9rentielle de m\u00e9langes gazeux tels que l&rsquo;air ou d&rsquo;autres gaz non corrosifs. Ils sont \u00e9quip\u00e9s d&rsquo;un transducteur qui permet une analyse pr\u00e9cise de l&rsquo;\u00e9tat de colmatage des filtres \u00e0 air.<\/p>\n","protected":false},"excerpt":{"rendered":"<p><strong>Entr\u00e9e\/sortie 24 VCC Sortie 24 VCC<\/strong><\/p>\n","protected":false},"featured_media":5651,"template":"","meta":[],"product_brand":[],"product_cat":[83],"product_tag":[],"class_list":{"0":"post-3860","1":"product","2":"type-product","3":"status-publish","4":"has-post-thumbnail","6":"product_cat-instruments-de-controle-electroniques","8":"first","9":"instock","10":"shipping-taxable","11":"product-type-simple"},"yoast_head":"<!-- This site is optimized with the Yoast SEO plugin v27.0 - https:\/\/yoast.com\/product\/yoast-seo-wordpress\/ -->\n<title>\u00c9conomiseurs \u2206p : BMQ 6-12, SF 4-16, SF 16-90 | Altair S.r.l.<\/title>\n<meta name=\"robots\" content=\"index, follow, max-snippet:-1, max-image-preview:large, max-video-preview:-1\" \/>\n<link rel=\"canonical\" href=\"https:\/\/www.altair-srl.com\/fr\/prodotto\/%e2%88%86p-metres-bmq-6-12-sf-4-16-sf-16-90\/\" \/>\n<meta property=\"og:locale\" content=\"fr_FR\" \/>\n<meta property=\"og:type\" content=\"article\" \/>\n<meta property=\"og:title\" content=\"\u00c9conomiseurs \u2206p : BMQ 6-12, SF 4-16, SF 16-90 | Altair S.r.l.\" \/>\n<meta property=\"og:description\" content=\"Entr\u00e9e\/sortie 24 VCC Sortie 24 VCC\" \/>\n<meta property=\"og:url\" content=\"https:\/\/www.altair-srl.com\/fr\/prodotto\/%e2%88%86p-metres-bmq-6-12-sf-4-16-sf-16-90\/\" \/>\n<meta property=\"og:site_name\" content=\"Altair S.r.l.\" \/>\n<meta property=\"article:modified_time\" content=\"2024-04-05T07:56:06+00:00\" \/>\n<meta property=\"og:image\" content=\"https:\/\/www.altair-srl.com\/wp-content\/uploads\/2023\/02\/strumenti-elettronici-di-controllo-12-scaled.jpg\" \/>\n\t<meta property=\"og:image:width\" content=\"2560\" \/>\n\t<meta property=\"og:image:height\" content=\"2076\" \/>\n\t<meta property=\"og:image:type\" content=\"image\/jpeg\" \/>\n<meta name=\"twitter:card\" content=\"summary_large_image\" \/>\n<script type=\"application\/ld+json\" class=\"yoast-schema-graph\">{\"@context\":\"https:\/\/schema.org\",\"@graph\":[{\"@type\":\"WebPage\",\"@id\":\"https:\/\/www.altair-srl.com\/fr\/prodotto\/%e2%88%86p-metres-bmq-6-12-sf-4-16-sf-16-90\/\",\"url\":\"https:\/\/www.altair-srl.com\/fr\/prodotto\/%e2%88%86p-metres-bmq-6-12-sf-4-16-sf-16-90\/\",\"name\":\"\u00c9conomiseurs \u2206p : BMQ 6-12, SF 4-16, SF 16-90 | Altair S.r.l.\",\"isPartOf\":{\"@id\":\"https:\/\/www.altair-srl.com\/fr\/#website\"},\"primaryImageOfPage\":{\"@id\":\"https:\/\/www.altair-srl.com\/fr\/prodotto\/%e2%88%86p-metres-bmq-6-12-sf-4-16-sf-16-90\/#primaryimage\"},\"image\":{\"@id\":\"https:\/\/www.altair-srl.com\/fr\/prodotto\/%e2%88%86p-metres-bmq-6-12-sf-4-16-sf-16-90\/#primaryimage\"},\"thumbnailUrl\":\"https:\/\/www.altair-srl.com\/wp-content\/uploads\/2023\/02\/strumenti-elettronici-di-controllo-12-scaled.jpg\",\"datePublished\":\"2023-02-09T16:43:52+00:00\",\"dateModified\":\"2024-04-05T07:56:06+00:00\",\"breadcrumb\":{\"@id\":\"https:\/\/www.altair-srl.com\/fr\/prodotto\/%e2%88%86p-metres-bmq-6-12-sf-4-16-sf-16-90\/#breadcrumb\"},\"inLanguage\":\"fr-FR\",\"potentialAction\":[{\"@type\":\"ReadAction\",\"target\":[\"https:\/\/www.altair-srl.com\/fr\/prodotto\/%e2%88%86p-metres-bmq-6-12-sf-4-16-sf-16-90\/\"]}]},{\"@type\":\"ImageObject\",\"inLanguage\":\"fr-FR\",\"@id\":\"https:\/\/www.altair-srl.com\/fr\/prodotto\/%e2%88%86p-metres-bmq-6-12-sf-4-16-sf-16-90\/#primaryimage\",\"url\":\"https:\/\/www.altair-srl.com\/wp-content\/uploads\/2023\/02\/strumenti-elettronici-di-controllo-12-scaled.jpg\",\"contentUrl\":\"https:\/\/www.altair-srl.com\/wp-content\/uploads\/2023\/02\/strumenti-elettronici-di-controllo-12-scaled.jpg\",\"width\":2560,\"height\":2076},{\"@type\":\"BreadcrumbList\",\"@id\":\"https:\/\/www.altair-srl.com\/fr\/prodotto\/%e2%88%86p-metres-bmq-6-12-sf-4-16-sf-16-90\/#breadcrumb\",\"itemListElement\":[{\"@type\":\"ListItem\",\"position\":1,\"name\":\"Home\",\"item\":\"https:\/\/www.altair-srl.com\/fr\/\"},{\"@type\":\"ListItem\",\"position\":2,\"name\":\"Shop\",\"item\":\"https:\/\/www.altair-srl.com\/negozio\/\"},{\"@type\":\"ListItem\",\"position\":3,\"name\":\"\u00c9conomiseurs \u2206p : BMQ 6-12, SF 4-16, SF 16-90\"}]},{\"@type\":\"WebSite\",\"@id\":\"https:\/\/www.altair-srl.com\/fr\/#website\",\"url\":\"https:\/\/www.altair-srl.com\/fr\/\",\"name\":\"Altair S.r.l.\",\"description\":\"Produzione sistemi di filtrazione e depurazione dell\u2019aria\",\"publisher\":{\"@id\":\"https:\/\/www.altair-srl.com\/fr\/#organization\"},\"potentialAction\":[{\"@type\":\"SearchAction\",\"target\":{\"@type\":\"EntryPoint\",\"urlTemplate\":\"https:\/\/www.altair-srl.com\/fr\/?s={search_term_string}\"},\"query-input\":{\"@type\":\"PropertyValueSpecification\",\"valueRequired\":true,\"valueName\":\"search_term_string\"}}],\"inLanguage\":\"fr-FR\"},{\"@type\":\"Organization\",\"@id\":\"https:\/\/www.altair-srl.com\/fr\/#organization\",\"name\":\"Altair S.r.l.\",\"url\":\"https:\/\/www.altair-srl.com\/fr\/\",\"logo\":{\"@type\":\"ImageObject\",\"inLanguage\":\"fr-FR\",\"@id\":\"https:\/\/www.altair-srl.com\/fr\/#\/schema\/logo\/image\/\",\"url\":\"https:\/\/www.altair-srl.com\/wp-content\/uploads\/2022\/06\/logo.png\",\"contentUrl\":\"https:\/\/www.altair-srl.com\/wp-content\/uploads\/2022\/06\/logo.png\",\"width\":400,\"height\":184,\"caption\":\"Altair S.r.l.\"},\"image\":{\"@id\":\"https:\/\/www.altair-srl.com\/fr\/#\/schema\/logo\/image\/\"}}]}<\/script>\n<!-- \/ Yoast SEO plugin. -->","yoast_head_json":{"title":"\u00c9conomiseurs \u2206p : BMQ 6-12, SF 4-16, SF 16-90 | Altair S.r.l.","robots":{"index":"index","follow":"follow","max-snippet":"max-snippet:-1","max-image-preview":"max-image-preview:large","max-video-preview":"max-video-preview:-1"},"canonical":"https:\/\/www.altair-srl.com\/fr\/prodotto\/%e2%88%86p-metres-bmq-6-12-sf-4-16-sf-16-90\/","og_locale":"fr_FR","og_type":"article","og_title":"\u00c9conomiseurs \u2206p : BMQ 6-12, SF 4-16, SF 16-90 | Altair S.r.l.","og_description":"Entr\u00e9e\/sortie 24 VCC Sortie 24 VCC","og_url":"https:\/\/www.altair-srl.com\/fr\/prodotto\/%e2%88%86p-metres-bmq-6-12-sf-4-16-sf-16-90\/","og_site_name":"Altair S.r.l.","article_modified_time":"2024-04-05T07:56:06+00:00","og_image":[{"width":2560,"height":2076,"url":"https:\/\/www.altair-srl.com\/wp-content\/uploads\/2023\/02\/strumenti-elettronici-di-controllo-12-scaled.jpg","type":"image\/jpeg"}],"twitter_card":"summary_large_image","schema":{"@context":"https:\/\/schema.org","@graph":[{"@type":"WebPage","@id":"https:\/\/www.altair-srl.com\/fr\/prodotto\/%e2%88%86p-metres-bmq-6-12-sf-4-16-sf-16-90\/","url":"https:\/\/www.altair-srl.com\/fr\/prodotto\/%e2%88%86p-metres-bmq-6-12-sf-4-16-sf-16-90\/","name":"\u00c9conomiseurs \u2206p : BMQ 6-12, SF 4-16, SF 16-90 | Altair S.r.l.","isPartOf":{"@id":"https:\/\/www.altair-srl.com\/fr\/#website"},"primaryImageOfPage":{"@id":"https:\/\/www.altair-srl.com\/fr\/prodotto\/%e2%88%86p-metres-bmq-6-12-sf-4-16-sf-16-90\/#primaryimage"},"image":{"@id":"https:\/\/www.altair-srl.com\/fr\/prodotto\/%e2%88%86p-metres-bmq-6-12-sf-4-16-sf-16-90\/#primaryimage"},"thumbnailUrl":"https:\/\/www.altair-srl.com\/wp-content\/uploads\/2023\/02\/strumenti-elettronici-di-controllo-12-scaled.jpg","datePublished":"2023-02-09T16:43:52+00:00","dateModified":"2024-04-05T07:56:06+00:00","breadcrumb":{"@id":"https:\/\/www.altair-srl.com\/fr\/prodotto\/%e2%88%86p-metres-bmq-6-12-sf-4-16-sf-16-90\/#breadcrumb"},"inLanguage":"fr-FR","potentialAction":[{"@type":"ReadAction","target":["https:\/\/www.altair-srl.com\/fr\/prodotto\/%e2%88%86p-metres-bmq-6-12-sf-4-16-sf-16-90\/"]}]},{"@type":"ImageObject","inLanguage":"fr-FR","@id":"https:\/\/www.altair-srl.com\/fr\/prodotto\/%e2%88%86p-metres-bmq-6-12-sf-4-16-sf-16-90\/#primaryimage","url":"https:\/\/www.altair-srl.com\/wp-content\/uploads\/2023\/02\/strumenti-elettronici-di-controllo-12-scaled.jpg","contentUrl":"https:\/\/www.altair-srl.com\/wp-content\/uploads\/2023\/02\/strumenti-elettronici-di-controllo-12-scaled.jpg","width":2560,"height":2076},{"@type":"BreadcrumbList","@id":"https:\/\/www.altair-srl.com\/fr\/prodotto\/%e2%88%86p-metres-bmq-6-12-sf-4-16-sf-16-90\/#breadcrumb","itemListElement":[{"@type":"ListItem","position":1,"name":"Home","item":"https:\/\/www.altair-srl.com\/fr\/"},{"@type":"ListItem","position":2,"name":"Shop","item":"https:\/\/www.altair-srl.com\/negozio\/"},{"@type":"ListItem","position":3,"name":"\u00c9conomiseurs \u2206p : BMQ 6-12, SF 4-16, SF 16-90"}]},{"@type":"WebSite","@id":"https:\/\/www.altair-srl.com\/fr\/#website","url":"https:\/\/www.altair-srl.com\/fr\/","name":"Altair S.r.l.","description":"Produzione sistemi di filtrazione e depurazione dell\u2019aria","publisher":{"@id":"https:\/\/www.altair-srl.com\/fr\/#organization"},"potentialAction":[{"@type":"SearchAction","target":{"@type":"EntryPoint","urlTemplate":"https:\/\/www.altair-srl.com\/fr\/?s={search_term_string}"},"query-input":{"@type":"PropertyValueSpecification","valueRequired":true,"valueName":"search_term_string"}}],"inLanguage":"fr-FR"},{"@type":"Organization","@id":"https:\/\/www.altair-srl.com\/fr\/#organization","name":"Altair S.r.l.","url":"https:\/\/www.altair-srl.com\/fr\/","logo":{"@type":"ImageObject","inLanguage":"fr-FR","@id":"https:\/\/www.altair-srl.com\/fr\/#\/schema\/logo\/image\/","url":"https:\/\/www.altair-srl.com\/wp-content\/uploads\/2022\/06\/logo.png","contentUrl":"https:\/\/www.altair-srl.com\/wp-content\/uploads\/2022\/06\/logo.png","width":400,"height":184,"caption":"Altair S.r.l."},"image":{"@id":"https:\/\/www.altair-srl.com\/fr\/#\/schema\/logo\/image\/"}}]}},"_links":{"self":[{"href":"https:\/\/www.altair-srl.com\/fr\/wp-json\/wp\/v2\/product\/3860","targetHints":{"allow":["GET"]}}],"collection":[{"href":"https:\/\/www.altair-srl.com\/fr\/wp-json\/wp\/v2\/product"}],"about":[{"href":"https:\/\/www.altair-srl.com\/fr\/wp-json\/wp\/v2\/types\/product"}],"wp:featuredmedia":[{"embeddable":true,"href":"https:\/\/www.altair-srl.com\/fr\/wp-json\/wp\/v2\/media\/5651"}],"wp:attachment":[{"href":"https:\/\/www.altair-srl.com\/fr\/wp-json\/wp\/v2\/media?parent=3860"}],"wp:term":[{"taxonomy":"product_brand","embeddable":true,"href":"https:\/\/www.altair-srl.com\/fr\/wp-json\/wp\/v2\/product_brand?post=3860"},{"taxonomy":"product_cat","embeddable":true,"href":"https:\/\/www.altair-srl.com\/fr\/wp-json\/wp\/v2\/product_cat?post=3860"},{"taxonomy":"product_tag","embeddable":true,"href":"https:\/\/www.altair-srl.com\/fr\/wp-json\/wp\/v2\/product_tag?post=3860"}],"curies":[{"name":"wp","href":"https:\/\/api.w.org\/{rel}","templated":true}]}}