{"id":3854,"date":"2022-12-15T15:15:41","date_gmt":"2022-12-15T15:15:41","guid":{"rendered":"https:\/\/www.altair-srl.com\/prodotto\/cartouches-speciales-absolues\/"},"modified":"2023-12-05T11:12:34","modified_gmt":"2023-12-05T11:12:34","slug":"cartucce-per-filtrazioni-assolute","status":"publish","type":"product","link":"https:\/\/www.altair-srl.com\/fr\/prodotto\/cartucce-per-filtrazioni-assolute\/","title":{"rendered":"Cartouches filtrantes absolues"},"content":{"rendered":"<p>Les \u00e9l\u00e9ments filtrants absolus HEPA d&rsquo;Altair sont utilis\u00e9s pour la filtration fine absolue de l&rsquo;air entrant, en post-filtration primaire et pour la recirculation dans les syst\u00e8mes de ventilation.<\/p>\n<p>Altair est sp\u00e9cialis\u00e9 dans la fabrication d&rsquo;\u00e9l\u00e9ments filtrants absolus utilis\u00e9s dans de nombreux proc\u00e9d\u00e9s industriels tels que la micro\u00e9lectronique, l&rsquo;industrie alimentaire, l&rsquo;industrie optique, l&rsquo;industrie pharmaceutique, l&rsquo;industrie chimique, etc.<\/p>\n<p>Les filtres absolus Hepa d&rsquo;Altair permettent \u00e9galement de filtrer des substances dangereuses et hautement toxiques telles que l&rsquo;amiante, l&rsquo;arsenic, le plomb, les particules radioactives, etc.<\/p>\n","protected":false},"excerpt":{"rendered":"<p><strong>Filtres absolus Hepa<\/strong><\/p>\n","protected":false},"featured_media":2891,"template":"","meta":[],"product_brand":[],"product_cat":[81],"product_tag":[],"class_list":{"0":"post-3854","1":"product","2":"type-product","3":"status-publish","4":"has-post-thumbnail","6":"product_cat-cartouches-et-panneaux","8":"first","9":"instock","10":"shipping-taxable","11":"product-type-simple"},"yoast_head":"<!-- This site is optimized with the Yoast SEO plugin v27.4 - https:\/\/yoast.com\/product\/yoast-seo-wordpress\/ -->\n<title>Cartouches filtrantes absolues | Altair S.r.l.<\/title>\n<meta name=\"robots\" content=\"index, follow, max-snippet:-1, max-image-preview:large, max-video-preview:-1\" \/>\n<link rel=\"canonical\" href=\"https:\/\/www.altair-srl.com\/fr\/prodotto\/cartucce-per-filtrazioni-assolute\/\" \/>\n<meta property=\"og:locale\" content=\"fr_FR\" \/>\n<meta property=\"og:type\" content=\"article\" \/>\n<meta property=\"og:title\" content=\"Cartouches filtrantes absolues | Altair S.r.l.\" \/>\n<meta property=\"og:description\" content=\"Filtres absolus Hepa\" \/>\n<meta property=\"og:url\" content=\"https:\/\/www.altair-srl.com\/fr\/prodotto\/cartucce-per-filtrazioni-assolute\/\" \/>\n<meta property=\"og:site_name\" content=\"Altair S.r.l.\" \/>\n<meta property=\"article:modified_time\" content=\"2023-12-05T11:12:34+00:00\" \/>\n<meta property=\"og:image\" content=\"https:\/\/www.altair-srl.com\/wp-content\/uploads\/2022\/12\/AMP9068-2.jpg\" \/>\n\t<meta property=\"og:image:width\" content=\"1280\" \/>\n\t<meta property=\"og:image:height\" content=\"1920\" \/>\n\t<meta property=\"og:image:type\" content=\"image\/jpeg\" \/>\n<meta name=\"twitter:card\" content=\"summary_large_image\" \/>\n<script type=\"application\/ld+json\" class=\"yoast-schema-graph\">{\"@context\":\"https:\\\/\\\/schema.org\",\"@graph\":[{\"@type\":\"WebPage\",\"@id\":\"https:\\\/\\\/www.altair-srl.com\\\/fr\\\/prodotto\\\/cartucce-per-filtrazioni-assolute\\\/\",\"url\":\"https:\\\/\\\/www.altair-srl.com\\\/fr\\\/prodotto\\\/cartucce-per-filtrazioni-assolute\\\/\",\"name\":\"Cartouches filtrantes absolues | Altair S.r.l.\",\"isPartOf\":{\"@id\":\"https:\\\/\\\/www.altair-srl.com\\\/fr\\\/#website\"},\"primaryImageOfPage\":{\"@id\":\"https:\\\/\\\/www.altair-srl.com\\\/fr\\\/prodotto\\\/cartucce-per-filtrazioni-assolute\\\/#primaryimage\"},\"image\":{\"@id\":\"https:\\\/\\\/www.altair-srl.com\\\/fr\\\/prodotto\\\/cartucce-per-filtrazioni-assolute\\\/#primaryimage\"},\"thumbnailUrl\":\"https:\\\/\\\/www.altair-srl.com\\\/wp-content\\\/uploads\\\/2022\\\/12\\\/AMP9068-2.jpg\",\"datePublished\":\"2022-12-15T15:15:41+00:00\",\"dateModified\":\"2023-12-05T11:12:34+00:00\",\"breadcrumb\":{\"@id\":\"https:\\\/\\\/www.altair-srl.com\\\/fr\\\/prodotto\\\/cartucce-per-filtrazioni-assolute\\\/#breadcrumb\"},\"inLanguage\":\"fr-FR\",\"potentialAction\":[{\"@type\":\"ReadAction\",\"target\":[\"https:\\\/\\\/www.altair-srl.com\\\/fr\\\/prodotto\\\/cartucce-per-filtrazioni-assolute\\\/\"]}]},{\"@type\":\"ImageObject\",\"inLanguage\":\"fr-FR\",\"@id\":\"https:\\\/\\\/www.altair-srl.com\\\/fr\\\/prodotto\\\/cartucce-per-filtrazioni-assolute\\\/#primaryimage\",\"url\":\"https:\\\/\\\/www.altair-srl.com\\\/wp-content\\\/uploads\\\/2022\\\/12\\\/AMP9068-2.jpg\",\"contentUrl\":\"https:\\\/\\\/www.altair-srl.com\\\/wp-content\\\/uploads\\\/2022\\\/12\\\/AMP9068-2.jpg\",\"width\":1280,\"height\":1920},{\"@type\":\"BreadcrumbList\",\"@id\":\"https:\\\/\\\/www.altair-srl.com\\\/fr\\\/prodotto\\\/cartucce-per-filtrazioni-assolute\\\/#breadcrumb\",\"itemListElement\":[{\"@type\":\"ListItem\",\"position\":1,\"name\":\"Home\",\"item\":\"https:\\\/\\\/www.altair-srl.com\\\/fr\\\/\"},{\"@type\":\"ListItem\",\"position\":2,\"name\":\"Shop\",\"item\":\"https:\\\/\\\/www.altair-srl.com\\\/negozio\\\/\"},{\"@type\":\"ListItem\",\"position\":3,\"name\":\"Cartouches filtrantes absolues\"}]},{\"@type\":\"WebSite\",\"@id\":\"https:\\\/\\\/www.altair-srl.com\\\/fr\\\/#website\",\"url\":\"https:\\\/\\\/www.altair-srl.com\\\/fr\\\/\",\"name\":\"Altair S.r.l.\",\"description\":\"Produzione sistemi di filtrazione e depurazione dell\u2019aria\",\"publisher\":{\"@id\":\"https:\\\/\\\/www.altair-srl.com\\\/fr\\\/#organization\"},\"potentialAction\":[{\"@type\":\"SearchAction\",\"target\":{\"@type\":\"EntryPoint\",\"urlTemplate\":\"https:\\\/\\\/www.altair-srl.com\\\/fr\\\/?s={search_term_string}\"},\"query-input\":{\"@type\":\"PropertyValueSpecification\",\"valueRequired\":true,\"valueName\":\"search_term_string\"}}],\"inLanguage\":\"fr-FR\"},{\"@type\":\"Organization\",\"@id\":\"https:\\\/\\\/www.altair-srl.com\\\/fr\\\/#organization\",\"name\":\"Altair S.r.l.\",\"url\":\"https:\\\/\\\/www.altair-srl.com\\\/fr\\\/\",\"logo\":{\"@type\":\"ImageObject\",\"inLanguage\":\"fr-FR\",\"@id\":\"https:\\\/\\\/www.altair-srl.com\\\/fr\\\/#\\\/schema\\\/logo\\\/image\\\/\",\"url\":\"https:\\\/\\\/www.altair-srl.com\\\/wp-content\\\/uploads\\\/2022\\\/06\\\/logo.png\",\"contentUrl\":\"https:\\\/\\\/www.altair-srl.com\\\/wp-content\\\/uploads\\\/2022\\\/06\\\/logo.png\",\"width\":400,\"height\":184,\"caption\":\"Altair S.r.l.\"},\"image\":{\"@id\":\"https:\\\/\\\/www.altair-srl.com\\\/fr\\\/#\\\/schema\\\/logo\\\/image\\\/\"}}]}<\/script>\n<!-- \/ Yoast SEO plugin. -->","yoast_head_json":{"title":"Cartouches filtrantes absolues | Altair S.r.l.","robots":{"index":"index","follow":"follow","max-snippet":"max-snippet:-1","max-image-preview":"max-image-preview:large","max-video-preview":"max-video-preview:-1"},"canonical":"https:\/\/www.altair-srl.com\/fr\/prodotto\/cartucce-per-filtrazioni-assolute\/","og_locale":"fr_FR","og_type":"article","og_title":"Cartouches filtrantes absolues | Altair S.r.l.","og_description":"Filtres absolus Hepa","og_url":"https:\/\/www.altair-srl.com\/fr\/prodotto\/cartucce-per-filtrazioni-assolute\/","og_site_name":"Altair S.r.l.","article_modified_time":"2023-12-05T11:12:34+00:00","og_image":[{"width":1280,"height":1920,"url":"https:\/\/www.altair-srl.com\/wp-content\/uploads\/2022\/12\/AMP9068-2.jpg","type":"image\/jpeg"}],"twitter_card":"summary_large_image","schema":{"@context":"https:\/\/schema.org","@graph":[{"@type":"WebPage","@id":"https:\/\/www.altair-srl.com\/fr\/prodotto\/cartucce-per-filtrazioni-assolute\/","url":"https:\/\/www.altair-srl.com\/fr\/prodotto\/cartucce-per-filtrazioni-assolute\/","name":"Cartouches filtrantes absolues | Altair S.r.l.","isPartOf":{"@id":"https:\/\/www.altair-srl.com\/fr\/#website"},"primaryImageOfPage":{"@id":"https:\/\/www.altair-srl.com\/fr\/prodotto\/cartucce-per-filtrazioni-assolute\/#primaryimage"},"image":{"@id":"https:\/\/www.altair-srl.com\/fr\/prodotto\/cartucce-per-filtrazioni-assolute\/#primaryimage"},"thumbnailUrl":"https:\/\/www.altair-srl.com\/wp-content\/uploads\/2022\/12\/AMP9068-2.jpg","datePublished":"2022-12-15T15:15:41+00:00","dateModified":"2023-12-05T11:12:34+00:00","breadcrumb":{"@id":"https:\/\/www.altair-srl.com\/fr\/prodotto\/cartucce-per-filtrazioni-assolute\/#breadcrumb"},"inLanguage":"fr-FR","potentialAction":[{"@type":"ReadAction","target":["https:\/\/www.altair-srl.com\/fr\/prodotto\/cartucce-per-filtrazioni-assolute\/"]}]},{"@type":"ImageObject","inLanguage":"fr-FR","@id":"https:\/\/www.altair-srl.com\/fr\/prodotto\/cartucce-per-filtrazioni-assolute\/#primaryimage","url":"https:\/\/www.altair-srl.com\/wp-content\/uploads\/2022\/12\/AMP9068-2.jpg","contentUrl":"https:\/\/www.altair-srl.com\/wp-content\/uploads\/2022\/12\/AMP9068-2.jpg","width":1280,"height":1920},{"@type":"BreadcrumbList","@id":"https:\/\/www.altair-srl.com\/fr\/prodotto\/cartucce-per-filtrazioni-assolute\/#breadcrumb","itemListElement":[{"@type":"ListItem","position":1,"name":"Home","item":"https:\/\/www.altair-srl.com\/fr\/"},{"@type":"ListItem","position":2,"name":"Shop","item":"https:\/\/www.altair-srl.com\/negozio\/"},{"@type":"ListItem","position":3,"name":"Cartouches filtrantes absolues"}]},{"@type":"WebSite","@id":"https:\/\/www.altair-srl.com\/fr\/#website","url":"https:\/\/www.altair-srl.com\/fr\/","name":"Altair S.r.l.","description":"Produzione sistemi di filtrazione e depurazione dell\u2019aria","publisher":{"@id":"https:\/\/www.altair-srl.com\/fr\/#organization"},"potentialAction":[{"@type":"SearchAction","target":{"@type":"EntryPoint","urlTemplate":"https:\/\/www.altair-srl.com\/fr\/?s={search_term_string}"},"query-input":{"@type":"PropertyValueSpecification","valueRequired":true,"valueName":"search_term_string"}}],"inLanguage":"fr-FR"},{"@type":"Organization","@id":"https:\/\/www.altair-srl.com\/fr\/#organization","name":"Altair S.r.l.","url":"https:\/\/www.altair-srl.com\/fr\/","logo":{"@type":"ImageObject","inLanguage":"fr-FR","@id":"https:\/\/www.altair-srl.com\/fr\/#\/schema\/logo\/image\/","url":"https:\/\/www.altair-srl.com\/wp-content\/uploads\/2022\/06\/logo.png","contentUrl":"https:\/\/www.altair-srl.com\/wp-content\/uploads\/2022\/06\/logo.png","width":400,"height":184,"caption":"Altair S.r.l."},"image":{"@id":"https:\/\/www.altair-srl.com\/fr\/#\/schema\/logo\/image\/"}}]}},"_links":{"self":[{"href":"https:\/\/www.altair-srl.com\/fr\/wp-json\/wp\/v2\/product\/3854","targetHints":{"allow":["GET"]}}],"collection":[{"href":"https:\/\/www.altair-srl.com\/fr\/wp-json\/wp\/v2\/product"}],"about":[{"href":"https:\/\/www.altair-srl.com\/fr\/wp-json\/wp\/v2\/types\/product"}],"wp:featuredmedia":[{"embeddable":true,"href":"https:\/\/www.altair-srl.com\/fr\/wp-json\/wp\/v2\/media\/2891"}],"wp:attachment":[{"href":"https:\/\/www.altair-srl.com\/fr\/wp-json\/wp\/v2\/media?parent=3854"}],"wp:term":[{"taxonomy":"product_brand","embeddable":true,"href":"https:\/\/www.altair-srl.com\/fr\/wp-json\/wp\/v2\/product_brand?post=3854"},{"taxonomy":"product_cat","embeddable":true,"href":"https:\/\/www.altair-srl.com\/fr\/wp-json\/wp\/v2\/product_cat?post=3854"},{"taxonomy":"product_tag","embeddable":true,"href":"https:\/\/www.altair-srl.com\/fr\/wp-json\/wp\/v2\/product_tag?post=3854"}],"curies":[{"name":"wp","href":"https:\/\/api.w.org\/{rel}","templated":true}]}}