{"id":3839,"date":"2023-01-13T14:28:41","date_gmt":"2023-01-13T14:28:41","guid":{"rendered":"https:\/\/www.altair-srl.com\/prodotto\/cartouches-alimentaires\/"},"modified":"2023-12-05T11:03:46","modified_gmt":"2023-12-05T11:03:46","slug":"cartucce-ad-uso-alimentare","status":"publish","type":"product","link":"https:\/\/www.altair-srl.com\/fr\/prodotto\/cartucce-ad-uso-alimentare\/","title":{"rendered":"Alimentaire"},"content":{"rendered":"<p>Les \u00e9l\u00e9ments filtrants de la s\u00e9rie Altair Food sont sp\u00e9cialement con\u00e7us pour \u00eatre utilis\u00e9s dans la production et le traitement des produits alimentaires, c&rsquo;est-\u00e0-dire l\u00e0 o\u00f9 les plus hauts niveaux de propret\u00e9 sont requis.<\/p>\n<p>Dans l&rsquo;industrie alimentaire, il est n\u00e9cessaire de s&rsquo;assurer qu&rsquo;aucune substance ext\u00e9rieure ne contamine les produits destin\u00e9s \u00e0 la consommation. Pour garantir ce degr\u00e9 de puret\u00e9, les \u00e9l\u00e9ments filtrants Altair sont certifi\u00e9s selon les r\u00e9glementations en vigueur :<\/p>\n<ul>\n<li>REG (CE) 1935\/2004<\/li>\n<li>REG (CE) 2023\/2006<\/li>\n<li>REG (UE) 10\/2011<\/li>\n<li>FDA 21 CFR des Etats-Unis<\/li>\n<\/ul>\n<p>Les principaux secteurs industriels d&rsquo;utilisation sont : la mouture, le m\u00e9lange, le remplissage, l&#8217;emballage, le transport pneumatique et la filtration de mati\u00e8res premi\u00e8res telles que le bl\u00e9, la farine, le caf\u00e9, le sucre.<\/p>\n","protected":false},"excerpt":{"rendered":"<p>Les \u00e9l\u00e9ments filtrants de la s\u00e9rie Altair Food sont sp\u00e9cialement con\u00e7us pour \u00eatre utilis\u00e9s dans la production et le traitement des produits alimentaires, c&rsquo;est-\u00e0-dire l\u00e0 o\u00f9 les plus hauts niveaux&#8230;<\/p>\n","protected":false},"featured_media":3363,"template":"","meta":[],"product_brand":[],"product_cat":[81],"product_tag":[],"class_list":{"0":"post-3839","1":"product","2":"type-product","3":"status-publish","4":"has-post-thumbnail","6":"product_cat-cartouches-et-panneaux","8":"first","9":"instock","10":"shipping-taxable","11":"product-type-simple"},"yoast_head":"<!-- This site is optimized with the Yoast SEO plugin v27.4 - https:\/\/yoast.com\/product\/yoast-seo-wordpress\/ -->\n<title>Alimentaire | Altair S.r.l.<\/title>\n<meta name=\"robots\" content=\"index, follow, max-snippet:-1, max-image-preview:large, max-video-preview:-1\" \/>\n<link rel=\"canonical\" href=\"https:\/\/www.altair-srl.com\/fr\/prodotto\/cartucce-ad-uso-alimentare\/\" \/>\n<meta property=\"og:locale\" content=\"fr_FR\" \/>\n<meta property=\"og:type\" content=\"article\" \/>\n<meta property=\"og:title\" content=\"Alimentaire | Altair S.r.l.\" \/>\n<meta property=\"og:description\" content=\"Les \u00e9l\u00e9ments filtrants de la s\u00e9rie Altair Food sont sp\u00e9cialement con\u00e7us pour \u00eatre utilis\u00e9s dans la production et le traitement des produits alimentaires, c&rsquo;est-\u00e0-dire l\u00e0 o\u00f9 les plus hauts niveaux...\" \/>\n<meta property=\"og:url\" content=\"https:\/\/www.altair-srl.com\/fr\/prodotto\/cartucce-ad-uso-alimentare\/\" \/>\n<meta property=\"og:site_name\" content=\"Altair S.r.l.\" \/>\n<meta property=\"article:modified_time\" content=\"2023-12-05T11:03:46+00:00\" \/>\n<meta property=\"og:image\" content=\"https:\/\/www.altair-srl.com\/wp-content\/uploads\/2023\/01\/AMP9029.jpg\" \/>\n\t<meta property=\"og:image:width\" content=\"1280\" \/>\n\t<meta property=\"og:image:height\" content=\"1920\" \/>\n\t<meta property=\"og:image:type\" content=\"image\/jpeg\" \/>\n<meta name=\"twitter:card\" content=\"summary_large_image\" \/>\n<meta name=\"twitter:label1\" content=\"Dur\u00e9e de lecture estim\u00e9e\" \/>\n\t<meta name=\"twitter:data1\" content=\"1 minute\" \/>\n<script type=\"application\/ld+json\" class=\"yoast-schema-graph\">{\"@context\":\"https:\\\/\\\/schema.org\",\"@graph\":[{\"@type\":\"WebPage\",\"@id\":\"https:\\\/\\\/www.altair-srl.com\\\/fr\\\/prodotto\\\/cartucce-ad-uso-alimentare\\\/\",\"url\":\"https:\\\/\\\/www.altair-srl.com\\\/fr\\\/prodotto\\\/cartucce-ad-uso-alimentare\\\/\",\"name\":\"Alimentaire | Altair S.r.l.\",\"isPartOf\":{\"@id\":\"https:\\\/\\\/www.altair-srl.com\\\/fr\\\/#website\"},\"primaryImageOfPage\":{\"@id\":\"https:\\\/\\\/www.altair-srl.com\\\/fr\\\/prodotto\\\/cartucce-ad-uso-alimentare\\\/#primaryimage\"},\"image\":{\"@id\":\"https:\\\/\\\/www.altair-srl.com\\\/fr\\\/prodotto\\\/cartucce-ad-uso-alimentare\\\/#primaryimage\"},\"thumbnailUrl\":\"https:\\\/\\\/www.altair-srl.com\\\/wp-content\\\/uploads\\\/2023\\\/01\\\/AMP9029.jpg\",\"datePublished\":\"2023-01-13T14:28:41+00:00\",\"dateModified\":\"2023-12-05T11:03:46+00:00\",\"breadcrumb\":{\"@id\":\"https:\\\/\\\/www.altair-srl.com\\\/fr\\\/prodotto\\\/cartucce-ad-uso-alimentare\\\/#breadcrumb\"},\"inLanguage\":\"fr-FR\",\"potentialAction\":[{\"@type\":\"ReadAction\",\"target\":[\"https:\\\/\\\/www.altair-srl.com\\\/fr\\\/prodotto\\\/cartucce-ad-uso-alimentare\\\/\"]}]},{\"@type\":\"ImageObject\",\"inLanguage\":\"fr-FR\",\"@id\":\"https:\\\/\\\/www.altair-srl.com\\\/fr\\\/prodotto\\\/cartucce-ad-uso-alimentare\\\/#primaryimage\",\"url\":\"https:\\\/\\\/www.altair-srl.com\\\/wp-content\\\/uploads\\\/2023\\\/01\\\/AMP9029.jpg\",\"contentUrl\":\"https:\\\/\\\/www.altair-srl.com\\\/wp-content\\\/uploads\\\/2023\\\/01\\\/AMP9029.jpg\",\"width\":1280,\"height\":1920},{\"@type\":\"BreadcrumbList\",\"@id\":\"https:\\\/\\\/www.altair-srl.com\\\/fr\\\/prodotto\\\/cartucce-ad-uso-alimentare\\\/#breadcrumb\",\"itemListElement\":[{\"@type\":\"ListItem\",\"position\":1,\"name\":\"Home\",\"item\":\"https:\\\/\\\/www.altair-srl.com\\\/fr\\\/\"},{\"@type\":\"ListItem\",\"position\":2,\"name\":\"Shop\",\"item\":\"https:\\\/\\\/www.altair-srl.com\\\/negozio\\\/\"},{\"@type\":\"ListItem\",\"position\":3,\"name\":\"Alimentaire\"}]},{\"@type\":\"WebSite\",\"@id\":\"https:\\\/\\\/www.altair-srl.com\\\/fr\\\/#website\",\"url\":\"https:\\\/\\\/www.altair-srl.com\\\/fr\\\/\",\"name\":\"Altair S.r.l.\",\"description\":\"Produzione sistemi di filtrazione e depurazione dell\u2019aria\",\"publisher\":{\"@id\":\"https:\\\/\\\/www.altair-srl.com\\\/fr\\\/#organization\"},\"potentialAction\":[{\"@type\":\"SearchAction\",\"target\":{\"@type\":\"EntryPoint\",\"urlTemplate\":\"https:\\\/\\\/www.altair-srl.com\\\/fr\\\/?s={search_term_string}\"},\"query-input\":{\"@type\":\"PropertyValueSpecification\",\"valueRequired\":true,\"valueName\":\"search_term_string\"}}],\"inLanguage\":\"fr-FR\"},{\"@type\":\"Organization\",\"@id\":\"https:\\\/\\\/www.altair-srl.com\\\/fr\\\/#organization\",\"name\":\"Altair S.r.l.\",\"url\":\"https:\\\/\\\/www.altair-srl.com\\\/fr\\\/\",\"logo\":{\"@type\":\"ImageObject\",\"inLanguage\":\"fr-FR\",\"@id\":\"https:\\\/\\\/www.altair-srl.com\\\/fr\\\/#\\\/schema\\\/logo\\\/image\\\/\",\"url\":\"https:\\\/\\\/www.altair-srl.com\\\/wp-content\\\/uploads\\\/2022\\\/06\\\/logo.png\",\"contentUrl\":\"https:\\\/\\\/www.altair-srl.com\\\/wp-content\\\/uploads\\\/2022\\\/06\\\/logo.png\",\"width\":400,\"height\":184,\"caption\":\"Altair S.r.l.\"},\"image\":{\"@id\":\"https:\\\/\\\/www.altair-srl.com\\\/fr\\\/#\\\/schema\\\/logo\\\/image\\\/\"}}]}<\/script>\n<!-- \/ Yoast SEO plugin. -->","yoast_head_json":{"title":"Alimentaire | Altair S.r.l.","robots":{"index":"index","follow":"follow","max-snippet":"max-snippet:-1","max-image-preview":"max-image-preview:large","max-video-preview":"max-video-preview:-1"},"canonical":"https:\/\/www.altair-srl.com\/fr\/prodotto\/cartucce-ad-uso-alimentare\/","og_locale":"fr_FR","og_type":"article","og_title":"Alimentaire | Altair S.r.l.","og_description":"Les \u00e9l\u00e9ments filtrants de la s\u00e9rie Altair Food sont sp\u00e9cialement con\u00e7us pour \u00eatre utilis\u00e9s dans la production et le traitement des produits alimentaires, c&rsquo;est-\u00e0-dire l\u00e0 o\u00f9 les plus hauts niveaux...","og_url":"https:\/\/www.altair-srl.com\/fr\/prodotto\/cartucce-ad-uso-alimentare\/","og_site_name":"Altair S.r.l.","article_modified_time":"2023-12-05T11:03:46+00:00","og_image":[{"width":1280,"height":1920,"url":"https:\/\/www.altair-srl.com\/wp-content\/uploads\/2023\/01\/AMP9029.jpg","type":"image\/jpeg"}],"twitter_card":"summary_large_image","twitter_misc":{"Dur\u00e9e de lecture estim\u00e9e":"1 minute"},"schema":{"@context":"https:\/\/schema.org","@graph":[{"@type":"WebPage","@id":"https:\/\/www.altair-srl.com\/fr\/prodotto\/cartucce-ad-uso-alimentare\/","url":"https:\/\/www.altair-srl.com\/fr\/prodotto\/cartucce-ad-uso-alimentare\/","name":"Alimentaire | Altair S.r.l.","isPartOf":{"@id":"https:\/\/www.altair-srl.com\/fr\/#website"},"primaryImageOfPage":{"@id":"https:\/\/www.altair-srl.com\/fr\/prodotto\/cartucce-ad-uso-alimentare\/#primaryimage"},"image":{"@id":"https:\/\/www.altair-srl.com\/fr\/prodotto\/cartucce-ad-uso-alimentare\/#primaryimage"},"thumbnailUrl":"https:\/\/www.altair-srl.com\/wp-content\/uploads\/2023\/01\/AMP9029.jpg","datePublished":"2023-01-13T14:28:41+00:00","dateModified":"2023-12-05T11:03:46+00:00","breadcrumb":{"@id":"https:\/\/www.altair-srl.com\/fr\/prodotto\/cartucce-ad-uso-alimentare\/#breadcrumb"},"inLanguage":"fr-FR","potentialAction":[{"@type":"ReadAction","target":["https:\/\/www.altair-srl.com\/fr\/prodotto\/cartucce-ad-uso-alimentare\/"]}]},{"@type":"ImageObject","inLanguage":"fr-FR","@id":"https:\/\/www.altair-srl.com\/fr\/prodotto\/cartucce-ad-uso-alimentare\/#primaryimage","url":"https:\/\/www.altair-srl.com\/wp-content\/uploads\/2023\/01\/AMP9029.jpg","contentUrl":"https:\/\/www.altair-srl.com\/wp-content\/uploads\/2023\/01\/AMP9029.jpg","width":1280,"height":1920},{"@type":"BreadcrumbList","@id":"https:\/\/www.altair-srl.com\/fr\/prodotto\/cartucce-ad-uso-alimentare\/#breadcrumb","itemListElement":[{"@type":"ListItem","position":1,"name":"Home","item":"https:\/\/www.altair-srl.com\/fr\/"},{"@type":"ListItem","position":2,"name":"Shop","item":"https:\/\/www.altair-srl.com\/negozio\/"},{"@type":"ListItem","position":3,"name":"Alimentaire"}]},{"@type":"WebSite","@id":"https:\/\/www.altair-srl.com\/fr\/#website","url":"https:\/\/www.altair-srl.com\/fr\/","name":"Altair S.r.l.","description":"Produzione sistemi di filtrazione e depurazione dell\u2019aria","publisher":{"@id":"https:\/\/www.altair-srl.com\/fr\/#organization"},"potentialAction":[{"@type":"SearchAction","target":{"@type":"EntryPoint","urlTemplate":"https:\/\/www.altair-srl.com\/fr\/?s={search_term_string}"},"query-input":{"@type":"PropertyValueSpecification","valueRequired":true,"valueName":"search_term_string"}}],"inLanguage":"fr-FR"},{"@type":"Organization","@id":"https:\/\/www.altair-srl.com\/fr\/#organization","name":"Altair S.r.l.","url":"https:\/\/www.altair-srl.com\/fr\/","logo":{"@type":"ImageObject","inLanguage":"fr-FR","@id":"https:\/\/www.altair-srl.com\/fr\/#\/schema\/logo\/image\/","url":"https:\/\/www.altair-srl.com\/wp-content\/uploads\/2022\/06\/logo.png","contentUrl":"https:\/\/www.altair-srl.com\/wp-content\/uploads\/2022\/06\/logo.png","width":400,"height":184,"caption":"Altair S.r.l."},"image":{"@id":"https:\/\/www.altair-srl.com\/fr\/#\/schema\/logo\/image\/"}}]}},"_links":{"self":[{"href":"https:\/\/www.altair-srl.com\/fr\/wp-json\/wp\/v2\/product\/3839","targetHints":{"allow":["GET"]}}],"collection":[{"href":"https:\/\/www.altair-srl.com\/fr\/wp-json\/wp\/v2\/product"}],"about":[{"href":"https:\/\/www.altair-srl.com\/fr\/wp-json\/wp\/v2\/types\/product"}],"wp:featuredmedia":[{"embeddable":true,"href":"https:\/\/www.altair-srl.com\/fr\/wp-json\/wp\/v2\/media\/3363"}],"wp:attachment":[{"href":"https:\/\/www.altair-srl.com\/fr\/wp-json\/wp\/v2\/media?parent=3839"}],"wp:term":[{"taxonomy":"product_brand","embeddable":true,"href":"https:\/\/www.altair-srl.com\/fr\/wp-json\/wp\/v2\/product_brand?post=3839"},{"taxonomy":"product_cat","embeddable":true,"href":"https:\/\/www.altair-srl.com\/fr\/wp-json\/wp\/v2\/product_cat?post=3839"},{"taxonomy":"product_tag","embeddable":true,"href":"https:\/\/www.altair-srl.com\/fr\/wp-json\/wp\/v2\/product_tag?post=3839"}],"curies":[{"name":"wp","href":"https:\/\/api.w.org\/{rel}","templated":true}]}}