{"id":3826,"date":"2023-02-24T16:45:04","date_gmt":"2023-02-24T16:45:04","guid":{"rendered":"https:\/\/www.altair-srl.com\/prodotto\/cartouches-speciales-2m-25m-3m\/"},"modified":"2023-09-20T12:40:20","modified_gmt":"2023-09-20T12:40:20","slug":"cartouches-speciales-2m-25m-3m","status":"publish","type":"product","link":"https:\/\/www.altair-srl.com\/fr\/prodotto\/cartouches-speciales-2m-25m-3m\/","title":{"rendered":"Cartouches sp\u00e9ciales 2M, 2,5M, 3M"},"content":{"rendered":"<p>Les cartouches filtrantes sont la solution id\u00e9ale pour la filtration des poussi\u00e8res s\u00e8ches dans les d\u00e9poussi\u00e9reurs. Lavables et r\u00e9utilisables dans la plupart des applications, les cartouches filtrantes ont une plus grande surface filtrante que les filtres \u00e0 poches traditionnels et une \u00e9limination plus efficace des particules avec une perte de charge minimale ; elles sont faciles \u00e0 installer et \u00e0 remplacer et n\u00e9cessitent une faible consommation d&rsquo;air comprim\u00e9 pour le nettoyage. Les mat\u00e9riaux filtrants utilis\u00e9s pour fabriquer les cartouches filtrantes sont principalement le polyester non tiss\u00e9, le polyester aluminis\u00e9 antistatique, le polyester hydro-huil\u00e9, le polyester rev\u00eatu de T\u00e9flon, le polypropyl\u00e8ne et la cellulose.<\/p>\n","protected":false},"excerpt":{"rendered":"<p><strong>Cartouches sp\u00e9ciales 2M, 2,5M, 3M<\/strong><\/p>\n","protected":false},"featured_media":3643,"template":"","meta":[],"product_brand":[],"product_cat":[81],"product_tag":[],"class_list":{"0":"post-3826","1":"product","2":"type-product","3":"status-publish","4":"has-post-thumbnail","6":"product_cat-cartouches-et-panneaux","8":"first","9":"instock","10":"shipping-taxable","11":"product-type-simple"},"yoast_head":"<!-- This site is optimized with the Yoast SEO plugin v27.0 - https:\/\/yoast.com\/product\/yoast-seo-wordpress\/ -->\n<title>Cartouches sp\u00e9ciales 2M, 2,5M, 3M | Altair S.r.l.<\/title>\n<meta name=\"robots\" content=\"index, follow, max-snippet:-1, max-image-preview:large, max-video-preview:-1\" \/>\n<link rel=\"canonical\" href=\"https:\/\/www.altair-srl.com\/fr\/prodotto\/cartouches-speciales-2m-25m-3m\/\" \/>\n<meta property=\"og:locale\" content=\"fr_FR\" \/>\n<meta property=\"og:type\" content=\"article\" \/>\n<meta property=\"og:title\" content=\"Cartouches sp\u00e9ciales 2M, 2,5M, 3M | Altair S.r.l.\" \/>\n<meta property=\"og:description\" content=\"Cartouches sp\u00e9ciales 2M, 2,5M, 3M\" \/>\n<meta property=\"og:url\" content=\"https:\/\/www.altair-srl.com\/fr\/prodotto\/cartouches-speciales-2m-25m-3m\/\" \/>\n<meta property=\"og:site_name\" content=\"Altair S.r.l.\" \/>\n<meta property=\"article:modified_time\" content=\"2023-09-20T12:40:20+00:00\" \/>\n<meta property=\"og:image\" content=\"https:\/\/www.altair-srl.com\/wp-content\/uploads\/2023\/02\/FOTO-RICHIEDI-PREVENTIVO.jpg\" \/>\n\t<meta property=\"og:image:width\" content=\"1280\" \/>\n\t<meta property=\"og:image:height\" content=\"1920\" \/>\n\t<meta property=\"og:image:type\" content=\"image\/jpeg\" \/>\n<meta name=\"twitter:card\" content=\"summary_large_image\" \/>\n<meta name=\"twitter:label1\" content=\"Dur\u00e9e de lecture estim\u00e9e\" \/>\n\t<meta name=\"twitter:data1\" content=\"1 minute\" \/>\n<script type=\"application\/ld+json\" class=\"yoast-schema-graph\">{\"@context\":\"https:\/\/schema.org\",\"@graph\":[{\"@type\":\"WebPage\",\"@id\":\"https:\/\/www.altair-srl.com\/fr\/prodotto\/cartouches-speciales-2m-25m-3m\/\",\"url\":\"https:\/\/www.altair-srl.com\/fr\/prodotto\/cartouches-speciales-2m-25m-3m\/\",\"name\":\"Cartouches sp\u00e9ciales 2M, 2,5M, 3M | Altair S.r.l.\",\"isPartOf\":{\"@id\":\"https:\/\/www.altair-srl.com\/fr\/#website\"},\"primaryImageOfPage\":{\"@id\":\"https:\/\/www.altair-srl.com\/fr\/prodotto\/cartouches-speciales-2m-25m-3m\/#primaryimage\"},\"image\":{\"@id\":\"https:\/\/www.altair-srl.com\/fr\/prodotto\/cartouches-speciales-2m-25m-3m\/#primaryimage\"},\"thumbnailUrl\":\"https:\/\/www.altair-srl.com\/wp-content\/uploads\/2023\/02\/FOTO-RICHIEDI-PREVENTIVO.jpg\",\"datePublished\":\"2023-02-24T16:45:04+00:00\",\"dateModified\":\"2023-09-20T12:40:20+00:00\",\"breadcrumb\":{\"@id\":\"https:\/\/www.altair-srl.com\/fr\/prodotto\/cartouches-speciales-2m-25m-3m\/#breadcrumb\"},\"inLanguage\":\"fr-FR\",\"potentialAction\":[{\"@type\":\"ReadAction\",\"target\":[\"https:\/\/www.altair-srl.com\/fr\/prodotto\/cartouches-speciales-2m-25m-3m\/\"]}]},{\"@type\":\"ImageObject\",\"inLanguage\":\"fr-FR\",\"@id\":\"https:\/\/www.altair-srl.com\/fr\/prodotto\/cartouches-speciales-2m-25m-3m\/#primaryimage\",\"url\":\"https:\/\/www.altair-srl.com\/wp-content\/uploads\/2023\/02\/FOTO-RICHIEDI-PREVENTIVO.jpg\",\"contentUrl\":\"https:\/\/www.altair-srl.com\/wp-content\/uploads\/2023\/02\/FOTO-RICHIEDI-PREVENTIVO.jpg\",\"width\":1280,\"height\":1920},{\"@type\":\"BreadcrumbList\",\"@id\":\"https:\/\/www.altair-srl.com\/fr\/prodotto\/cartouches-speciales-2m-25m-3m\/#breadcrumb\",\"itemListElement\":[{\"@type\":\"ListItem\",\"position\":1,\"name\":\"Home\",\"item\":\"https:\/\/www.altair-srl.com\/fr\/\"},{\"@type\":\"ListItem\",\"position\":2,\"name\":\"Shop\",\"item\":\"https:\/\/www.altair-srl.com\/negozio\/\"},{\"@type\":\"ListItem\",\"position\":3,\"name\":\"Cartouches sp\u00e9ciales 2M, 2,5M, 3M\"}]},{\"@type\":\"WebSite\",\"@id\":\"https:\/\/www.altair-srl.com\/fr\/#website\",\"url\":\"https:\/\/www.altair-srl.com\/fr\/\",\"name\":\"Altair S.r.l.\",\"description\":\"Produzione sistemi di filtrazione e depurazione dell\u2019aria\",\"publisher\":{\"@id\":\"https:\/\/www.altair-srl.com\/fr\/#organization\"},\"potentialAction\":[{\"@type\":\"SearchAction\",\"target\":{\"@type\":\"EntryPoint\",\"urlTemplate\":\"https:\/\/www.altair-srl.com\/fr\/?s={search_term_string}\"},\"query-input\":{\"@type\":\"PropertyValueSpecification\",\"valueRequired\":true,\"valueName\":\"search_term_string\"}}],\"inLanguage\":\"fr-FR\"},{\"@type\":\"Organization\",\"@id\":\"https:\/\/www.altair-srl.com\/fr\/#organization\",\"name\":\"Altair S.r.l.\",\"url\":\"https:\/\/www.altair-srl.com\/fr\/\",\"logo\":{\"@type\":\"ImageObject\",\"inLanguage\":\"fr-FR\",\"@id\":\"https:\/\/www.altair-srl.com\/fr\/#\/schema\/logo\/image\/\",\"url\":\"https:\/\/www.altair-srl.com\/wp-content\/uploads\/2022\/06\/logo.png\",\"contentUrl\":\"https:\/\/www.altair-srl.com\/wp-content\/uploads\/2022\/06\/logo.png\",\"width\":400,\"height\":184,\"caption\":\"Altair S.r.l.\"},\"image\":{\"@id\":\"https:\/\/www.altair-srl.com\/fr\/#\/schema\/logo\/image\/\"}}]}<\/script>\n<!-- \/ Yoast SEO plugin. -->","yoast_head_json":{"title":"Cartouches sp\u00e9ciales 2M, 2,5M, 3M | Altair S.r.l.","robots":{"index":"index","follow":"follow","max-snippet":"max-snippet:-1","max-image-preview":"max-image-preview:large","max-video-preview":"max-video-preview:-1"},"canonical":"https:\/\/www.altair-srl.com\/fr\/prodotto\/cartouches-speciales-2m-25m-3m\/","og_locale":"fr_FR","og_type":"article","og_title":"Cartouches sp\u00e9ciales 2M, 2,5M, 3M | Altair S.r.l.","og_description":"Cartouches sp\u00e9ciales 2M, 2,5M, 3M","og_url":"https:\/\/www.altair-srl.com\/fr\/prodotto\/cartouches-speciales-2m-25m-3m\/","og_site_name":"Altair S.r.l.","article_modified_time":"2023-09-20T12:40:20+00:00","og_image":[{"width":1280,"height":1920,"url":"https:\/\/www.altair-srl.com\/wp-content\/uploads\/2023\/02\/FOTO-RICHIEDI-PREVENTIVO.jpg","type":"image\/jpeg"}],"twitter_card":"summary_large_image","twitter_misc":{"Dur\u00e9e de lecture estim\u00e9e":"1 minute"},"schema":{"@context":"https:\/\/schema.org","@graph":[{"@type":"WebPage","@id":"https:\/\/www.altair-srl.com\/fr\/prodotto\/cartouches-speciales-2m-25m-3m\/","url":"https:\/\/www.altair-srl.com\/fr\/prodotto\/cartouches-speciales-2m-25m-3m\/","name":"Cartouches sp\u00e9ciales 2M, 2,5M, 3M | Altair S.r.l.","isPartOf":{"@id":"https:\/\/www.altair-srl.com\/fr\/#website"},"primaryImageOfPage":{"@id":"https:\/\/www.altair-srl.com\/fr\/prodotto\/cartouches-speciales-2m-25m-3m\/#primaryimage"},"image":{"@id":"https:\/\/www.altair-srl.com\/fr\/prodotto\/cartouches-speciales-2m-25m-3m\/#primaryimage"},"thumbnailUrl":"https:\/\/www.altair-srl.com\/wp-content\/uploads\/2023\/02\/FOTO-RICHIEDI-PREVENTIVO.jpg","datePublished":"2023-02-24T16:45:04+00:00","dateModified":"2023-09-20T12:40:20+00:00","breadcrumb":{"@id":"https:\/\/www.altair-srl.com\/fr\/prodotto\/cartouches-speciales-2m-25m-3m\/#breadcrumb"},"inLanguage":"fr-FR","potentialAction":[{"@type":"ReadAction","target":["https:\/\/www.altair-srl.com\/fr\/prodotto\/cartouches-speciales-2m-25m-3m\/"]}]},{"@type":"ImageObject","inLanguage":"fr-FR","@id":"https:\/\/www.altair-srl.com\/fr\/prodotto\/cartouches-speciales-2m-25m-3m\/#primaryimage","url":"https:\/\/www.altair-srl.com\/wp-content\/uploads\/2023\/02\/FOTO-RICHIEDI-PREVENTIVO.jpg","contentUrl":"https:\/\/www.altair-srl.com\/wp-content\/uploads\/2023\/02\/FOTO-RICHIEDI-PREVENTIVO.jpg","width":1280,"height":1920},{"@type":"BreadcrumbList","@id":"https:\/\/www.altair-srl.com\/fr\/prodotto\/cartouches-speciales-2m-25m-3m\/#breadcrumb","itemListElement":[{"@type":"ListItem","position":1,"name":"Home","item":"https:\/\/www.altair-srl.com\/fr\/"},{"@type":"ListItem","position":2,"name":"Shop","item":"https:\/\/www.altair-srl.com\/negozio\/"},{"@type":"ListItem","position":3,"name":"Cartouches sp\u00e9ciales 2M, 2,5M, 3M"}]},{"@type":"WebSite","@id":"https:\/\/www.altair-srl.com\/fr\/#website","url":"https:\/\/www.altair-srl.com\/fr\/","name":"Altair S.r.l.","description":"Produzione sistemi di filtrazione e depurazione dell\u2019aria","publisher":{"@id":"https:\/\/www.altair-srl.com\/fr\/#organization"},"potentialAction":[{"@type":"SearchAction","target":{"@type":"EntryPoint","urlTemplate":"https:\/\/www.altair-srl.com\/fr\/?s={search_term_string}"},"query-input":{"@type":"PropertyValueSpecification","valueRequired":true,"valueName":"search_term_string"}}],"inLanguage":"fr-FR"},{"@type":"Organization","@id":"https:\/\/www.altair-srl.com\/fr\/#organization","name":"Altair S.r.l.","url":"https:\/\/www.altair-srl.com\/fr\/","logo":{"@type":"ImageObject","inLanguage":"fr-FR","@id":"https:\/\/www.altair-srl.com\/fr\/#\/schema\/logo\/image\/","url":"https:\/\/www.altair-srl.com\/wp-content\/uploads\/2022\/06\/logo.png","contentUrl":"https:\/\/www.altair-srl.com\/wp-content\/uploads\/2022\/06\/logo.png","width":400,"height":184,"caption":"Altair S.r.l."},"image":{"@id":"https:\/\/www.altair-srl.com\/fr\/#\/schema\/logo\/image\/"}}]}},"_links":{"self":[{"href":"https:\/\/www.altair-srl.com\/fr\/wp-json\/wp\/v2\/product\/3826","targetHints":{"allow":["GET"]}}],"collection":[{"href":"https:\/\/www.altair-srl.com\/fr\/wp-json\/wp\/v2\/product"}],"about":[{"href":"https:\/\/www.altair-srl.com\/fr\/wp-json\/wp\/v2\/types\/product"}],"wp:featuredmedia":[{"embeddable":true,"href":"https:\/\/www.altair-srl.com\/fr\/wp-json\/wp\/v2\/media\/3643"}],"wp:attachment":[{"href":"https:\/\/www.altair-srl.com\/fr\/wp-json\/wp\/v2\/media?parent=3826"}],"wp:term":[{"taxonomy":"product_brand","embeddable":true,"href":"https:\/\/www.altair-srl.com\/fr\/wp-json\/wp\/v2\/product_brand?post=3826"},{"taxonomy":"product_cat","embeddable":true,"href":"https:\/\/www.altair-srl.com\/fr\/wp-json\/wp\/v2\/product_cat?post=3826"},{"taxonomy":"product_tag","embeddable":true,"href":"https:\/\/www.altair-srl.com\/fr\/wp-json\/wp\/v2\/product_tag?post=3826"}],"curies":[{"name":"wp","href":"https:\/\/api.w.org\/{rel}","templated":true}]}}