{"id":5212,"date":"2024-01-15T11:12:38","date_gmt":"2024-01-15T11:12:38","guid":{"rendered":"https:\/\/www.altair-srl.com\/?post_type=product&#038;p=5212"},"modified":"2024-01-15T11:18:05","modified_gmt":"2024-01-15T11:18:05","slug":"tipo-v-tub-cartuchos-de-bolsa-plisada","status":"publish","type":"product","link":"https:\/\/www.altair-srl.com\/es\/prodotto\/tipo-v-tub-cartuchos-de-bolsa-plisada\/","title":{"rendered":"Tipo V-TUB &#8211; Cartuchos de bolsa plisada"},"content":{"rendered":"<p><strong>Pleated Bag<\/strong>: Los elementos filtrantes Altair de la serie Pleated Bag proporcionan una alternativa eficaz a los filtros de bolsa convencionales.<\/p>\n<p>Existe una amplia gama de productos para sustituir las bolsas convencionales por elementos de tipo Pleated Bag.<\/p>\n<p>Con una gama de m\u00e1s de 30 tipos de medios filtrantes de alta calidad, Altair Industrial Filters proporciona soluciones de elementos de Pleated Bag para la filtraci\u00f3n de aire en diversas industrias y para diferentes tipos de polvo, incluyendo polvo abrasivo, t\u00f3xico y explosivo.<\/p>\n<p>Altair est\u00e1 especializada en la filtraci\u00f3n de polvo y humos de cemento, metal, aluminio, alimentos, madera, productos qu\u00edmicos, recubrimiento en polvo, corte por plasma-l\u00e1ser, chorro de arena, hilado, soldadura y fundici\u00f3n.<\/p>\n<p>Ofrecemos soluciones de elementos filtrantes a medida, cartuchos filtrantes de dise\u00f1o exclusivo para todo el mundo OEM.<\/p>\n","protected":false},"excerpt":{"rendered":"<p><strong>Tipo V-TUB<\/strong><\/p>\n","protected":false},"featured_media":3362,"template":"","meta":[],"product_brand":[],"product_cat":[86],"product_tag":[],"class_list":{"0":"post-5212","1":"product","2":"type-product","3":"status-publish","4":"has-post-thumbnail","6":"product_cat-cartuchos-y-paneles","8":"first","9":"instock","10":"shipping-taxable","11":"product-type-simple"},"yoast_head":"<!-- This site is optimized with the Yoast SEO plugin v27.0 - https:\/\/yoast.com\/product\/yoast-seo-wordpress\/ -->\n<title>Tipo V-TUB - Cartuchos de bolsa plisada | Altair S.r.l.<\/title>\n<meta name=\"robots\" content=\"index, follow, max-snippet:-1, max-image-preview:large, max-video-preview:-1\" \/>\n<link rel=\"canonical\" href=\"https:\/\/www.altair-srl.com\/es\/prodotto\/tipo-v-tub-cartuchos-de-bolsa-plisada\/\" \/>\n<meta property=\"og:locale\" content=\"es_ES\" \/>\n<meta property=\"og:type\" content=\"article\" \/>\n<meta property=\"og:title\" content=\"Tipo V-TUB - Cartuchos de bolsa plisada | Altair S.r.l.\" \/>\n<meta property=\"og:description\" content=\"Tipo V-TUB\" \/>\n<meta property=\"og:url\" content=\"https:\/\/www.altair-srl.com\/es\/prodotto\/tipo-v-tub-cartuchos-de-bolsa-plisada\/\" \/>\n<meta property=\"og:site_name\" content=\"Altair S.r.l.\" \/>\n<meta property=\"article:modified_time\" content=\"2024-01-15T11:18:05+00:00\" \/>\n<meta property=\"og:image\" content=\"https:\/\/www.altair-srl.com\/wp-content\/uploads\/2022\/12\/AMP9133.jpg\" \/>\n\t<meta property=\"og:image:width\" content=\"1280\" \/>\n\t<meta property=\"og:image:height\" content=\"1920\" \/>\n\t<meta property=\"og:image:type\" content=\"image\/jpeg\" \/>\n<meta name=\"twitter:card\" content=\"summary_large_image\" \/>\n<meta name=\"twitter:label1\" content=\"Tiempo de lectura\" \/>\n\t<meta name=\"twitter:data1\" content=\"1 minuto\" \/>\n<script type=\"application\/ld+json\" class=\"yoast-schema-graph\">{\"@context\":\"https:\/\/schema.org\",\"@graph\":[{\"@type\":\"WebPage\",\"@id\":\"https:\/\/www.altair-srl.com\/es\/prodotto\/tipo-v-tub-cartuchos-de-bolsa-plisada\/\",\"url\":\"https:\/\/www.altair-srl.com\/es\/prodotto\/tipo-v-tub-cartuchos-de-bolsa-plisada\/\",\"name\":\"Tipo V-TUB - Cartuchos de bolsa plisada | Altair S.r.l.\",\"isPartOf\":{\"@id\":\"https:\/\/www.altair-srl.com\/es\/#website\"},\"primaryImageOfPage\":{\"@id\":\"https:\/\/www.altair-srl.com\/es\/prodotto\/tipo-v-tub-cartuchos-de-bolsa-plisada\/#primaryimage\"},\"image\":{\"@id\":\"https:\/\/www.altair-srl.com\/es\/prodotto\/tipo-v-tub-cartuchos-de-bolsa-plisada\/#primaryimage\"},\"thumbnailUrl\":\"https:\/\/www.altair-srl.com\/wp-content\/uploads\/2022\/12\/AMP9133.jpg\",\"datePublished\":\"2024-01-15T11:12:38+00:00\",\"dateModified\":\"2024-01-15T11:18:05+00:00\",\"breadcrumb\":{\"@id\":\"https:\/\/www.altair-srl.com\/es\/prodotto\/tipo-v-tub-cartuchos-de-bolsa-plisada\/#breadcrumb\"},\"inLanguage\":\"es\",\"potentialAction\":[{\"@type\":\"ReadAction\",\"target\":[\"https:\/\/www.altair-srl.com\/es\/prodotto\/tipo-v-tub-cartuchos-de-bolsa-plisada\/\"]}]},{\"@type\":\"ImageObject\",\"inLanguage\":\"es\",\"@id\":\"https:\/\/www.altair-srl.com\/es\/prodotto\/tipo-v-tub-cartuchos-de-bolsa-plisada\/#primaryimage\",\"url\":\"https:\/\/www.altair-srl.com\/wp-content\/uploads\/2022\/12\/AMP9133.jpg\",\"contentUrl\":\"https:\/\/www.altair-srl.com\/wp-content\/uploads\/2022\/12\/AMP9133.jpg\",\"width\":1280,\"height\":1920},{\"@type\":\"BreadcrumbList\",\"@id\":\"https:\/\/www.altair-srl.com\/es\/prodotto\/tipo-v-tub-cartuchos-de-bolsa-plisada\/#breadcrumb\",\"itemListElement\":[{\"@type\":\"ListItem\",\"position\":1,\"name\":\"Home\",\"item\":\"https:\/\/www.altair-srl.com\/es\/\"},{\"@type\":\"ListItem\",\"position\":2,\"name\":\"Shop\",\"item\":\"https:\/\/www.altair-srl.com\/negozio\/\"},{\"@type\":\"ListItem\",\"position\":3,\"name\":\"Tipo V-TUB &#8211; Cartuchos de bolsa plisada\"}]},{\"@type\":\"WebSite\",\"@id\":\"https:\/\/www.altair-srl.com\/es\/#website\",\"url\":\"https:\/\/www.altair-srl.com\/es\/\",\"name\":\"Altair S.r.l.\",\"description\":\"Produzione sistemi di filtrazione e depurazione dell\u2019aria\",\"publisher\":{\"@id\":\"https:\/\/www.altair-srl.com\/es\/#organization\"},\"potentialAction\":[{\"@type\":\"SearchAction\",\"target\":{\"@type\":\"EntryPoint\",\"urlTemplate\":\"https:\/\/www.altair-srl.com\/es\/?s={search_term_string}\"},\"query-input\":{\"@type\":\"PropertyValueSpecification\",\"valueRequired\":true,\"valueName\":\"search_term_string\"}}],\"inLanguage\":\"es\"},{\"@type\":\"Organization\",\"@id\":\"https:\/\/www.altair-srl.com\/es\/#organization\",\"name\":\"Altair S.r.l.\",\"url\":\"https:\/\/www.altair-srl.com\/es\/\",\"logo\":{\"@type\":\"ImageObject\",\"inLanguage\":\"es\",\"@id\":\"https:\/\/www.altair-srl.com\/es\/#\/schema\/logo\/image\/\",\"url\":\"https:\/\/www.altair-srl.com\/wp-content\/uploads\/2022\/06\/logo.png\",\"contentUrl\":\"https:\/\/www.altair-srl.com\/wp-content\/uploads\/2022\/06\/logo.png\",\"width\":400,\"height\":184,\"caption\":\"Altair S.r.l.\"},\"image\":{\"@id\":\"https:\/\/www.altair-srl.com\/es\/#\/schema\/logo\/image\/\"}}]}<\/script>\n<!-- \/ Yoast SEO plugin. -->","yoast_head_json":{"title":"Tipo V-TUB - Cartuchos de bolsa plisada | Altair S.r.l.","robots":{"index":"index","follow":"follow","max-snippet":"max-snippet:-1","max-image-preview":"max-image-preview:large","max-video-preview":"max-video-preview:-1"},"canonical":"https:\/\/www.altair-srl.com\/es\/prodotto\/tipo-v-tub-cartuchos-de-bolsa-plisada\/","og_locale":"es_ES","og_type":"article","og_title":"Tipo V-TUB - Cartuchos de bolsa plisada | Altair S.r.l.","og_description":"Tipo V-TUB","og_url":"https:\/\/www.altair-srl.com\/es\/prodotto\/tipo-v-tub-cartuchos-de-bolsa-plisada\/","og_site_name":"Altair S.r.l.","article_modified_time":"2024-01-15T11:18:05+00:00","og_image":[{"width":1280,"height":1920,"url":"https:\/\/www.altair-srl.com\/wp-content\/uploads\/2022\/12\/AMP9133.jpg","type":"image\/jpeg"}],"twitter_card":"summary_large_image","twitter_misc":{"Tiempo de lectura":"1 minuto"},"schema":{"@context":"https:\/\/schema.org","@graph":[{"@type":"WebPage","@id":"https:\/\/www.altair-srl.com\/es\/prodotto\/tipo-v-tub-cartuchos-de-bolsa-plisada\/","url":"https:\/\/www.altair-srl.com\/es\/prodotto\/tipo-v-tub-cartuchos-de-bolsa-plisada\/","name":"Tipo V-TUB - Cartuchos de bolsa plisada | Altair S.r.l.","isPartOf":{"@id":"https:\/\/www.altair-srl.com\/es\/#website"},"primaryImageOfPage":{"@id":"https:\/\/www.altair-srl.com\/es\/prodotto\/tipo-v-tub-cartuchos-de-bolsa-plisada\/#primaryimage"},"image":{"@id":"https:\/\/www.altair-srl.com\/es\/prodotto\/tipo-v-tub-cartuchos-de-bolsa-plisada\/#primaryimage"},"thumbnailUrl":"https:\/\/www.altair-srl.com\/wp-content\/uploads\/2022\/12\/AMP9133.jpg","datePublished":"2024-01-15T11:12:38+00:00","dateModified":"2024-01-15T11:18:05+00:00","breadcrumb":{"@id":"https:\/\/www.altair-srl.com\/es\/prodotto\/tipo-v-tub-cartuchos-de-bolsa-plisada\/#breadcrumb"},"inLanguage":"es","potentialAction":[{"@type":"ReadAction","target":["https:\/\/www.altair-srl.com\/es\/prodotto\/tipo-v-tub-cartuchos-de-bolsa-plisada\/"]}]},{"@type":"ImageObject","inLanguage":"es","@id":"https:\/\/www.altair-srl.com\/es\/prodotto\/tipo-v-tub-cartuchos-de-bolsa-plisada\/#primaryimage","url":"https:\/\/www.altair-srl.com\/wp-content\/uploads\/2022\/12\/AMP9133.jpg","contentUrl":"https:\/\/www.altair-srl.com\/wp-content\/uploads\/2022\/12\/AMP9133.jpg","width":1280,"height":1920},{"@type":"BreadcrumbList","@id":"https:\/\/www.altair-srl.com\/es\/prodotto\/tipo-v-tub-cartuchos-de-bolsa-plisada\/#breadcrumb","itemListElement":[{"@type":"ListItem","position":1,"name":"Home","item":"https:\/\/www.altair-srl.com\/es\/"},{"@type":"ListItem","position":2,"name":"Shop","item":"https:\/\/www.altair-srl.com\/negozio\/"},{"@type":"ListItem","position":3,"name":"Tipo V-TUB &#8211; Cartuchos de bolsa plisada"}]},{"@type":"WebSite","@id":"https:\/\/www.altair-srl.com\/es\/#website","url":"https:\/\/www.altair-srl.com\/es\/","name":"Altair S.r.l.","description":"Produzione sistemi di filtrazione e depurazione dell\u2019aria","publisher":{"@id":"https:\/\/www.altair-srl.com\/es\/#organization"},"potentialAction":[{"@type":"SearchAction","target":{"@type":"EntryPoint","urlTemplate":"https:\/\/www.altair-srl.com\/es\/?s={search_term_string}"},"query-input":{"@type":"PropertyValueSpecification","valueRequired":true,"valueName":"search_term_string"}}],"inLanguage":"es"},{"@type":"Organization","@id":"https:\/\/www.altair-srl.com\/es\/#organization","name":"Altair S.r.l.","url":"https:\/\/www.altair-srl.com\/es\/","logo":{"@type":"ImageObject","inLanguage":"es","@id":"https:\/\/www.altair-srl.com\/es\/#\/schema\/logo\/image\/","url":"https:\/\/www.altair-srl.com\/wp-content\/uploads\/2022\/06\/logo.png","contentUrl":"https:\/\/www.altair-srl.com\/wp-content\/uploads\/2022\/06\/logo.png","width":400,"height":184,"caption":"Altair S.r.l."},"image":{"@id":"https:\/\/www.altair-srl.com\/es\/#\/schema\/logo\/image\/"}}]}},"_links":{"self":[{"href":"https:\/\/www.altair-srl.com\/es\/wp-json\/wp\/v2\/product\/5212","targetHints":{"allow":["GET"]}}],"collection":[{"href":"https:\/\/www.altair-srl.com\/es\/wp-json\/wp\/v2\/product"}],"about":[{"href":"https:\/\/www.altair-srl.com\/es\/wp-json\/wp\/v2\/types\/product"}],"wp:featuredmedia":[{"embeddable":true,"href":"https:\/\/www.altair-srl.com\/es\/wp-json\/wp\/v2\/media\/3362"}],"wp:attachment":[{"href":"https:\/\/www.altair-srl.com\/es\/wp-json\/wp\/v2\/media?parent=5212"}],"wp:term":[{"taxonomy":"product_brand","embeddable":true,"href":"https:\/\/www.altair-srl.com\/es\/wp-json\/wp\/v2\/product_brand?post=5212"},{"taxonomy":"product_cat","embeddable":true,"href":"https:\/\/www.altair-srl.com\/es\/wp-json\/wp\/v2\/product_cat?post=5212"},{"taxonomy":"product_tag","embeddable":true,"href":"https:\/\/www.altair-srl.com\/es\/wp-json\/wp\/v2\/product_tag?post=5212"}],"curies":[{"name":"wp","href":"https:\/\/api.w.org\/{rel}","templated":true}]}}