{"id":4065,"date":"2023-02-01T09:32:47","date_gmt":"2023-02-01T09:32:47","guid":{"rendered":"https:\/\/www.altair-srl.com\/prodotto\/manga-abierta-con-solapa-en-un-lado-cerrada-con-fondo-en-el-otro\/"},"modified":"2023-11-27T11:17:30","modified_gmt":"2023-11-27T11:17:30","slug":"manguito-de-anillo-elastico-tipo-d","status":"publish","type":"product","link":"https:\/\/www.altair-srl.com\/es\/prodotto\/manguito-de-anillo-elastico-tipo-d\/","title":{"rendered":"Manguito de anillo el\u00e1stico &#8211; Tipo D"},"content":{"rendered":"<p>Las mangas son elementos, generalmente tubulares, que sirven en la filtraci\u00f3n de polvos en diferentes industrias. Se caracterizan por una fuerte resistencia, larga vida \u00fatil y gran capacidad de filtraci\u00f3n de polvos finos y gruesos. F\u00e1cil de usar y montaje. Pueden tener diferentes di\u00e1metros, longitudes y tipos de fijaci\u00f3n<\/p>\n","protected":false},"excerpt":{"rendered":"<p><strong>FIJACI\u00d3N TIPO D<\/strong><\/p>\n","protected":false},"featured_media":3634,"template":"","meta":[],"product_brand":[],"product_cat":[95],"product_tag":[],"class_list":{"0":"post-4065","1":"product","2":"type-product","3":"status-publish","4":"has-post-thumbnail","6":"product_cat-mangas-y-bolsillos","8":"first","9":"instock","10":"shipping-taxable","11":"product-type-simple"},"yoast_head":"<!-- This site is optimized with the Yoast SEO plugin v27.0 - https:\/\/yoast.com\/product\/yoast-seo-wordpress\/ -->\n<title>Manguito de anillo el\u00e1stico - Tipo D | Altair S.r.l.<\/title>\n<meta name=\"robots\" content=\"index, follow, max-snippet:-1, max-image-preview:large, max-video-preview:-1\" \/>\n<link rel=\"canonical\" href=\"https:\/\/www.altair-srl.com\/es\/prodotto\/manguito-de-anillo-elastico-tipo-d\/\" \/>\n<meta property=\"og:locale\" content=\"es_ES\" \/>\n<meta property=\"og:type\" content=\"article\" \/>\n<meta property=\"og:title\" content=\"Manguito de anillo el\u00e1stico - Tipo D | Altair S.r.l.\" \/>\n<meta property=\"og:description\" content=\"FIJACI\u00d3N TIPO D\" \/>\n<meta property=\"og:url\" content=\"https:\/\/www.altair-srl.com\/es\/prodotto\/manguito-de-anillo-elastico-tipo-d\/\" \/>\n<meta property=\"og:site_name\" content=\"Altair S.r.l.\" \/>\n<meta property=\"article:modified_time\" content=\"2023-11-27T11:17:30+00:00\" \/>\n<meta property=\"og:image\" content=\"https:\/\/www.altair-srl.com\/wp-content\/uploads\/2023\/02\/Bag-123-D-250-Tipo-D-1.jpg\" \/>\n\t<meta property=\"og:image:width\" content=\"1280\" \/>\n\t<meta property=\"og:image:height\" content=\"1920\" \/>\n\t<meta property=\"og:image:type\" content=\"image\/jpeg\" \/>\n<meta name=\"twitter:card\" content=\"summary_large_image\" \/>\n<script type=\"application\/ld+json\" class=\"yoast-schema-graph\">{\"@context\":\"https:\/\/schema.org\",\"@graph\":[{\"@type\":\"WebPage\",\"@id\":\"https:\/\/www.altair-srl.com\/es\/prodotto\/manguito-de-anillo-elastico-tipo-d\/\",\"url\":\"https:\/\/www.altair-srl.com\/es\/prodotto\/manguito-de-anillo-elastico-tipo-d\/\",\"name\":\"Manguito de anillo el\u00e1stico - Tipo D | Altair S.r.l.\",\"isPartOf\":{\"@id\":\"https:\/\/www.altair-srl.com\/es\/#website\"},\"primaryImageOfPage\":{\"@id\":\"https:\/\/www.altair-srl.com\/es\/prodotto\/manguito-de-anillo-elastico-tipo-d\/#primaryimage\"},\"image\":{\"@id\":\"https:\/\/www.altair-srl.com\/es\/prodotto\/manguito-de-anillo-elastico-tipo-d\/#primaryimage\"},\"thumbnailUrl\":\"https:\/\/www.altair-srl.com\/wp-content\/uploads\/2023\/02\/Bag-123-D-250-Tipo-D-1.jpg\",\"datePublished\":\"2023-02-01T09:32:47+00:00\",\"dateModified\":\"2023-11-27T11:17:30+00:00\",\"breadcrumb\":{\"@id\":\"https:\/\/www.altair-srl.com\/es\/prodotto\/manguito-de-anillo-elastico-tipo-d\/#breadcrumb\"},\"inLanguage\":\"es\",\"potentialAction\":[{\"@type\":\"ReadAction\",\"target\":[\"https:\/\/www.altair-srl.com\/es\/prodotto\/manguito-de-anillo-elastico-tipo-d\/\"]}]},{\"@type\":\"ImageObject\",\"inLanguage\":\"es\",\"@id\":\"https:\/\/www.altair-srl.com\/es\/prodotto\/manguito-de-anillo-elastico-tipo-d\/#primaryimage\",\"url\":\"https:\/\/www.altair-srl.com\/wp-content\/uploads\/2023\/02\/Bag-123-D-250-Tipo-D-1.jpg\",\"contentUrl\":\"https:\/\/www.altair-srl.com\/wp-content\/uploads\/2023\/02\/Bag-123-D-250-Tipo-D-1.jpg\",\"width\":1280,\"height\":1920},{\"@type\":\"BreadcrumbList\",\"@id\":\"https:\/\/www.altair-srl.com\/es\/prodotto\/manguito-de-anillo-elastico-tipo-d\/#breadcrumb\",\"itemListElement\":[{\"@type\":\"ListItem\",\"position\":1,\"name\":\"Home\",\"item\":\"https:\/\/www.altair-srl.com\/es\/\"},{\"@type\":\"ListItem\",\"position\":2,\"name\":\"Shop\",\"item\":\"https:\/\/www.altair-srl.com\/negozio\/\"},{\"@type\":\"ListItem\",\"position\":3,\"name\":\"Manguito de anillo el\u00e1stico &#8211; Tipo D\"}]},{\"@type\":\"WebSite\",\"@id\":\"https:\/\/www.altair-srl.com\/es\/#website\",\"url\":\"https:\/\/www.altair-srl.com\/es\/\",\"name\":\"Altair S.r.l.\",\"description\":\"Produzione sistemi di filtrazione e depurazione dell\u2019aria\",\"publisher\":{\"@id\":\"https:\/\/www.altair-srl.com\/es\/#organization\"},\"potentialAction\":[{\"@type\":\"SearchAction\",\"target\":{\"@type\":\"EntryPoint\",\"urlTemplate\":\"https:\/\/www.altair-srl.com\/es\/?s={search_term_string}\"},\"query-input\":{\"@type\":\"PropertyValueSpecification\",\"valueRequired\":true,\"valueName\":\"search_term_string\"}}],\"inLanguage\":\"es\"},{\"@type\":\"Organization\",\"@id\":\"https:\/\/www.altair-srl.com\/es\/#organization\",\"name\":\"Altair S.r.l.\",\"url\":\"https:\/\/www.altair-srl.com\/es\/\",\"logo\":{\"@type\":\"ImageObject\",\"inLanguage\":\"es\",\"@id\":\"https:\/\/www.altair-srl.com\/es\/#\/schema\/logo\/image\/\",\"url\":\"https:\/\/www.altair-srl.com\/wp-content\/uploads\/2022\/06\/logo.png\",\"contentUrl\":\"https:\/\/www.altair-srl.com\/wp-content\/uploads\/2022\/06\/logo.png\",\"width\":400,\"height\":184,\"caption\":\"Altair S.r.l.\"},\"image\":{\"@id\":\"https:\/\/www.altair-srl.com\/es\/#\/schema\/logo\/image\/\"}}]}<\/script>\n<!-- \/ Yoast SEO plugin. -->","yoast_head_json":{"title":"Manguito de anillo el\u00e1stico - Tipo D | Altair S.r.l.","robots":{"index":"index","follow":"follow","max-snippet":"max-snippet:-1","max-image-preview":"max-image-preview:large","max-video-preview":"max-video-preview:-1"},"canonical":"https:\/\/www.altair-srl.com\/es\/prodotto\/manguito-de-anillo-elastico-tipo-d\/","og_locale":"es_ES","og_type":"article","og_title":"Manguito de anillo el\u00e1stico - Tipo D | Altair S.r.l.","og_description":"FIJACI\u00d3N TIPO D","og_url":"https:\/\/www.altair-srl.com\/es\/prodotto\/manguito-de-anillo-elastico-tipo-d\/","og_site_name":"Altair S.r.l.","article_modified_time":"2023-11-27T11:17:30+00:00","og_image":[{"width":1280,"height":1920,"url":"https:\/\/www.altair-srl.com\/wp-content\/uploads\/2023\/02\/Bag-123-D-250-Tipo-D-1.jpg","type":"image\/jpeg"}],"twitter_card":"summary_large_image","schema":{"@context":"https:\/\/schema.org","@graph":[{"@type":"WebPage","@id":"https:\/\/www.altair-srl.com\/es\/prodotto\/manguito-de-anillo-elastico-tipo-d\/","url":"https:\/\/www.altair-srl.com\/es\/prodotto\/manguito-de-anillo-elastico-tipo-d\/","name":"Manguito de anillo el\u00e1stico - Tipo D | Altair S.r.l.","isPartOf":{"@id":"https:\/\/www.altair-srl.com\/es\/#website"},"primaryImageOfPage":{"@id":"https:\/\/www.altair-srl.com\/es\/prodotto\/manguito-de-anillo-elastico-tipo-d\/#primaryimage"},"image":{"@id":"https:\/\/www.altair-srl.com\/es\/prodotto\/manguito-de-anillo-elastico-tipo-d\/#primaryimage"},"thumbnailUrl":"https:\/\/www.altair-srl.com\/wp-content\/uploads\/2023\/02\/Bag-123-D-250-Tipo-D-1.jpg","datePublished":"2023-02-01T09:32:47+00:00","dateModified":"2023-11-27T11:17:30+00:00","breadcrumb":{"@id":"https:\/\/www.altair-srl.com\/es\/prodotto\/manguito-de-anillo-elastico-tipo-d\/#breadcrumb"},"inLanguage":"es","potentialAction":[{"@type":"ReadAction","target":["https:\/\/www.altair-srl.com\/es\/prodotto\/manguito-de-anillo-elastico-tipo-d\/"]}]},{"@type":"ImageObject","inLanguage":"es","@id":"https:\/\/www.altair-srl.com\/es\/prodotto\/manguito-de-anillo-elastico-tipo-d\/#primaryimage","url":"https:\/\/www.altair-srl.com\/wp-content\/uploads\/2023\/02\/Bag-123-D-250-Tipo-D-1.jpg","contentUrl":"https:\/\/www.altair-srl.com\/wp-content\/uploads\/2023\/02\/Bag-123-D-250-Tipo-D-1.jpg","width":1280,"height":1920},{"@type":"BreadcrumbList","@id":"https:\/\/www.altair-srl.com\/es\/prodotto\/manguito-de-anillo-elastico-tipo-d\/#breadcrumb","itemListElement":[{"@type":"ListItem","position":1,"name":"Home","item":"https:\/\/www.altair-srl.com\/es\/"},{"@type":"ListItem","position":2,"name":"Shop","item":"https:\/\/www.altair-srl.com\/negozio\/"},{"@type":"ListItem","position":3,"name":"Manguito de anillo el\u00e1stico &#8211; Tipo D"}]},{"@type":"WebSite","@id":"https:\/\/www.altair-srl.com\/es\/#website","url":"https:\/\/www.altair-srl.com\/es\/","name":"Altair S.r.l.","description":"Produzione sistemi di filtrazione e depurazione dell\u2019aria","publisher":{"@id":"https:\/\/www.altair-srl.com\/es\/#organization"},"potentialAction":[{"@type":"SearchAction","target":{"@type":"EntryPoint","urlTemplate":"https:\/\/www.altair-srl.com\/es\/?s={search_term_string}"},"query-input":{"@type":"PropertyValueSpecification","valueRequired":true,"valueName":"search_term_string"}}],"inLanguage":"es"},{"@type":"Organization","@id":"https:\/\/www.altair-srl.com\/es\/#organization","name":"Altair S.r.l.","url":"https:\/\/www.altair-srl.com\/es\/","logo":{"@type":"ImageObject","inLanguage":"es","@id":"https:\/\/www.altair-srl.com\/es\/#\/schema\/logo\/image\/","url":"https:\/\/www.altair-srl.com\/wp-content\/uploads\/2022\/06\/logo.png","contentUrl":"https:\/\/www.altair-srl.com\/wp-content\/uploads\/2022\/06\/logo.png","width":400,"height":184,"caption":"Altair S.r.l."},"image":{"@id":"https:\/\/www.altair-srl.com\/es\/#\/schema\/logo\/image\/"}}]}},"_links":{"self":[{"href":"https:\/\/www.altair-srl.com\/es\/wp-json\/wp\/v2\/product\/4065","targetHints":{"allow":["GET"]}}],"collection":[{"href":"https:\/\/www.altair-srl.com\/es\/wp-json\/wp\/v2\/product"}],"about":[{"href":"https:\/\/www.altair-srl.com\/es\/wp-json\/wp\/v2\/types\/product"}],"wp:featuredmedia":[{"embeddable":true,"href":"https:\/\/www.altair-srl.com\/es\/wp-json\/wp\/v2\/media\/3634"}],"wp:attachment":[{"href":"https:\/\/www.altair-srl.com\/es\/wp-json\/wp\/v2\/media?parent=4065"}],"wp:term":[{"taxonomy":"product_brand","embeddable":true,"href":"https:\/\/www.altair-srl.com\/es\/wp-json\/wp\/v2\/product_brand?post=4065"},{"taxonomy":"product_cat","embeddable":true,"href":"https:\/\/www.altair-srl.com\/es\/wp-json\/wp\/v2\/product_cat?post=4065"},{"taxonomy":"product_tag","embeddable":true,"href":"https:\/\/www.altair-srl.com\/es\/wp-json\/wp\/v2\/product_tag?post=4065"}],"curies":[{"name":"wp","href":"https:\/\/api.w.org\/{rel}","templated":true}]}}