{"id":3992,"date":"2023-01-13T14:28:41","date_gmt":"2023-01-13T14:28:41","guid":{"rendered":"https:\/\/www.altair-srl.com\/prodotto\/cartucho-food\/"},"modified":"2023-12-05T11:07:26","modified_gmt":"2023-12-05T11:07:26","slug":"cartucce-ad-uso-alimentare","status":"publish","type":"product","link":"https:\/\/www.altair-srl.com\/es\/prodotto\/cartucce-ad-uso-alimentare\/","title":{"rendered":"Alimentaci\u00f3n"},"content":{"rendered":"<p>Los elementos filtrantes de la serie Altair Food est\u00e1n especialmente dise\u00f1ados para su uso en la producci\u00f3n y procesamiento de productos alimentarios, es decir, donde se requieren los m\u00e1s altos niveles de limpieza.<\/p>\n<p>En la industria alimentaria, es necesario garantizar que ninguna sustancia externa contamine los productos destinados al consumo. Para garantizar este grado de pureza, los elementos filtrantes Altair est\u00e1n certificados seg\u00fan la normativa vigente:<\/p>\n<ul>\n<li>REG (CE) 1935\/2004<\/li>\n<li>REG (CE) 2023\/2006<\/li>\n<li>REG (UE) 10\/2011<\/li>\n<li>FDA 21 CFR de los Estados Unidos<\/li>\n<\/ul>\n<p>Los sectores industriales m\u00e1s utilizados son los siguientes: molienda, mezcla, llenado, envasado, transporte neum\u00e1tico y filtraci\u00f3n de materias primas como el trigo, la harina, el caf\u00e9 y el az\u00facar.<\/p>\n","protected":false},"excerpt":{"rendered":"<p>Los elementos filtrantes de la serie Altair Food est\u00e1n especialmente dise\u00f1ados para su uso en la producci\u00f3n y procesamiento de productos alimentarios, es decir, donde se requieren los m\u00e1s altos&#8230;<\/p>\n","protected":false},"featured_media":3366,"template":"","meta":[],"product_brand":[],"product_cat":[86],"product_tag":[],"class_list":{"0":"post-3992","1":"product","2":"type-product","3":"status-publish","4":"has-post-thumbnail","6":"product_cat-cartuchos-y-paneles","8":"first","9":"instock","10":"shipping-taxable","11":"product-type-simple"},"yoast_head":"<!-- This site is optimized with the Yoast SEO plugin v27.0 - https:\/\/yoast.com\/product\/yoast-seo-wordpress\/ -->\n<title>Alimentaci\u00f3n | Altair S.r.l.<\/title>\n<meta name=\"robots\" content=\"index, follow, max-snippet:-1, max-image-preview:large, max-video-preview:-1\" \/>\n<link rel=\"canonical\" href=\"https:\/\/www.altair-srl.com\/es\/prodotto\/cartucce-ad-uso-alimentare\/\" \/>\n<meta property=\"og:locale\" content=\"es_ES\" \/>\n<meta property=\"og:type\" content=\"article\" \/>\n<meta property=\"og:title\" content=\"Alimentaci\u00f3n | Altair S.r.l.\" \/>\n<meta property=\"og:description\" content=\"Los elementos filtrantes de la serie Altair Food est\u00e1n especialmente dise\u00f1ados para su uso en la producci\u00f3n y procesamiento de productos alimentarios, es decir, donde se requieren los m\u00e1s altos...\" \/>\n<meta property=\"og:url\" content=\"https:\/\/www.altair-srl.com\/es\/prodotto\/cartucce-ad-uso-alimentare\/\" \/>\n<meta property=\"og:site_name\" content=\"Altair S.r.l.\" \/>\n<meta property=\"article:modified_time\" content=\"2023-12-05T11:07:26+00:00\" \/>\n<meta property=\"og:image\" content=\"https:\/\/www.altair-srl.com\/wp-content\/uploads\/2023\/01\/AMP9029.jpg\" \/>\n\t<meta property=\"og:image:width\" content=\"1280\" \/>\n\t<meta property=\"og:image:height\" content=\"1920\" \/>\n\t<meta property=\"og:image:type\" content=\"image\/jpeg\" \/>\n<meta name=\"twitter:card\" content=\"summary_large_image\" \/>\n<meta name=\"twitter:label1\" content=\"Tiempo de lectura\" \/>\n\t<meta name=\"twitter:data1\" content=\"1 minuto\" \/>\n<script type=\"application\/ld+json\" class=\"yoast-schema-graph\">{\"@context\":\"https:\/\/schema.org\",\"@graph\":[{\"@type\":\"WebPage\",\"@id\":\"https:\/\/www.altair-srl.com\/es\/prodotto\/cartucce-ad-uso-alimentare\/\",\"url\":\"https:\/\/www.altair-srl.com\/es\/prodotto\/cartucce-ad-uso-alimentare\/\",\"name\":\"Alimentaci\u00f3n | Altair S.r.l.\",\"isPartOf\":{\"@id\":\"https:\/\/www.altair-srl.com\/es\/#website\"},\"primaryImageOfPage\":{\"@id\":\"https:\/\/www.altair-srl.com\/es\/prodotto\/cartucce-ad-uso-alimentare\/#primaryimage\"},\"image\":{\"@id\":\"https:\/\/www.altair-srl.com\/es\/prodotto\/cartucce-ad-uso-alimentare\/#primaryimage\"},\"thumbnailUrl\":\"https:\/\/www.altair-srl.com\/wp-content\/uploads\/2023\/01\/AMP9029.jpg\",\"datePublished\":\"2023-01-13T14:28:41+00:00\",\"dateModified\":\"2023-12-05T11:07:26+00:00\",\"breadcrumb\":{\"@id\":\"https:\/\/www.altair-srl.com\/es\/prodotto\/cartucce-ad-uso-alimentare\/#breadcrumb\"},\"inLanguage\":\"es\",\"potentialAction\":[{\"@type\":\"ReadAction\",\"target\":[\"https:\/\/www.altair-srl.com\/es\/prodotto\/cartucce-ad-uso-alimentare\/\"]}]},{\"@type\":\"ImageObject\",\"inLanguage\":\"es\",\"@id\":\"https:\/\/www.altair-srl.com\/es\/prodotto\/cartucce-ad-uso-alimentare\/#primaryimage\",\"url\":\"https:\/\/www.altair-srl.com\/wp-content\/uploads\/2023\/01\/AMP9029.jpg\",\"contentUrl\":\"https:\/\/www.altair-srl.com\/wp-content\/uploads\/2023\/01\/AMP9029.jpg\",\"width\":1280,\"height\":1920},{\"@type\":\"BreadcrumbList\",\"@id\":\"https:\/\/www.altair-srl.com\/es\/prodotto\/cartucce-ad-uso-alimentare\/#breadcrumb\",\"itemListElement\":[{\"@type\":\"ListItem\",\"position\":1,\"name\":\"Home\",\"item\":\"https:\/\/www.altair-srl.com\/es\/\"},{\"@type\":\"ListItem\",\"position\":2,\"name\":\"Shop\",\"item\":\"https:\/\/www.altair-srl.com\/negozio\/\"},{\"@type\":\"ListItem\",\"position\":3,\"name\":\"Alimentaci\u00f3n\"}]},{\"@type\":\"WebSite\",\"@id\":\"https:\/\/www.altair-srl.com\/es\/#website\",\"url\":\"https:\/\/www.altair-srl.com\/es\/\",\"name\":\"Altair S.r.l.\",\"description\":\"Produzione sistemi di filtrazione e depurazione dell\u2019aria\",\"publisher\":{\"@id\":\"https:\/\/www.altair-srl.com\/es\/#organization\"},\"potentialAction\":[{\"@type\":\"SearchAction\",\"target\":{\"@type\":\"EntryPoint\",\"urlTemplate\":\"https:\/\/www.altair-srl.com\/es\/?s={search_term_string}\"},\"query-input\":{\"@type\":\"PropertyValueSpecification\",\"valueRequired\":true,\"valueName\":\"search_term_string\"}}],\"inLanguage\":\"es\"},{\"@type\":\"Organization\",\"@id\":\"https:\/\/www.altair-srl.com\/es\/#organization\",\"name\":\"Altair S.r.l.\",\"url\":\"https:\/\/www.altair-srl.com\/es\/\",\"logo\":{\"@type\":\"ImageObject\",\"inLanguage\":\"es\",\"@id\":\"https:\/\/www.altair-srl.com\/es\/#\/schema\/logo\/image\/\",\"url\":\"https:\/\/www.altair-srl.com\/wp-content\/uploads\/2022\/06\/logo.png\",\"contentUrl\":\"https:\/\/www.altair-srl.com\/wp-content\/uploads\/2022\/06\/logo.png\",\"width\":400,\"height\":184,\"caption\":\"Altair S.r.l.\"},\"image\":{\"@id\":\"https:\/\/www.altair-srl.com\/es\/#\/schema\/logo\/image\/\"}}]}<\/script>\n<!-- \/ Yoast SEO plugin. -->","yoast_head_json":{"title":"Alimentaci\u00f3n | Altair S.r.l.","robots":{"index":"index","follow":"follow","max-snippet":"max-snippet:-1","max-image-preview":"max-image-preview:large","max-video-preview":"max-video-preview:-1"},"canonical":"https:\/\/www.altair-srl.com\/es\/prodotto\/cartucce-ad-uso-alimentare\/","og_locale":"es_ES","og_type":"article","og_title":"Alimentaci\u00f3n | Altair S.r.l.","og_description":"Los elementos filtrantes de la serie Altair Food est\u00e1n especialmente dise\u00f1ados para su uso en la producci\u00f3n y procesamiento de productos alimentarios, es decir, donde se requieren los m\u00e1s altos...","og_url":"https:\/\/www.altair-srl.com\/es\/prodotto\/cartucce-ad-uso-alimentare\/","og_site_name":"Altair S.r.l.","article_modified_time":"2023-12-05T11:07:26+00:00","og_image":[{"width":1280,"height":1920,"url":"https:\/\/www.altair-srl.com\/wp-content\/uploads\/2023\/01\/AMP9029.jpg","type":"image\/jpeg"}],"twitter_card":"summary_large_image","twitter_misc":{"Tiempo de lectura":"1 minuto"},"schema":{"@context":"https:\/\/schema.org","@graph":[{"@type":"WebPage","@id":"https:\/\/www.altair-srl.com\/es\/prodotto\/cartucce-ad-uso-alimentare\/","url":"https:\/\/www.altair-srl.com\/es\/prodotto\/cartucce-ad-uso-alimentare\/","name":"Alimentaci\u00f3n | Altair S.r.l.","isPartOf":{"@id":"https:\/\/www.altair-srl.com\/es\/#website"},"primaryImageOfPage":{"@id":"https:\/\/www.altair-srl.com\/es\/prodotto\/cartucce-ad-uso-alimentare\/#primaryimage"},"image":{"@id":"https:\/\/www.altair-srl.com\/es\/prodotto\/cartucce-ad-uso-alimentare\/#primaryimage"},"thumbnailUrl":"https:\/\/www.altair-srl.com\/wp-content\/uploads\/2023\/01\/AMP9029.jpg","datePublished":"2023-01-13T14:28:41+00:00","dateModified":"2023-12-05T11:07:26+00:00","breadcrumb":{"@id":"https:\/\/www.altair-srl.com\/es\/prodotto\/cartucce-ad-uso-alimentare\/#breadcrumb"},"inLanguage":"es","potentialAction":[{"@type":"ReadAction","target":["https:\/\/www.altair-srl.com\/es\/prodotto\/cartucce-ad-uso-alimentare\/"]}]},{"@type":"ImageObject","inLanguage":"es","@id":"https:\/\/www.altair-srl.com\/es\/prodotto\/cartucce-ad-uso-alimentare\/#primaryimage","url":"https:\/\/www.altair-srl.com\/wp-content\/uploads\/2023\/01\/AMP9029.jpg","contentUrl":"https:\/\/www.altair-srl.com\/wp-content\/uploads\/2023\/01\/AMP9029.jpg","width":1280,"height":1920},{"@type":"BreadcrumbList","@id":"https:\/\/www.altair-srl.com\/es\/prodotto\/cartucce-ad-uso-alimentare\/#breadcrumb","itemListElement":[{"@type":"ListItem","position":1,"name":"Home","item":"https:\/\/www.altair-srl.com\/es\/"},{"@type":"ListItem","position":2,"name":"Shop","item":"https:\/\/www.altair-srl.com\/negozio\/"},{"@type":"ListItem","position":3,"name":"Alimentaci\u00f3n"}]},{"@type":"WebSite","@id":"https:\/\/www.altair-srl.com\/es\/#website","url":"https:\/\/www.altair-srl.com\/es\/","name":"Altair S.r.l.","description":"Produzione sistemi di filtrazione e depurazione dell\u2019aria","publisher":{"@id":"https:\/\/www.altair-srl.com\/es\/#organization"},"potentialAction":[{"@type":"SearchAction","target":{"@type":"EntryPoint","urlTemplate":"https:\/\/www.altair-srl.com\/es\/?s={search_term_string}"},"query-input":{"@type":"PropertyValueSpecification","valueRequired":true,"valueName":"search_term_string"}}],"inLanguage":"es"},{"@type":"Organization","@id":"https:\/\/www.altair-srl.com\/es\/#organization","name":"Altair S.r.l.","url":"https:\/\/www.altair-srl.com\/es\/","logo":{"@type":"ImageObject","inLanguage":"es","@id":"https:\/\/www.altair-srl.com\/es\/#\/schema\/logo\/image\/","url":"https:\/\/www.altair-srl.com\/wp-content\/uploads\/2022\/06\/logo.png","contentUrl":"https:\/\/www.altair-srl.com\/wp-content\/uploads\/2022\/06\/logo.png","width":400,"height":184,"caption":"Altair S.r.l."},"image":{"@id":"https:\/\/www.altair-srl.com\/es\/#\/schema\/logo\/image\/"}}]}},"_links":{"self":[{"href":"https:\/\/www.altair-srl.com\/es\/wp-json\/wp\/v2\/product\/3992","targetHints":{"allow":["GET"]}}],"collection":[{"href":"https:\/\/www.altair-srl.com\/es\/wp-json\/wp\/v2\/product"}],"about":[{"href":"https:\/\/www.altair-srl.com\/es\/wp-json\/wp\/v2\/types\/product"}],"wp:featuredmedia":[{"embeddable":true,"href":"https:\/\/www.altair-srl.com\/es\/wp-json\/wp\/v2\/media\/3366"}],"wp:attachment":[{"href":"https:\/\/www.altair-srl.com\/es\/wp-json\/wp\/v2\/media?parent=3992"}],"wp:term":[{"taxonomy":"product_brand","embeddable":true,"href":"https:\/\/www.altair-srl.com\/es\/wp-json\/wp\/v2\/product_brand?post=3992"},{"taxonomy":"product_cat","embeddable":true,"href":"https:\/\/www.altair-srl.com\/es\/wp-json\/wp\/v2\/product_cat?post=3992"},{"taxonomy":"product_tag","embeddable":true,"href":"https:\/\/www.altair-srl.com\/es\/wp-json\/wp\/v2\/product_tag?post=3992"}],"curies":[{"name":"wp","href":"https:\/\/api.w.org\/{rel}","templated":true}]}}