{"id":3979,"date":"2023-02-24T16:45:04","date_gmt":"2023-02-24T16:45:04","guid":{"rendered":"https:\/\/www.altair-srl.com\/prodotto\/cartuchos-especiales-2m-25m-3m\/"},"modified":"2023-09-20T12:40:27","modified_gmt":"2023-09-20T12:40:27","slug":"cartuchos-especiales-2m-25m-3m","status":"publish","type":"product","link":"https:\/\/www.altair-srl.com\/es\/prodotto\/cartuchos-especiales-2m-25m-3m\/","title":{"rendered":"Cartuchos especiales 2M, 2,5M, 3M"},"content":{"rendered":"<p>Los cartuchos filtrantes son la soluci\u00f3n ideal para la filtraci\u00f3n de polvos secos en las plantas de reducci\u00f3n de polvo. Lavables y reutilizables en la mayor\u00eda de las aplicaciones, los cartuchos filtrantes tienen una superficie filtrante m\u00e1s amplia que los filtros de mangas tradicionales y una eliminaci\u00f3n m\u00e1s eficiente de part\u00edculas con p\u00e9rdidas de carga m\u00ednimas; son f\u00e1ciles de instalar y reemplazar y requieren un bajo consumo de aire comprimido para la limpieza. Los materiales filtrantes utilizados para la fabricaci\u00f3n de los cartuchos de filtro son principalmente poli\u00e9ster tejido no tejido, poli\u00e9ster aluminizado antiest\u00e1tico, poli\u00e9ster repelente al agua aceite, poli\u00e9ster teflonato, polipropileno y celulosa.<\/p>\n","protected":false},"excerpt":{"rendered":"<p><strong>CARTUCCE DA 2M, 2,5M, 3M<\/strong><\/p>\n","protected":false},"featured_media":3646,"template":"","meta":[],"product_brand":[],"product_cat":[86],"product_tag":[],"class_list":{"0":"post-3979","1":"product","2":"type-product","3":"status-publish","4":"has-post-thumbnail","6":"product_cat-cartuchos-y-paneles","8":"first","9":"instock","10":"shipping-taxable","11":"product-type-simple"},"yoast_head":"<!-- This site is optimized with the Yoast SEO plugin v27.0 - https:\/\/yoast.com\/product\/yoast-seo-wordpress\/ -->\n<title>Cartuchos especiales 2M, 2,5M, 3M | Altair S.r.l.<\/title>\n<meta name=\"robots\" content=\"index, follow, max-snippet:-1, max-image-preview:large, max-video-preview:-1\" \/>\n<link rel=\"canonical\" href=\"https:\/\/www.altair-srl.com\/es\/prodotto\/cartuchos-especiales-2m-25m-3m\/\" \/>\n<meta property=\"og:locale\" content=\"es_ES\" \/>\n<meta property=\"og:type\" content=\"article\" \/>\n<meta property=\"og:title\" content=\"Cartuchos especiales 2M, 2,5M, 3M | Altair S.r.l.\" \/>\n<meta property=\"og:description\" content=\"CARTUCCE DA 2M, 2,5M, 3M\" \/>\n<meta property=\"og:url\" content=\"https:\/\/www.altair-srl.com\/es\/prodotto\/cartuchos-especiales-2m-25m-3m\/\" \/>\n<meta property=\"og:site_name\" content=\"Altair S.r.l.\" \/>\n<meta property=\"article:modified_time\" content=\"2023-09-20T12:40:27+00:00\" \/>\n<meta property=\"og:image\" content=\"https:\/\/www.altair-srl.com\/wp-content\/uploads\/2023\/02\/FOTO-RICHIEDI-PREVENTIVO.jpg\" \/>\n\t<meta property=\"og:image:width\" content=\"1280\" \/>\n\t<meta property=\"og:image:height\" content=\"1920\" \/>\n\t<meta property=\"og:image:type\" content=\"image\/jpeg\" \/>\n<meta name=\"twitter:card\" content=\"summary_large_image\" \/>\n<meta name=\"twitter:label1\" content=\"Tiempo de lectura\" \/>\n\t<meta name=\"twitter:data1\" content=\"1 minuto\" \/>\n<script type=\"application\/ld+json\" class=\"yoast-schema-graph\">{\"@context\":\"https:\/\/schema.org\",\"@graph\":[{\"@type\":\"WebPage\",\"@id\":\"https:\/\/www.altair-srl.com\/es\/prodotto\/cartuchos-especiales-2m-25m-3m\/\",\"url\":\"https:\/\/www.altair-srl.com\/es\/prodotto\/cartuchos-especiales-2m-25m-3m\/\",\"name\":\"Cartuchos especiales 2M, 2,5M, 3M | Altair S.r.l.\",\"isPartOf\":{\"@id\":\"https:\/\/www.altair-srl.com\/es\/#website\"},\"primaryImageOfPage\":{\"@id\":\"https:\/\/www.altair-srl.com\/es\/prodotto\/cartuchos-especiales-2m-25m-3m\/#primaryimage\"},\"image\":{\"@id\":\"https:\/\/www.altair-srl.com\/es\/prodotto\/cartuchos-especiales-2m-25m-3m\/#primaryimage\"},\"thumbnailUrl\":\"https:\/\/www.altair-srl.com\/wp-content\/uploads\/2023\/02\/FOTO-RICHIEDI-PREVENTIVO.jpg\",\"datePublished\":\"2023-02-24T16:45:04+00:00\",\"dateModified\":\"2023-09-20T12:40:27+00:00\",\"breadcrumb\":{\"@id\":\"https:\/\/www.altair-srl.com\/es\/prodotto\/cartuchos-especiales-2m-25m-3m\/#breadcrumb\"},\"inLanguage\":\"es\",\"potentialAction\":[{\"@type\":\"ReadAction\",\"target\":[\"https:\/\/www.altair-srl.com\/es\/prodotto\/cartuchos-especiales-2m-25m-3m\/\"]}]},{\"@type\":\"ImageObject\",\"inLanguage\":\"es\",\"@id\":\"https:\/\/www.altair-srl.com\/es\/prodotto\/cartuchos-especiales-2m-25m-3m\/#primaryimage\",\"url\":\"https:\/\/www.altair-srl.com\/wp-content\/uploads\/2023\/02\/FOTO-RICHIEDI-PREVENTIVO.jpg\",\"contentUrl\":\"https:\/\/www.altair-srl.com\/wp-content\/uploads\/2023\/02\/FOTO-RICHIEDI-PREVENTIVO.jpg\",\"width\":1280,\"height\":1920},{\"@type\":\"BreadcrumbList\",\"@id\":\"https:\/\/www.altair-srl.com\/es\/prodotto\/cartuchos-especiales-2m-25m-3m\/#breadcrumb\",\"itemListElement\":[{\"@type\":\"ListItem\",\"position\":1,\"name\":\"Home\",\"item\":\"https:\/\/www.altair-srl.com\/es\/\"},{\"@type\":\"ListItem\",\"position\":2,\"name\":\"Shop\",\"item\":\"https:\/\/www.altair-srl.com\/negozio\/\"},{\"@type\":\"ListItem\",\"position\":3,\"name\":\"Cartuchos especiales 2M, 2,5M, 3M\"}]},{\"@type\":\"WebSite\",\"@id\":\"https:\/\/www.altair-srl.com\/es\/#website\",\"url\":\"https:\/\/www.altair-srl.com\/es\/\",\"name\":\"Altair S.r.l.\",\"description\":\"Produzione sistemi di filtrazione e depurazione dell\u2019aria\",\"publisher\":{\"@id\":\"https:\/\/www.altair-srl.com\/es\/#organization\"},\"potentialAction\":[{\"@type\":\"SearchAction\",\"target\":{\"@type\":\"EntryPoint\",\"urlTemplate\":\"https:\/\/www.altair-srl.com\/es\/?s={search_term_string}\"},\"query-input\":{\"@type\":\"PropertyValueSpecification\",\"valueRequired\":true,\"valueName\":\"search_term_string\"}}],\"inLanguage\":\"es\"},{\"@type\":\"Organization\",\"@id\":\"https:\/\/www.altair-srl.com\/es\/#organization\",\"name\":\"Altair S.r.l.\",\"url\":\"https:\/\/www.altair-srl.com\/es\/\",\"logo\":{\"@type\":\"ImageObject\",\"inLanguage\":\"es\",\"@id\":\"https:\/\/www.altair-srl.com\/es\/#\/schema\/logo\/image\/\",\"url\":\"https:\/\/www.altair-srl.com\/wp-content\/uploads\/2022\/06\/logo.png\",\"contentUrl\":\"https:\/\/www.altair-srl.com\/wp-content\/uploads\/2022\/06\/logo.png\",\"width\":400,\"height\":184,\"caption\":\"Altair S.r.l.\"},\"image\":{\"@id\":\"https:\/\/www.altair-srl.com\/es\/#\/schema\/logo\/image\/\"}}]}<\/script>\n<!-- \/ Yoast SEO plugin. -->","yoast_head_json":{"title":"Cartuchos especiales 2M, 2,5M, 3M | Altair S.r.l.","robots":{"index":"index","follow":"follow","max-snippet":"max-snippet:-1","max-image-preview":"max-image-preview:large","max-video-preview":"max-video-preview:-1"},"canonical":"https:\/\/www.altair-srl.com\/es\/prodotto\/cartuchos-especiales-2m-25m-3m\/","og_locale":"es_ES","og_type":"article","og_title":"Cartuchos especiales 2M, 2,5M, 3M | Altair S.r.l.","og_description":"CARTUCCE DA 2M, 2,5M, 3M","og_url":"https:\/\/www.altair-srl.com\/es\/prodotto\/cartuchos-especiales-2m-25m-3m\/","og_site_name":"Altair S.r.l.","article_modified_time":"2023-09-20T12:40:27+00:00","og_image":[{"width":1280,"height":1920,"url":"https:\/\/www.altair-srl.com\/wp-content\/uploads\/2023\/02\/FOTO-RICHIEDI-PREVENTIVO.jpg","type":"image\/jpeg"}],"twitter_card":"summary_large_image","twitter_misc":{"Tiempo de lectura":"1 minuto"},"schema":{"@context":"https:\/\/schema.org","@graph":[{"@type":"WebPage","@id":"https:\/\/www.altair-srl.com\/es\/prodotto\/cartuchos-especiales-2m-25m-3m\/","url":"https:\/\/www.altair-srl.com\/es\/prodotto\/cartuchos-especiales-2m-25m-3m\/","name":"Cartuchos especiales 2M, 2,5M, 3M | Altair S.r.l.","isPartOf":{"@id":"https:\/\/www.altair-srl.com\/es\/#website"},"primaryImageOfPage":{"@id":"https:\/\/www.altair-srl.com\/es\/prodotto\/cartuchos-especiales-2m-25m-3m\/#primaryimage"},"image":{"@id":"https:\/\/www.altair-srl.com\/es\/prodotto\/cartuchos-especiales-2m-25m-3m\/#primaryimage"},"thumbnailUrl":"https:\/\/www.altair-srl.com\/wp-content\/uploads\/2023\/02\/FOTO-RICHIEDI-PREVENTIVO.jpg","datePublished":"2023-02-24T16:45:04+00:00","dateModified":"2023-09-20T12:40:27+00:00","breadcrumb":{"@id":"https:\/\/www.altair-srl.com\/es\/prodotto\/cartuchos-especiales-2m-25m-3m\/#breadcrumb"},"inLanguage":"es","potentialAction":[{"@type":"ReadAction","target":["https:\/\/www.altair-srl.com\/es\/prodotto\/cartuchos-especiales-2m-25m-3m\/"]}]},{"@type":"ImageObject","inLanguage":"es","@id":"https:\/\/www.altair-srl.com\/es\/prodotto\/cartuchos-especiales-2m-25m-3m\/#primaryimage","url":"https:\/\/www.altair-srl.com\/wp-content\/uploads\/2023\/02\/FOTO-RICHIEDI-PREVENTIVO.jpg","contentUrl":"https:\/\/www.altair-srl.com\/wp-content\/uploads\/2023\/02\/FOTO-RICHIEDI-PREVENTIVO.jpg","width":1280,"height":1920},{"@type":"BreadcrumbList","@id":"https:\/\/www.altair-srl.com\/es\/prodotto\/cartuchos-especiales-2m-25m-3m\/#breadcrumb","itemListElement":[{"@type":"ListItem","position":1,"name":"Home","item":"https:\/\/www.altair-srl.com\/es\/"},{"@type":"ListItem","position":2,"name":"Shop","item":"https:\/\/www.altair-srl.com\/negozio\/"},{"@type":"ListItem","position":3,"name":"Cartuchos especiales 2M, 2,5M, 3M"}]},{"@type":"WebSite","@id":"https:\/\/www.altair-srl.com\/es\/#website","url":"https:\/\/www.altair-srl.com\/es\/","name":"Altair S.r.l.","description":"Produzione sistemi di filtrazione e depurazione dell\u2019aria","publisher":{"@id":"https:\/\/www.altair-srl.com\/es\/#organization"},"potentialAction":[{"@type":"SearchAction","target":{"@type":"EntryPoint","urlTemplate":"https:\/\/www.altair-srl.com\/es\/?s={search_term_string}"},"query-input":{"@type":"PropertyValueSpecification","valueRequired":true,"valueName":"search_term_string"}}],"inLanguage":"es"},{"@type":"Organization","@id":"https:\/\/www.altair-srl.com\/es\/#organization","name":"Altair S.r.l.","url":"https:\/\/www.altair-srl.com\/es\/","logo":{"@type":"ImageObject","inLanguage":"es","@id":"https:\/\/www.altair-srl.com\/es\/#\/schema\/logo\/image\/","url":"https:\/\/www.altair-srl.com\/wp-content\/uploads\/2022\/06\/logo.png","contentUrl":"https:\/\/www.altair-srl.com\/wp-content\/uploads\/2022\/06\/logo.png","width":400,"height":184,"caption":"Altair S.r.l."},"image":{"@id":"https:\/\/www.altair-srl.com\/es\/#\/schema\/logo\/image\/"}}]}},"_links":{"self":[{"href":"https:\/\/www.altair-srl.com\/es\/wp-json\/wp\/v2\/product\/3979","targetHints":{"allow":["GET"]}}],"collection":[{"href":"https:\/\/www.altair-srl.com\/es\/wp-json\/wp\/v2\/product"}],"about":[{"href":"https:\/\/www.altair-srl.com\/es\/wp-json\/wp\/v2\/types\/product"}],"wp:featuredmedia":[{"embeddable":true,"href":"https:\/\/www.altair-srl.com\/es\/wp-json\/wp\/v2\/media\/3646"}],"wp:attachment":[{"href":"https:\/\/www.altair-srl.com\/es\/wp-json\/wp\/v2\/media?parent=3979"}],"wp:term":[{"taxonomy":"product_brand","embeddable":true,"href":"https:\/\/www.altair-srl.com\/es\/wp-json\/wp\/v2\/product_brand?post=3979"},{"taxonomy":"product_cat","embeddable":true,"href":"https:\/\/www.altair-srl.com\/es\/wp-json\/wp\/v2\/product_cat?post=3979"},{"taxonomy":"product_tag","embeddable":true,"href":"https:\/\/www.altair-srl.com\/es\/wp-json\/wp\/v2\/product_tag?post=3979"}],"curies":[{"name":"wp","href":"https:\/\/api.w.org\/{rel}","templated":true}]}}