{"id":3962,"date":"2022-06-08T10:04:54","date_gmt":"2022-06-08T10:04:54","guid":{"rendered":"https:\/\/www.altair-srl.com\/servicios\/envios-y-logistica\/"},"modified":"2023-11-27T08:55:39","modified_gmt":"2023-11-27T08:55:39","slug":"envios-y-logistica","status":"publish","type":"page","link":"https:\/\/www.altair-srl.com\/es\/servicios\/envios-y-logistica\/","title":{"rendered":"Env\u00edos y log\u00edstica"},"content":{"rendered":"[vc_row type=\u00bbin_container\u00bb full_screen_row_position=\u00bbmiddle\u00bb column_margin=\u00bb100px\u00bb equal_height=\u00bbyes\u00bb content_placement=\u00bbtop\u00bb column_direction=\u00bbdefault\u00bb column_direction_tablet=\u00bbdefault\u00bb column_direction_phone=\u00bbdefault\u00bb scene_position=\u00bbcenter\u00bb bottom_padding=\u00bb5%\u00bb text_color=\u00bbdark\u00bb text_align=\u00bbleft\u00bb row_border_radius=\u00bbnone\u00bb row_border_radius_applies=\u00bbbg\u00bb overflow=\u00bbvisible\u00bb class=\u00bbsvgs-colored-left right\u00bb advanced_gradient_angle=\u00bb0&#8243; overlay_strength=\u00bb0.3&#8243; gradient_direction=\u00bbleft_to_right\u00bb shape_divider_color=\u00bb#f2f2f2&#8243; shape_divider_position=\u00bbbottom\u00bb shape_divider_height=\u00bb10%\u00bb bg_image_animation=\u00bbnone\u00bb gradient_type=\u00bbdefault\u00bb shape_type=\u00bbstraight_section\u00bb][vc_column column_padding=\u00bbno-extra-padding\u00bb column_padding_tablet=\u00bbinherit\u00bb column_padding_phone=\u00bbinherit\u00bb column_padding_position=\u00bball\u00bb column_element_direction_desktop=\u00bbdefault\u00bb column_element_spacing=\u00bbdefault\u00bb desktop_text_alignment=\u00bbdefault\u00bb tablet_text_alignment=\u00bbdefault\u00bb phone_text_alignment=\u00bbdefault\u00bb background_color_opacity=\u00bb1&#8243; background_hover_color_opacity=\u00bb1&#8243; column_backdrop_filter=\u00bbnone\u00bb column_shadow=\u00bbnone\u00bb column_border_radius=\u00bbnone\u00bb column_link_target=\u00bb_self\u00bb column_position=\u00bbdefault\u00bb gradient_direction=\u00bbleft_to_right\u00bb overlay_strength=\u00bb0.3&#8243; width=\u00bb4\/12&#8243; tablet_width_inherit=\u00bbdefault\u00bb animation_type=\u00bbdefault\u00bb bg_image_animation=\u00bbnone\u00bb border_type=\u00bbsimple\u00bb column_border_width=\u00bbnone\u00bb column_border_style=\u00bbsolid\u00bb][vc_custom_heading text=\u00bbEnv\u00edos y log\u00edstica\u00bb font_container=\u00bbtag:h2|text_align:left|color:%23d90012&#8243; use_theme_fonts=\u00bbyes\u00bb][vc_custom_heading text=\u00bbUn servicio impecable\u00bb font_container=\u00bbtag:h3|text_align:left|color:%23384042&#8243; use_theme_fonts=\u00bbyes\u00bb css=\u00bb.vc_custom_1655115853157{margin-bottom: 30px !important;}\u00bb][divider line_type=\u00bbSmall Line\u00bb line_alignment=\u00bbdefault\u00bb line_thickness=\u00bb10&#8243; divider_color=\u00bbaccent-color\u00bb custom_line_width=\u00bb60&#8243;][vc_column_text css=\u00bb.vc_custom_1655115882793{margin-top: 30px !important;margin-bottom: 50px !important;}\u00bb]Sabemos bien que <strong>recibir un pedido en el menor tiempo posible<\/strong> es una necesidad imprescindible de muchos de nuestros clientes, constituyendo una ventaja significativa frente a sus competidores.<\/p>\n<p>Es por eso que tenemos nuestra propia <strong>oficina interna dedicada a los env\u00edos y la log\u00edstica<\/strong>, que nos permite procesar los pedidos en el tiempo establecido. Esto tambi\u00e9n se debe a nuestra aplicaci\u00f3n Altair Filter Code, que permite a nuestros clientes acortar a\u00fan m\u00e1s el tiempo de los pedidos.<\/p>\n<p>Adem\u00e1s, nuestra l\u00ednea de producci\u00f3n est\u00e1 organizada para <strong>optimizar a\u00fan m\u00e1s los tiempos de producci\u00f3n<\/strong>, desde la recepci\u00f3n de las materias primas hasta el embalaje y el posible almacenamiento del producto terminado.<\/p>\n<p>Enviamos nuestros cartuchos y mangas filtrantes a toda Italia, Europa y fuera del continente europeo.[\/vc_column_text][vc_column_text]<strong>Direcci\u00f3n de almac\u00e9n de env\u00edos y recepci\u00f3n de mercanc\u00edas<\/strong><br \/>\nVia Pininfarina, 5\/11 \u2013 10040 Lein\u00ec (TO) Italy[\/vc_column_text][vc_column_text]<strong>Horarios<\/strong><br \/>\nLunes a viernes: 08:00-12:00 \/ 13:00-17:00<br \/>\nS\u00e1bado y domingo cerrado[\/vc_column_text][\/vc_column][vc_column column_padding=\u00bbno-extra-padding\u00bb column_padding_tablet=\u00bbinherit\u00bb column_padding_phone=\u00bbinherit\u00bb column_padding_position=\u00bball\u00bb column_element_direction_desktop=\u00bbdefault\u00bb column_element_spacing=\u00bbdefault\u00bb desktop_text_alignment=\u00bbdefault\u00bb tablet_text_alignment=\u00bbdefault\u00bb phone_text_alignment=\u00bbdefault\u00bb background_color_opacity=\u00bb1&#8243; background_hover_color_opacity=\u00bb1&#8243; column_backdrop_filter=\u00bbnone\u00bb column_shadow=\u00bbnone\u00bb column_border_radius=\u00bbnone\u00bb column_link_target=\u00bb_self\u00bb column_position=\u00bbdefault\u00bb gradient_direction=\u00bbleft_to_right\u00bb overlay_strength=\u00bb0.3&#8243; width=\u00bb8\/12&#8243; tablet_width_inherit=\u00bbdefault\u00bb animation_type=\u00bbdefault\u00bb bg_image_animation=\u00bbnone\u00bb border_type=\u00bbsimple\u00bb column_border_width=\u00bbnone\u00bb column_border_style=\u00bbsolid\u00bb][image_with_animation image_url=\u00bb501&#8243; image_size=\u00bbfull\u00bb animation_type=\u00bbentrance\u00bb animation=\u00bbFade In\u00bb animation_easing=\u00bbdefault\u00bb animation_movement_type=\u00bbtransform_y\u00bb hover_animation=\u00bbnone\u00bb alignment=\u00bb\u00bb border_radius=\u00bbnone\u00bb box_shadow=\u00bbnone\u00bb image_loading=\u00bbdefault\u00bb max_width=\u00bb100%\u00bb max_width_mobile=\u00bbdefault\u00bb margin_bottom=\u00bb10&#8243;][vc_row_inner column_margin=\u00bb10px\u00bb column_direction=\u00bbdefault\u00bb column_direction_tablet=\u00bbdefault\u00bb column_direction_phone=\u00bbdefault\u00bb text_align=\u00bbleft\u00bb row_position=\u00bbdefault\u00bb row_position_tablet=\u00bbinherit\u00bb row_position_phone=\u00bbinherit\u00bb overflow=\u00bbvisible\u00bb pointer_events=\u00bball\u00bb][vc_column_inner column_padding=\u00bbno-extra-padding\u00bb column_padding_tablet=\u00bbinherit\u00bb column_padding_phone=\u00bbinherit\u00bb column_padding_position=\u00bball\u00bb column_element_direction_desktop=\u00bbdefault\u00bb column_element_spacing=\u00bbdefault\u00bb desktop_text_alignment=\u00bbdefault\u00bb tablet_text_alignment=\u00bbdefault\u00bb phone_text_alignment=\u00bbdefault\u00bb background_color_opacity=\u00bb1&#8243; background_hover_color_opacity=\u00bb1&#8243; column_backdrop_filter=\u00bbnone\u00bb column_shadow=\u00bbnone\u00bb column_border_radius=\u00bbnone\u00bb column_link_target=\u00bb_self\u00bb overflow=\u00bbvisible\u00bb gradient_direction=\u00bbleft_to_right\u00bb overlay_strength=\u00bb0.3&#8243; width=\u00bb1\/2&#8243; tablet_width_inherit=\u00bbdefault\u00bb animation_type=\u00bbdefault\u00bb bg_image_animation=\u00bbnone\u00bb border_type=\u00bbsimple\u00bb column_border_width=\u00bbnone\u00bb column_border_style=\u00bbsolid\u00bb][image_with_animation image_url=\u00bb500&#8243; image_size=\u00bbfull\u00bb animation_type=\u00bbentrance\u00bb animation=\u00bbFade In\u00bb animation_easing=\u00bbdefault\u00bb animation_movement_type=\u00bbtransform_y\u00bb hover_animation=\u00bbnone\u00bb alignment=\u00bb\u00bb border_radius=\u00bbnone\u00bb box_shadow=\u00bbnone\u00bb image_loading=\u00bbdefault\u00bb max_width=\u00bb100%\u00bb max_width_mobile=\u00bbdefault\u00bb][\/vc_column_inner][vc_column_inner column_padding=\u00bbno-extra-padding\u00bb column_padding_tablet=\u00bbinherit\u00bb column_padding_phone=\u00bbinherit\u00bb column_padding_position=\u00bball\u00bb column_element_direction_desktop=\u00bbdefault\u00bb column_element_spacing=\u00bbdefault\u00bb desktop_text_alignment=\u00bbdefault\u00bb tablet_text_alignment=\u00bbdefault\u00bb phone_text_alignment=\u00bbdefault\u00bb background_color_opacity=\u00bb1&#8243; background_hover_color_opacity=\u00bb1&#8243; column_backdrop_filter=\u00bbnone\u00bb column_shadow=\u00bbnone\u00bb column_border_radius=\u00bbnone\u00bb column_link_target=\u00bb_self\u00bb overflow=\u00bbvisible\u00bb gradient_direction=\u00bbleft_to_right\u00bb overlay_strength=\u00bb0.3&#8243; width=\u00bb1\/2&#8243; tablet_width_inherit=\u00bbdefault\u00bb animation_type=\u00bbdefault\u00bb bg_image_animation=\u00bbnone\u00bb border_type=\u00bbsimple\u00bb column_border_width=\u00bbnone\u00bb column_border_style=\u00bbsolid\u00bb][image_with_animation image_url=\u00bb4795&#8243; image_size=\u00bbfull\u00bb animation_type=\u00bbentrance\u00bb animation=\u00bbFade In\u00bb animation_easing=\u00bbdefault\u00bb animation_movement_type=\u00bbtransform_y\u00bb hover_animation=\u00bbnone\u00bb alignment=\u00bb\u00bb border_radius=\u00bbnone\u00bb box_shadow=\u00bbnone\u00bb image_loading=\u00bbdefault\u00bb max_width=\u00bb100%\u00bb max_width_mobile=\u00bbdefault\u00bb][\/vc_column_inner][\/vc_row_inner][\/vc_column][\/vc_row][vc_row type=\u00bbin_container\u00bb full_screen_row_position=\u00bbmiddle\u00bb column_margin=\u00bbdefault\u00bb column_direction=\u00bbdefault\u00bb column_direction_tablet=\u00bbdefault\u00bb column_direction_phone=\u00bbdefault\u00bb scene_position=\u00bbcenter\u00bb text_color=\u00bbdark\u00bb text_align=\u00bbleft\u00bb row_border_radius=\u00bbnone\u00bb row_border_radius_applies=\u00bbbg\u00bb overflow=\u00bbvisible\u00bb overlay_strength=\u00bb0.3&#8243; gradient_direction=\u00bbleft_to_right\u00bb shape_divider_position=\u00bbbottom\u00bb bg_image_animation=\u00bbnone\u00bb][vc_column column_padding=\u00bbno-extra-padding\u00bb column_padding_tablet=\u00bbinherit\u00bb column_padding_phone=\u00bbinherit\u00bb column_padding_position=\u00bball\u00bb column_element_direction_desktop=\u00bbdefault\u00bb column_element_spacing=\u00bbdefault\u00bb desktop_text_alignment=\u00bbdefault\u00bb tablet_text_alignment=\u00bbdefault\u00bb phone_text_alignment=\u00bbdefault\u00bb background_color_opacity=\u00bb1&#8243; background_hover_color_opacity=\u00bb1&#8243; column_backdrop_filter=\u00bbnone\u00bb column_shadow=\u00bbnone\u00bb column_border_radius=\u00bbnone\u00bb column_link_target=\u00bb_self\u00bb column_position=\u00bbdefault\u00bb gradient_direction=\u00bbleft_to_right\u00bb overlay_strength=\u00bb0.3&#8243; width=\u00bb1\/1&#8243; tablet_width_inherit=\u00bbdefault\u00bb animation_type=\u00bbdefault\u00bb bg_image_animation=\u00bbnone\u00bb border_type=\u00bbsimple\u00bb column_border_width=\u00bbnone\u00bb column_border_style=\u00bbsolid\u00bb][nectar_global_section id=\u00bb550&#8243;][\/vc_column][\/vc_row]\n","protected":false},"excerpt":{"rendered":"<p>[vc_row type=\u00bbin_container\u00bb full_screen_row_position=\u00bbmiddle\u00bb column_margin=\u00bb100px\u00bb equal_height=\u00bbyes\u00bb content_placement=\u00bbtop\u00bb column_direction=\u00bbdefault\u00bb column_direction_tablet=\u00bbdefault\u00bb column_direction_phone=\u00bbdefault\u00bb scene_position=\u00bbcenter\u00bb bottom_padding=\u00bb5%\u00bb text_color=\u00bbdark\u00bb text_align=\u00bbleft\u00bb row_border_radius=\u00bbnone\u00bb row_border_radius_applies=\u00bbbg\u00bb overflow=\u00bbvisible\u00bb class=\u00bbsvgs-colored-left right\u00bb advanced_gradient_angle=\u00bb0&#8243; overlay_strength=\u00bb0.3&#8243; gradient_direction=\u00bbleft_to_right\u00bb shape_divider_color=\u00bb#f2f2f2&#8243; shape_divider_position=\u00bbbottom\u00bb shape_divider_height=\u00bb10%\u00bb bg_image_animation=\u00bbnone\u00bb gradient_type=\u00bbdefault\u00bb shape_type=\u00bbstraight_section\u00bb][vc_column column_padding=\u00bbno-extra-padding\u00bb column_padding_tablet=\u00bbinherit\u00bb column_padding_phone=\u00bbinherit\u00bb&#8230;<\/p>\n","protected":false},"author":1,"featured_media":0,"parent":3958,"menu_order":0,"comment_status":"closed","ping_status":"closed","template":"","meta":{"footnotes":""},"class_list":["post-3962","page","type-page","status-publish"],"yoast_head":"<!-- This site is optimized with the Yoast SEO plugin v27.4 - https:\/\/yoast.com\/product\/yoast-seo-wordpress\/ -->\n<title>Env\u00edos y log\u00edstica | Altair S.r.l.<\/title>\n<meta name=\"description\" content=\"Contamos con una oficina interna dedicada a env\u00edos y log\u00edstica, lo que nos permite procesar los pedidos a tiempo.\" \/>\n<meta name=\"robots\" content=\"index, follow, max-snippet:-1, max-image-preview:large, max-video-preview:-1\" \/>\n<link rel=\"canonical\" href=\"https:\/\/www.altair-srl.com\/es\/servicios\/envios-y-logistica\/\" \/>\n<meta property=\"og:locale\" content=\"es_ES\" \/>\n<meta property=\"og:type\" content=\"article\" \/>\n<meta property=\"og:title\" content=\"Env\u00edos y log\u00edstica | Altair S.r.l.\" \/>\n<meta property=\"og:description\" content=\"Contamos con una oficina interna dedicada a env\u00edos y log\u00edstica, lo que nos permite procesar los pedidos a tiempo.\" \/>\n<meta property=\"og:url\" content=\"https:\/\/www.altair-srl.com\/es\/servicios\/envios-y-logistica\/\" \/>\n<meta property=\"og:site_name\" content=\"Altair S.r.l.\" \/>\n<meta property=\"article:modified_time\" content=\"2023-11-27T08:55:39+00:00\" \/>\n<meta property=\"og:image\" content=\"https:\/\/www.altair-srl.com\/wp-content\/uploads\/2024\/04\/5_altair_nuovasede-scaled.jpg\" \/>\n\t<meta property=\"og:image:width\" content=\"2560\" \/>\n\t<meta property=\"og:image:height\" content=\"1700\" \/>\n\t<meta property=\"og:image:type\" content=\"image\/jpeg\" \/>\n<meta name=\"twitter:card\" content=\"summary_large_image\" \/>\n<meta name=\"twitter:label1\" content=\"Tiempo de lectura\" \/>\n\t<meta name=\"twitter:data1\" content=\"2 minutos\" \/>\n<script type=\"application\/ld+json\" class=\"yoast-schema-graph\">{\"@context\":\"https:\\\/\\\/schema.org\",\"@graph\":[{\"@type\":\"WebPage\",\"@id\":\"https:\\\/\\\/www.altair-srl.com\\\/es\\\/servicios\\\/envios-y-logistica\\\/\",\"url\":\"https:\\\/\\\/www.altair-srl.com\\\/es\\\/servicios\\\/envios-y-logistica\\\/\",\"name\":\"Env\u00edos y log\u00edstica | Altair S.r.l.\",\"isPartOf\":{\"@id\":\"https:\\\/\\\/www.altair-srl.com\\\/es\\\/#website\"},\"datePublished\":\"2022-06-08T10:04:54+00:00\",\"dateModified\":\"2023-11-27T08:55:39+00:00\",\"description\":\"Contamos con una oficina interna dedicada a env\u00edos y log\u00edstica, lo que nos permite procesar los pedidos a tiempo.\",\"breadcrumb\":{\"@id\":\"https:\\\/\\\/www.altair-srl.com\\\/es\\\/servicios\\\/envios-y-logistica\\\/#breadcrumb\"},\"inLanguage\":\"es\",\"potentialAction\":[{\"@type\":\"ReadAction\",\"target\":[\"https:\\\/\\\/www.altair-srl.com\\\/es\\\/servicios\\\/envios-y-logistica\\\/\"]}]},{\"@type\":\"BreadcrumbList\",\"@id\":\"https:\\\/\\\/www.altair-srl.com\\\/es\\\/servicios\\\/envios-y-logistica\\\/#breadcrumb\",\"itemListElement\":[{\"@type\":\"ListItem\",\"position\":1,\"name\":\"Home\",\"item\":\"https:\\\/\\\/www.altair-srl.com\\\/es\\\/\"},{\"@type\":\"ListItem\",\"position\":2,\"name\":\"Servicios\",\"item\":\"https:\\\/\\\/www.altair-srl.com\\\/es\\\/servicios\\\/\"},{\"@type\":\"ListItem\",\"position\":3,\"name\":\"Env\u00edos y log\u00edstica\"}]},{\"@type\":\"WebSite\",\"@id\":\"https:\\\/\\\/www.altair-srl.com\\\/es\\\/#website\",\"url\":\"https:\\\/\\\/www.altair-srl.com\\\/es\\\/\",\"name\":\"Altair S.r.l.\",\"description\":\"Produzione sistemi di filtrazione e depurazione dell\u2019aria\",\"publisher\":{\"@id\":\"https:\\\/\\\/www.altair-srl.com\\\/es\\\/#organization\"},\"potentialAction\":[{\"@type\":\"SearchAction\",\"target\":{\"@type\":\"EntryPoint\",\"urlTemplate\":\"https:\\\/\\\/www.altair-srl.com\\\/es\\\/?s={search_term_string}\"},\"query-input\":{\"@type\":\"PropertyValueSpecification\",\"valueRequired\":true,\"valueName\":\"search_term_string\"}}],\"inLanguage\":\"es\"},{\"@type\":\"Organization\",\"@id\":\"https:\\\/\\\/www.altair-srl.com\\\/es\\\/#organization\",\"name\":\"Altair S.r.l.\",\"url\":\"https:\\\/\\\/www.altair-srl.com\\\/es\\\/\",\"logo\":{\"@type\":\"ImageObject\",\"inLanguage\":\"es\",\"@id\":\"https:\\\/\\\/www.altair-srl.com\\\/es\\\/#\\\/schema\\\/logo\\\/image\\\/\",\"url\":\"https:\\\/\\\/www.altair-srl.com\\\/wp-content\\\/uploads\\\/2022\\\/06\\\/logo.png\",\"contentUrl\":\"https:\\\/\\\/www.altair-srl.com\\\/wp-content\\\/uploads\\\/2022\\\/06\\\/logo.png\",\"width\":400,\"height\":184,\"caption\":\"Altair S.r.l.\"},\"image\":{\"@id\":\"https:\\\/\\\/www.altair-srl.com\\\/es\\\/#\\\/schema\\\/logo\\\/image\\\/\"}}]}<\/script>\n<!-- \/ Yoast SEO plugin. -->","yoast_head_json":{"title":"Env\u00edos y log\u00edstica | Altair S.r.l.","description":"Contamos con una oficina interna dedicada a env\u00edos y log\u00edstica, lo que nos permite procesar los pedidos a tiempo.","robots":{"index":"index","follow":"follow","max-snippet":"max-snippet:-1","max-image-preview":"max-image-preview:large","max-video-preview":"max-video-preview:-1"},"canonical":"https:\/\/www.altair-srl.com\/es\/servicios\/envios-y-logistica\/","og_locale":"es_ES","og_type":"article","og_title":"Env\u00edos y log\u00edstica | Altair S.r.l.","og_description":"Contamos con una oficina interna dedicada a env\u00edos y log\u00edstica, lo que nos permite procesar los pedidos a tiempo.","og_url":"https:\/\/www.altair-srl.com\/es\/servicios\/envios-y-logistica\/","og_site_name":"Altair S.r.l.","article_modified_time":"2023-11-27T08:55:39+00:00","og_image":[{"width":2560,"height":1700,"url":"https:\/\/www.altair-srl.com\/wp-content\/uploads\/2024\/04\/5_altair_nuovasede-scaled.jpg","type":"image\/jpeg"}],"twitter_card":"summary_large_image","twitter_misc":{"Tiempo de lectura":"2 minutos"},"schema":{"@context":"https:\/\/schema.org","@graph":[{"@type":"WebPage","@id":"https:\/\/www.altair-srl.com\/es\/servicios\/envios-y-logistica\/","url":"https:\/\/www.altair-srl.com\/es\/servicios\/envios-y-logistica\/","name":"Env\u00edos y log\u00edstica | Altair S.r.l.","isPartOf":{"@id":"https:\/\/www.altair-srl.com\/es\/#website"},"datePublished":"2022-06-08T10:04:54+00:00","dateModified":"2023-11-27T08:55:39+00:00","description":"Contamos con una oficina interna dedicada a env\u00edos y log\u00edstica, lo que nos permite procesar los pedidos a tiempo.","breadcrumb":{"@id":"https:\/\/www.altair-srl.com\/es\/servicios\/envios-y-logistica\/#breadcrumb"},"inLanguage":"es","potentialAction":[{"@type":"ReadAction","target":["https:\/\/www.altair-srl.com\/es\/servicios\/envios-y-logistica\/"]}]},{"@type":"BreadcrumbList","@id":"https:\/\/www.altair-srl.com\/es\/servicios\/envios-y-logistica\/#breadcrumb","itemListElement":[{"@type":"ListItem","position":1,"name":"Home","item":"https:\/\/www.altair-srl.com\/es\/"},{"@type":"ListItem","position":2,"name":"Servicios","item":"https:\/\/www.altair-srl.com\/es\/servicios\/"},{"@type":"ListItem","position":3,"name":"Env\u00edos y log\u00edstica"}]},{"@type":"WebSite","@id":"https:\/\/www.altair-srl.com\/es\/#website","url":"https:\/\/www.altair-srl.com\/es\/","name":"Altair S.r.l.","description":"Produzione sistemi di filtrazione e depurazione dell\u2019aria","publisher":{"@id":"https:\/\/www.altair-srl.com\/es\/#organization"},"potentialAction":[{"@type":"SearchAction","target":{"@type":"EntryPoint","urlTemplate":"https:\/\/www.altair-srl.com\/es\/?s={search_term_string}"},"query-input":{"@type":"PropertyValueSpecification","valueRequired":true,"valueName":"search_term_string"}}],"inLanguage":"es"},{"@type":"Organization","@id":"https:\/\/www.altair-srl.com\/es\/#organization","name":"Altair S.r.l.","url":"https:\/\/www.altair-srl.com\/es\/","logo":{"@type":"ImageObject","inLanguage":"es","@id":"https:\/\/www.altair-srl.com\/es\/#\/schema\/logo\/image\/","url":"https:\/\/www.altair-srl.com\/wp-content\/uploads\/2022\/06\/logo.png","contentUrl":"https:\/\/www.altair-srl.com\/wp-content\/uploads\/2022\/06\/logo.png","width":400,"height":184,"caption":"Altair S.r.l."},"image":{"@id":"https:\/\/www.altair-srl.com\/es\/#\/schema\/logo\/image\/"}}]}},"_links":{"self":[{"href":"https:\/\/www.altair-srl.com\/es\/wp-json\/wp\/v2\/pages\/3962","targetHints":{"allow":["GET"]}}],"collection":[{"href":"https:\/\/www.altair-srl.com\/es\/wp-json\/wp\/v2\/pages"}],"about":[{"href":"https:\/\/www.altair-srl.com\/es\/wp-json\/wp\/v2\/types\/page"}],"author":[{"embeddable":true,"href":"https:\/\/www.altair-srl.com\/es\/wp-json\/wp\/v2\/users\/1"}],"replies":[{"embeddable":true,"href":"https:\/\/www.altair-srl.com\/es\/wp-json\/wp\/v2\/comments?post=3962"}],"version-history":[{"count":0,"href":"https:\/\/www.altair-srl.com\/es\/wp-json\/wp\/v2\/pages\/3962\/revisions"}],"up":[{"embeddable":true,"href":"https:\/\/www.altair-srl.com\/es\/wp-json\/wp\/v2\/pages\/3958"}],"wp:attachment":[{"href":"https:\/\/www.altair-srl.com\/es\/wp-json\/wp\/v2\/media?parent=3962"}],"curies":[{"name":"wp","href":"https:\/\/api.w.org\/{rel}","templated":true}]}}