{"id":3959,"date":"2022-06-08T10:04:42","date_gmt":"2022-06-08T10:04:42","guid":{"rendered":"https:\/\/www.altair-srl.com\/servicios\/analisis-de-materiales-y-pruebas\/"},"modified":"2023-11-24T13:55:33","modified_gmt":"2023-11-24T13:55:33","slug":"analisis-de-materiales-y-pruebas","status":"publish","type":"page","link":"https:\/\/www.altair-srl.com\/es\/servicios\/analisis-de-materiales-y-pruebas\/","title":{"rendered":"An\u00e1lisis de materiales y pruebas"},"content":{"rendered":"[vc_row type=\u00bbin_container\u00bb full_screen_row_position=\u00bbmiddle\u00bb column_margin=\u00bb100px\u00bb equal_height=\u00bbyes\u00bb content_placement=\u00bbtop\u00bb column_direction=\u00bbdefault\u00bb column_direction_tablet=\u00bbdefault\u00bb column_direction_phone=\u00bbdefault\u00bb scene_position=\u00bbcenter\u00bb bottom_padding=\u00bb5%\u00bb text_color=\u00bbdark\u00bb text_align=\u00bbleft\u00bb row_border_radius=\u00bbnone\u00bb row_border_radius_applies=\u00bbbg\u00bb overflow=\u00bbvisible\u00bb class=\u00bbsvgs-colored-left right\u00bb advanced_gradient_angle=\u00bb0&#8243; overlay_strength=\u00bb0.3&#8243; gradient_direction=\u00bbleft_to_right\u00bb shape_divider_color=\u00bb#f2f2f2&#8243; shape_divider_position=\u00bbbottom\u00bb shape_divider_height=\u00bb10%\u00bb bg_image_animation=\u00bbnone\u00bb gradient_type=\u00bbdefault\u00bb shape_type=\u00bbstraight_section\u00bb][vc_column column_padding=\u00bbno-extra-padding\u00bb column_padding_tablet=\u00bbinherit\u00bb column_padding_phone=\u00bbinherit\u00bb column_padding_position=\u00bball\u00bb column_element_direction_desktop=\u00bbdefault\u00bb column_element_spacing=\u00bbdefault\u00bb desktop_text_alignment=\u00bbdefault\u00bb tablet_text_alignment=\u00bbdefault\u00bb phone_text_alignment=\u00bbdefault\u00bb background_color_opacity=\u00bb1&#8243; background_hover_color_opacity=\u00bb1&#8243; column_backdrop_filter=\u00bbnone\u00bb column_shadow=\u00bbnone\u00bb column_border_radius=\u00bbnone\u00bb column_link_target=\u00bb_self\u00bb column_position=\u00bbdefault\u00bb gradient_direction=\u00bbleft_to_right\u00bb overlay_strength=\u00bb0.3&#8243; width=\u00bb4\/12&#8243; tablet_width_inherit=\u00bbdefault\u00bb animation_type=\u00bbdefault\u00bb bg_image_animation=\u00bbnone\u00bb border_type=\u00bbsimple\u00bb column_border_width=\u00bbnone\u00bb column_border_style=\u00bbsolid\u00bb][vc_custom_heading text=\u00bbAn\u00e1lisis de materiales y pruebas\u00bb font_container=\u00bbtag:h2|text_align:left|color:%23d90012&#8243; use_theme_fonts=\u00bbyes\u00bb][vc_custom_heading text=\u00bbUn laboratorio interno para mejorar a\u00fan m\u00e1s\u00bb font_container=\u00bbtag:h3|text_align:left|color:%23384042&#8243; use_theme_fonts=\u00bbyes\u00bb css=\u00bb.vc_custom_1655115758909{margin-bottom: 30px !important;}\u00bb][divider line_type=\u00bbSmall Line\u00bb line_alignment=\u00bbdefault\u00bb line_thickness=\u00bb10&#8243; divider_color=\u00bbaccent-color\u00bb custom_line_width=\u00bb60&#8243;][vc_column_text css=\u00bb.vc_custom_1682065142419{margin-top: 30px !important;margin-bottom: 50px !important;}\u00bb]En nuestra f\u00e1brica de Lein\u00ec tenemos a disposici\u00f3n un <strong>laboratorio interno dedicado al an\u00e1lisis de los materiales filtrantes y de los polvos.<\/strong><\/p>\n<p>Analizamos, por ejemplo, los <strong>tejidos filtrantes agotados<\/strong> para entender c\u00f3mo ha trabajado el tejido durante el proceso de filtraci\u00f3n: de esta manera logramos procesar datos sobre part\u00edculas y nivel de obstrucci\u00f3n.<\/p>\n<p>Todo esto gracias a una instrumentaci\u00f3n de alt\u00edsimo nivel: estamos dotados, entre otros, de un <strong>medidor de permeabilidad<\/strong>, de un <strong>microscopio electr\u00f3nico<\/strong> y de una <strong>balanza electr\u00f3nica.<\/strong><\/p>\n<p>Paralelamente al an\u00e1lisis de los materiales, podemos realizar <strong>diferentes pruebas<\/strong>: desde el de <strong>polvo fluorescente<\/strong> al de <strong>permeabilidad<\/strong>, desde el de <strong>conductividad el\u00e9ctrica<\/strong> al de <strong>resistencia a altas temperaturas<\/strong>: lo necesario para <strong>mejorar<\/strong> nuestro producto final.[\/vc_column_text][\/vc_column][vc_column column_padding=\u00bbno-extra-padding\u00bb column_padding_tablet=\u00bbinherit\u00bb column_padding_phone=\u00bbinherit\u00bb column_padding_position=\u00bball\u00bb column_element_direction_desktop=\u00bbdefault\u00bb column_element_spacing=\u00bbdefault\u00bb desktop_text_alignment=\u00bbdefault\u00bb tablet_text_alignment=\u00bbdefault\u00bb phone_text_alignment=\u00bbdefault\u00bb background_color_opacity=\u00bb1&#8243; background_hover_color_opacity=\u00bb1&#8243; column_backdrop_filter=\u00bbnone\u00bb column_shadow=\u00bbnone\u00bb column_border_radius=\u00bbnone\u00bb column_link_target=\u00bb_self\u00bb column_position=\u00bbdefault\u00bb gradient_direction=\u00bbleft_to_right\u00bb overlay_strength=\u00bb0.3&#8243; width=\u00bb8\/12&#8243; tablet_width_inherit=\u00bbdefault\u00bb animation_type=\u00bbdefault\u00bb bg_image_animation=\u00bbnone\u00bb border_type=\u00bbsimple\u00bb column_border_width=\u00bbnone\u00bb column_border_style=\u00bbsolid\u00bb][image_with_animation image_url=\u00bb4788&#8243; image_size=\u00bbfull\u00bb animation_type=\u00bbentrance\u00bb animation=\u00bbFade In\u00bb animation_easing=\u00bbdefault\u00bb animation_movement_type=\u00bbtransform_y\u00bb hover_animation=\u00bbnone\u00bb alignment=\u00bb\u00bb border_radius=\u00bbnone\u00bb box_shadow=\u00bbnone\u00bb image_loading=\u00bbdefault\u00bb max_width=\u00bb100%\u00bb max_width_mobile=\u00bbdefault\u00bb margin_bottom=\u00bb10&#8243;][vc_row_inner column_margin=\u00bb10px\u00bb column_direction=\u00bbdefault\u00bb column_direction_tablet=\u00bbdefault\u00bb column_direction_phone=\u00bbdefault\u00bb text_align=\u00bbleft\u00bb row_position=\u00bbdefault\u00bb row_position_tablet=\u00bbinherit\u00bb row_position_phone=\u00bbinherit\u00bb overflow=\u00bbvisible\u00bb pointer_events=\u00bball\u00bb][vc_column_inner column_padding=\u00bbno-extra-padding\u00bb column_padding_tablet=\u00bbinherit\u00bb column_padding_phone=\u00bbinherit\u00bb column_padding_position=\u00bball\u00bb column_element_direction_desktop=\u00bbdefault\u00bb column_element_spacing=\u00bbdefault\u00bb desktop_text_alignment=\u00bbdefault\u00bb tablet_text_alignment=\u00bbdefault\u00bb phone_text_alignment=\u00bbdefault\u00bb background_color_opacity=\u00bb1&#8243; background_hover_color_opacity=\u00bb1&#8243; column_backdrop_filter=\u00bbnone\u00bb column_shadow=\u00bbnone\u00bb column_border_radius=\u00bbnone\u00bb column_link_target=\u00bb_self\u00bb overflow=\u00bbvisible\u00bb gradient_direction=\u00bbleft_to_right\u00bb overlay_strength=\u00bb0.3&#8243; width=\u00bb1\/2&#8243; tablet_width_inherit=\u00bbdefault\u00bb animation_type=\u00bbdefault\u00bb bg_image_animation=\u00bbnone\u00bb border_type=\u00bbsimple\u00bb column_border_width=\u00bbnone\u00bb column_border_style=\u00bbsolid\u00bb][image_with_animation image_url=\u00bb496&#8243; image_size=\u00bbfull\u00bb animation_type=\u00bbentrance\u00bb animation=\u00bbFade In\u00bb animation_easing=\u00bbdefault\u00bb animation_movement_type=\u00bbtransform_y\u00bb hover_animation=\u00bbnone\u00bb alignment=\u00bb\u00bb border_radius=\u00bbnone\u00bb box_shadow=\u00bbnone\u00bb image_loading=\u00bbdefault\u00bb max_width=\u00bb100%\u00bb max_width_mobile=\u00bbdefault\u00bb][\/vc_column_inner][vc_column_inner column_padding=\u00bbno-extra-padding\u00bb column_padding_tablet=\u00bbinherit\u00bb column_padding_phone=\u00bbinherit\u00bb column_padding_position=\u00bball\u00bb column_element_direction_desktop=\u00bbdefault\u00bb column_element_spacing=\u00bbdefault\u00bb desktop_text_alignment=\u00bbdefault\u00bb tablet_text_alignment=\u00bbdefault\u00bb phone_text_alignment=\u00bbdefault\u00bb background_color_opacity=\u00bb1&#8243; background_hover_color_opacity=\u00bb1&#8243; column_backdrop_filter=\u00bbnone\u00bb column_shadow=\u00bbnone\u00bb column_border_radius=\u00bbnone\u00bb column_link_target=\u00bb_self\u00bb overflow=\u00bbvisible\u00bb gradient_direction=\u00bbleft_to_right\u00bb overlay_strength=\u00bb0.3&#8243; width=\u00bb1\/2&#8243; tablet_width_inherit=\u00bbdefault\u00bb animation_type=\u00bbdefault\u00bb bg_image_animation=\u00bbnone\u00bb border_type=\u00bbsimple\u00bb column_border_width=\u00bbnone\u00bb column_border_style=\u00bbsolid\u00bb][image_with_animation image_url=\u00bb743&#8243; image_size=\u00bbfull\u00bb animation_type=\u00bbentrance\u00bb animation=\u00bbFade In\u00bb animation_easing=\u00bbdefault\u00bb animation_movement_type=\u00bbtransform_y\u00bb hover_animation=\u00bbnone\u00bb alignment=\u00bb\u00bb border_radius=\u00bbnone\u00bb box_shadow=\u00bbnone\u00bb image_loading=\u00bbdefault\u00bb max_width=\u00bb100%\u00bb max_width_mobile=\u00bbdefault\u00bb][\/vc_column_inner][\/vc_row_inner][\/vc_column][\/vc_row][vc_row type=\u00bbin_container\u00bb full_screen_row_position=\u00bbmiddle\u00bb column_margin=\u00bbdefault\u00bb column_direction=\u00bbdefault\u00bb column_direction_tablet=\u00bbdefault\u00bb column_direction_phone=\u00bbdefault\u00bb scene_position=\u00bbcenter\u00bb text_color=\u00bbdark\u00bb text_align=\u00bbleft\u00bb row_border_radius=\u00bbnone\u00bb row_border_radius_applies=\u00bbbg\u00bb overflow=\u00bbvisible\u00bb overlay_strength=\u00bb0.3&#8243; gradient_direction=\u00bbleft_to_right\u00bb shape_divider_position=\u00bbbottom\u00bb bg_image_animation=\u00bbnone\u00bb][vc_column column_padding=\u00bbno-extra-padding\u00bb column_padding_tablet=\u00bbinherit\u00bb column_padding_phone=\u00bbinherit\u00bb column_padding_position=\u00bball\u00bb column_element_direction_desktop=\u00bbdefault\u00bb column_element_spacing=\u00bbdefault\u00bb desktop_text_alignment=\u00bbdefault\u00bb tablet_text_alignment=\u00bbdefault\u00bb phone_text_alignment=\u00bbdefault\u00bb background_color_opacity=\u00bb1&#8243; background_hover_color_opacity=\u00bb1&#8243; column_backdrop_filter=\u00bbnone\u00bb column_shadow=\u00bbnone\u00bb column_border_radius=\u00bbnone\u00bb column_link_target=\u00bb_self\u00bb column_position=\u00bbdefault\u00bb gradient_direction=\u00bbleft_to_right\u00bb overlay_strength=\u00bb0.3&#8243; width=\u00bb1\/1&#8243; tablet_width_inherit=\u00bbdefault\u00bb animation_type=\u00bbdefault\u00bb bg_image_animation=\u00bbnone\u00bb border_type=\u00bbsimple\u00bb column_border_width=\u00bbnone\u00bb column_border_style=\u00bbsolid\u00bb][nectar_global_section id=\u00bb550&#8243;][\/vc_column][\/vc_row]\n","protected":false},"excerpt":{"rendered":"<p>[vc_row type=\u00bbin_container\u00bb full_screen_row_position=\u00bbmiddle\u00bb column_margin=\u00bb100px\u00bb equal_height=\u00bbyes\u00bb content_placement=\u00bbtop\u00bb column_direction=\u00bbdefault\u00bb column_direction_tablet=\u00bbdefault\u00bb column_direction_phone=\u00bbdefault\u00bb scene_position=\u00bbcenter\u00bb bottom_padding=\u00bb5%\u00bb text_color=\u00bbdark\u00bb text_align=\u00bbleft\u00bb row_border_radius=\u00bbnone\u00bb row_border_radius_applies=\u00bbbg\u00bb overflow=\u00bbvisible\u00bb class=\u00bbsvgs-colored-left right\u00bb advanced_gradient_angle=\u00bb0&#8243; overlay_strength=\u00bb0.3&#8243; gradient_direction=\u00bbleft_to_right\u00bb shape_divider_color=\u00bb#f2f2f2&#8243; shape_divider_position=\u00bbbottom\u00bb shape_divider_height=\u00bb10%\u00bb bg_image_animation=\u00bbnone\u00bb gradient_type=\u00bbdefault\u00bb shape_type=\u00bbstraight_section\u00bb][vc_column column_padding=\u00bbno-extra-padding\u00bb column_padding_tablet=\u00bbinherit\u00bb column_padding_phone=\u00bbinherit\u00bb&#8230;<\/p>\n","protected":false},"author":1,"featured_media":0,"parent":3958,"menu_order":0,"comment_status":"closed","ping_status":"closed","template":"","meta":{"footnotes":""},"class_list":["post-3959","page","type-page","status-publish"],"yoast_head":"<!-- This site is optimized with the Yoast SEO plugin v27.0 - https:\/\/yoast.com\/product\/yoast-seo-wordpress\/ -->\n<title>An\u00e1lisis de materiales y pruebas | Altair S.r.l.<\/title>\n<meta name=\"description\" content=\"En nuestra f\u00e1brica de Lein\u00ec disponemos de un laboratorio interno dedicado al an\u00e1lisis de materiales filtrantes.\" \/>\n<meta name=\"robots\" content=\"index, follow, max-snippet:-1, max-image-preview:large, max-video-preview:-1\" \/>\n<link rel=\"canonical\" href=\"https:\/\/www.altair-srl.com\/es\/servicios\/analisis-de-materiales-y-pruebas\/\" \/>\n<meta property=\"og:locale\" content=\"es_ES\" \/>\n<meta property=\"og:type\" content=\"article\" \/>\n<meta property=\"og:title\" content=\"An\u00e1lisis de materiales y pruebas | Altair S.r.l.\" \/>\n<meta property=\"og:description\" content=\"En nuestra f\u00e1brica de Lein\u00ec disponemos de un laboratorio interno dedicado al an\u00e1lisis de materiales filtrantes.\" \/>\n<meta property=\"og:url\" content=\"https:\/\/www.altair-srl.com\/es\/servicios\/analisis-de-materiales-y-pruebas\/\" \/>\n<meta property=\"og:site_name\" content=\"Altair S.r.l.\" \/>\n<meta property=\"article:modified_time\" content=\"2023-11-24T13:55:33+00:00\" \/>\n<meta property=\"og:image\" content=\"https:\/\/www.altair-srl.com\/wp-content\/uploads\/2024\/04\/5_altair_nuovasede-scaled.jpg\" \/>\n\t<meta property=\"og:image:width\" content=\"2560\" \/>\n\t<meta property=\"og:image:height\" content=\"1700\" \/>\n\t<meta property=\"og:image:type\" content=\"image\/jpeg\" \/>\n<meta name=\"twitter:card\" content=\"summary_large_image\" \/>\n<meta name=\"twitter:label1\" content=\"Tiempo de lectura\" \/>\n\t<meta name=\"twitter:data1\" content=\"2 minutos\" \/>\n<script type=\"application\/ld+json\" class=\"yoast-schema-graph\">{\"@context\":\"https:\/\/schema.org\",\"@graph\":[{\"@type\":\"WebPage\",\"@id\":\"https:\/\/www.altair-srl.com\/es\/servicios\/analisis-de-materiales-y-pruebas\/\",\"url\":\"https:\/\/www.altair-srl.com\/es\/servicios\/analisis-de-materiales-y-pruebas\/\",\"name\":\"An\u00e1lisis de materiales y pruebas | Altair S.r.l.\",\"isPartOf\":{\"@id\":\"https:\/\/www.altair-srl.com\/es\/#website\"},\"datePublished\":\"2022-06-08T10:04:42+00:00\",\"dateModified\":\"2023-11-24T13:55:33+00:00\",\"description\":\"En nuestra f\u00e1brica de Lein\u00ec disponemos de un laboratorio interno dedicado al an\u00e1lisis de materiales filtrantes.\",\"breadcrumb\":{\"@id\":\"https:\/\/www.altair-srl.com\/es\/servicios\/analisis-de-materiales-y-pruebas\/#breadcrumb\"},\"inLanguage\":\"es\",\"potentialAction\":[{\"@type\":\"ReadAction\",\"target\":[\"https:\/\/www.altair-srl.com\/es\/servicios\/analisis-de-materiales-y-pruebas\/\"]}]},{\"@type\":\"BreadcrumbList\",\"@id\":\"https:\/\/www.altair-srl.com\/es\/servicios\/analisis-de-materiales-y-pruebas\/#breadcrumb\",\"itemListElement\":[{\"@type\":\"ListItem\",\"position\":1,\"name\":\"Home\",\"item\":\"https:\/\/www.altair-srl.com\/es\/\"},{\"@type\":\"ListItem\",\"position\":2,\"name\":\"Servicios\",\"item\":\"https:\/\/www.altair-srl.com\/es\/servicios\/\"},{\"@type\":\"ListItem\",\"position\":3,\"name\":\"An\u00e1lisis de materiales y pruebas\"}]},{\"@type\":\"WebSite\",\"@id\":\"https:\/\/www.altair-srl.com\/es\/#website\",\"url\":\"https:\/\/www.altair-srl.com\/es\/\",\"name\":\"Altair S.r.l.\",\"description\":\"Produzione sistemi di filtrazione e depurazione dell\u2019aria\",\"publisher\":{\"@id\":\"https:\/\/www.altair-srl.com\/es\/#organization\"},\"potentialAction\":[{\"@type\":\"SearchAction\",\"target\":{\"@type\":\"EntryPoint\",\"urlTemplate\":\"https:\/\/www.altair-srl.com\/es\/?s={search_term_string}\"},\"query-input\":{\"@type\":\"PropertyValueSpecification\",\"valueRequired\":true,\"valueName\":\"search_term_string\"}}],\"inLanguage\":\"es\"},{\"@type\":\"Organization\",\"@id\":\"https:\/\/www.altair-srl.com\/es\/#organization\",\"name\":\"Altair S.r.l.\",\"url\":\"https:\/\/www.altair-srl.com\/es\/\",\"logo\":{\"@type\":\"ImageObject\",\"inLanguage\":\"es\",\"@id\":\"https:\/\/www.altair-srl.com\/es\/#\/schema\/logo\/image\/\",\"url\":\"https:\/\/www.altair-srl.com\/wp-content\/uploads\/2022\/06\/logo.png\",\"contentUrl\":\"https:\/\/www.altair-srl.com\/wp-content\/uploads\/2022\/06\/logo.png\",\"width\":400,\"height\":184,\"caption\":\"Altair S.r.l.\"},\"image\":{\"@id\":\"https:\/\/www.altair-srl.com\/es\/#\/schema\/logo\/image\/\"}}]}<\/script>\n<!-- \/ Yoast SEO plugin. -->","yoast_head_json":{"title":"An\u00e1lisis de materiales y pruebas | Altair S.r.l.","description":"En nuestra f\u00e1brica de Lein\u00ec disponemos de un laboratorio interno dedicado al an\u00e1lisis de materiales filtrantes.","robots":{"index":"index","follow":"follow","max-snippet":"max-snippet:-1","max-image-preview":"max-image-preview:large","max-video-preview":"max-video-preview:-1"},"canonical":"https:\/\/www.altair-srl.com\/es\/servicios\/analisis-de-materiales-y-pruebas\/","og_locale":"es_ES","og_type":"article","og_title":"An\u00e1lisis de materiales y pruebas | Altair S.r.l.","og_description":"En nuestra f\u00e1brica de Lein\u00ec disponemos de un laboratorio interno dedicado al an\u00e1lisis de materiales filtrantes.","og_url":"https:\/\/www.altair-srl.com\/es\/servicios\/analisis-de-materiales-y-pruebas\/","og_site_name":"Altair S.r.l.","article_modified_time":"2023-11-24T13:55:33+00:00","og_image":[{"width":2560,"height":1700,"url":"https:\/\/www.altair-srl.com\/wp-content\/uploads\/2024\/04\/5_altair_nuovasede-scaled.jpg","type":"image\/jpeg"}],"twitter_card":"summary_large_image","twitter_misc":{"Tiempo de lectura":"2 minutos"},"schema":{"@context":"https:\/\/schema.org","@graph":[{"@type":"WebPage","@id":"https:\/\/www.altair-srl.com\/es\/servicios\/analisis-de-materiales-y-pruebas\/","url":"https:\/\/www.altair-srl.com\/es\/servicios\/analisis-de-materiales-y-pruebas\/","name":"An\u00e1lisis de materiales y pruebas | Altair S.r.l.","isPartOf":{"@id":"https:\/\/www.altair-srl.com\/es\/#website"},"datePublished":"2022-06-08T10:04:42+00:00","dateModified":"2023-11-24T13:55:33+00:00","description":"En nuestra f\u00e1brica de Lein\u00ec disponemos de un laboratorio interno dedicado al an\u00e1lisis de materiales filtrantes.","breadcrumb":{"@id":"https:\/\/www.altair-srl.com\/es\/servicios\/analisis-de-materiales-y-pruebas\/#breadcrumb"},"inLanguage":"es","potentialAction":[{"@type":"ReadAction","target":["https:\/\/www.altair-srl.com\/es\/servicios\/analisis-de-materiales-y-pruebas\/"]}]},{"@type":"BreadcrumbList","@id":"https:\/\/www.altair-srl.com\/es\/servicios\/analisis-de-materiales-y-pruebas\/#breadcrumb","itemListElement":[{"@type":"ListItem","position":1,"name":"Home","item":"https:\/\/www.altair-srl.com\/es\/"},{"@type":"ListItem","position":2,"name":"Servicios","item":"https:\/\/www.altair-srl.com\/es\/servicios\/"},{"@type":"ListItem","position":3,"name":"An\u00e1lisis de materiales y pruebas"}]},{"@type":"WebSite","@id":"https:\/\/www.altair-srl.com\/es\/#website","url":"https:\/\/www.altair-srl.com\/es\/","name":"Altair S.r.l.","description":"Produzione sistemi di filtrazione e depurazione dell\u2019aria","publisher":{"@id":"https:\/\/www.altair-srl.com\/es\/#organization"},"potentialAction":[{"@type":"SearchAction","target":{"@type":"EntryPoint","urlTemplate":"https:\/\/www.altair-srl.com\/es\/?s={search_term_string}"},"query-input":{"@type":"PropertyValueSpecification","valueRequired":true,"valueName":"search_term_string"}}],"inLanguage":"es"},{"@type":"Organization","@id":"https:\/\/www.altair-srl.com\/es\/#organization","name":"Altair S.r.l.","url":"https:\/\/www.altair-srl.com\/es\/","logo":{"@type":"ImageObject","inLanguage":"es","@id":"https:\/\/www.altair-srl.com\/es\/#\/schema\/logo\/image\/","url":"https:\/\/www.altair-srl.com\/wp-content\/uploads\/2022\/06\/logo.png","contentUrl":"https:\/\/www.altair-srl.com\/wp-content\/uploads\/2022\/06\/logo.png","width":400,"height":184,"caption":"Altair S.r.l."},"image":{"@id":"https:\/\/www.altair-srl.com\/es\/#\/schema\/logo\/image\/"}}]}},"_links":{"self":[{"href":"https:\/\/www.altair-srl.com\/es\/wp-json\/wp\/v2\/pages\/3959","targetHints":{"allow":["GET"]}}],"collection":[{"href":"https:\/\/www.altair-srl.com\/es\/wp-json\/wp\/v2\/pages"}],"about":[{"href":"https:\/\/www.altair-srl.com\/es\/wp-json\/wp\/v2\/types\/page"}],"author":[{"embeddable":true,"href":"https:\/\/www.altair-srl.com\/es\/wp-json\/wp\/v2\/users\/1"}],"replies":[{"embeddable":true,"href":"https:\/\/www.altair-srl.com\/es\/wp-json\/wp\/v2\/comments?post=3959"}],"version-history":[{"count":0,"href":"https:\/\/www.altair-srl.com\/es\/wp-json\/wp\/v2\/pages\/3959\/revisions"}],"up":[{"embeddable":true,"href":"https:\/\/www.altair-srl.com\/es\/wp-json\/wp\/v2\/pages\/3958"}],"wp:attachment":[{"href":"https:\/\/www.altair-srl.com\/es\/wp-json\/wp\/v2\/media?parent=3959"}],"curies":[{"name":"wp","href":"https:\/\/api.w.org\/{rel}","templated":true}]}}