{"id":5225,"date":"2024-01-15T11:38:37","date_gmt":"2024-01-15T11:38:37","guid":{"rendered":"https:\/\/www.altair-srl.com\/?post_type=product&#038;p=5225"},"modified":"2024-01-15T11:42:23","modified_gmt":"2024-01-15T11:42:23","slug":"ersatzfilter-fuer-andere-marken","status":"publish","type":"product","link":"https:\/\/www.altair-srl.com\/de\/prodotto\/ersatzfilter-fuer-andere-marken\/","title":{"rendered":"Ersatzfilter f\u00fcr andere Marken"},"content":{"rendered":"<p>Wir sind in der Lage, jeden Filtertyp anhand seines Originalcodes oder seiner Marke zu identifizieren und Ihnen das aktuell verf\u00fcgbare \u00c4quivalent in unserem Sortiment sowie die technische Zeichnung im PDF-Format zur Verf\u00fcgung zu stellen.<\/p>\n","protected":false},"excerpt":{"rendered":"<p>Wir sind in der Lage, jeden Filtertyp anhand seines Originalcodes oder seiner Marke zu identifizieren und Ihnen das aktuell verf\u00fcgbare \u00c4quivalent in unserem Sortiment sowie die technische Zeichnung im PDF-Format&#8230;<\/p>\n","protected":false},"featured_media":5215,"template":"","meta":[],"product_brand":[],"product_cat":[103],"product_tag":[],"class_list":{"0":"post-5225","1":"product","2":"type-product","3":"status-publish","4":"has-post-thumbnail","6":"product_cat-patronen-und-platten","8":"first","9":"instock","10":"shipping-taxable","11":"product-type-simple"},"yoast_head":"<!-- This site is optimized with the Yoast SEO plugin v27.0 - https:\/\/yoast.com\/product\/yoast-seo-wordpress\/ -->\n<title>Ersatzfilter f\u00fcr andere Marken | Altair S.r.l.<\/title>\n<meta name=\"robots\" content=\"index, follow, max-snippet:-1, max-image-preview:large, max-video-preview:-1\" \/>\n<link rel=\"canonical\" href=\"https:\/\/www.altair-srl.com\/de\/prodotto\/ersatzfilter-fuer-andere-marken\/\" \/>\n<meta property=\"og:locale\" content=\"de_DE\" \/>\n<meta property=\"og:type\" content=\"article\" \/>\n<meta property=\"og:title\" content=\"Ersatzfilter f\u00fcr andere Marken | Altair S.r.l.\" \/>\n<meta property=\"og:description\" content=\"Wir sind in der Lage, jeden Filtertyp anhand seines Originalcodes oder seiner Marke zu identifizieren und Ihnen das aktuell verf\u00fcgbare \u00c4quivalent in unserem Sortiment sowie die technische Zeichnung im PDF-Format...\" \/>\n<meta property=\"og:url\" content=\"https:\/\/www.altair-srl.com\/de\/prodotto\/ersatzfilter-fuer-andere-marken\/\" \/>\n<meta property=\"og:site_name\" content=\"Altair S.r.l.\" \/>\n<meta property=\"article:modified_time\" content=\"2024-01-15T11:42:23+00:00\" \/>\n<meta property=\"og:image\" content=\"https:\/\/www.altair-srl.com\/wp-content\/uploads\/2024\/01\/FOTO-PER-ALTRI-MARCHI.png\" \/>\n\t<meta property=\"og:image:width\" content=\"1200\" \/>\n\t<meta property=\"og:image:height\" content=\"1108\" \/>\n\t<meta property=\"og:image:type\" content=\"image\/png\" \/>\n<meta name=\"twitter:card\" content=\"summary_large_image\" \/>\n<meta name=\"twitter:label1\" content=\"Gesch\u00e4tzte Lesezeit\" \/>\n\t<meta name=\"twitter:data1\" content=\"1\u00a0Minute\" \/>\n<script type=\"application\/ld+json\" class=\"yoast-schema-graph\">{\"@context\":\"https:\/\/schema.org\",\"@graph\":[{\"@type\":\"WebPage\",\"@id\":\"https:\/\/www.altair-srl.com\/de\/prodotto\/ersatzfilter-fuer-andere-marken\/\",\"url\":\"https:\/\/www.altair-srl.com\/de\/prodotto\/ersatzfilter-fuer-andere-marken\/\",\"name\":\"Ersatzfilter f\u00fcr andere Marken | Altair S.r.l.\",\"isPartOf\":{\"@id\":\"https:\/\/www.altair-srl.com\/de\/#website\"},\"primaryImageOfPage\":{\"@id\":\"https:\/\/www.altair-srl.com\/de\/prodotto\/ersatzfilter-fuer-andere-marken\/#primaryimage\"},\"image\":{\"@id\":\"https:\/\/www.altair-srl.com\/de\/prodotto\/ersatzfilter-fuer-andere-marken\/#primaryimage\"},\"thumbnailUrl\":\"https:\/\/www.altair-srl.com\/wp-content\/uploads\/2024\/01\/FOTO-PER-ALTRI-MARCHI.png\",\"datePublished\":\"2024-01-15T11:38:37+00:00\",\"dateModified\":\"2024-01-15T11:42:23+00:00\",\"breadcrumb\":{\"@id\":\"https:\/\/www.altair-srl.com\/de\/prodotto\/ersatzfilter-fuer-andere-marken\/#breadcrumb\"},\"inLanguage\":\"de\",\"potentialAction\":[{\"@type\":\"ReadAction\",\"target\":[\"https:\/\/www.altair-srl.com\/de\/prodotto\/ersatzfilter-fuer-andere-marken\/\"]}]},{\"@type\":\"ImageObject\",\"inLanguage\":\"de\",\"@id\":\"https:\/\/www.altair-srl.com\/de\/prodotto\/ersatzfilter-fuer-andere-marken\/#primaryimage\",\"url\":\"https:\/\/www.altair-srl.com\/wp-content\/uploads\/2024\/01\/FOTO-PER-ALTRI-MARCHI.png\",\"contentUrl\":\"https:\/\/www.altair-srl.com\/wp-content\/uploads\/2024\/01\/FOTO-PER-ALTRI-MARCHI.png\",\"width\":1200,\"height\":1108},{\"@type\":\"BreadcrumbList\",\"@id\":\"https:\/\/www.altair-srl.com\/de\/prodotto\/ersatzfilter-fuer-andere-marken\/#breadcrumb\",\"itemListElement\":[{\"@type\":\"ListItem\",\"position\":1,\"name\":\"Home\",\"item\":\"https:\/\/www.altair-srl.com\/de\/\"},{\"@type\":\"ListItem\",\"position\":2,\"name\":\"Shop\",\"item\":\"https:\/\/www.altair-srl.com\/negozio\/\"},{\"@type\":\"ListItem\",\"position\":3,\"name\":\"Ersatzfilter f\u00fcr andere Marken\"}]},{\"@type\":\"WebSite\",\"@id\":\"https:\/\/www.altair-srl.com\/de\/#website\",\"url\":\"https:\/\/www.altair-srl.com\/de\/\",\"name\":\"Altair S.r.l.\",\"description\":\"Produzione sistemi di filtrazione e depurazione dell\u2019aria\",\"publisher\":{\"@id\":\"https:\/\/www.altair-srl.com\/de\/#organization\"},\"potentialAction\":[{\"@type\":\"SearchAction\",\"target\":{\"@type\":\"EntryPoint\",\"urlTemplate\":\"https:\/\/www.altair-srl.com\/de\/?s={search_term_string}\"},\"query-input\":{\"@type\":\"PropertyValueSpecification\",\"valueRequired\":true,\"valueName\":\"search_term_string\"}}],\"inLanguage\":\"de\"},{\"@type\":\"Organization\",\"@id\":\"https:\/\/www.altair-srl.com\/de\/#organization\",\"name\":\"Altair S.r.l.\",\"url\":\"https:\/\/www.altair-srl.com\/de\/\",\"logo\":{\"@type\":\"ImageObject\",\"inLanguage\":\"de\",\"@id\":\"https:\/\/www.altair-srl.com\/de\/#\/schema\/logo\/image\/\",\"url\":\"https:\/\/www.altair-srl.com\/wp-content\/uploads\/2022\/06\/logo.png\",\"contentUrl\":\"https:\/\/www.altair-srl.com\/wp-content\/uploads\/2022\/06\/logo.png\",\"width\":400,\"height\":184,\"caption\":\"Altair S.r.l.\"},\"image\":{\"@id\":\"https:\/\/www.altair-srl.com\/de\/#\/schema\/logo\/image\/\"}}]}<\/script>\n<!-- \/ Yoast SEO plugin. -->","yoast_head_json":{"title":"Ersatzfilter f\u00fcr andere Marken | Altair S.r.l.","robots":{"index":"index","follow":"follow","max-snippet":"max-snippet:-1","max-image-preview":"max-image-preview:large","max-video-preview":"max-video-preview:-1"},"canonical":"https:\/\/www.altair-srl.com\/de\/prodotto\/ersatzfilter-fuer-andere-marken\/","og_locale":"de_DE","og_type":"article","og_title":"Ersatzfilter f\u00fcr andere Marken | Altair S.r.l.","og_description":"Wir sind in der Lage, jeden Filtertyp anhand seines Originalcodes oder seiner Marke zu identifizieren und Ihnen das aktuell verf\u00fcgbare \u00c4quivalent in unserem Sortiment sowie die technische Zeichnung im PDF-Format...","og_url":"https:\/\/www.altair-srl.com\/de\/prodotto\/ersatzfilter-fuer-andere-marken\/","og_site_name":"Altair S.r.l.","article_modified_time":"2024-01-15T11:42:23+00:00","og_image":[{"width":1200,"height":1108,"url":"https:\/\/www.altair-srl.com\/wp-content\/uploads\/2024\/01\/FOTO-PER-ALTRI-MARCHI.png","type":"image\/png"}],"twitter_card":"summary_large_image","twitter_misc":{"Gesch\u00e4tzte Lesezeit":"1\u00a0Minute"},"schema":{"@context":"https:\/\/schema.org","@graph":[{"@type":"WebPage","@id":"https:\/\/www.altair-srl.com\/de\/prodotto\/ersatzfilter-fuer-andere-marken\/","url":"https:\/\/www.altair-srl.com\/de\/prodotto\/ersatzfilter-fuer-andere-marken\/","name":"Ersatzfilter f\u00fcr andere Marken | Altair S.r.l.","isPartOf":{"@id":"https:\/\/www.altair-srl.com\/de\/#website"},"primaryImageOfPage":{"@id":"https:\/\/www.altair-srl.com\/de\/prodotto\/ersatzfilter-fuer-andere-marken\/#primaryimage"},"image":{"@id":"https:\/\/www.altair-srl.com\/de\/prodotto\/ersatzfilter-fuer-andere-marken\/#primaryimage"},"thumbnailUrl":"https:\/\/www.altair-srl.com\/wp-content\/uploads\/2024\/01\/FOTO-PER-ALTRI-MARCHI.png","datePublished":"2024-01-15T11:38:37+00:00","dateModified":"2024-01-15T11:42:23+00:00","breadcrumb":{"@id":"https:\/\/www.altair-srl.com\/de\/prodotto\/ersatzfilter-fuer-andere-marken\/#breadcrumb"},"inLanguage":"de","potentialAction":[{"@type":"ReadAction","target":["https:\/\/www.altair-srl.com\/de\/prodotto\/ersatzfilter-fuer-andere-marken\/"]}]},{"@type":"ImageObject","inLanguage":"de","@id":"https:\/\/www.altair-srl.com\/de\/prodotto\/ersatzfilter-fuer-andere-marken\/#primaryimage","url":"https:\/\/www.altair-srl.com\/wp-content\/uploads\/2024\/01\/FOTO-PER-ALTRI-MARCHI.png","contentUrl":"https:\/\/www.altair-srl.com\/wp-content\/uploads\/2024\/01\/FOTO-PER-ALTRI-MARCHI.png","width":1200,"height":1108},{"@type":"BreadcrumbList","@id":"https:\/\/www.altair-srl.com\/de\/prodotto\/ersatzfilter-fuer-andere-marken\/#breadcrumb","itemListElement":[{"@type":"ListItem","position":1,"name":"Home","item":"https:\/\/www.altair-srl.com\/de\/"},{"@type":"ListItem","position":2,"name":"Shop","item":"https:\/\/www.altair-srl.com\/negozio\/"},{"@type":"ListItem","position":3,"name":"Ersatzfilter f\u00fcr andere Marken"}]},{"@type":"WebSite","@id":"https:\/\/www.altair-srl.com\/de\/#website","url":"https:\/\/www.altair-srl.com\/de\/","name":"Altair S.r.l.","description":"Produzione sistemi di filtrazione e depurazione dell\u2019aria","publisher":{"@id":"https:\/\/www.altair-srl.com\/de\/#organization"},"potentialAction":[{"@type":"SearchAction","target":{"@type":"EntryPoint","urlTemplate":"https:\/\/www.altair-srl.com\/de\/?s={search_term_string}"},"query-input":{"@type":"PropertyValueSpecification","valueRequired":true,"valueName":"search_term_string"}}],"inLanguage":"de"},{"@type":"Organization","@id":"https:\/\/www.altair-srl.com\/de\/#organization","name":"Altair S.r.l.","url":"https:\/\/www.altair-srl.com\/de\/","logo":{"@type":"ImageObject","inLanguage":"de","@id":"https:\/\/www.altair-srl.com\/de\/#\/schema\/logo\/image\/","url":"https:\/\/www.altair-srl.com\/wp-content\/uploads\/2022\/06\/logo.png","contentUrl":"https:\/\/www.altair-srl.com\/wp-content\/uploads\/2022\/06\/logo.png","width":400,"height":184,"caption":"Altair S.r.l."},"image":{"@id":"https:\/\/www.altair-srl.com\/de\/#\/schema\/logo\/image\/"}}]}},"_links":{"self":[{"href":"https:\/\/www.altair-srl.com\/de\/wp-json\/wp\/v2\/product\/5225","targetHints":{"allow":["GET"]}}],"collection":[{"href":"https:\/\/www.altair-srl.com\/de\/wp-json\/wp\/v2\/product"}],"about":[{"href":"https:\/\/www.altair-srl.com\/de\/wp-json\/wp\/v2\/types\/product"}],"wp:featuredmedia":[{"embeddable":true,"href":"https:\/\/www.altair-srl.com\/de\/wp-json\/wp\/v2\/media\/5215"}],"wp:attachment":[{"href":"https:\/\/www.altair-srl.com\/de\/wp-json\/wp\/v2\/media?parent=5225"}],"wp:term":[{"taxonomy":"product_brand","embeddable":true,"href":"https:\/\/www.altair-srl.com\/de\/wp-json\/wp\/v2\/product_brand?post=5225"},{"taxonomy":"product_cat","embeddable":true,"href":"https:\/\/www.altair-srl.com\/de\/wp-json\/wp\/v2\/product_cat?post=5225"},{"taxonomy":"product_tag","embeddable":true,"href":"https:\/\/www.altair-srl.com\/de\/wp-json\/wp\/v2\/product_tag?post=5225"}],"curies":[{"name":"wp","href":"https:\/\/api.w.org\/{rel}","templated":true}]}}