{"id":4264,"date":"2023-01-13T14:14:21","date_gmt":"2023-01-13T14:14:21","guid":{"rendered":"https:\/\/www.altair-srl.com\/prodotto\/evolve\/"},"modified":"2023-01-13T14:14:21","modified_gmt":"2023-01-13T14:14:21","slug":"evolve","status":"publish","type":"product","link":"https:\/\/www.altair-srl.com\/de\/prodotto\/evolve\/","title":{"rendered":"EVOLVE"},"content":{"rendered":"","protected":false},"excerpt":{"rendered":"<p>Die innovative Produktlinie EVOLVE zeichnet sich durch die Kombination von &#8222;PLEATING&#8220; und Schlauchfiltertechnologie aus. Sie ist vollst\u00e4ndig austauschbar mit einem herk\u00f6mmlichen Schlauch und kombiniert eine gr\u00f6\u00dfere Filterfl\u00e4che mit einer h\u00f6heren Filtrationsleistung.<\/p>\n","protected":false},"featured_media":3004,"template":"","meta":[],"product_brand":[],"product_cat":[104],"product_tag":[],"class_list":{"0":"post-4264","1":"product","2":"type-product","3":"status-publish","4":"has-post-thumbnail","6":"product_cat-manschetten-und-taschen","8":"first","9":"instock","10":"shipping-taxable","11":"product-type-simple"},"yoast_head":"<!-- This site is optimized with the Yoast SEO plugin v27.0 - https:\/\/yoast.com\/product\/yoast-seo-wordpress\/ -->\n<title>EVOLVE | Altair S.r.l.<\/title>\n<meta name=\"robots\" content=\"index, follow, max-snippet:-1, max-image-preview:large, max-video-preview:-1\" \/>\n<link rel=\"canonical\" href=\"https:\/\/www.altair-srl.com\/de\/prodotto\/evolve\/\" \/>\n<meta property=\"og:locale\" content=\"de_DE\" \/>\n<meta property=\"og:type\" content=\"article\" \/>\n<meta property=\"og:title\" content=\"EVOLVE | Altair S.r.l.\" \/>\n<meta property=\"og:description\" content=\"Die innovative Produktlinie EVOLVE zeichnet sich durch die Kombination von &quot;PLEATING&quot; und Schlauchfiltertechnologie aus. Sie ist vollst\u00e4ndig austauschbar mit einem herk\u00f6mmlichen Schlauch und kombiniert eine gr\u00f6\u00dfere Filterfl\u00e4che mit einer h\u00f6heren Filtrationsleistung.\" \/>\n<meta property=\"og:url\" content=\"https:\/\/www.altair-srl.com\/de\/prodotto\/evolve\/\" \/>\n<meta property=\"og:site_name\" content=\"Altair S.r.l.\" \/>\n<meta property=\"og:image\" content=\"https:\/\/www.altair-srl.com\/wp-content\/uploads\/2023\/01\/AMP9220.jpg\" \/>\n\t<meta property=\"og:image:width\" content=\"1280\" \/>\n\t<meta property=\"og:image:height\" content=\"1920\" \/>\n\t<meta property=\"og:image:type\" content=\"image\/jpeg\" \/>\n<meta name=\"twitter:card\" content=\"summary_large_image\" \/>\n<script type=\"application\/ld+json\" class=\"yoast-schema-graph\">{\"@context\":\"https:\/\/schema.org\",\"@graph\":[{\"@type\":\"WebPage\",\"@id\":\"https:\/\/www.altair-srl.com\/de\/prodotto\/evolve\/\",\"url\":\"https:\/\/www.altair-srl.com\/de\/prodotto\/evolve\/\",\"name\":\"EVOLVE | Altair S.r.l.\",\"isPartOf\":{\"@id\":\"https:\/\/www.altair-srl.com\/de\/#website\"},\"primaryImageOfPage\":{\"@id\":\"https:\/\/www.altair-srl.com\/de\/prodotto\/evolve\/#primaryimage\"},\"image\":{\"@id\":\"https:\/\/www.altair-srl.com\/de\/prodotto\/evolve\/#primaryimage\"},\"thumbnailUrl\":\"https:\/\/www.altair-srl.com\/wp-content\/uploads\/2023\/01\/AMP9220.jpg\",\"datePublished\":\"2023-01-13T14:14:21+00:00\",\"breadcrumb\":{\"@id\":\"https:\/\/www.altair-srl.com\/de\/prodotto\/evolve\/#breadcrumb\"},\"inLanguage\":\"de\",\"potentialAction\":[{\"@type\":\"ReadAction\",\"target\":[\"https:\/\/www.altair-srl.com\/de\/prodotto\/evolve\/\"]}]},{\"@type\":\"ImageObject\",\"inLanguage\":\"de\",\"@id\":\"https:\/\/www.altair-srl.com\/de\/prodotto\/evolve\/#primaryimage\",\"url\":\"https:\/\/www.altair-srl.com\/wp-content\/uploads\/2023\/01\/AMP9220.jpg\",\"contentUrl\":\"https:\/\/www.altair-srl.com\/wp-content\/uploads\/2023\/01\/AMP9220.jpg\",\"width\":1280,\"height\":1920},{\"@type\":\"BreadcrumbList\",\"@id\":\"https:\/\/www.altair-srl.com\/de\/prodotto\/evolve\/#breadcrumb\",\"itemListElement\":[{\"@type\":\"ListItem\",\"position\":1,\"name\":\"Home\",\"item\":\"https:\/\/www.altair-srl.com\/de\/\"},{\"@type\":\"ListItem\",\"position\":2,\"name\":\"Shop\",\"item\":\"https:\/\/www.altair-srl.com\/negozio\/\"},{\"@type\":\"ListItem\",\"position\":3,\"name\":\"EVOLVE\"}]},{\"@type\":\"WebSite\",\"@id\":\"https:\/\/www.altair-srl.com\/de\/#website\",\"url\":\"https:\/\/www.altair-srl.com\/de\/\",\"name\":\"Altair S.r.l.\",\"description\":\"Produzione sistemi di filtrazione e depurazione dell\u2019aria\",\"publisher\":{\"@id\":\"https:\/\/www.altair-srl.com\/de\/#organization\"},\"potentialAction\":[{\"@type\":\"SearchAction\",\"target\":{\"@type\":\"EntryPoint\",\"urlTemplate\":\"https:\/\/www.altair-srl.com\/de\/?s={search_term_string}\"},\"query-input\":{\"@type\":\"PropertyValueSpecification\",\"valueRequired\":true,\"valueName\":\"search_term_string\"}}],\"inLanguage\":\"de\"},{\"@type\":\"Organization\",\"@id\":\"https:\/\/www.altair-srl.com\/de\/#organization\",\"name\":\"Altair S.r.l.\",\"url\":\"https:\/\/www.altair-srl.com\/de\/\",\"logo\":{\"@type\":\"ImageObject\",\"inLanguage\":\"de\",\"@id\":\"https:\/\/www.altair-srl.com\/de\/#\/schema\/logo\/image\/\",\"url\":\"https:\/\/www.altair-srl.com\/wp-content\/uploads\/2022\/06\/logo.png\",\"contentUrl\":\"https:\/\/www.altair-srl.com\/wp-content\/uploads\/2022\/06\/logo.png\",\"width\":400,\"height\":184,\"caption\":\"Altair S.r.l.\"},\"image\":{\"@id\":\"https:\/\/www.altair-srl.com\/de\/#\/schema\/logo\/image\/\"}}]}<\/script>\n<!-- \/ Yoast SEO plugin. -->","yoast_head_json":{"title":"EVOLVE | Altair S.r.l.","robots":{"index":"index","follow":"follow","max-snippet":"max-snippet:-1","max-image-preview":"max-image-preview:large","max-video-preview":"max-video-preview:-1"},"canonical":"https:\/\/www.altair-srl.com\/de\/prodotto\/evolve\/","og_locale":"de_DE","og_type":"article","og_title":"EVOLVE | Altair S.r.l.","og_description":"Die innovative Produktlinie EVOLVE zeichnet sich durch die Kombination von \"PLEATING\" und Schlauchfiltertechnologie aus. Sie ist vollst\u00e4ndig austauschbar mit einem herk\u00f6mmlichen Schlauch und kombiniert eine gr\u00f6\u00dfere Filterfl\u00e4che mit einer h\u00f6heren Filtrationsleistung.","og_url":"https:\/\/www.altair-srl.com\/de\/prodotto\/evolve\/","og_site_name":"Altair S.r.l.","og_image":[{"width":1280,"height":1920,"url":"https:\/\/www.altair-srl.com\/wp-content\/uploads\/2023\/01\/AMP9220.jpg","type":"image\/jpeg"}],"twitter_card":"summary_large_image","schema":{"@context":"https:\/\/schema.org","@graph":[{"@type":"WebPage","@id":"https:\/\/www.altair-srl.com\/de\/prodotto\/evolve\/","url":"https:\/\/www.altair-srl.com\/de\/prodotto\/evolve\/","name":"EVOLVE | Altair S.r.l.","isPartOf":{"@id":"https:\/\/www.altair-srl.com\/de\/#website"},"primaryImageOfPage":{"@id":"https:\/\/www.altair-srl.com\/de\/prodotto\/evolve\/#primaryimage"},"image":{"@id":"https:\/\/www.altair-srl.com\/de\/prodotto\/evolve\/#primaryimage"},"thumbnailUrl":"https:\/\/www.altair-srl.com\/wp-content\/uploads\/2023\/01\/AMP9220.jpg","datePublished":"2023-01-13T14:14:21+00:00","breadcrumb":{"@id":"https:\/\/www.altair-srl.com\/de\/prodotto\/evolve\/#breadcrumb"},"inLanguage":"de","potentialAction":[{"@type":"ReadAction","target":["https:\/\/www.altair-srl.com\/de\/prodotto\/evolve\/"]}]},{"@type":"ImageObject","inLanguage":"de","@id":"https:\/\/www.altair-srl.com\/de\/prodotto\/evolve\/#primaryimage","url":"https:\/\/www.altair-srl.com\/wp-content\/uploads\/2023\/01\/AMP9220.jpg","contentUrl":"https:\/\/www.altair-srl.com\/wp-content\/uploads\/2023\/01\/AMP9220.jpg","width":1280,"height":1920},{"@type":"BreadcrumbList","@id":"https:\/\/www.altair-srl.com\/de\/prodotto\/evolve\/#breadcrumb","itemListElement":[{"@type":"ListItem","position":1,"name":"Home","item":"https:\/\/www.altair-srl.com\/de\/"},{"@type":"ListItem","position":2,"name":"Shop","item":"https:\/\/www.altair-srl.com\/negozio\/"},{"@type":"ListItem","position":3,"name":"EVOLVE"}]},{"@type":"WebSite","@id":"https:\/\/www.altair-srl.com\/de\/#website","url":"https:\/\/www.altair-srl.com\/de\/","name":"Altair S.r.l.","description":"Produzione sistemi di filtrazione e depurazione dell\u2019aria","publisher":{"@id":"https:\/\/www.altair-srl.com\/de\/#organization"},"potentialAction":[{"@type":"SearchAction","target":{"@type":"EntryPoint","urlTemplate":"https:\/\/www.altair-srl.com\/de\/?s={search_term_string}"},"query-input":{"@type":"PropertyValueSpecification","valueRequired":true,"valueName":"search_term_string"}}],"inLanguage":"de"},{"@type":"Organization","@id":"https:\/\/www.altair-srl.com\/de\/#organization","name":"Altair S.r.l.","url":"https:\/\/www.altair-srl.com\/de\/","logo":{"@type":"ImageObject","inLanguage":"de","@id":"https:\/\/www.altair-srl.com\/de\/#\/schema\/logo\/image\/","url":"https:\/\/www.altair-srl.com\/wp-content\/uploads\/2022\/06\/logo.png","contentUrl":"https:\/\/www.altair-srl.com\/wp-content\/uploads\/2022\/06\/logo.png","width":400,"height":184,"caption":"Altair S.r.l."},"image":{"@id":"https:\/\/www.altair-srl.com\/de\/#\/schema\/logo\/image\/"}}]}},"_links":{"self":[{"href":"https:\/\/www.altair-srl.com\/de\/wp-json\/wp\/v2\/product\/4264","targetHints":{"allow":["GET"]}}],"collection":[{"href":"https:\/\/www.altair-srl.com\/de\/wp-json\/wp\/v2\/product"}],"about":[{"href":"https:\/\/www.altair-srl.com\/de\/wp-json\/wp\/v2\/types\/product"}],"wp:featuredmedia":[{"embeddable":true,"href":"https:\/\/www.altair-srl.com\/de\/wp-json\/wp\/v2\/media\/3004"}],"wp:attachment":[{"href":"https:\/\/www.altair-srl.com\/de\/wp-json\/wp\/v2\/media?parent=4264"}],"wp:term":[{"taxonomy":"product_brand","embeddable":true,"href":"https:\/\/www.altair-srl.com\/de\/wp-json\/wp\/v2\/product_brand?post=4264"},{"taxonomy":"product_cat","embeddable":true,"href":"https:\/\/www.altair-srl.com\/de\/wp-json\/wp\/v2\/product_cat?post=4264"},{"taxonomy":"product_tag","embeddable":true,"href":"https:\/\/www.altair-srl.com\/de\/wp-json\/wp\/v2\/product_tag?post=4264"}],"curies":[{"name":"wp","href":"https:\/\/api.w.org\/{rel}","templated":true}]}}