{"id":4263,"date":"2023-02-01T09:28:32","date_gmt":"2023-02-01T09:28:32","guid":{"rendered":"https:\/\/www.altair-srl.com\/prodotto\/offene-huelse-auf-der-einen-seite-glatt-geschnitten-auf-der-anderen-seite-mit-verstaerktem-ruecken-geschlossen\/"},"modified":"2023-11-27T12:06:00","modified_gmt":"2023-11-27T12:06:00","slug":"spezial-befestigungshulse-typ-sp","status":"publish","type":"product","link":"https:\/\/www.altair-srl.com\/de\/prodotto\/spezial-befestigungshulse-typ-sp\/","title":{"rendered":"Spezial-Befestigungsh\u00fclse &#8211; Typ SP"},"content":{"rendered":"<p>H\u00fclsen sind meist r\u00f6hrenf\u00f6rmige Elemente, die in der Staubfiltration in verschiedenen Industriezweigen eingesetzt werden. Sie zeichnen sich durch ihre hohe Festigkeit, lange Lebensdauer und hohe Filterkapazit\u00e4t f\u00fcr Fein- und Grobstaub aus. Sie sind einfach zu verwenden und zu montieren. Sie k\u00f6nnen verschiedene Durchmesser, L\u00e4ngen und Befestigungsarten haben.<\/p>\n","protected":false},"excerpt":{"rendered":"<p><strong>AXT-BEFESTIGUNG<\/strong><\/p>\n","protected":false},"featured_media":5596,"template":"","meta":[],"product_brand":[],"product_cat":[104],"product_tag":[],"class_list":{"0":"post-4263","1":"product","2":"type-product","3":"status-publish","4":"has-post-thumbnail","6":"product_cat-manschetten-und-taschen","8":"first","9":"instock","10":"shipping-taxable","11":"product-type-simple"},"yoast_head":"<!-- This site is optimized with the Yoast SEO plugin v27.4 - https:\/\/yoast.com\/product\/yoast-seo-wordpress\/ -->\n<title>Spezial-Befestigungsh\u00fclse - Typ SP | Altair S.r.l.<\/title>\n<meta name=\"robots\" content=\"index, follow, max-snippet:-1, max-image-preview:large, max-video-preview:-1\" \/>\n<link rel=\"canonical\" href=\"https:\/\/www.altair-srl.com\/de\/prodotto\/spezial-befestigungshulse-typ-sp\/\" \/>\n<meta property=\"og:locale\" content=\"de_DE\" \/>\n<meta property=\"og:type\" content=\"article\" \/>\n<meta property=\"og:title\" content=\"Spezial-Befestigungsh\u00fclse - Typ SP | Altair S.r.l.\" \/>\n<meta property=\"og:description\" content=\"AXT-BEFESTIGUNG\" \/>\n<meta property=\"og:url\" content=\"https:\/\/www.altair-srl.com\/de\/prodotto\/spezial-befestigungshulse-typ-sp\/\" \/>\n<meta property=\"og:site_name\" content=\"Altair S.r.l.\" \/>\n<meta property=\"article:modified_time\" content=\"2023-11-27T12:06:00+00:00\" \/>\n<meta property=\"og:image\" content=\"https:\/\/www.altair-srl.com\/wp-content\/uploads\/2023\/02\/Manica-SP1.jpg\" \/>\n\t<meta property=\"og:image:width\" content=\"1303\" \/>\n\t<meta property=\"og:image:height\" content=\"1585\" \/>\n\t<meta property=\"og:image:type\" content=\"image\/jpeg\" \/>\n<meta name=\"twitter:card\" content=\"summary_large_image\" \/>\n<script type=\"application\/ld+json\" class=\"yoast-schema-graph\">{\"@context\":\"https:\\\/\\\/schema.org\",\"@graph\":[{\"@type\":\"WebPage\",\"@id\":\"https:\\\/\\\/www.altair-srl.com\\\/de\\\/prodotto\\\/spezial-befestigungshulse-typ-sp\\\/\",\"url\":\"https:\\\/\\\/www.altair-srl.com\\\/de\\\/prodotto\\\/spezial-befestigungshulse-typ-sp\\\/\",\"name\":\"Spezial-Befestigungsh\u00fclse - Typ SP | Altair S.r.l.\",\"isPartOf\":{\"@id\":\"https:\\\/\\\/www.altair-srl.com\\\/de\\\/#website\"},\"primaryImageOfPage\":{\"@id\":\"https:\\\/\\\/www.altair-srl.com\\\/de\\\/prodotto\\\/spezial-befestigungshulse-typ-sp\\\/#primaryimage\"},\"image\":{\"@id\":\"https:\\\/\\\/www.altair-srl.com\\\/de\\\/prodotto\\\/spezial-befestigungshulse-typ-sp\\\/#primaryimage\"},\"thumbnailUrl\":\"https:\\\/\\\/www.altair-srl.com\\\/wp-content\\\/uploads\\\/2023\\\/02\\\/Manica-SP1.jpg\",\"datePublished\":\"2023-02-01T09:28:32+00:00\",\"dateModified\":\"2023-11-27T12:06:00+00:00\",\"breadcrumb\":{\"@id\":\"https:\\\/\\\/www.altair-srl.com\\\/de\\\/prodotto\\\/spezial-befestigungshulse-typ-sp\\\/#breadcrumb\"},\"inLanguage\":\"de\",\"potentialAction\":[{\"@type\":\"ReadAction\",\"target\":[\"https:\\\/\\\/www.altair-srl.com\\\/de\\\/prodotto\\\/spezial-befestigungshulse-typ-sp\\\/\"]}]},{\"@type\":\"ImageObject\",\"inLanguage\":\"de\",\"@id\":\"https:\\\/\\\/www.altair-srl.com\\\/de\\\/prodotto\\\/spezial-befestigungshulse-typ-sp\\\/#primaryimage\",\"url\":\"https:\\\/\\\/www.altair-srl.com\\\/wp-content\\\/uploads\\\/2023\\\/02\\\/Manica-SP1.jpg\",\"contentUrl\":\"https:\\\/\\\/www.altair-srl.com\\\/wp-content\\\/uploads\\\/2023\\\/02\\\/Manica-SP1.jpg\",\"width\":1303,\"height\":1585},{\"@type\":\"BreadcrumbList\",\"@id\":\"https:\\\/\\\/www.altair-srl.com\\\/de\\\/prodotto\\\/spezial-befestigungshulse-typ-sp\\\/#breadcrumb\",\"itemListElement\":[{\"@type\":\"ListItem\",\"position\":1,\"name\":\"Home\",\"item\":\"https:\\\/\\\/www.altair-srl.com\\\/de\\\/\"},{\"@type\":\"ListItem\",\"position\":2,\"name\":\"Shop\",\"item\":\"https:\\\/\\\/www.altair-srl.com\\\/negozio\\\/\"},{\"@type\":\"ListItem\",\"position\":3,\"name\":\"Spezial-Befestigungsh\u00fclse &#8211; Typ SP\"}]},{\"@type\":\"WebSite\",\"@id\":\"https:\\\/\\\/www.altair-srl.com\\\/de\\\/#website\",\"url\":\"https:\\\/\\\/www.altair-srl.com\\\/de\\\/\",\"name\":\"Altair S.r.l.\",\"description\":\"Produzione sistemi di filtrazione e depurazione dell\u2019aria\",\"publisher\":{\"@id\":\"https:\\\/\\\/www.altair-srl.com\\\/de\\\/#organization\"},\"potentialAction\":[{\"@type\":\"SearchAction\",\"target\":{\"@type\":\"EntryPoint\",\"urlTemplate\":\"https:\\\/\\\/www.altair-srl.com\\\/de\\\/?s={search_term_string}\"},\"query-input\":{\"@type\":\"PropertyValueSpecification\",\"valueRequired\":true,\"valueName\":\"search_term_string\"}}],\"inLanguage\":\"de\"},{\"@type\":\"Organization\",\"@id\":\"https:\\\/\\\/www.altair-srl.com\\\/de\\\/#organization\",\"name\":\"Altair S.r.l.\",\"url\":\"https:\\\/\\\/www.altair-srl.com\\\/de\\\/\",\"logo\":{\"@type\":\"ImageObject\",\"inLanguage\":\"de\",\"@id\":\"https:\\\/\\\/www.altair-srl.com\\\/de\\\/#\\\/schema\\\/logo\\\/image\\\/\",\"url\":\"https:\\\/\\\/www.altair-srl.com\\\/wp-content\\\/uploads\\\/2022\\\/06\\\/logo.png\",\"contentUrl\":\"https:\\\/\\\/www.altair-srl.com\\\/wp-content\\\/uploads\\\/2022\\\/06\\\/logo.png\",\"width\":400,\"height\":184,\"caption\":\"Altair S.r.l.\"},\"image\":{\"@id\":\"https:\\\/\\\/www.altair-srl.com\\\/de\\\/#\\\/schema\\\/logo\\\/image\\\/\"}}]}<\/script>\n<!-- \/ Yoast SEO plugin. -->","yoast_head_json":{"title":"Spezial-Befestigungsh\u00fclse - Typ SP | Altair S.r.l.","robots":{"index":"index","follow":"follow","max-snippet":"max-snippet:-1","max-image-preview":"max-image-preview:large","max-video-preview":"max-video-preview:-1"},"canonical":"https:\/\/www.altair-srl.com\/de\/prodotto\/spezial-befestigungshulse-typ-sp\/","og_locale":"de_DE","og_type":"article","og_title":"Spezial-Befestigungsh\u00fclse - Typ SP | Altair S.r.l.","og_description":"AXT-BEFESTIGUNG","og_url":"https:\/\/www.altair-srl.com\/de\/prodotto\/spezial-befestigungshulse-typ-sp\/","og_site_name":"Altair S.r.l.","article_modified_time":"2023-11-27T12:06:00+00:00","og_image":[{"width":1303,"height":1585,"url":"https:\/\/www.altair-srl.com\/wp-content\/uploads\/2023\/02\/Manica-SP1.jpg","type":"image\/jpeg"}],"twitter_card":"summary_large_image","schema":{"@context":"https:\/\/schema.org","@graph":[{"@type":"WebPage","@id":"https:\/\/www.altair-srl.com\/de\/prodotto\/spezial-befestigungshulse-typ-sp\/","url":"https:\/\/www.altair-srl.com\/de\/prodotto\/spezial-befestigungshulse-typ-sp\/","name":"Spezial-Befestigungsh\u00fclse - Typ SP | Altair S.r.l.","isPartOf":{"@id":"https:\/\/www.altair-srl.com\/de\/#website"},"primaryImageOfPage":{"@id":"https:\/\/www.altair-srl.com\/de\/prodotto\/spezial-befestigungshulse-typ-sp\/#primaryimage"},"image":{"@id":"https:\/\/www.altair-srl.com\/de\/prodotto\/spezial-befestigungshulse-typ-sp\/#primaryimage"},"thumbnailUrl":"https:\/\/www.altair-srl.com\/wp-content\/uploads\/2023\/02\/Manica-SP1.jpg","datePublished":"2023-02-01T09:28:32+00:00","dateModified":"2023-11-27T12:06:00+00:00","breadcrumb":{"@id":"https:\/\/www.altair-srl.com\/de\/prodotto\/spezial-befestigungshulse-typ-sp\/#breadcrumb"},"inLanguage":"de","potentialAction":[{"@type":"ReadAction","target":["https:\/\/www.altair-srl.com\/de\/prodotto\/spezial-befestigungshulse-typ-sp\/"]}]},{"@type":"ImageObject","inLanguage":"de","@id":"https:\/\/www.altair-srl.com\/de\/prodotto\/spezial-befestigungshulse-typ-sp\/#primaryimage","url":"https:\/\/www.altair-srl.com\/wp-content\/uploads\/2023\/02\/Manica-SP1.jpg","contentUrl":"https:\/\/www.altair-srl.com\/wp-content\/uploads\/2023\/02\/Manica-SP1.jpg","width":1303,"height":1585},{"@type":"BreadcrumbList","@id":"https:\/\/www.altair-srl.com\/de\/prodotto\/spezial-befestigungshulse-typ-sp\/#breadcrumb","itemListElement":[{"@type":"ListItem","position":1,"name":"Home","item":"https:\/\/www.altair-srl.com\/de\/"},{"@type":"ListItem","position":2,"name":"Shop","item":"https:\/\/www.altair-srl.com\/negozio\/"},{"@type":"ListItem","position":3,"name":"Spezial-Befestigungsh\u00fclse &#8211; Typ SP"}]},{"@type":"WebSite","@id":"https:\/\/www.altair-srl.com\/de\/#website","url":"https:\/\/www.altair-srl.com\/de\/","name":"Altair S.r.l.","description":"Produzione sistemi di filtrazione e depurazione dell\u2019aria","publisher":{"@id":"https:\/\/www.altair-srl.com\/de\/#organization"},"potentialAction":[{"@type":"SearchAction","target":{"@type":"EntryPoint","urlTemplate":"https:\/\/www.altair-srl.com\/de\/?s={search_term_string}"},"query-input":{"@type":"PropertyValueSpecification","valueRequired":true,"valueName":"search_term_string"}}],"inLanguage":"de"},{"@type":"Organization","@id":"https:\/\/www.altair-srl.com\/de\/#organization","name":"Altair S.r.l.","url":"https:\/\/www.altair-srl.com\/de\/","logo":{"@type":"ImageObject","inLanguage":"de","@id":"https:\/\/www.altair-srl.com\/de\/#\/schema\/logo\/image\/","url":"https:\/\/www.altair-srl.com\/wp-content\/uploads\/2022\/06\/logo.png","contentUrl":"https:\/\/www.altair-srl.com\/wp-content\/uploads\/2022\/06\/logo.png","width":400,"height":184,"caption":"Altair S.r.l."},"image":{"@id":"https:\/\/www.altair-srl.com\/de\/#\/schema\/logo\/image\/"}}]}},"_links":{"self":[{"href":"https:\/\/www.altair-srl.com\/de\/wp-json\/wp\/v2\/product\/4263","targetHints":{"allow":["GET"]}}],"collection":[{"href":"https:\/\/www.altair-srl.com\/de\/wp-json\/wp\/v2\/product"}],"about":[{"href":"https:\/\/www.altair-srl.com\/de\/wp-json\/wp\/v2\/types\/product"}],"wp:featuredmedia":[{"embeddable":true,"href":"https:\/\/www.altair-srl.com\/de\/wp-json\/wp\/v2\/media\/5596"}],"wp:attachment":[{"href":"https:\/\/www.altair-srl.com\/de\/wp-json\/wp\/v2\/media?parent=4263"}],"wp:term":[{"taxonomy":"product_brand","embeddable":true,"href":"https:\/\/www.altair-srl.com\/de\/wp-json\/wp\/v2\/product_brand?post=4263"},{"taxonomy":"product_cat","embeddable":true,"href":"https:\/\/www.altair-srl.com\/de\/wp-json\/wp\/v2\/product_cat?post=4263"},{"taxonomy":"product_tag","embeddable":true,"href":"https:\/\/www.altair-srl.com\/de\/wp-json\/wp\/v2\/product_tag?post=4263"}],"curies":[{"name":"wp","href":"https:\/\/api.w.org\/{rel}","templated":true}]}}