{"id":4251,"date":"2023-02-09T16:43:52","date_gmt":"2023-02-09T16:43:52","guid":{"rendered":"https:\/\/www.altair-srl.com\/prodotto\/sequenzer-ohne-%ce%b4p-folgesteuerung-pn-serie-2-12-gf-serie-4-32\/"},"modified":"2024-04-05T07:56:18","modified_gmt":"2024-04-05T07:56:18","slug":"%e2%88%86p-meter-bmq-6-12-sf-4-16-sf-16-90","status":"publish","type":"product","link":"https:\/\/www.altair-srl.com\/de\/prodotto\/%e2%88%86p-meter-bmq-6-12-sf-4-16-sf-16-90\/","title":{"rendered":"\u2206p-Economizer: BMQ 6-12, SF 4-16, SF 16-90"},"content":{"rendered":"<p>Bei den Ger\u00e4ten der Serie EC handelt es sich um digitale Druckmessger\u00e4te, die f\u00fcr die Messung des Differenzdrucks von Gasgemischen wie Luft oder anderen nicht korrosiven Gasen geeignet sind. Sie sind mit einem Messumformer ausgestattet, der eine genaue Analyse des Verschmutzungszustands von Luftfiltern erm\u00f6glicht.<\/p>\n","protected":false},"excerpt":{"rendered":"<p><strong>24 VDC Ein-\/Ausgang 24 VDC Ausgang<\/strong><\/p>\n","protected":false},"featured_media":5652,"template":"","meta":[],"product_brand":[],"product_cat":[105],"product_tag":[],"class_list":{"0":"post-4251","1":"product","2":"type-product","3":"status-publish","4":"has-post-thumbnail","6":"product_cat-kontrollinstrumente","8":"first","9":"instock","10":"shipping-taxable","11":"product-type-simple"},"yoast_head":"<!-- This site is optimized with the Yoast SEO plugin v27.0 - https:\/\/yoast.com\/product\/yoast-seo-wordpress\/ -->\n<title>\u2206p-Economizer: BMQ 6-12, SF 4-16, SF 16-90 | Altair S.r.l.<\/title>\n<meta name=\"robots\" content=\"index, follow, max-snippet:-1, max-image-preview:large, max-video-preview:-1\" \/>\n<link rel=\"canonical\" href=\"https:\/\/www.altair-srl.com\/de\/prodotto\/%e2%88%86p-meter-bmq-6-12-sf-4-16-sf-16-90\/\" \/>\n<meta property=\"og:locale\" content=\"de_DE\" \/>\n<meta property=\"og:type\" content=\"article\" \/>\n<meta property=\"og:title\" content=\"\u2206p-Economizer: BMQ 6-12, SF 4-16, SF 16-90 | Altair S.r.l.\" \/>\n<meta property=\"og:description\" content=\"24 VDC Ein-\/Ausgang 24 VDC Ausgang\" \/>\n<meta property=\"og:url\" content=\"https:\/\/www.altair-srl.com\/de\/prodotto\/%e2%88%86p-meter-bmq-6-12-sf-4-16-sf-16-90\/\" \/>\n<meta property=\"og:site_name\" content=\"Altair S.r.l.\" \/>\n<meta property=\"article:modified_time\" content=\"2024-04-05T07:56:18+00:00\" \/>\n<meta property=\"og:image\" content=\"https:\/\/www.altair-srl.com\/wp-content\/uploads\/2023\/02\/strumenti-elettronici-di-controllo-12-scaled.jpg\" \/>\n\t<meta property=\"og:image:width\" content=\"2560\" \/>\n\t<meta property=\"og:image:height\" content=\"2076\" \/>\n\t<meta property=\"og:image:type\" content=\"image\/jpeg\" \/>\n<meta name=\"twitter:card\" content=\"summary_large_image\" \/>\n<script type=\"application\/ld+json\" class=\"yoast-schema-graph\">{\"@context\":\"https:\/\/schema.org\",\"@graph\":[{\"@type\":\"WebPage\",\"@id\":\"https:\/\/www.altair-srl.com\/de\/prodotto\/%e2%88%86p-meter-bmq-6-12-sf-4-16-sf-16-90\/\",\"url\":\"https:\/\/www.altair-srl.com\/de\/prodotto\/%e2%88%86p-meter-bmq-6-12-sf-4-16-sf-16-90\/\",\"name\":\"\u2206p-Economizer: BMQ 6-12, SF 4-16, SF 16-90 | Altair S.r.l.\",\"isPartOf\":{\"@id\":\"https:\/\/www.altair-srl.com\/de\/#website\"},\"primaryImageOfPage\":{\"@id\":\"https:\/\/www.altair-srl.com\/de\/prodotto\/%e2%88%86p-meter-bmq-6-12-sf-4-16-sf-16-90\/#primaryimage\"},\"image\":{\"@id\":\"https:\/\/www.altair-srl.com\/de\/prodotto\/%e2%88%86p-meter-bmq-6-12-sf-4-16-sf-16-90\/#primaryimage\"},\"thumbnailUrl\":\"https:\/\/www.altair-srl.com\/wp-content\/uploads\/2023\/02\/strumenti-elettronici-di-controllo-12-scaled.jpg\",\"datePublished\":\"2023-02-09T16:43:52+00:00\",\"dateModified\":\"2024-04-05T07:56:18+00:00\",\"breadcrumb\":{\"@id\":\"https:\/\/www.altair-srl.com\/de\/prodotto\/%e2%88%86p-meter-bmq-6-12-sf-4-16-sf-16-90\/#breadcrumb\"},\"inLanguage\":\"de\",\"potentialAction\":[{\"@type\":\"ReadAction\",\"target\":[\"https:\/\/www.altair-srl.com\/de\/prodotto\/%e2%88%86p-meter-bmq-6-12-sf-4-16-sf-16-90\/\"]}]},{\"@type\":\"ImageObject\",\"inLanguage\":\"de\",\"@id\":\"https:\/\/www.altair-srl.com\/de\/prodotto\/%e2%88%86p-meter-bmq-6-12-sf-4-16-sf-16-90\/#primaryimage\",\"url\":\"https:\/\/www.altair-srl.com\/wp-content\/uploads\/2023\/02\/strumenti-elettronici-di-controllo-12-scaled.jpg\",\"contentUrl\":\"https:\/\/www.altair-srl.com\/wp-content\/uploads\/2023\/02\/strumenti-elettronici-di-controllo-12-scaled.jpg\",\"width\":2560,\"height\":2076},{\"@type\":\"BreadcrumbList\",\"@id\":\"https:\/\/www.altair-srl.com\/de\/prodotto\/%e2%88%86p-meter-bmq-6-12-sf-4-16-sf-16-90\/#breadcrumb\",\"itemListElement\":[{\"@type\":\"ListItem\",\"position\":1,\"name\":\"Home\",\"item\":\"https:\/\/www.altair-srl.com\/de\/\"},{\"@type\":\"ListItem\",\"position\":2,\"name\":\"Shop\",\"item\":\"https:\/\/www.altair-srl.com\/negozio\/\"},{\"@type\":\"ListItem\",\"position\":3,\"name\":\"\u2206p-Economizer: BMQ 6-12, SF 4-16, SF 16-90\"}]},{\"@type\":\"WebSite\",\"@id\":\"https:\/\/www.altair-srl.com\/de\/#website\",\"url\":\"https:\/\/www.altair-srl.com\/de\/\",\"name\":\"Altair S.r.l.\",\"description\":\"Produzione sistemi di filtrazione e depurazione dell\u2019aria\",\"publisher\":{\"@id\":\"https:\/\/www.altair-srl.com\/de\/#organization\"},\"potentialAction\":[{\"@type\":\"SearchAction\",\"target\":{\"@type\":\"EntryPoint\",\"urlTemplate\":\"https:\/\/www.altair-srl.com\/de\/?s={search_term_string}\"},\"query-input\":{\"@type\":\"PropertyValueSpecification\",\"valueRequired\":true,\"valueName\":\"search_term_string\"}}],\"inLanguage\":\"de\"},{\"@type\":\"Organization\",\"@id\":\"https:\/\/www.altair-srl.com\/de\/#organization\",\"name\":\"Altair S.r.l.\",\"url\":\"https:\/\/www.altair-srl.com\/de\/\",\"logo\":{\"@type\":\"ImageObject\",\"inLanguage\":\"de\",\"@id\":\"https:\/\/www.altair-srl.com\/de\/#\/schema\/logo\/image\/\",\"url\":\"https:\/\/www.altair-srl.com\/wp-content\/uploads\/2022\/06\/logo.png\",\"contentUrl\":\"https:\/\/www.altair-srl.com\/wp-content\/uploads\/2022\/06\/logo.png\",\"width\":400,\"height\":184,\"caption\":\"Altair S.r.l.\"},\"image\":{\"@id\":\"https:\/\/www.altair-srl.com\/de\/#\/schema\/logo\/image\/\"}}]}<\/script>\n<!-- \/ Yoast SEO plugin. -->","yoast_head_json":{"title":"\u2206p-Economizer: BMQ 6-12, SF 4-16, SF 16-90 | Altair S.r.l.","robots":{"index":"index","follow":"follow","max-snippet":"max-snippet:-1","max-image-preview":"max-image-preview:large","max-video-preview":"max-video-preview:-1"},"canonical":"https:\/\/www.altair-srl.com\/de\/prodotto\/%e2%88%86p-meter-bmq-6-12-sf-4-16-sf-16-90\/","og_locale":"de_DE","og_type":"article","og_title":"\u2206p-Economizer: BMQ 6-12, SF 4-16, SF 16-90 | Altair S.r.l.","og_description":"24 VDC Ein-\/Ausgang 24 VDC Ausgang","og_url":"https:\/\/www.altair-srl.com\/de\/prodotto\/%e2%88%86p-meter-bmq-6-12-sf-4-16-sf-16-90\/","og_site_name":"Altair S.r.l.","article_modified_time":"2024-04-05T07:56:18+00:00","og_image":[{"width":2560,"height":2076,"url":"https:\/\/www.altair-srl.com\/wp-content\/uploads\/2023\/02\/strumenti-elettronici-di-controllo-12-scaled.jpg","type":"image\/jpeg"}],"twitter_card":"summary_large_image","schema":{"@context":"https:\/\/schema.org","@graph":[{"@type":"WebPage","@id":"https:\/\/www.altair-srl.com\/de\/prodotto\/%e2%88%86p-meter-bmq-6-12-sf-4-16-sf-16-90\/","url":"https:\/\/www.altair-srl.com\/de\/prodotto\/%e2%88%86p-meter-bmq-6-12-sf-4-16-sf-16-90\/","name":"\u2206p-Economizer: BMQ 6-12, SF 4-16, SF 16-90 | Altair S.r.l.","isPartOf":{"@id":"https:\/\/www.altair-srl.com\/de\/#website"},"primaryImageOfPage":{"@id":"https:\/\/www.altair-srl.com\/de\/prodotto\/%e2%88%86p-meter-bmq-6-12-sf-4-16-sf-16-90\/#primaryimage"},"image":{"@id":"https:\/\/www.altair-srl.com\/de\/prodotto\/%e2%88%86p-meter-bmq-6-12-sf-4-16-sf-16-90\/#primaryimage"},"thumbnailUrl":"https:\/\/www.altair-srl.com\/wp-content\/uploads\/2023\/02\/strumenti-elettronici-di-controllo-12-scaled.jpg","datePublished":"2023-02-09T16:43:52+00:00","dateModified":"2024-04-05T07:56:18+00:00","breadcrumb":{"@id":"https:\/\/www.altair-srl.com\/de\/prodotto\/%e2%88%86p-meter-bmq-6-12-sf-4-16-sf-16-90\/#breadcrumb"},"inLanguage":"de","potentialAction":[{"@type":"ReadAction","target":["https:\/\/www.altair-srl.com\/de\/prodotto\/%e2%88%86p-meter-bmq-6-12-sf-4-16-sf-16-90\/"]}]},{"@type":"ImageObject","inLanguage":"de","@id":"https:\/\/www.altair-srl.com\/de\/prodotto\/%e2%88%86p-meter-bmq-6-12-sf-4-16-sf-16-90\/#primaryimage","url":"https:\/\/www.altair-srl.com\/wp-content\/uploads\/2023\/02\/strumenti-elettronici-di-controllo-12-scaled.jpg","contentUrl":"https:\/\/www.altair-srl.com\/wp-content\/uploads\/2023\/02\/strumenti-elettronici-di-controllo-12-scaled.jpg","width":2560,"height":2076},{"@type":"BreadcrumbList","@id":"https:\/\/www.altair-srl.com\/de\/prodotto\/%e2%88%86p-meter-bmq-6-12-sf-4-16-sf-16-90\/#breadcrumb","itemListElement":[{"@type":"ListItem","position":1,"name":"Home","item":"https:\/\/www.altair-srl.com\/de\/"},{"@type":"ListItem","position":2,"name":"Shop","item":"https:\/\/www.altair-srl.com\/negozio\/"},{"@type":"ListItem","position":3,"name":"\u2206p-Economizer: BMQ 6-12, SF 4-16, SF 16-90"}]},{"@type":"WebSite","@id":"https:\/\/www.altair-srl.com\/de\/#website","url":"https:\/\/www.altair-srl.com\/de\/","name":"Altair S.r.l.","description":"Produzione sistemi di filtrazione e depurazione dell\u2019aria","publisher":{"@id":"https:\/\/www.altair-srl.com\/de\/#organization"},"potentialAction":[{"@type":"SearchAction","target":{"@type":"EntryPoint","urlTemplate":"https:\/\/www.altair-srl.com\/de\/?s={search_term_string}"},"query-input":{"@type":"PropertyValueSpecification","valueRequired":true,"valueName":"search_term_string"}}],"inLanguage":"de"},{"@type":"Organization","@id":"https:\/\/www.altair-srl.com\/de\/#organization","name":"Altair S.r.l.","url":"https:\/\/www.altair-srl.com\/de\/","logo":{"@type":"ImageObject","inLanguage":"de","@id":"https:\/\/www.altair-srl.com\/de\/#\/schema\/logo\/image\/","url":"https:\/\/www.altair-srl.com\/wp-content\/uploads\/2022\/06\/logo.png","contentUrl":"https:\/\/www.altair-srl.com\/wp-content\/uploads\/2022\/06\/logo.png","width":400,"height":184,"caption":"Altair S.r.l."},"image":{"@id":"https:\/\/www.altair-srl.com\/de\/#\/schema\/logo\/image\/"}}]}},"_links":{"self":[{"href":"https:\/\/www.altair-srl.com\/de\/wp-json\/wp\/v2\/product\/4251","targetHints":{"allow":["GET"]}}],"collection":[{"href":"https:\/\/www.altair-srl.com\/de\/wp-json\/wp\/v2\/product"}],"about":[{"href":"https:\/\/www.altair-srl.com\/de\/wp-json\/wp\/v2\/types\/product"}],"wp:featuredmedia":[{"embeddable":true,"href":"https:\/\/www.altair-srl.com\/de\/wp-json\/wp\/v2\/media\/5652"}],"wp:attachment":[{"href":"https:\/\/www.altair-srl.com\/de\/wp-json\/wp\/v2\/media?parent=4251"}],"wp:term":[{"taxonomy":"product_brand","embeddable":true,"href":"https:\/\/www.altair-srl.com\/de\/wp-json\/wp\/v2\/product_brand?post=4251"},{"taxonomy":"product_cat","embeddable":true,"href":"https:\/\/www.altair-srl.com\/de\/wp-json\/wp\/v2\/product_cat?post=4251"},{"taxonomy":"product_tag","embeddable":true,"href":"https:\/\/www.altair-srl.com\/de\/wp-json\/wp\/v2\/product_tag?post=4251"}],"curies":[{"name":"wp","href":"https:\/\/api.w.org\/{rel}","templated":true}]}}