{"id":4229,"date":"2023-02-01T09:19:32","date_gmt":"2023-02-01T09:19:32","guid":{"rendered":"https:\/\/www.altair-srl.com\/prodotto\/zubehoer\/"},"modified":"2023-12-05T13:07:09","modified_gmt":"2023-12-05T13:07:09","slug":"tubi-venturi-alu-abs","status":"publish","type":"product","link":"https:\/\/www.altair-srl.com\/de\/prodotto\/tubi-venturi-alu-abs\/","title":{"rendered":"VENTURI-ROHRE (ALU &amp; ABS)"},"content":{"rendered":"<p><strong>VENTURI-ROHRE (ALU &amp; ABS)<\/strong><\/p>\n<p>Die Venturirohre der Altair-Reihe sind ideal f\u00fcr die anspruchsvollsten Filterreinigungsanwendungen. Diese Produkte sind f\u00fcr die Installation oberhalb oder innerhalb des Filters konzipiert und stellen sicher, dass die gesamte L\u00e4nge des Filterelements gereinigt wird und somit f\u00fcr den Entstaubungsprozess zur Verf\u00fcgung steht.<\/p>\n<p>Dieses Zubeh\u00f6r ist in den Materialien Aluminium und ABS erh\u00e4ltlich.<\/p>\n","protected":false},"excerpt":{"rendered":"<p><strong>VENTURI-ROHRE (ALU &amp; ABS)<\/strong><\/p>\n","protected":false},"featured_media":5358,"template":"","meta":[],"product_brand":[],"product_cat":[103,102],"product_tag":[],"class_list":{"0":"post-4229","1":"product","2":"type-product","3":"status-publish","4":"has-post-thumbnail","6":"product_cat-patronen-und-platten","7":"product_cat-produkte","9":"first","10":"instock","11":"shipping-taxable","12":"product-type-simple"},"yoast_head":"<!-- This site is optimized with the Yoast SEO plugin v27.4 - https:\/\/yoast.com\/product\/yoast-seo-wordpress\/ -->\n<title>VENTURI-ROHRE (ALU &amp; ABS) | Altair S.r.l.<\/title>\n<meta name=\"robots\" content=\"index, follow, max-snippet:-1, max-image-preview:large, max-video-preview:-1\" \/>\n<link rel=\"canonical\" href=\"https:\/\/www.altair-srl.com\/de\/prodotto\/tubi-venturi-alu-abs\/\" \/>\n<meta property=\"og:locale\" content=\"de_DE\" \/>\n<meta property=\"og:type\" content=\"article\" \/>\n<meta property=\"og:title\" content=\"VENTURI-ROHRE (ALU &amp; ABS) | Altair S.r.l.\" \/>\n<meta property=\"og:description\" content=\"VENTURI-ROHRE (ALU &amp; ABS)\" \/>\n<meta property=\"og:url\" content=\"https:\/\/www.altair-srl.com\/de\/prodotto\/tubi-venturi-alu-abs\/\" \/>\n<meta property=\"og:site_name\" content=\"Altair S.r.l.\" \/>\n<meta property=\"article:modified_time\" content=\"2023-12-05T13:07:09+00:00\" \/>\n<meta property=\"og:image\" content=\"https:\/\/www.altair-srl.com\/wp-content\/uploads\/2023\/02\/01_venturi_piccolo_interno.jpg\" \/>\n\t<meta property=\"og:image:width\" content=\"1200\" \/>\n\t<meta property=\"og:image:height\" content=\"1798\" \/>\n\t<meta property=\"og:image:type\" content=\"image\/jpeg\" \/>\n<meta name=\"twitter:card\" content=\"summary_large_image\" \/>\n<script type=\"application\/ld+json\" class=\"yoast-schema-graph\">{\"@context\":\"https:\\\/\\\/schema.org\",\"@graph\":[{\"@type\":\"WebPage\",\"@id\":\"https:\\\/\\\/www.altair-srl.com\\\/de\\\/prodotto\\\/tubi-venturi-alu-abs\\\/\",\"url\":\"https:\\\/\\\/www.altair-srl.com\\\/de\\\/prodotto\\\/tubi-venturi-alu-abs\\\/\",\"name\":\"VENTURI-ROHRE (ALU &amp; ABS) | Altair S.r.l.\",\"isPartOf\":{\"@id\":\"https:\\\/\\\/www.altair-srl.com\\\/de\\\/#website\"},\"primaryImageOfPage\":{\"@id\":\"https:\\\/\\\/www.altair-srl.com\\\/de\\\/prodotto\\\/tubi-venturi-alu-abs\\\/#primaryimage\"},\"image\":{\"@id\":\"https:\\\/\\\/www.altair-srl.com\\\/de\\\/prodotto\\\/tubi-venturi-alu-abs\\\/#primaryimage\"},\"thumbnailUrl\":\"https:\\\/\\\/www.altair-srl.com\\\/wp-content\\\/uploads\\\/2023\\\/02\\\/01_venturi_piccolo_interno.jpg\",\"datePublished\":\"2023-02-01T09:19:32+00:00\",\"dateModified\":\"2023-12-05T13:07:09+00:00\",\"breadcrumb\":{\"@id\":\"https:\\\/\\\/www.altair-srl.com\\\/de\\\/prodotto\\\/tubi-venturi-alu-abs\\\/#breadcrumb\"},\"inLanguage\":\"de\",\"potentialAction\":[{\"@type\":\"ReadAction\",\"target\":[\"https:\\\/\\\/www.altair-srl.com\\\/de\\\/prodotto\\\/tubi-venturi-alu-abs\\\/\"]}]},{\"@type\":\"ImageObject\",\"inLanguage\":\"de\",\"@id\":\"https:\\\/\\\/www.altair-srl.com\\\/de\\\/prodotto\\\/tubi-venturi-alu-abs\\\/#primaryimage\",\"url\":\"https:\\\/\\\/www.altair-srl.com\\\/wp-content\\\/uploads\\\/2023\\\/02\\\/01_venturi_piccolo_interno.jpg\",\"contentUrl\":\"https:\\\/\\\/www.altair-srl.com\\\/wp-content\\\/uploads\\\/2023\\\/02\\\/01_venturi_piccolo_interno.jpg\",\"width\":1200,\"height\":1798},{\"@type\":\"BreadcrumbList\",\"@id\":\"https:\\\/\\\/www.altair-srl.com\\\/de\\\/prodotto\\\/tubi-venturi-alu-abs\\\/#breadcrumb\",\"itemListElement\":[{\"@type\":\"ListItem\",\"position\":1,\"name\":\"Home\",\"item\":\"https:\\\/\\\/www.altair-srl.com\\\/de\\\/\"},{\"@type\":\"ListItem\",\"position\":2,\"name\":\"Shop\",\"item\":\"https:\\\/\\\/www.altair-srl.com\\\/negozio\\\/\"},{\"@type\":\"ListItem\",\"position\":3,\"name\":\"VENTURI-ROHRE (ALU &amp; ABS)\"}]},{\"@type\":\"WebSite\",\"@id\":\"https:\\\/\\\/www.altair-srl.com\\\/de\\\/#website\",\"url\":\"https:\\\/\\\/www.altair-srl.com\\\/de\\\/\",\"name\":\"Altair S.r.l.\",\"description\":\"Produzione sistemi di filtrazione e depurazione dell\u2019aria\",\"publisher\":{\"@id\":\"https:\\\/\\\/www.altair-srl.com\\\/de\\\/#organization\"},\"potentialAction\":[{\"@type\":\"SearchAction\",\"target\":{\"@type\":\"EntryPoint\",\"urlTemplate\":\"https:\\\/\\\/www.altair-srl.com\\\/de\\\/?s={search_term_string}\"},\"query-input\":{\"@type\":\"PropertyValueSpecification\",\"valueRequired\":true,\"valueName\":\"search_term_string\"}}],\"inLanguage\":\"de\"},{\"@type\":\"Organization\",\"@id\":\"https:\\\/\\\/www.altair-srl.com\\\/de\\\/#organization\",\"name\":\"Altair S.r.l.\",\"url\":\"https:\\\/\\\/www.altair-srl.com\\\/de\\\/\",\"logo\":{\"@type\":\"ImageObject\",\"inLanguage\":\"de\",\"@id\":\"https:\\\/\\\/www.altair-srl.com\\\/de\\\/#\\\/schema\\\/logo\\\/image\\\/\",\"url\":\"https:\\\/\\\/www.altair-srl.com\\\/wp-content\\\/uploads\\\/2022\\\/06\\\/logo.png\",\"contentUrl\":\"https:\\\/\\\/www.altair-srl.com\\\/wp-content\\\/uploads\\\/2022\\\/06\\\/logo.png\",\"width\":400,\"height\":184,\"caption\":\"Altair S.r.l.\"},\"image\":{\"@id\":\"https:\\\/\\\/www.altair-srl.com\\\/de\\\/#\\\/schema\\\/logo\\\/image\\\/\"}}]}<\/script>\n<!-- \/ Yoast SEO plugin. -->","yoast_head_json":{"title":"VENTURI-ROHRE (ALU &amp; ABS) | Altair S.r.l.","robots":{"index":"index","follow":"follow","max-snippet":"max-snippet:-1","max-image-preview":"max-image-preview:large","max-video-preview":"max-video-preview:-1"},"canonical":"https:\/\/www.altair-srl.com\/de\/prodotto\/tubi-venturi-alu-abs\/","og_locale":"de_DE","og_type":"article","og_title":"VENTURI-ROHRE (ALU &amp; ABS) | Altair S.r.l.","og_description":"VENTURI-ROHRE (ALU &amp; ABS)","og_url":"https:\/\/www.altair-srl.com\/de\/prodotto\/tubi-venturi-alu-abs\/","og_site_name":"Altair S.r.l.","article_modified_time":"2023-12-05T13:07:09+00:00","og_image":[{"width":1200,"height":1798,"url":"https:\/\/www.altair-srl.com\/wp-content\/uploads\/2023\/02\/01_venturi_piccolo_interno.jpg","type":"image\/jpeg"}],"twitter_card":"summary_large_image","schema":{"@context":"https:\/\/schema.org","@graph":[{"@type":"WebPage","@id":"https:\/\/www.altair-srl.com\/de\/prodotto\/tubi-venturi-alu-abs\/","url":"https:\/\/www.altair-srl.com\/de\/prodotto\/tubi-venturi-alu-abs\/","name":"VENTURI-ROHRE (ALU &amp; ABS) | Altair S.r.l.","isPartOf":{"@id":"https:\/\/www.altair-srl.com\/de\/#website"},"primaryImageOfPage":{"@id":"https:\/\/www.altair-srl.com\/de\/prodotto\/tubi-venturi-alu-abs\/#primaryimage"},"image":{"@id":"https:\/\/www.altair-srl.com\/de\/prodotto\/tubi-venturi-alu-abs\/#primaryimage"},"thumbnailUrl":"https:\/\/www.altair-srl.com\/wp-content\/uploads\/2023\/02\/01_venturi_piccolo_interno.jpg","datePublished":"2023-02-01T09:19:32+00:00","dateModified":"2023-12-05T13:07:09+00:00","breadcrumb":{"@id":"https:\/\/www.altair-srl.com\/de\/prodotto\/tubi-venturi-alu-abs\/#breadcrumb"},"inLanguage":"de","potentialAction":[{"@type":"ReadAction","target":["https:\/\/www.altair-srl.com\/de\/prodotto\/tubi-venturi-alu-abs\/"]}]},{"@type":"ImageObject","inLanguage":"de","@id":"https:\/\/www.altair-srl.com\/de\/prodotto\/tubi-venturi-alu-abs\/#primaryimage","url":"https:\/\/www.altair-srl.com\/wp-content\/uploads\/2023\/02\/01_venturi_piccolo_interno.jpg","contentUrl":"https:\/\/www.altair-srl.com\/wp-content\/uploads\/2023\/02\/01_venturi_piccolo_interno.jpg","width":1200,"height":1798},{"@type":"BreadcrumbList","@id":"https:\/\/www.altair-srl.com\/de\/prodotto\/tubi-venturi-alu-abs\/#breadcrumb","itemListElement":[{"@type":"ListItem","position":1,"name":"Home","item":"https:\/\/www.altair-srl.com\/de\/"},{"@type":"ListItem","position":2,"name":"Shop","item":"https:\/\/www.altair-srl.com\/negozio\/"},{"@type":"ListItem","position":3,"name":"VENTURI-ROHRE (ALU &amp; ABS)"}]},{"@type":"WebSite","@id":"https:\/\/www.altair-srl.com\/de\/#website","url":"https:\/\/www.altair-srl.com\/de\/","name":"Altair S.r.l.","description":"Produzione sistemi di filtrazione e depurazione dell\u2019aria","publisher":{"@id":"https:\/\/www.altair-srl.com\/de\/#organization"},"potentialAction":[{"@type":"SearchAction","target":{"@type":"EntryPoint","urlTemplate":"https:\/\/www.altair-srl.com\/de\/?s={search_term_string}"},"query-input":{"@type":"PropertyValueSpecification","valueRequired":true,"valueName":"search_term_string"}}],"inLanguage":"de"},{"@type":"Organization","@id":"https:\/\/www.altair-srl.com\/de\/#organization","name":"Altair S.r.l.","url":"https:\/\/www.altair-srl.com\/de\/","logo":{"@type":"ImageObject","inLanguage":"de","@id":"https:\/\/www.altair-srl.com\/de\/#\/schema\/logo\/image\/","url":"https:\/\/www.altair-srl.com\/wp-content\/uploads\/2022\/06\/logo.png","contentUrl":"https:\/\/www.altair-srl.com\/wp-content\/uploads\/2022\/06\/logo.png","width":400,"height":184,"caption":"Altair S.r.l."},"image":{"@id":"https:\/\/www.altair-srl.com\/de\/#\/schema\/logo\/image\/"}}]}},"_links":{"self":[{"href":"https:\/\/www.altair-srl.com\/de\/wp-json\/wp\/v2\/product\/4229","targetHints":{"allow":["GET"]}}],"collection":[{"href":"https:\/\/www.altair-srl.com\/de\/wp-json\/wp\/v2\/product"}],"about":[{"href":"https:\/\/www.altair-srl.com\/de\/wp-json\/wp\/v2\/types\/product"}],"wp:featuredmedia":[{"embeddable":true,"href":"https:\/\/www.altair-srl.com\/de\/wp-json\/wp\/v2\/media\/5358"}],"wp:attachment":[{"href":"https:\/\/www.altair-srl.com\/de\/wp-json\/wp\/v2\/media?parent=4229"}],"wp:term":[{"taxonomy":"product_brand","embeddable":true,"href":"https:\/\/www.altair-srl.com\/de\/wp-json\/wp\/v2\/product_brand?post=4229"},{"taxonomy":"product_cat","embeddable":true,"href":"https:\/\/www.altair-srl.com\/de\/wp-json\/wp\/v2\/product_cat?post=4229"},{"taxonomy":"product_tag","embeddable":true,"href":"https:\/\/www.altair-srl.com\/de\/wp-json\/wp\/v2\/product_tag?post=4229"}],"curies":[{"name":"wp","href":"https:\/\/api.w.org\/{rel}","templated":true}]}}