{"id":4220,"date":"2023-02-24T16:45:04","date_gmt":"2023-02-24T16:45:04","guid":{"rendered":"https:\/\/www.altair-srl.com\/prodotto\/spezialkartuschen-2m-2-5m-3m\/"},"modified":"2023-09-20T12:40:33","modified_gmt":"2023-09-20T12:40:33","slug":"cartucce-speciali-2m-25m-3m","status":"publish","type":"product","link":"https:\/\/www.altair-srl.com\/de\/prodotto\/cartucce-speciali-2m-25m-3m\/","title":{"rendered":"Spezialkartuschen 2M, 2.5M, 3M"},"content":{"rendered":"<p>Filterpatronen sind die ideale L\u00f6sung f\u00fcr die Filtration von trockenem Staub in Staubabscheidern. Sie sind in den meisten F\u00e4llen waschbar und wiederverwendbar und haben eine gr\u00f6\u00dfere Filterfl\u00e4che als herk\u00f6mmliche Beutelfilter und eine effizientere Partikelabscheidung bei minimalem Druckabfall; sie sind einfach zu installieren und auszutauschen und erfordern einen geringen Druckluftverbrauch f\u00fcr die Reinigung. Die f\u00fcr die Herstellung von Filterpatronen verwendeten Filtermaterialien sind haupts\u00e4chlich Polyestervlies, antistatisches aluminisiertes Polyester, hydro\u00f6labweisendes Polyester, teflonbeschichtetes Polyester, Polypropylen und Zellulose.<\/p>\n","protected":false},"excerpt":{"rendered":"<p><strong>Spezialkartuschen 2M, 2.5M, 3M<\/strong><\/p>\n","protected":false},"featured_media":3644,"template":"","meta":[],"product_brand":[],"product_cat":[103],"product_tag":[],"class_list":{"0":"post-4220","1":"product","2":"type-product","3":"status-publish","4":"has-post-thumbnail","6":"product_cat-patronen-und-platten","8":"first","9":"instock","10":"shipping-taxable","11":"product-type-simple"},"yoast_head":"<!-- This site is optimized with the Yoast SEO plugin v27.0 - https:\/\/yoast.com\/product\/yoast-seo-wordpress\/ -->\n<title>Spezialkartuschen 2M, 2.5M, 3M | Altair S.r.l.<\/title>\n<meta name=\"robots\" content=\"index, follow, max-snippet:-1, max-image-preview:large, max-video-preview:-1\" \/>\n<link rel=\"canonical\" href=\"https:\/\/www.altair-srl.com\/de\/prodotto\/cartucce-speciali-2m-25m-3m\/\" \/>\n<meta property=\"og:locale\" content=\"de_DE\" \/>\n<meta property=\"og:type\" content=\"article\" \/>\n<meta property=\"og:title\" content=\"Spezialkartuschen 2M, 2.5M, 3M | Altair S.r.l.\" \/>\n<meta property=\"og:description\" content=\"Spezialkartuschen 2M, 2.5M, 3M\" \/>\n<meta property=\"og:url\" content=\"https:\/\/www.altair-srl.com\/de\/prodotto\/cartucce-speciali-2m-25m-3m\/\" \/>\n<meta property=\"og:site_name\" content=\"Altair S.r.l.\" \/>\n<meta property=\"article:modified_time\" content=\"2023-09-20T12:40:33+00:00\" \/>\n<meta property=\"og:image\" content=\"https:\/\/www.altair-srl.com\/wp-content\/uploads\/2023\/02\/FOTO-RICHIEDI-PREVENTIVO.jpg\" \/>\n\t<meta property=\"og:image:width\" content=\"1280\" \/>\n\t<meta property=\"og:image:height\" content=\"1920\" \/>\n\t<meta property=\"og:image:type\" content=\"image\/jpeg\" \/>\n<meta name=\"twitter:card\" content=\"summary_large_image\" \/>\n<script type=\"application\/ld+json\" class=\"yoast-schema-graph\">{\"@context\":\"https:\/\/schema.org\",\"@graph\":[{\"@type\":\"WebPage\",\"@id\":\"https:\/\/www.altair-srl.com\/de\/prodotto\/cartucce-speciali-2m-25m-3m\/\",\"url\":\"https:\/\/www.altair-srl.com\/de\/prodotto\/cartucce-speciali-2m-25m-3m\/\",\"name\":\"Spezialkartuschen 2M, 2.5M, 3M | Altair S.r.l.\",\"isPartOf\":{\"@id\":\"https:\/\/www.altair-srl.com\/de\/#website\"},\"primaryImageOfPage\":{\"@id\":\"https:\/\/www.altair-srl.com\/de\/prodotto\/cartucce-speciali-2m-25m-3m\/#primaryimage\"},\"image\":{\"@id\":\"https:\/\/www.altair-srl.com\/de\/prodotto\/cartucce-speciali-2m-25m-3m\/#primaryimage\"},\"thumbnailUrl\":\"https:\/\/www.altair-srl.com\/wp-content\/uploads\/2023\/02\/FOTO-RICHIEDI-PREVENTIVO.jpg\",\"datePublished\":\"2023-02-24T16:45:04+00:00\",\"dateModified\":\"2023-09-20T12:40:33+00:00\",\"breadcrumb\":{\"@id\":\"https:\/\/www.altair-srl.com\/de\/prodotto\/cartucce-speciali-2m-25m-3m\/#breadcrumb\"},\"inLanguage\":\"de\",\"potentialAction\":[{\"@type\":\"ReadAction\",\"target\":[\"https:\/\/www.altair-srl.com\/de\/prodotto\/cartucce-speciali-2m-25m-3m\/\"]}]},{\"@type\":\"ImageObject\",\"inLanguage\":\"de\",\"@id\":\"https:\/\/www.altair-srl.com\/de\/prodotto\/cartucce-speciali-2m-25m-3m\/#primaryimage\",\"url\":\"https:\/\/www.altair-srl.com\/wp-content\/uploads\/2023\/02\/FOTO-RICHIEDI-PREVENTIVO.jpg\",\"contentUrl\":\"https:\/\/www.altair-srl.com\/wp-content\/uploads\/2023\/02\/FOTO-RICHIEDI-PREVENTIVO.jpg\",\"width\":1280,\"height\":1920},{\"@type\":\"BreadcrumbList\",\"@id\":\"https:\/\/www.altair-srl.com\/de\/prodotto\/cartucce-speciali-2m-25m-3m\/#breadcrumb\",\"itemListElement\":[{\"@type\":\"ListItem\",\"position\":1,\"name\":\"Home\",\"item\":\"https:\/\/www.altair-srl.com\/de\/\"},{\"@type\":\"ListItem\",\"position\":2,\"name\":\"Shop\",\"item\":\"https:\/\/www.altair-srl.com\/negozio\/\"},{\"@type\":\"ListItem\",\"position\":3,\"name\":\"Spezialkartuschen 2M, 2.5M, 3M\"}]},{\"@type\":\"WebSite\",\"@id\":\"https:\/\/www.altair-srl.com\/de\/#website\",\"url\":\"https:\/\/www.altair-srl.com\/de\/\",\"name\":\"Altair S.r.l.\",\"description\":\"Produzione sistemi di filtrazione e depurazione dell\u2019aria\",\"publisher\":{\"@id\":\"https:\/\/www.altair-srl.com\/de\/#organization\"},\"potentialAction\":[{\"@type\":\"SearchAction\",\"target\":{\"@type\":\"EntryPoint\",\"urlTemplate\":\"https:\/\/www.altair-srl.com\/de\/?s={search_term_string}\"},\"query-input\":{\"@type\":\"PropertyValueSpecification\",\"valueRequired\":true,\"valueName\":\"search_term_string\"}}],\"inLanguage\":\"de\"},{\"@type\":\"Organization\",\"@id\":\"https:\/\/www.altair-srl.com\/de\/#organization\",\"name\":\"Altair S.r.l.\",\"url\":\"https:\/\/www.altair-srl.com\/de\/\",\"logo\":{\"@type\":\"ImageObject\",\"inLanguage\":\"de\",\"@id\":\"https:\/\/www.altair-srl.com\/de\/#\/schema\/logo\/image\/\",\"url\":\"https:\/\/www.altair-srl.com\/wp-content\/uploads\/2022\/06\/logo.png\",\"contentUrl\":\"https:\/\/www.altair-srl.com\/wp-content\/uploads\/2022\/06\/logo.png\",\"width\":400,\"height\":184,\"caption\":\"Altair S.r.l.\"},\"image\":{\"@id\":\"https:\/\/www.altair-srl.com\/de\/#\/schema\/logo\/image\/\"}}]}<\/script>\n<!-- \/ Yoast SEO plugin. -->","yoast_head_json":{"title":"Spezialkartuschen 2M, 2.5M, 3M | Altair S.r.l.","robots":{"index":"index","follow":"follow","max-snippet":"max-snippet:-1","max-image-preview":"max-image-preview:large","max-video-preview":"max-video-preview:-1"},"canonical":"https:\/\/www.altair-srl.com\/de\/prodotto\/cartucce-speciali-2m-25m-3m\/","og_locale":"de_DE","og_type":"article","og_title":"Spezialkartuschen 2M, 2.5M, 3M | Altair S.r.l.","og_description":"Spezialkartuschen 2M, 2.5M, 3M","og_url":"https:\/\/www.altair-srl.com\/de\/prodotto\/cartucce-speciali-2m-25m-3m\/","og_site_name":"Altair S.r.l.","article_modified_time":"2023-09-20T12:40:33+00:00","og_image":[{"width":1280,"height":1920,"url":"https:\/\/www.altair-srl.com\/wp-content\/uploads\/2023\/02\/FOTO-RICHIEDI-PREVENTIVO.jpg","type":"image\/jpeg"}],"twitter_card":"summary_large_image","schema":{"@context":"https:\/\/schema.org","@graph":[{"@type":"WebPage","@id":"https:\/\/www.altair-srl.com\/de\/prodotto\/cartucce-speciali-2m-25m-3m\/","url":"https:\/\/www.altair-srl.com\/de\/prodotto\/cartucce-speciali-2m-25m-3m\/","name":"Spezialkartuschen 2M, 2.5M, 3M | Altair S.r.l.","isPartOf":{"@id":"https:\/\/www.altair-srl.com\/de\/#website"},"primaryImageOfPage":{"@id":"https:\/\/www.altair-srl.com\/de\/prodotto\/cartucce-speciali-2m-25m-3m\/#primaryimage"},"image":{"@id":"https:\/\/www.altair-srl.com\/de\/prodotto\/cartucce-speciali-2m-25m-3m\/#primaryimage"},"thumbnailUrl":"https:\/\/www.altair-srl.com\/wp-content\/uploads\/2023\/02\/FOTO-RICHIEDI-PREVENTIVO.jpg","datePublished":"2023-02-24T16:45:04+00:00","dateModified":"2023-09-20T12:40:33+00:00","breadcrumb":{"@id":"https:\/\/www.altair-srl.com\/de\/prodotto\/cartucce-speciali-2m-25m-3m\/#breadcrumb"},"inLanguage":"de","potentialAction":[{"@type":"ReadAction","target":["https:\/\/www.altair-srl.com\/de\/prodotto\/cartucce-speciali-2m-25m-3m\/"]}]},{"@type":"ImageObject","inLanguage":"de","@id":"https:\/\/www.altair-srl.com\/de\/prodotto\/cartucce-speciali-2m-25m-3m\/#primaryimage","url":"https:\/\/www.altair-srl.com\/wp-content\/uploads\/2023\/02\/FOTO-RICHIEDI-PREVENTIVO.jpg","contentUrl":"https:\/\/www.altair-srl.com\/wp-content\/uploads\/2023\/02\/FOTO-RICHIEDI-PREVENTIVO.jpg","width":1280,"height":1920},{"@type":"BreadcrumbList","@id":"https:\/\/www.altair-srl.com\/de\/prodotto\/cartucce-speciali-2m-25m-3m\/#breadcrumb","itemListElement":[{"@type":"ListItem","position":1,"name":"Home","item":"https:\/\/www.altair-srl.com\/de\/"},{"@type":"ListItem","position":2,"name":"Shop","item":"https:\/\/www.altair-srl.com\/negozio\/"},{"@type":"ListItem","position":3,"name":"Spezialkartuschen 2M, 2.5M, 3M"}]},{"@type":"WebSite","@id":"https:\/\/www.altair-srl.com\/de\/#website","url":"https:\/\/www.altair-srl.com\/de\/","name":"Altair S.r.l.","description":"Produzione sistemi di filtrazione e depurazione dell\u2019aria","publisher":{"@id":"https:\/\/www.altair-srl.com\/de\/#organization"},"potentialAction":[{"@type":"SearchAction","target":{"@type":"EntryPoint","urlTemplate":"https:\/\/www.altair-srl.com\/de\/?s={search_term_string}"},"query-input":{"@type":"PropertyValueSpecification","valueRequired":true,"valueName":"search_term_string"}}],"inLanguage":"de"},{"@type":"Organization","@id":"https:\/\/www.altair-srl.com\/de\/#organization","name":"Altair S.r.l.","url":"https:\/\/www.altair-srl.com\/de\/","logo":{"@type":"ImageObject","inLanguage":"de","@id":"https:\/\/www.altair-srl.com\/de\/#\/schema\/logo\/image\/","url":"https:\/\/www.altair-srl.com\/wp-content\/uploads\/2022\/06\/logo.png","contentUrl":"https:\/\/www.altair-srl.com\/wp-content\/uploads\/2022\/06\/logo.png","width":400,"height":184,"caption":"Altair S.r.l."},"image":{"@id":"https:\/\/www.altair-srl.com\/de\/#\/schema\/logo\/image\/"}}]}},"_links":{"self":[{"href":"https:\/\/www.altair-srl.com\/de\/wp-json\/wp\/v2\/product\/4220","targetHints":{"allow":["GET"]}}],"collection":[{"href":"https:\/\/www.altair-srl.com\/de\/wp-json\/wp\/v2\/product"}],"about":[{"href":"https:\/\/www.altair-srl.com\/de\/wp-json\/wp\/v2\/types\/product"}],"wp:featuredmedia":[{"embeddable":true,"href":"https:\/\/www.altair-srl.com\/de\/wp-json\/wp\/v2\/media\/3644"}],"wp:attachment":[{"href":"https:\/\/www.altair-srl.com\/de\/wp-json\/wp\/v2\/media?parent=4220"}],"wp:term":[{"taxonomy":"product_brand","embeddable":true,"href":"https:\/\/www.altair-srl.com\/de\/wp-json\/wp\/v2\/product_brand?post=4220"},{"taxonomy":"product_cat","embeddable":true,"href":"https:\/\/www.altair-srl.com\/de\/wp-json\/wp\/v2\/product_cat?post=4220"},{"taxonomy":"product_tag","embeddable":true,"href":"https:\/\/www.altair-srl.com\/de\/wp-json\/wp\/v2\/product_tag?post=4220"}],"curies":[{"name":"wp","href":"https:\/\/api.w.org\/{rel}","templated":true}]}}