{"id":4207,"date":"2022-06-08T10:04:54","date_gmt":"2022-06-08T10:04:54","guid":{"rendered":"https:\/\/www.altair-srl.com\/dienstleistungen\/versand-und-logistik\/"},"modified":"2023-11-27T08:54:59","modified_gmt":"2023-11-27T08:54:59","slug":"versand-und-logistik","status":"publish","type":"page","link":"https:\/\/www.altair-srl.com\/de\/dienstleistungen\/versand-und-logistik\/","title":{"rendered":"Versand und Logistik"},"content":{"rendered":"[vc_row type=&#8220;in_container&#8220; full_screen_row_position=&#8220;middle&#8220; column_margin=&#8220;100px&#8220; equal_height=&#8220;yes&#8220; content_placement=&#8220;top&#8220; column_direction=&#8220;default&#8220; column_direction_tablet=&#8220;default&#8220; column_direction_phone=&#8220;default&#8220; scene_position=&#8220;center&#8220; bottom_padding=&#8220;5%&#8220; text_color=&#8220;dark&#8220; text_align=&#8220;left&#8220; row_border_radius=&#8220;none&#8220; row_border_radius_applies=&#8220;bg&#8220; overflow=&#8220;visible&#8220; class=&#8220;svgs-colored-left right&#8220; advanced_gradient_angle=&#8220;0&#8243; overlay_strength=&#8220;0.3&#8243; gradient_direction=&#8220;left_to_right&#8220; shape_divider_color=&#8220;#f2f2f2&#8243; shape_divider_position=&#8220;bottom&#8220; shape_divider_height=&#8220;10%&#8220; bg_image_animation=&#8220;none&#8220; gradient_type=&#8220;default&#8220; shape_type=&#8220;straight_section&#8220;][vc_column column_padding=&#8220;no-extra-padding&#8220; column_padding_tablet=&#8220;inherit&#8220; column_padding_phone=&#8220;inherit&#8220; column_padding_position=&#8220;all&#8220; column_element_direction_desktop=&#8220;default&#8220; column_element_spacing=&#8220;default&#8220; desktop_text_alignment=&#8220;default&#8220; tablet_text_alignment=&#8220;default&#8220; phone_text_alignment=&#8220;default&#8220; background_color_opacity=&#8220;1&#8243; background_hover_color_opacity=&#8220;1&#8243; column_backdrop_filter=&#8220;none&#8220; column_shadow=&#8220;none&#8220; column_border_radius=&#8220;none&#8220; column_link_target=&#8220;_self&#8220; column_position=&#8220;default&#8220; gradient_direction=&#8220;left_to_right&#8220; overlay_strength=&#8220;0.3&#8243; width=&#8220;4\/12&#8243; tablet_width_inherit=&#8220;default&#8220; animation_type=&#8220;default&#8220; bg_image_animation=&#8220;none&#8220; border_type=&#8220;simple&#8220; column_border_width=&#8220;none&#8220; column_border_style=&#8220;solid&#8220;][vc_custom_heading text=&#8220;Versand und Logistik&#8220; font_container=&#8220;tag:h2|text_align:left|color:%23d90012&#8243; use_theme_fonts=&#8220;yes&#8220;][vc_custom_heading text=&#8220;Tadelloser Service&#8220; font_container=&#8220;tag:h3|text_align:left|color:%23384042&#8243; use_theme_fonts=&#8220;yes&#8220; css=&#8220;.vc_custom_1655115853157{margin-bottom: 30px !important;}&#8220;][divider line_type=&#8220;Small Line&#8220; line_alignment=&#8220;default&#8220; line_thickness=&#8220;10&#8243; divider_color=&#8220;accent-color&#8220; custom_line_width=&#8220;60&#8243;][vc_column_text css=&#8220;.vc_custom_1655115882793{margin-top: 30px !important;margin-bottom: 50px !important;}&#8220;]Wir wissen, dass es f\u00fcr <strong>viele unserer Kunden ein absolutes Muss ist,<\/strong> eine Bestellung innerhalb k\u00fcrzester Zeit zu erhalten, was ihnen einen erheblichen Vorteil gegen\u00fcber ihren Mitbewerbern verschafft.<\/p>\n<p>Aus diesem Grund verf\u00fcgen wir \u00fcber eine <strong>eigene Versand- und Logistikabteilung<\/strong>, die es uns erm\u00f6glicht, Bestellungen rechtzeitig zu bearbeiten. Dies ist auch unserer Altair Filter Code App zu verdanken, die es unseren Kunden erm\u00f6glicht, die Vorlaufzeiten f\u00fcr Bestellungen weiter zu verk\u00fcrzen.<\/p>\n<p>Unsere Produktionslinie ist ebenfalls so organisiert, <strong>dass die Produktionszeit vom Eingang<\/strong> der Rohmaterialien bis zur Verpackung und eventuellen Lagerung des fertigen Produkts optimiert wird.<\/p>\n<p>Wir versenden unsere Filterpatronen und Filterbeutel in ganz Italien, Europa und dar\u00fcber hinaus.[\/vc_column_text][vc_column_text]<strong>Adresse des Versand- und Empfangslagers<\/strong><br \/>\nVia Pininfarina, 5\/11 \u2013 10040 Lein\u00ec (TO) Italy[\/vc_column_text][vc_column_text]<strong>\u00d6ffnungszeiten<\/strong><br \/>\nMontag-Freitag: 08:00-12:00 \/ 13:00-17:00<br \/>\nSamstag und Sonntag geschlossen[\/vc_column_text][\/vc_column][vc_column column_padding=&#8220;no-extra-padding&#8220; column_padding_tablet=&#8220;inherit&#8220; column_padding_phone=&#8220;inherit&#8220; column_padding_position=&#8220;all&#8220; column_element_direction_desktop=&#8220;default&#8220; column_element_spacing=&#8220;default&#8220; desktop_text_alignment=&#8220;default&#8220; tablet_text_alignment=&#8220;default&#8220; phone_text_alignment=&#8220;default&#8220; background_color_opacity=&#8220;1&#8243; background_hover_color_opacity=&#8220;1&#8243; column_backdrop_filter=&#8220;none&#8220; column_shadow=&#8220;none&#8220; column_border_radius=&#8220;none&#8220; column_link_target=&#8220;_self&#8220; column_position=&#8220;default&#8220; gradient_direction=&#8220;left_to_right&#8220; overlay_strength=&#8220;0.3&#8243; width=&#8220;8\/12&#8243; tablet_width_inherit=&#8220;default&#8220; animation_type=&#8220;default&#8220; bg_image_animation=&#8220;none&#8220; border_type=&#8220;simple&#8220; column_border_width=&#8220;none&#8220; column_border_style=&#8220;solid&#8220;][image_with_animation image_url=&#8220;501&#8243; image_size=&#8220;full&#8220; animation_type=&#8220;entrance&#8220; animation=&#8220;Fade In&#8220; animation_easing=&#8220;default&#8220; animation_movement_type=&#8220;transform_y&#8220; hover_animation=&#8220;none&#8220; alignment=&#8220;&#8220; border_radius=&#8220;none&#8220; box_shadow=&#8220;none&#8220; image_loading=&#8220;default&#8220; max_width=&#8220;100%&#8220; max_width_mobile=&#8220;default&#8220; margin_bottom=&#8220;10&#8243;][vc_row_inner column_margin=&#8220;10px&#8220; column_direction=&#8220;default&#8220; column_direction_tablet=&#8220;default&#8220; column_direction_phone=&#8220;default&#8220; text_align=&#8220;left&#8220; row_position=&#8220;default&#8220; row_position_tablet=&#8220;inherit&#8220; row_position_phone=&#8220;inherit&#8220; overflow=&#8220;visible&#8220; pointer_events=&#8220;all&#8220;][vc_column_inner column_padding=&#8220;no-extra-padding&#8220; column_padding_tablet=&#8220;inherit&#8220; column_padding_phone=&#8220;inherit&#8220; column_padding_position=&#8220;all&#8220; column_element_direction_desktop=&#8220;default&#8220; column_element_spacing=&#8220;default&#8220; desktop_text_alignment=&#8220;default&#8220; tablet_text_alignment=&#8220;default&#8220; phone_text_alignment=&#8220;default&#8220; background_color_opacity=&#8220;1&#8243; background_hover_color_opacity=&#8220;1&#8243; column_backdrop_filter=&#8220;none&#8220; column_shadow=&#8220;none&#8220; column_border_radius=&#8220;none&#8220; column_link_target=&#8220;_self&#8220; overflow=&#8220;visible&#8220; gradient_direction=&#8220;left_to_right&#8220; overlay_strength=&#8220;0.3&#8243; width=&#8220;1\/2&#8243; tablet_width_inherit=&#8220;default&#8220; animation_type=&#8220;default&#8220; bg_image_animation=&#8220;none&#8220; border_type=&#8220;simple&#8220; column_border_width=&#8220;none&#8220; column_border_style=&#8220;solid&#8220;][image_with_animation image_url=&#8220;500&#8243; image_size=&#8220;full&#8220; animation_type=&#8220;entrance&#8220; animation=&#8220;Fade In&#8220; animation_easing=&#8220;default&#8220; animation_movement_type=&#8220;transform_y&#8220; hover_animation=&#8220;none&#8220; alignment=&#8220;&#8220; border_radius=&#8220;none&#8220; box_shadow=&#8220;none&#8220; image_loading=&#8220;default&#8220; max_width=&#8220;100%&#8220; max_width_mobile=&#8220;default&#8220;][\/vc_column_inner][vc_column_inner column_padding=&#8220;no-extra-padding&#8220; column_padding_tablet=&#8220;inherit&#8220; column_padding_phone=&#8220;inherit&#8220; column_padding_position=&#8220;all&#8220; column_element_direction_desktop=&#8220;default&#8220; column_element_spacing=&#8220;default&#8220; desktop_text_alignment=&#8220;default&#8220; tablet_text_alignment=&#8220;default&#8220; phone_text_alignment=&#8220;default&#8220; background_color_opacity=&#8220;1&#8243; background_hover_color_opacity=&#8220;1&#8243; column_backdrop_filter=&#8220;none&#8220; column_shadow=&#8220;none&#8220; column_border_radius=&#8220;none&#8220; column_link_target=&#8220;_self&#8220; overflow=&#8220;visible&#8220; gradient_direction=&#8220;left_to_right&#8220; overlay_strength=&#8220;0.3&#8243; width=&#8220;1\/2&#8243; tablet_width_inherit=&#8220;default&#8220; animation_type=&#8220;default&#8220; bg_image_animation=&#8220;none&#8220; border_type=&#8220;simple&#8220; column_border_width=&#8220;none&#8220; column_border_style=&#8220;solid&#8220;][image_with_animation image_url=&#8220;4795&#8243; image_size=&#8220;full&#8220; animation_type=&#8220;entrance&#8220; animation=&#8220;Fade In&#8220; animation_easing=&#8220;default&#8220; animation_movement_type=&#8220;transform_y&#8220; hover_animation=&#8220;none&#8220; alignment=&#8220;&#8220; border_radius=&#8220;none&#8220; box_shadow=&#8220;none&#8220; image_loading=&#8220;default&#8220; max_width=&#8220;100%&#8220; max_width_mobile=&#8220;default&#8220;][\/vc_column_inner][\/vc_row_inner][\/vc_column][\/vc_row][vc_row type=&#8220;in_container&#8220; full_screen_row_position=&#8220;middle&#8220; column_margin=&#8220;default&#8220; column_direction=&#8220;default&#8220; column_direction_tablet=&#8220;default&#8220; column_direction_phone=&#8220;default&#8220; scene_position=&#8220;center&#8220; text_color=&#8220;dark&#8220; text_align=&#8220;left&#8220; row_border_radius=&#8220;none&#8220; row_border_radius_applies=&#8220;bg&#8220; overflow=&#8220;visible&#8220; overlay_strength=&#8220;0.3&#8243; gradient_direction=&#8220;left_to_right&#8220; shape_divider_position=&#8220;bottom&#8220; bg_image_animation=&#8220;none&#8220;][vc_column column_padding=&#8220;no-extra-padding&#8220; column_padding_tablet=&#8220;inherit&#8220; column_padding_phone=&#8220;inherit&#8220; column_padding_position=&#8220;all&#8220; column_element_direction_desktop=&#8220;default&#8220; column_element_spacing=&#8220;default&#8220; desktop_text_alignment=&#8220;default&#8220; tablet_text_alignment=&#8220;default&#8220; phone_text_alignment=&#8220;default&#8220; background_color_opacity=&#8220;1&#8243; background_hover_color_opacity=&#8220;1&#8243; column_backdrop_filter=&#8220;none&#8220; column_shadow=&#8220;none&#8220; column_border_radius=&#8220;none&#8220; column_link_target=&#8220;_self&#8220; column_position=&#8220;default&#8220; gradient_direction=&#8220;left_to_right&#8220; overlay_strength=&#8220;0.3&#8243; width=&#8220;1\/1&#8243; tablet_width_inherit=&#8220;default&#8220; animation_type=&#8220;default&#8220; bg_image_animation=&#8220;none&#8220; border_type=&#8220;simple&#8220; column_border_width=&#8220;none&#8220; column_border_style=&#8220;solid&#8220;][nectar_global_section id=&#8220;550&#8243;][\/vc_column][\/vc_row]\n","protected":false},"excerpt":{"rendered":"<p>[vc_row type=&#8220;in_container&#8220; full_screen_row_position=&#8220;middle&#8220; column_margin=&#8220;100px&#8220; equal_height=&#8220;yes&#8220; content_placement=&#8220;top&#8220; column_direction=&#8220;default&#8220; column_direction_tablet=&#8220;default&#8220; column_direction_phone=&#8220;default&#8220; scene_position=&#8220;center&#8220; bottom_padding=&#8220;5%&#8220; text_color=&#8220;dark&#8220; text_align=&#8220;left&#8220; row_border_radius=&#8220;none&#8220; row_border_radius_applies=&#8220;bg&#8220; overflow=&#8220;visible&#8220; class=&#8220;svgs-colored-left right&#8220; advanced_gradient_angle=&#8220;0&#8243; overlay_strength=&#8220;0.3&#8243; gradient_direction=&#8220;left_to_right&#8220; shape_divider_color=&#8220;#f2f2f2&#8243; shape_divider_position=&#8220;bottom&#8220; shape_divider_height=&#8220;10%&#8220; bg_image_animation=&#8220;none&#8220; gradient_type=&#8220;default&#8220; shape_type=&#8220;straight_section&#8220;][vc_column column_padding=&#8220;no-extra-padding&#8220; column_padding_tablet=&#8220;inherit&#8220; column_padding_phone=&#8220;inherit&#8220;&#8230;<\/p>\n","protected":false},"author":1,"featured_media":0,"parent":4202,"menu_order":0,"comment_status":"closed","ping_status":"closed","template":"","meta":{"footnotes":""},"class_list":["post-4207","page","type-page","status-publish"],"yoast_head":"<!-- This site is optimized with the Yoast SEO plugin v27.4 - https:\/\/yoast.com\/product\/yoast-seo-wordpress\/ -->\n<title>Versand und Logistik | Altair S.r.l.<\/title>\n<meta name=\"description\" content=\"Wir verf\u00fcgen \u00fcber ein internes B\u00fcro f\u00fcr Versand und Logistik, das es uns erm\u00f6glicht, Bestellungen p\u00fcnktlich zu bearbeiten.\" \/>\n<meta name=\"robots\" content=\"index, follow, max-snippet:-1, max-image-preview:large, max-video-preview:-1\" \/>\n<link rel=\"canonical\" href=\"https:\/\/www.altair-srl.com\/de\/dienstleistungen\/versand-und-logistik\/\" \/>\n<meta property=\"og:locale\" content=\"de_DE\" \/>\n<meta property=\"og:type\" content=\"article\" \/>\n<meta property=\"og:title\" content=\"Versand und Logistik | Altair S.r.l.\" \/>\n<meta property=\"og:description\" content=\"Wir verf\u00fcgen \u00fcber ein internes B\u00fcro f\u00fcr Versand und Logistik, das es uns erm\u00f6glicht, Bestellungen p\u00fcnktlich zu bearbeiten.\" \/>\n<meta property=\"og:url\" content=\"https:\/\/www.altair-srl.com\/de\/dienstleistungen\/versand-und-logistik\/\" \/>\n<meta property=\"og:site_name\" content=\"Altair S.r.l.\" \/>\n<meta property=\"article:modified_time\" content=\"2023-11-27T08:54:59+00:00\" \/>\n<meta property=\"og:image\" content=\"https:\/\/www.altair-srl.com\/wp-content\/uploads\/2024\/04\/5_altair_nuovasede-scaled.jpg\" \/>\n\t<meta property=\"og:image:width\" content=\"2560\" \/>\n\t<meta property=\"og:image:height\" content=\"1700\" \/>\n\t<meta property=\"og:image:type\" content=\"image\/jpeg\" \/>\n<meta name=\"twitter:card\" content=\"summary_large_image\" \/>\n<meta name=\"twitter:label1\" content=\"Gesch\u00e4tzte Lesezeit\" \/>\n\t<meta name=\"twitter:data1\" content=\"2\u00a0Minuten\" \/>\n<script type=\"application\/ld+json\" class=\"yoast-schema-graph\">{\"@context\":\"https:\\\/\\\/schema.org\",\"@graph\":[{\"@type\":\"WebPage\",\"@id\":\"https:\\\/\\\/www.altair-srl.com\\\/de\\\/dienstleistungen\\\/versand-und-logistik\\\/\",\"url\":\"https:\\\/\\\/www.altair-srl.com\\\/de\\\/dienstleistungen\\\/versand-und-logistik\\\/\",\"name\":\"Versand und Logistik | Altair S.r.l.\",\"isPartOf\":{\"@id\":\"https:\\\/\\\/www.altair-srl.com\\\/de\\\/#website\"},\"datePublished\":\"2022-06-08T10:04:54+00:00\",\"dateModified\":\"2023-11-27T08:54:59+00:00\",\"description\":\"Wir verf\u00fcgen \u00fcber ein internes B\u00fcro f\u00fcr Versand und Logistik, das es uns erm\u00f6glicht, Bestellungen p\u00fcnktlich zu bearbeiten.\",\"breadcrumb\":{\"@id\":\"https:\\\/\\\/www.altair-srl.com\\\/de\\\/dienstleistungen\\\/versand-und-logistik\\\/#breadcrumb\"},\"inLanguage\":\"de\",\"potentialAction\":[{\"@type\":\"ReadAction\",\"target\":[\"https:\\\/\\\/www.altair-srl.com\\\/de\\\/dienstleistungen\\\/versand-und-logistik\\\/\"]}]},{\"@type\":\"BreadcrumbList\",\"@id\":\"https:\\\/\\\/www.altair-srl.com\\\/de\\\/dienstleistungen\\\/versand-und-logistik\\\/#breadcrumb\",\"itemListElement\":[{\"@type\":\"ListItem\",\"position\":1,\"name\":\"Home\",\"item\":\"https:\\\/\\\/www.altair-srl.com\\\/de\\\/\"},{\"@type\":\"ListItem\",\"position\":2,\"name\":\"Dienstleistungen\",\"item\":\"https:\\\/\\\/www.altair-srl.com\\\/de\\\/dienstleistungen\\\/\"},{\"@type\":\"ListItem\",\"position\":3,\"name\":\"Versand und Logistik\"}]},{\"@type\":\"WebSite\",\"@id\":\"https:\\\/\\\/www.altair-srl.com\\\/de\\\/#website\",\"url\":\"https:\\\/\\\/www.altair-srl.com\\\/de\\\/\",\"name\":\"Altair S.r.l.\",\"description\":\"Produzione sistemi di filtrazione e depurazione dell\u2019aria\",\"publisher\":{\"@id\":\"https:\\\/\\\/www.altair-srl.com\\\/de\\\/#organization\"},\"potentialAction\":[{\"@type\":\"SearchAction\",\"target\":{\"@type\":\"EntryPoint\",\"urlTemplate\":\"https:\\\/\\\/www.altair-srl.com\\\/de\\\/?s={search_term_string}\"},\"query-input\":{\"@type\":\"PropertyValueSpecification\",\"valueRequired\":true,\"valueName\":\"search_term_string\"}}],\"inLanguage\":\"de\"},{\"@type\":\"Organization\",\"@id\":\"https:\\\/\\\/www.altair-srl.com\\\/de\\\/#organization\",\"name\":\"Altair S.r.l.\",\"url\":\"https:\\\/\\\/www.altair-srl.com\\\/de\\\/\",\"logo\":{\"@type\":\"ImageObject\",\"inLanguage\":\"de\",\"@id\":\"https:\\\/\\\/www.altair-srl.com\\\/de\\\/#\\\/schema\\\/logo\\\/image\\\/\",\"url\":\"https:\\\/\\\/www.altair-srl.com\\\/wp-content\\\/uploads\\\/2022\\\/06\\\/logo.png\",\"contentUrl\":\"https:\\\/\\\/www.altair-srl.com\\\/wp-content\\\/uploads\\\/2022\\\/06\\\/logo.png\",\"width\":400,\"height\":184,\"caption\":\"Altair S.r.l.\"},\"image\":{\"@id\":\"https:\\\/\\\/www.altair-srl.com\\\/de\\\/#\\\/schema\\\/logo\\\/image\\\/\"}}]}<\/script>\n<!-- \/ Yoast SEO plugin. -->","yoast_head_json":{"title":"Versand und Logistik | Altair S.r.l.","description":"Wir verf\u00fcgen \u00fcber ein internes B\u00fcro f\u00fcr Versand und Logistik, das es uns erm\u00f6glicht, Bestellungen p\u00fcnktlich zu bearbeiten.","robots":{"index":"index","follow":"follow","max-snippet":"max-snippet:-1","max-image-preview":"max-image-preview:large","max-video-preview":"max-video-preview:-1"},"canonical":"https:\/\/www.altair-srl.com\/de\/dienstleistungen\/versand-und-logistik\/","og_locale":"de_DE","og_type":"article","og_title":"Versand und Logistik | Altair S.r.l.","og_description":"Wir verf\u00fcgen \u00fcber ein internes B\u00fcro f\u00fcr Versand und Logistik, das es uns erm\u00f6glicht, Bestellungen p\u00fcnktlich zu bearbeiten.","og_url":"https:\/\/www.altair-srl.com\/de\/dienstleistungen\/versand-und-logistik\/","og_site_name":"Altair S.r.l.","article_modified_time":"2023-11-27T08:54:59+00:00","og_image":[{"width":2560,"height":1700,"url":"https:\/\/www.altair-srl.com\/wp-content\/uploads\/2024\/04\/5_altair_nuovasede-scaled.jpg","type":"image\/jpeg"}],"twitter_card":"summary_large_image","twitter_misc":{"Gesch\u00e4tzte Lesezeit":"2\u00a0Minuten"},"schema":{"@context":"https:\/\/schema.org","@graph":[{"@type":"WebPage","@id":"https:\/\/www.altair-srl.com\/de\/dienstleistungen\/versand-und-logistik\/","url":"https:\/\/www.altair-srl.com\/de\/dienstleistungen\/versand-und-logistik\/","name":"Versand und Logistik | Altair S.r.l.","isPartOf":{"@id":"https:\/\/www.altair-srl.com\/de\/#website"},"datePublished":"2022-06-08T10:04:54+00:00","dateModified":"2023-11-27T08:54:59+00:00","description":"Wir verf\u00fcgen \u00fcber ein internes B\u00fcro f\u00fcr Versand und Logistik, das es uns erm\u00f6glicht, Bestellungen p\u00fcnktlich zu bearbeiten.","breadcrumb":{"@id":"https:\/\/www.altair-srl.com\/de\/dienstleistungen\/versand-und-logistik\/#breadcrumb"},"inLanguage":"de","potentialAction":[{"@type":"ReadAction","target":["https:\/\/www.altair-srl.com\/de\/dienstleistungen\/versand-und-logistik\/"]}]},{"@type":"BreadcrumbList","@id":"https:\/\/www.altair-srl.com\/de\/dienstleistungen\/versand-und-logistik\/#breadcrumb","itemListElement":[{"@type":"ListItem","position":1,"name":"Home","item":"https:\/\/www.altair-srl.com\/de\/"},{"@type":"ListItem","position":2,"name":"Dienstleistungen","item":"https:\/\/www.altair-srl.com\/de\/dienstleistungen\/"},{"@type":"ListItem","position":3,"name":"Versand und Logistik"}]},{"@type":"WebSite","@id":"https:\/\/www.altair-srl.com\/de\/#website","url":"https:\/\/www.altair-srl.com\/de\/","name":"Altair S.r.l.","description":"Produzione sistemi di filtrazione e depurazione dell\u2019aria","publisher":{"@id":"https:\/\/www.altair-srl.com\/de\/#organization"},"potentialAction":[{"@type":"SearchAction","target":{"@type":"EntryPoint","urlTemplate":"https:\/\/www.altair-srl.com\/de\/?s={search_term_string}"},"query-input":{"@type":"PropertyValueSpecification","valueRequired":true,"valueName":"search_term_string"}}],"inLanguage":"de"},{"@type":"Organization","@id":"https:\/\/www.altair-srl.com\/de\/#organization","name":"Altair S.r.l.","url":"https:\/\/www.altair-srl.com\/de\/","logo":{"@type":"ImageObject","inLanguage":"de","@id":"https:\/\/www.altair-srl.com\/de\/#\/schema\/logo\/image\/","url":"https:\/\/www.altair-srl.com\/wp-content\/uploads\/2022\/06\/logo.png","contentUrl":"https:\/\/www.altair-srl.com\/wp-content\/uploads\/2022\/06\/logo.png","width":400,"height":184,"caption":"Altair S.r.l."},"image":{"@id":"https:\/\/www.altair-srl.com\/de\/#\/schema\/logo\/image\/"}}]}},"_links":{"self":[{"href":"https:\/\/www.altair-srl.com\/de\/wp-json\/wp\/v2\/pages\/4207","targetHints":{"allow":["GET"]}}],"collection":[{"href":"https:\/\/www.altair-srl.com\/de\/wp-json\/wp\/v2\/pages"}],"about":[{"href":"https:\/\/www.altair-srl.com\/de\/wp-json\/wp\/v2\/types\/page"}],"author":[{"embeddable":true,"href":"https:\/\/www.altair-srl.com\/de\/wp-json\/wp\/v2\/users\/1"}],"replies":[{"embeddable":true,"href":"https:\/\/www.altair-srl.com\/de\/wp-json\/wp\/v2\/comments?post=4207"}],"version-history":[{"count":0,"href":"https:\/\/www.altair-srl.com\/de\/wp-json\/wp\/v2\/pages\/4207\/revisions"}],"up":[{"embeddable":true,"href":"https:\/\/www.altair-srl.com\/de\/wp-json\/wp\/v2\/pages\/4202"}],"wp:attachment":[{"href":"https:\/\/www.altair-srl.com\/de\/wp-json\/wp\/v2\/media?parent=4207"}],"curies":[{"name":"wp","href":"https:\/\/api.w.org\/{rel}","templated":true}]}}