{"id":4156,"date":"2023-01-24T16:12:08","date_gmt":"2023-01-24T16:12:08","guid":{"rendered":"https:\/\/www.altair-srl.com\/werden-sie-wiederverkaeufer\/"},"modified":"2024-12-10T13:54:44","modified_gmt":"2024-12-10T13:54:44","slug":"werden-sie-wiederverkaeufer","status":"publish","type":"page","link":"https:\/\/www.altair-srl.com\/de\/werden-sie-wiederverkaeufer\/","title":{"rendered":"Werden Sie Wiederverk\u00e4ufer"},"content":{"rendered":"[vc_row type=&#8220;in_container&#8220; full_screen_row_position=&#8220;middle&#8220; column_margin=&#8220;100px&#8220; equal_height=&#8220;yes&#8220; content_placement=&#8220;top&#8220; column_direction=&#8220;default&#8220; column_direction_tablet=&#8220;default&#8220; column_direction_phone=&#8220;default&#8220; scene_position=&#8220;center&#8220; bottom_padding=&#8220;5%&#8220; text_color=&#8220;dark&#8220; text_align=&#8220;left&#8220; row_border_radius=&#8220;none&#8220; row_border_radius_applies=&#8220;bg&#8220; overflow=&#8220;visible&#8220; advanced_gradient_angle=&#8220;0&#8243; overlay_strength=&#8220;0.3&#8243; gradient_direction=&#8220;left_to_right&#8220; shape_divider_color=&#8220;#f2f2f2&#8243; shape_divider_position=&#8220;bottom&#8220; shape_divider_height=&#8220;10%&#8220; bg_image_animation=&#8220;none&#8220; gradient_type=&#8220;default&#8220; shape_type=&#8220;straight_section&#8220;][vc_column column_padding=&#8220;no-extra-padding&#8220; column_padding_tablet=&#8220;inherit&#8220; column_padding_phone=&#8220;inherit&#8220; column_padding_position=&#8220;all&#8220; column_element_direction_desktop=&#8220;default&#8220; column_element_spacing=&#8220;default&#8220; desktop_text_alignment=&#8220;default&#8220; tablet_text_alignment=&#8220;default&#8220; phone_text_alignment=&#8220;default&#8220; background_color_opacity=&#8220;1&#8243; background_hover_color_opacity=&#8220;1&#8243; column_backdrop_filter=&#8220;none&#8220; column_shadow=&#8220;none&#8220; column_border_radius=&#8220;none&#8220; column_link_target=&#8220;_self&#8220; column_position=&#8220;default&#8220; gradient_direction=&#8220;left_to_right&#8220; overlay_strength=&#8220;0.3&#8243; width=&#8220;1\/1&#8243; tablet_width_inherit=&#8220;default&#8220; animation_type=&#8220;default&#8220; bg_image_animation=&#8220;none&#8220; border_type=&#8220;simple&#8220; column_border_width=&#8220;none&#8220; column_border_style=&#8220;solid&#8220;][vc_custom_heading text=&#8220;Werden Sie Wiederverk\u00e4ufer&#8220; font_container=&#8220;tag:h2|text_align:left|color:%23d90012&#8243; use_theme_fonts=&#8220;yes&#8220;][vc_custom_heading text=&#8220;Vertrauen Sie bei der Lieferung von Kartuschen, Beuteln und industriellen Filtrationsprodukten den f\u00fchrenden Unternehmen in Europa.&#8220; font_container=&#8220;tag:h3|text_align:left|color:%23384042&#8243; use_theme_fonts=&#8220;yes&#8220; css=&#8220;.vc_custom_1674062341668{margin-bottom: 30px !important;}&#8220;][divider line_type=&#8220;Small Line&#8220; line_alignment=&#8220;default&#8220; line_thickness=&#8220;10&#8243; divider_color=&#8220;accent-color&#8220; custom_line_width=&#8220;60&#8243;]\n<div class=\"wpcf7 no-js\" id=\"wpcf7-f4328-o1\" lang=\"de-DE\" dir=\"ltr\" data-wpcf7-id=\"4328\">\n<div class=\"screen-reader-response\"><p role=\"status\" aria-live=\"polite\" aria-atomic=\"true\"><\/p> <ul><\/ul><\/div>\n<form action=\"\/de\/wp-json\/wp\/v2\/pages\/4156#wpcf7-f4328-o1\" method=\"post\" class=\"wpcf7-form init\" aria-label=\"Kontaktformular\" novalidate=\"novalidate\" data-status=\"init\">\n<fieldset class=\"hidden-fields-container\"><input type=\"hidden\" name=\"_wpcf7\" value=\"4328\" \/><input type=\"hidden\" name=\"_wpcf7_version\" value=\"6.1.5\" \/><input type=\"hidden\" name=\"_wpcf7_locale\" value=\"de_DE\" \/><input type=\"hidden\" name=\"_wpcf7_unit_tag\" value=\"wpcf7-f4328-o1\" \/><input type=\"hidden\" name=\"_wpcf7_container_post\" value=\"0\" \/><input type=\"hidden\" name=\"_wpcf7_posted_data_hash\" value=\"\" \/><input type=\"hidden\" name=\"_wpcf7_recaptcha_response\" value=\"\" \/>\n<\/fieldset>\n<div style=\"display:none\">\n\t<p><span class=\"wpcf7-form-control-wrap\" data-name=\"tipo_form\"><input size=\"40\" maxlength=\"400\" class=\"wpcf7-form-control wpcf7-text\" id=\"tipo_form\" aria-invalid=\"false\" value=\"\" type=\"text\" name=\"tipo_form\" \/><\/span>\n\t<\/p>\n<\/div>\n<div style=\"display:none\">\n\t<p><span class=\"wpcf7-form-control-wrap\" data-name=\"tipo_richiesta\"><input size=\"40\" maxlength=\"400\" class=\"wpcf7-form-control wpcf7-text\" id=\"richiesta_tipo\" aria-invalid=\"false\" value=\"\" type=\"text\" name=\"tipo_richiesta\" \/><\/span>\n\t<\/p>\n<\/div>\n<div style=\"display:none\">\n\t<p><span class=\"wpcf7-form-control-wrap\" data-name=\"richiesta\"><input size=\"40\" maxlength=\"400\" class=\"wpcf7-form-control wpcf7-text\" id=\"richiesta_post_title\" aria-invalid=\"false\" value=\"\" type=\"text\" name=\"richiesta\" \/><\/span>\n\t<\/p>\n<\/div>\n<div style=\"display:none\">\n\t<p><span class=\"wpcf7-form-control-wrap\" data-name=\"richiesta_url\"><input size=\"40\" maxlength=\"400\" class=\"wpcf7-form-control wpcf7-text\" id=\"richiesta_post_url\" aria-invalid=\"false\" value=\"\" type=\"text\" name=\"richiesta_url\" \/><\/span>\n\t<\/p>\n<\/div>\n<div class=\"form-contatti pagina-contatti-full\">\n\t<div class=\"form-spacing name\">\n\t\t<p><label><span class=\"wpcf7-form-control-wrap\" data-name=\"nome\"><input size=\"40\" maxlength=\"400\" class=\"wpcf7-form-control wpcf7-text wpcf7-validates-as-required\" aria-required=\"true\" aria-invalid=\"false\" placeholder=\"Vorname*\" value=\"\" type=\"text\" name=\"nome\" \/><\/span><\/label>\n\t\t<\/p>\n\t<\/div>\n\t<div class=\"form-spacing surname\">\n\t\t<p><label><span class=\"wpcf7-form-control-wrap\" data-name=\"cognome\"><input size=\"40\" maxlength=\"400\" class=\"wpcf7-form-control wpcf7-text wpcf7-validates-as-required\" aria-required=\"true\" aria-invalid=\"false\" placeholder=\"Nachname*\" value=\"\" type=\"text\" name=\"cognome\" \/><\/span><\/label>\n\t\t<\/p>\n\t<\/div>\n\t<div class=\"form-spacing sceltaprodotto\">\n\t\t<p><label><span class=\"wpcf7-form-control-wrap\" data-name=\"sceltaprodotto\"><select class=\"wpcf7-form-control wpcf7-select\" aria-invalid=\"false\" name=\"sceltaprodotto\"><option value=\"W\u00e4hlen Sie Ihr Produkt\">W\u00e4hlen Sie Ihr Produkt<\/option><option value=\"Patronen\">Patronen<\/option><option value=\"\u00c4rmel\">\u00c4rmel<\/option><option value=\"Elektronik\">Elektronik<\/option><\/select><\/span><\/label>\n\t\t<\/p>\n\t<\/div>\n\t<div class=\"form-spacing company\">\n\t\t<p><label><span class=\"wpcf7-form-control-wrap\" data-name=\"azienda\"><input size=\"40\" maxlength=\"400\" class=\"wpcf7-form-control wpcf7-text wpcf7-validates-as-required\" aria-required=\"true\" aria-invalid=\"false\" placeholder=\"Agentur*\" value=\"\" type=\"text\" name=\"azienda\" \/><\/span><\/label>\n\t\t<\/p>\n\t<\/div>\n\t<div class=\"form-spacing settore\">\n\t\t<p><label><span class=\"wpcf7-form-control-wrap\" data-name=\"settore\"><input size=\"40\" maxlength=\"400\" class=\"wpcf7-form-control wpcf7-text wpcf7-validates-as-required\" aria-required=\"true\" aria-invalid=\"false\" placeholder=\"Sektor der Mitgliedschaft*\" value=\"\" type=\"text\" name=\"settore\" \/><\/span><\/label>\n\t\t<\/p>\n\t<\/div>\n\t<div class=\"form-spacing marchi\">\n\t\t<p><label><span class=\"wpcf7-form-control-wrap\" data-name=\"marchi\"><input size=\"40\" maxlength=\"400\" class=\"wpcf7-form-control wpcf7-text wpcf7-validates-as-required\" aria-required=\"true\" aria-invalid=\"false\" placeholder=\"Wichtigste abgedeckte Marken*\" value=\"\" type=\"text\" name=\"marchi\" \/><\/span><\/label>\n\t\t<\/p>\n\t<\/div>\n\t<div class=\"form-spacing address\">\n\t\t<p><label><span class=\"wpcf7-form-control-wrap\" data-name=\"indirizzo\"><input size=\"40\" maxlength=\"400\" class=\"wpcf7-form-control wpcf7-text wpcf7-validates-as-required\" aria-required=\"true\" aria-invalid=\"false\" placeholder=\"Adresse\" value=\"\" type=\"text\" name=\"indirizzo\" \/><\/span><\/label>\n\t\t<\/p>\n\t<\/div>\n\t<div class=\"form-spacing citta\">\n\t\t<p><label><span class=\"wpcf7-form-control-wrap\" data-name=\"citta\"><input size=\"40\" maxlength=\"400\" class=\"wpcf7-form-control wpcf7-text wpcf7-validates-as-required\" aria-required=\"true\" aria-invalid=\"false\" placeholder=\"St\u00e4dte\" value=\"\" type=\"text\" name=\"citta\" \/><\/span><\/label>\n\t\t<\/p>\n\t<\/div>\n\t<div class=\"form-spacing provincia\">\n\t\t<p><label><span class=\"wpcf7-form-control-wrap\" data-name=\"provincia\"><input size=\"40\" maxlength=\"400\" class=\"wpcf7-form-control wpcf7-text wpcf7-validates-as-required\" aria-required=\"true\" aria-invalid=\"false\" placeholder=\"Provinz\" value=\"\" type=\"text\" name=\"provincia\" \/><\/span><\/label>\n\t\t<\/p>\n\t<\/div>\n\t<div class=\"form-spacing cap\">\n\t\t<p><label><span class=\"wpcf7-form-control-wrap\" data-name=\"cap\"><input size=\"40\" maxlength=\"400\" class=\"wpcf7-form-control wpcf7-text wpcf7-validates-as-required\" aria-required=\"true\" aria-invalid=\"false\" placeholder=\"Kappe\" value=\"\" type=\"text\" name=\"cap\" \/><\/span><\/label>\n\t\t<\/p>\n\t<\/div>\n\t<div class=\"form-spacing phone\">\n\t\t<p><label><span class=\"wpcf7-form-control-wrap\" data-name=\"telefono\"><input size=\"40\" maxlength=\"400\" class=\"wpcf7-form-control wpcf7-tel wpcf7-validates-as-required wpcf7-text wpcf7-validates-as-tel\" aria-required=\"true\" aria-invalid=\"false\" placeholder=\"Telefon*\" value=\"\" type=\"tel\" name=\"telefono\" \/><\/span><\/label>\n\t\t<\/p>\n\t<\/div>\n\t<div class=\"form-spacing email\">\n\t\t<p><label><span class=\"wpcf7-form-control-wrap\" data-name=\"email\"><input size=\"40\" maxlength=\"400\" class=\"wpcf7-form-control wpcf7-email wpcf7-validates-as-required wpcf7-text wpcf7-validates-as-email\" aria-required=\"true\" aria-invalid=\"false\" placeholder=\"Email*\" value=\"\" type=\"email\" name=\"email\" \/><\/span><\/label>\n\t\t<\/p>\n\t<\/div>\n\t<div class=\"form-spacing message\">\n\t\t<p><label><span class=\"wpcf7-form-control-wrap\" data-name=\"messaggio\"><textarea cols=\"40\" rows=\"10\" maxlength=\"2000\" class=\"wpcf7-form-control wpcf7-textarea wpcf7-validates-as-required\" aria-required=\"true\" aria-invalid=\"false\" placeholder=\"Nachricht\" name=\"messaggio\"><\/textarea><\/span><\/label>\n\t\t<\/p>\n\t<\/div>\n<\/div>\n<div class=\"form-footer contact\">\n\t<p style=\"margin-top: 2em; padding-bottom: 0.3em !important;\">Ich stimme der Verarbeitung meiner pers\u00f6nlichen Daten gem\u00e4\u00df der<a href=\"\/privacy\" target=\"blank\">Datenschutzrichtlinie<\/a> zu\n\t<\/p>\n\t<div class=\"form-spacing acceptance\" style=\"color: #274365;\">\n\t\t<p><span class=\"wpcf7-form-control-wrap\" data-name=\"acceptance-196\"><span class=\"wpcf7-form-control wpcf7-acceptance\"><span class=\"wpcf7-list-item\"><label><input type=\"checkbox\" name=\"acceptance-196\" value=\"1\" class=\"checkbox\" aria-invalid=\"false\" \/><span class=\"wpcf7-list-item-label\">zum Zweck der Beantwortung der gesendeten Anfragen*<\/span><\/label><\/span><\/span><\/span>\n\t\t<\/p>\n\t<\/div>\n\t<div class=\"form-spacing disclaimer\" style=\"font-size: .85em; margin-top: 0;\">\n\t\t<p>Alle Felder mit * sind erforderlich\n\t\t<\/p>\n\t<\/div>\n\t<div class=\"form-spacing button\">\n\t\t<p><input class=\"wpcf7-form-control wpcf7-submit has-spinner nectar-button large regular accent-color regular-button\" type=\"submit\" value=\"Senden Sie\" \/>\n\t\t<\/p>\n\t<\/div>\n<\/div><div class=\"wpcf7-response-output\" aria-hidden=\"true\"><\/div>\n<\/form>\n<\/div>\n[\/vc_column][\/vc_row]\n","protected":false},"excerpt":{"rendered":"<p>[vc_row type=&#8220;in_container&#8220; full_screen_row_position=&#8220;middle&#8220; column_margin=&#8220;100px&#8220; equal_height=&#8220;yes&#8220; content_placement=&#8220;top&#8220; column_direction=&#8220;default&#8220; column_direction_tablet=&#8220;default&#8220; column_direction_phone=&#8220;default&#8220; scene_position=&#8220;center&#8220; bottom_padding=&#8220;5%&#8220; text_color=&#8220;dark&#8220; text_align=&#8220;left&#8220; row_border_radius=&#8220;none&#8220; row_border_radius_applies=&#8220;bg&#8220; overflow=&#8220;visible&#8220; advanced_gradient_angle=&#8220;0&#8243; overlay_strength=&#8220;0.3&#8243; gradient_direction=&#8220;left_to_right&#8220; shape_divider_color=&#8220;#f2f2f2&#8243; shape_divider_position=&#8220;bottom&#8220; shape_divider_height=&#8220;10%&#8220; bg_image_animation=&#8220;none&#8220; gradient_type=&#8220;default&#8220; shape_type=&#8220;straight_section&#8220;][vc_column column_padding=&#8220;no-extra-padding&#8220; column_padding_tablet=&#8220;inherit&#8220; column_padding_phone=&#8220;inherit&#8220; column_padding_position=&#8220;all&#8220; column_element_direction_desktop=&#8220;default&#8220;&#8230;<\/p>\n","protected":false},"author":1,"featured_media":0,"parent":0,"menu_order":0,"comment_status":"closed","ping_status":"closed","template":"","meta":{"footnotes":""},"class_list":["post-4156","page","type-page","status-publish"],"yoast_head":"<!-- This site is optimized with the Yoast SEO plugin v27.4 - https:\/\/yoast.com\/product\/yoast-seo-wordpress\/ -->\n<title>Werden Sie Wiederverk\u00e4ufer | Altair S.r.l.<\/title>\n<meta name=\"description\" content=\"Vertrauen Sie bei der Lieferung von Kartuschen, Beuteln und industriellen Filtrationsprodukten den f\u00fchrenden Unternehmen in Europa.\" \/>\n<meta name=\"robots\" content=\"index, follow, max-snippet:-1, max-image-preview:large, max-video-preview:-1\" \/>\n<link rel=\"canonical\" href=\"https:\/\/www.altair-srl.com\/de\/werden-sie-wiederverkaeufer\/\" \/>\n<meta property=\"og:locale\" content=\"de_DE\" \/>\n<meta property=\"og:type\" content=\"article\" \/>\n<meta property=\"og:title\" content=\"Werden Sie Wiederverk\u00e4ufer | Altair S.r.l.\" \/>\n<meta property=\"og:description\" content=\"Vertrauen Sie bei der Lieferung von Kartuschen, Beuteln und industriellen Filtrationsprodukten den f\u00fchrenden Unternehmen in Europa.\" \/>\n<meta property=\"og:url\" content=\"https:\/\/www.altair-srl.com\/de\/werden-sie-wiederverkaeufer\/\" \/>\n<meta property=\"og:site_name\" content=\"Altair S.r.l.\" \/>\n<meta property=\"article:modified_time\" content=\"2024-12-10T13:54:44+00:00\" \/>\n<meta property=\"og:image\" content=\"https:\/\/www.altair-srl.com\/wp-content\/uploads\/2024\/04\/5_altair_nuovasede-scaled.jpg\" \/>\n\t<meta property=\"og:image:width\" content=\"2560\" \/>\n\t<meta property=\"og:image:height\" content=\"1700\" \/>\n\t<meta property=\"og:image:type\" content=\"image\/jpeg\" \/>\n<meta name=\"twitter:card\" content=\"summary_large_image\" \/>\n<meta name=\"twitter:label1\" content=\"Gesch\u00e4tzte Lesezeit\" \/>\n\t<meta name=\"twitter:data1\" content=\"1\u00a0Minute\" \/>\n<script type=\"application\/ld+json\" class=\"yoast-schema-graph\">{\"@context\":\"https:\\\/\\\/schema.org\",\"@graph\":[{\"@type\":\"WebPage\",\"@id\":\"https:\\\/\\\/www.altair-srl.com\\\/de\\\/werden-sie-wiederverkaeufer\\\/\",\"url\":\"https:\\\/\\\/www.altair-srl.com\\\/de\\\/werden-sie-wiederverkaeufer\\\/\",\"name\":\"Werden Sie Wiederverk\u00e4ufer | Altair S.r.l.\",\"isPartOf\":{\"@id\":\"https:\\\/\\\/www.altair-srl.com\\\/de\\\/#website\"},\"datePublished\":\"2023-01-24T16:12:08+00:00\",\"dateModified\":\"2024-12-10T13:54:44+00:00\",\"description\":\"Vertrauen Sie bei der Lieferung von Kartuschen, Beuteln und industriellen Filtrationsprodukten den f\u00fchrenden Unternehmen in Europa.\",\"breadcrumb\":{\"@id\":\"https:\\\/\\\/www.altair-srl.com\\\/de\\\/werden-sie-wiederverkaeufer\\\/#breadcrumb\"},\"inLanguage\":\"de\",\"potentialAction\":[{\"@type\":\"ReadAction\",\"target\":[\"https:\\\/\\\/www.altair-srl.com\\\/de\\\/werden-sie-wiederverkaeufer\\\/\"]}]},{\"@type\":\"BreadcrumbList\",\"@id\":\"https:\\\/\\\/www.altair-srl.com\\\/de\\\/werden-sie-wiederverkaeufer\\\/#breadcrumb\",\"itemListElement\":[{\"@type\":\"ListItem\",\"position\":1,\"name\":\"Home\",\"item\":\"https:\\\/\\\/www.altair-srl.com\\\/de\\\/\"},{\"@type\":\"ListItem\",\"position\":2,\"name\":\"Werden Sie Wiederverk\u00e4ufer\"}]},{\"@type\":\"WebSite\",\"@id\":\"https:\\\/\\\/www.altair-srl.com\\\/de\\\/#website\",\"url\":\"https:\\\/\\\/www.altair-srl.com\\\/de\\\/\",\"name\":\"Altair S.r.l.\",\"description\":\"Produzione sistemi di filtrazione e depurazione dell\u2019aria\",\"publisher\":{\"@id\":\"https:\\\/\\\/www.altair-srl.com\\\/de\\\/#organization\"},\"potentialAction\":[{\"@type\":\"SearchAction\",\"target\":{\"@type\":\"EntryPoint\",\"urlTemplate\":\"https:\\\/\\\/www.altair-srl.com\\\/de\\\/?s={search_term_string}\"},\"query-input\":{\"@type\":\"PropertyValueSpecification\",\"valueRequired\":true,\"valueName\":\"search_term_string\"}}],\"inLanguage\":\"de\"},{\"@type\":\"Organization\",\"@id\":\"https:\\\/\\\/www.altair-srl.com\\\/de\\\/#organization\",\"name\":\"Altair S.r.l.\",\"url\":\"https:\\\/\\\/www.altair-srl.com\\\/de\\\/\",\"logo\":{\"@type\":\"ImageObject\",\"inLanguage\":\"de\",\"@id\":\"https:\\\/\\\/www.altair-srl.com\\\/de\\\/#\\\/schema\\\/logo\\\/image\\\/\",\"url\":\"https:\\\/\\\/www.altair-srl.com\\\/wp-content\\\/uploads\\\/2022\\\/06\\\/logo.png\",\"contentUrl\":\"https:\\\/\\\/www.altair-srl.com\\\/wp-content\\\/uploads\\\/2022\\\/06\\\/logo.png\",\"width\":400,\"height\":184,\"caption\":\"Altair S.r.l.\"},\"image\":{\"@id\":\"https:\\\/\\\/www.altair-srl.com\\\/de\\\/#\\\/schema\\\/logo\\\/image\\\/\"}}]}<\/script>\n<!-- \/ Yoast SEO plugin. -->","yoast_head_json":{"title":"Werden Sie Wiederverk\u00e4ufer | Altair S.r.l.","description":"Vertrauen Sie bei der Lieferung von Kartuschen, Beuteln und industriellen Filtrationsprodukten den f\u00fchrenden Unternehmen in Europa.","robots":{"index":"index","follow":"follow","max-snippet":"max-snippet:-1","max-image-preview":"max-image-preview:large","max-video-preview":"max-video-preview:-1"},"canonical":"https:\/\/www.altair-srl.com\/de\/werden-sie-wiederverkaeufer\/","og_locale":"de_DE","og_type":"article","og_title":"Werden Sie Wiederverk\u00e4ufer | Altair S.r.l.","og_description":"Vertrauen Sie bei der Lieferung von Kartuschen, Beuteln und industriellen Filtrationsprodukten den f\u00fchrenden Unternehmen in Europa.","og_url":"https:\/\/www.altair-srl.com\/de\/werden-sie-wiederverkaeufer\/","og_site_name":"Altair S.r.l.","article_modified_time":"2024-12-10T13:54:44+00:00","og_image":[{"width":2560,"height":1700,"url":"https:\/\/www.altair-srl.com\/wp-content\/uploads\/2024\/04\/5_altair_nuovasede-scaled.jpg","type":"image\/jpeg"}],"twitter_card":"summary_large_image","twitter_misc":{"Gesch\u00e4tzte Lesezeit":"1\u00a0Minute"},"schema":{"@context":"https:\/\/schema.org","@graph":[{"@type":"WebPage","@id":"https:\/\/www.altair-srl.com\/de\/werden-sie-wiederverkaeufer\/","url":"https:\/\/www.altair-srl.com\/de\/werden-sie-wiederverkaeufer\/","name":"Werden Sie Wiederverk\u00e4ufer | Altair S.r.l.","isPartOf":{"@id":"https:\/\/www.altair-srl.com\/de\/#website"},"datePublished":"2023-01-24T16:12:08+00:00","dateModified":"2024-12-10T13:54:44+00:00","description":"Vertrauen Sie bei der Lieferung von Kartuschen, Beuteln und industriellen Filtrationsprodukten den f\u00fchrenden Unternehmen in Europa.","breadcrumb":{"@id":"https:\/\/www.altair-srl.com\/de\/werden-sie-wiederverkaeufer\/#breadcrumb"},"inLanguage":"de","potentialAction":[{"@type":"ReadAction","target":["https:\/\/www.altair-srl.com\/de\/werden-sie-wiederverkaeufer\/"]}]},{"@type":"BreadcrumbList","@id":"https:\/\/www.altair-srl.com\/de\/werden-sie-wiederverkaeufer\/#breadcrumb","itemListElement":[{"@type":"ListItem","position":1,"name":"Home","item":"https:\/\/www.altair-srl.com\/de\/"},{"@type":"ListItem","position":2,"name":"Werden Sie Wiederverk\u00e4ufer"}]},{"@type":"WebSite","@id":"https:\/\/www.altair-srl.com\/de\/#website","url":"https:\/\/www.altair-srl.com\/de\/","name":"Altair S.r.l.","description":"Produzione sistemi di filtrazione e depurazione dell\u2019aria","publisher":{"@id":"https:\/\/www.altair-srl.com\/de\/#organization"},"potentialAction":[{"@type":"SearchAction","target":{"@type":"EntryPoint","urlTemplate":"https:\/\/www.altair-srl.com\/de\/?s={search_term_string}"},"query-input":{"@type":"PropertyValueSpecification","valueRequired":true,"valueName":"search_term_string"}}],"inLanguage":"de"},{"@type":"Organization","@id":"https:\/\/www.altair-srl.com\/de\/#organization","name":"Altair S.r.l.","url":"https:\/\/www.altair-srl.com\/de\/","logo":{"@type":"ImageObject","inLanguage":"de","@id":"https:\/\/www.altair-srl.com\/de\/#\/schema\/logo\/image\/","url":"https:\/\/www.altair-srl.com\/wp-content\/uploads\/2022\/06\/logo.png","contentUrl":"https:\/\/www.altair-srl.com\/wp-content\/uploads\/2022\/06\/logo.png","width":400,"height":184,"caption":"Altair S.r.l."},"image":{"@id":"https:\/\/www.altair-srl.com\/de\/#\/schema\/logo\/image\/"}}]}},"_links":{"self":[{"href":"https:\/\/www.altair-srl.com\/de\/wp-json\/wp\/v2\/pages\/4156","targetHints":{"allow":["GET"]}}],"collection":[{"href":"https:\/\/www.altair-srl.com\/de\/wp-json\/wp\/v2\/pages"}],"about":[{"href":"https:\/\/www.altair-srl.com\/de\/wp-json\/wp\/v2\/types\/page"}],"author":[{"embeddable":true,"href":"https:\/\/www.altair-srl.com\/de\/wp-json\/wp\/v2\/users\/1"}],"replies":[{"embeddable":true,"href":"https:\/\/www.altair-srl.com\/de\/wp-json\/wp\/v2\/comments?post=4156"}],"version-history":[{"count":1,"href":"https:\/\/www.altair-srl.com\/de\/wp-json\/wp\/v2\/pages\/4156\/revisions"}],"predecessor-version":[{"id":6917,"href":"https:\/\/www.altair-srl.com\/de\/wp-json\/wp\/v2\/pages\/4156\/revisions\/6917"}],"wp:attachment":[{"href":"https:\/\/www.altair-srl.com\/de\/wp-json\/wp\/v2\/media?parent=4156"}],"curies":[{"name":"wp","href":"https:\/\/api.w.org\/{rel}","templated":true}]}}